{"id":21843,"date":"2025-02-26T18:49:13","date_gmt":"2025-02-26T10:49:13","guid":{"rendered":"https:\/\/www.vapeswholesaler.com\/?post_type=product&#038;p=21843"},"modified":"2025-04-07T16:05:46","modified_gmt":"2025-04-07T08:05:46","slug":"nagykereskedelmi-zooy-zero-45000-puffs-eldobhato-vape-eu-warehosue","status":"publish","type":"product","link":"https:\/\/www.vapeswholesaler.com\/hu\/termek\/nagykereskedelmi-zooy-zero-45000-puffs-eldobhato-vape-eu-warehosue","title":{"rendered":"Nagykereskedelem ZOOY ZERO 45000 Puffs eldobhat\u00f3 Vape EU Warehosue"},"content":{"rendered":"<p><a href=\"https:\/\/www.vapeswholesaler.com\/hu\/product_brand\/zooy\/\">ZOOY<\/a> A ZERO 45000 Puffs egy vadonat\u00faj eldobhat\u00f3 e-cigaretta, amely teljes k\u00e9perny\u0151s kialak\u00edt\u00e1ssal rendelkezik, \u00e9s ujjlenyomattal feloldhat\u00f3, \u00edgy a term\u00e9k tiszta \u00e9s higi\u00e9nikus az egy\u00e9ni haszn\u00e1lathoz.<\/p>\n<p>Ezenk\u00edv\u00fcl a felhaszn\u00e1l\u00f3k a k\u00e9perny\u0151n l\u00e9v\u0151 gombok meg\u00e9rint\u00e9s\u00e9vel be\u00e1ll\u00edthatj\u00e1k a term\u00e9k j\u00e9gszintj\u00e9t \u00e9s r\u00f6gz\u00edtett tartalm\u00e1t, hogy megfeleljenek a fogyaszt\u00f3k k\u00fcl\u00f6nb\u00f6z\u0151 szok\u00e1sainak, humaniz\u00e1ltabbak legyenek, \u00e9s term\u00e9k\u00fcnknek van egy l\u00e9g\u00e1raml\u00e1s-be\u00e1ll\u00edt\u00f3 gombja az alj\u00e1n, \u00edgy ha nagy \u00edz\u0171 f\u00fcst\u00f6t szeretne haszn\u00e1lni, akkor be\u00e1ll\u00edthatja a l\u00e9g\u00e1raml\u00e1st, hogy nagyobb \u00e9s k\u00e9nyelmesebb legyen.<\/p>\n<p>V\u00e9g\u00fcl, van k\u00e9szlet\u00fcnk az eur\u00f3pai rakt\u00e1runkban, amint megkapjuk a fizet\u00e9st az \u00fcgyf\u00e9lt\u0151l, gondoskodunk az \u00fcgyf\u00e9l csomagj\u00e1nak elk\u00fcld\u00e9s\u00e9r\u0151l, a sz\u00e1ll\u00edt\u00e1si id\u0151 a legt\u00f6bb eur\u00f3pai orsz\u00e1gba csak 6-7 nap, nyomon k\u00f6vet\u00e9si sz\u00e1mot biztos\u00edtunk.<\/p>\n<h2><strong><a href=\"https:\/\/www.facebook.com\/fred.luo.58\">ZOOY ZERO<\/a> 45000 Puffs Jellemz\u0151k:<\/strong><\/h2>\n<ul>\n<li>Puffok:45000puffok<\/li>\n<li>S\u00faly:90g<\/li>\n<li>Olajoz\u00e1s:40ml<\/li>\n<li>Nic s\u00f3: 20mg 50mg<\/li>\n<li>Akkumul\u00e1tor:650mah<\/li>\n<li>Elektromos f\u0171t\u0151huzal: h\u00e1l\u00f3s tekercs<\/li>\n<li>T\u00f6lt\u0151: C-t\u00edpus\u00fa<\/li>\n<li>Olajmag elv\u00e1laszt\u00e1s<\/li>\n<\/ul>\n<h2><strong>\u00a0\u00cdzek list\u00e1ja:<\/strong><\/h2>\n<ol>\n<li>G\u00f6r\u00f6gdinnye j\u00e9g<\/li>\n<li>Bluberry j\u00e9g<\/li>\n<li>Eper g\u00f6r\u00f6gdinnye<\/li>\n<li>Citromos k\u00f3la<\/li>\n<li>Eper Kiwi<\/li>\n<li>Sz\u0151l\u0151 alma<\/li>\n<li>Eper narancs Pop<\/li>\n<li>K\u00e9k Razz j\u00e9g<\/li>\n<li>\u00c1fonya g\u00f6r\u00f6gdinnye<\/li>\n<li>Mango Passion Guava<\/li>\n<\/ol>\n<h2><strong>Csomagol\u00e1si lista:<\/strong><\/h2>\n<p>1db darab Egyedi doboz<br \/>\n10db k\u00f6z\u00e9ps\u0151 doboz<br \/>\n200db dobozonk\u00e9nt<\/p>\n<p>&nbsp;<\/p>\n<figure id=\"attachment_21831\" aria-describedby=\"caption-attachment-21831\" style=\"width: 800px\" class=\"wp-caption alignnone\"><img loading=\"lazy\" decoding=\"async\" class=\"wp-image-21831 size-full\" title=\"Nagykereskedelmi ZOOY ZERO 45000 Puffs eldobhat\u00f3 Vape EU Warehosue 3\" src=\"https:\/\/www.vapeswholesaler.com\/wp-content\/uploads\/2025\/02\/Wholesale-ZOOY-ZERO-45000-Puffs-Disposable-Vape-EU-Warehosue-3.webp\" alt=\"Nagykereskedelmi ZOOY ZERO 45000 Puffs eldobhat\u00f3 Vape EU Warehosue 3\" width=\"800\" height=\"354\" srcset=\"https:\/\/www.vapeswholesaler.com\/wp-content\/uploads\/2025\/02\/Wholesale-ZOOY-ZERO-45000-Puffs-Disposable-Vape-EU-Warehosue-3.webp 800w, https:\/\/www.vapeswholesaler.com\/wp-content\/uploads\/2025\/02\/Wholesale-ZOOY-ZERO-45000-Puffs-Disposable-Vape-EU-Warehosue-3-300x133.webp 300w, https:\/\/www.vapeswholesaler.com\/wp-content\/uploads\/2025\/02\/Wholesale-ZOOY-ZERO-45000-Puffs-Disposable-Vape-EU-Warehosue-3-768x340.webp 768w, https:\/\/www.vapeswholesaler.com\/wp-content\/uploads\/2025\/02\/Wholesale-ZOOY-ZERO-45000-Puffs-Disposable-Vape-EU-Warehosue-3-18x8.webp 18w, https:\/\/www.vapeswholesaler.com\/wp-content\/uploads\/2025\/02\/Wholesale-ZOOY-ZERO-45000-Puffs-Disposable-Vape-EU-Warehosue-3-510x226.webp 510w\" sizes=\"auto, (max-width: 800px) 100vw, 800px\" \/><figcaption id=\"caption-attachment-21831\" class=\"wp-caption-text\">Nagykereskedelem ZOOY ZERO 45000 Puffs eldobhat\u00f3 Vape EU Warehosue<\/figcaption><\/figure>\n<figure id=\"attachment_21832\" aria-describedby=\"caption-attachment-21832\" style=\"width: 800px\" class=\"wp-caption alignnone\"><img loading=\"lazy\" decoding=\"async\" class=\"wp-image-21832 size-full\" title=\"Nagykereskedelmi ZOOY ZERO 45000 Puffs eldobhat\u00f3 Vape EU Warehosue 4\" src=\"https:\/\/www.vapeswholesaler.com\/wp-content\/uploads\/2025\/02\/Wholesale-ZOOY-ZERO-45000-Puffs-Disposable-Vape-EU-Warehosue-4.webp\" alt=\"Nagykereskedelmi ZOOY ZERO 45000 Puffs eldobhat\u00f3 Vape EU Warehosue 4\" width=\"800\" height=\"354\" srcset=\"https:\/\/www.vapeswholesaler.com\/wp-content\/uploads\/2025\/02\/Wholesale-ZOOY-ZERO-45000-Puffs-Disposable-Vape-EU-Warehosue-4.webp 800w, https:\/\/www.vapeswholesaler.com\/wp-content\/uploads\/2025\/02\/Wholesale-ZOOY-ZERO-45000-Puffs-Disposable-Vape-EU-Warehosue-4-300x133.webp 300w, https:\/\/www.vapeswholesaler.com\/wp-content\/uploads\/2025\/02\/Wholesale-ZOOY-ZERO-45000-Puffs-Disposable-Vape-EU-Warehosue-4-768x340.webp 768w, https:\/\/www.vapeswholesaler.com\/wp-content\/uploads\/2025\/02\/Wholesale-ZOOY-ZERO-45000-Puffs-Disposable-Vape-EU-Warehosue-4-18x8.webp 18w, https:\/\/www.vapeswholesaler.com\/wp-content\/uploads\/2025\/02\/Wholesale-ZOOY-ZERO-45000-Puffs-Disposable-Vape-EU-Warehosue-4-510x226.webp 510w\" sizes=\"auto, (max-width: 800px) 100vw, 800px\" \/><figcaption id=\"caption-attachment-21832\" class=\"wp-caption-text\">Nagykereskedelem ZOOY ZERO 45000 Puffs eldobhat\u00f3 Vape EU Warehosue<\/figcaption><\/figure>\n<figure id=\"attachment_21830\" aria-describedby=\"caption-attachment-21830\" style=\"width: 800px\" class=\"wp-caption alignnone\"><img loading=\"lazy\" decoding=\"async\" class=\"wp-image-21830 size-full\" title=\"Nagykereskedelmi ZOOY ZERO 45000 Puffs eldobhat\u00f3 Vape EU Warehosue 2\" src=\"https:\/\/www.vapeswholesaler.com\/wp-content\/uploads\/2025\/02\/Wholesale-ZOOY-ZERO-45000-Puffs-Disposable-Vape-EU-Warehosue-2.webp\" alt=\"Nagykereskedelmi ZOOY ZERO 45000 Puffs eldobhat\u00f3 Vape EU Warehosue 2\" width=\"800\" height=\"800\" srcset=\"https:\/\/www.vapeswholesaler.com\/wp-content\/uploads\/2025\/02\/Wholesale-ZOOY-ZERO-45000-Puffs-Disposable-Vape-EU-Warehosue-2.webp 800w, https:\/\/www.vapeswholesaler.com\/wp-content\/uploads\/2025\/02\/Wholesale-ZOOY-ZERO-45000-Puffs-Disposable-Vape-EU-Warehosue-2-300x300.webp 300w, https:\/\/www.vapeswholesaler.com\/wp-content\/uploads\/2025\/02\/Wholesale-ZOOY-ZERO-45000-Puffs-Disposable-Vape-EU-Warehosue-2-150x150.webp 150w, https:\/\/www.vapeswholesaler.com\/wp-content\/uploads\/2025\/02\/Wholesale-ZOOY-ZERO-45000-Puffs-Disposable-Vape-EU-Warehosue-2-768x768.webp 768w, https:\/\/www.vapeswholesaler.com\/wp-content\/uploads\/2025\/02\/Wholesale-ZOOY-ZERO-45000-Puffs-Disposable-Vape-EU-Warehosue-2-12x12.webp 12w, https:\/\/www.vapeswholesaler.com\/wp-content\/uploads\/2025\/02\/Wholesale-ZOOY-ZERO-45000-Puffs-Disposable-Vape-EU-Warehosue-2-247x247.webp 247w, https:\/\/www.vapeswholesaler.com\/wp-content\/uploads\/2025\/02\/Wholesale-ZOOY-ZERO-45000-Puffs-Disposable-Vape-EU-Warehosue-2-510x510.webp 510w, https:\/\/www.vapeswholesaler.com\/wp-content\/uploads\/2025\/02\/Wholesale-ZOOY-ZERO-45000-Puffs-Disposable-Vape-EU-Warehosue-2-100x100.webp 100w\" sizes=\"auto, (max-width: 800px) 100vw, 800px\" \/><figcaption id=\"caption-attachment-21830\" class=\"wp-caption-text\">Nagykereskedelem ZOOY ZERO 45000 Puffs eldobhat\u00f3 Vape EU Warehosue<\/figcaption><\/figure>\n<p>&nbsp;<\/p>","protected":false},"excerpt":{"rendered":"<p>Minim\u00e1lis rendel\u00e9si mennyis\u00e9g: <strong>50db<\/strong>\u00a0(Mix \u00edzek) Ingyenes sz\u00e1ll\u00edt\u00e1s<\/p>\n<p>(<strong>2%, 5% Nic<\/strong>) EU rakt\u00e1r sz\u00e1ll\u00edt\u00e1si id\u0151 <strong>5-6 munkanap<\/strong><\/p>","protected":false},"featured_media":21842,"comment_status":"open","ping_status":"closed","template":"","meta":[],"product_cat":[15],"product_tag":[372,373,371],"class_list":{"0":"post-21843","1":"product","2":"type-product","3":"status-publish","4":"has-post-thumbnail","6":"product_cat-disposable-vape","7":"product_tag-45000-puffs","8":"product_tag-europe-warehouse","9":"product_tag-zooy","10":"product_brand-zooy","12":"first","13":"instock","14":"shipping-taxable","15":"purchasable","16":"product-type-variable","17":"has-default-attributes"},"aioseo_notices":[],"_links":{"self":[{"href":"https:\/\/www.vapeswholesaler.com\/hu\/wp-json\/wp\/v2\/product\/21843","targetHints":{"allow":["GET"]}}],"collection":[{"href":"https:\/\/www.vapeswholesaler.com\/hu\/wp-json\/wp\/v2\/product"}],"about":[{"href":"https:\/\/www.vapeswholesaler.com\/hu\/wp-json\/wp\/v2\/types\/product"}],"replies":[{"embeddable":true,"href":"https:\/\/www.vapeswholesaler.com\/hu\/wp-json\/wp\/v2\/comments?post=21843"}],"wp:featuredmedia":[{"embeddable":true,"href":"https:\/\/www.vapeswholesaler.com\/hu\/wp-json\/wp\/v2\/media\/21842"}],"wp:attachment":[{"href":"https:\/\/www.vapeswholesaler.com\/hu\/wp-json\/wp\/v2\/media?parent=21843"}],"wp:term":[{"taxonomy":"product_cat","embeddable":true,"href":"https:\/\/www.vapeswholesaler.com\/hu\/wp-json\/wp\/v2\/product_cat?post=21843"},{"taxonomy":"product_tag","embeddable":true,"href":"https:\/\/www.vapeswholesaler.com\/hu\/wp-json\/wp\/v2\/product_tag?post=21843"}],"curies":[{"name":"wp","href":"https:\/\/api.w.org\/{rel}","templated":true}]}}