{"id":21685,"date":"2025-02-18T18:09:40","date_gmt":"2025-02-18T10:09:40","guid":{"rendered":"https:\/\/www.vapeswholesaler.com\/?post_type=product&#038;p=21685"},"modified":"2025-03-26T11:01:32","modified_gmt":"2025-03-26T03:01:32","slug":"nagykereskedelmi-bang-blaze-shisha-42000-puff-eldobhato-vape","status":"publish","type":"product","link":"https:\/\/www.vapeswholesaler.com\/hu\/termek\/nagykereskedelmi-bang-blaze-shisha-42000-puff-eldobhato-vape","title":{"rendered":"Nagykereskedelmi Bang Blaze ShiSha 42000 Puffs eldobhat\u00f3 Vape"},"content":{"rendered":"<p><a href=\"https:\/\/www.vapeswholesaler.com\/hu\/product_brand\/bang\/\">Bang<\/a> Blaze ShiSha 42000 Puffs az egyik leg\u00fajabb eldobhat\u00f3 e-cigaretta term\u00e9kek, ez a term\u00e9k nagyon k\u00fcl\u00f6nleges, arany sz\u00edn\u0171 term\u00e9k megjelen\u00e9se, term\u00e9keink ragyog\u00f3bbak \u00e9s szemet gy\u00f6ny\u00f6rk\u00f6dtet\u0151ek. Ez egy t\u00fcd\u0151p\u00e1rologtat\u00f3 term\u00e9k, amely lehet\u0151v\u00e9 teszi a felhaszn\u00e1l\u00f3 sz\u00e1m\u00e1ra, hogy b\u00e1rmikor \u00e9s b\u00e1rhol \u00e9lvezze a nagy f\u00fcst\u00f6t.<\/p>\n<p>Ez a k\u00e9sz\u00fcl\u00e9k a legmodernebb technol\u00f3gi\u00e1t \u00f6tv\u00f6zi a kiv\u00e9teles teljes\u00edtm\u00e9nnyel, \u00f6ko \u00fczemm\u00f3dban ak\u00e1r 40 000 slukkot is produk\u00e1l. Ez a k\u00e9t h\u00e1l\u00f3s tekerccsel, intelligens technol\u00f3gi\u00e1val \u00e9s 1000mAh-s \u00fajrat\u00f6lthet\u0151 akkumul\u00e1torral rendelkez\u0151 e-cigaretta kiv\u00e1l\u00f3 min\u0151s\u00e9g\u0171 \u00edzekre \u00e9s g\u0151zre k\u00e9sz\u00fclt. Az 1000mAh-s akkumul\u00e1torral \u00e9s a fokozott f\u00fcst\u00f6t biztos\u00edt\u00f3 0,6\u03a9 ellen\u00e1ll\u00e1s\u00fa kett\u0151s tekercsekkel az eldobhat\u00f3 e-cigaretta ide\u00e1lis a hossz\u00fa t\u00e1v\u00fa el\u00e9gedetts\u00e9gre v\u00e1gy\u00f3 vaperek sz\u00e1m\u00e1ra. Azonnali g\u0151z\u00f6l\u00e9si \u00e9lm\u00e9nyt k\u00edn\u00e1l 30 ml e-nedvvel \u00e9s ak\u00e1r 42 000 slukkol\u00e1ssal. Az egyenletes, sima \u00e9lm\u00e9ny \u00e9rdek\u00e9ben v\u00e1lasszon a 0%, 2%, 3% \u00e9s 5% nikotiner\u0151ss\u00e9g\u0171ek k\u00f6z\u00fcl.<\/p>\n<h2><strong><a href=\"https:\/\/www.facebook.com\/fred.luo.58\/\">Bang<\/a> Blaze ShiSha 42000 Puffs R\u00e9szletek:<\/strong><\/h2>\n<ul>\n<li>E-folyad\u00e9k kapacit\u00e1s : 30 ml E-folyad\u00e9k<\/li>\n<li>Akkumul\u00e1tor kapacit\u00e1s: 1000 Mah<\/li>\n<li>Max Puffs: 42000 Puffs<\/li>\n<li>Nikotin er\u0151ss\u00e9ge: 0%\/2%\/5%<\/li>\n<li>Tekercs: 0,6 \u03a9 ellen\u00e1ll\u00e1s<\/li>\n<li>Kett\u0151s tekercs<\/li>\n<li>L\u00e9g\u00e1raml\u00e1s \u00e1ll\u00edthat\u00f3<\/li>\n<\/ul>\n<h2><strong>\u00cdzek:<\/strong><\/h2>\n<ol>\n<li>Menta<\/li>\n<li>\u00c1fonya menta<\/li>\n<li>Dupla alma<\/li>\n<li>Barack j\u00e9g<\/li>\n<li>\u00c1fonya m\u00e1lna<\/li>\n<li>\u00c1fonya j\u00e9g<\/li>\n<li>\u00c1fonya barack<\/li>\n<li>G\u00f6r\u00f6gdinnye<\/li>\n<li>Eper g\u00f6r\u00f6gdinnye<\/li>\n<li>Eper licsi<\/li>\n<li>Sz\u0151l\u0151 menta<\/li>\n<li>Vegyes gy\u00fcm\u00f6lcs<\/li>\n<\/ol>\n<h2><strong>Csomagol\u00e1si lista:<\/strong><\/h2>\n<p>1db darab Egyedi doboz<br \/>\n10db minden egyes kijelz\u0151 doboz<br \/>\n200db minden karton 25KG<\/p>\n<figure id=\"attachment_21700\" aria-describedby=\"caption-attachment-21700\" style=\"width: 800px\" class=\"wp-caption alignnone\"><img loading=\"lazy\" decoding=\"async\" class=\"wp-image-21700 size-full\" title=\"Nagykereskedelmi Bang Blaze Shisha 42000 Puffs eldobhat\u00f3 Vape 3\" src=\"https:\/\/www.vapeswholesaler.com\/wp-content\/uploads\/2025\/02\/Wholesale-Bang-Blaze-Shisha-42000-Puffs-Disposable-Vape-3.webp\" alt=\"Nagykereskedelmi Bang Blaze Shisha 42000 Puffs eldobhat\u00f3 Vape 3\" width=\"800\" height=\"800\" srcset=\"https:\/\/www.vapeswholesaler.com\/wp-content\/uploads\/2025\/02\/Wholesale-Bang-Blaze-Shisha-42000-Puffs-Disposable-Vape-3.webp 800w, https:\/\/www.vapeswholesaler.com\/wp-content\/uploads\/2025\/02\/Wholesale-Bang-Blaze-Shisha-42000-Puffs-Disposable-Vape-3-300x300.webp 300w, https:\/\/www.vapeswholesaler.com\/wp-content\/uploads\/2025\/02\/Wholesale-Bang-Blaze-Shisha-42000-Puffs-Disposable-Vape-3-150x150.webp 150w, https:\/\/www.vapeswholesaler.com\/wp-content\/uploads\/2025\/02\/Wholesale-Bang-Blaze-Shisha-42000-Puffs-Disposable-Vape-3-768x768.webp 768w, https:\/\/www.vapeswholesaler.com\/wp-content\/uploads\/2025\/02\/Wholesale-Bang-Blaze-Shisha-42000-Puffs-Disposable-Vape-3-12x12.webp 12w, https:\/\/www.vapeswholesaler.com\/wp-content\/uploads\/2025\/02\/Wholesale-Bang-Blaze-Shisha-42000-Puffs-Disposable-Vape-3-247x247.webp 247w, https:\/\/www.vapeswholesaler.com\/wp-content\/uploads\/2025\/02\/Wholesale-Bang-Blaze-Shisha-42000-Puffs-Disposable-Vape-3-510x510.webp 510w, https:\/\/www.vapeswholesaler.com\/wp-content\/uploads\/2025\/02\/Wholesale-Bang-Blaze-Shisha-42000-Puffs-Disposable-Vape-3-100x100.webp 100w\" sizes=\"auto, (max-width: 800px) 100vw, 800px\" \/><figcaption id=\"caption-attachment-21700\" class=\"wp-caption-text\">Nagykereskedelmi Bang Blaze Shisha 42000 Puffs Eldobhat\u00f3 Vape<\/figcaption><\/figure>","protected":false},"excerpt":{"rendered":"<p>Minim\u00e1lis rendel\u00e9si mennyis\u00e9g: <strong>50db <\/strong>(\u00cdzek kever\u00e9se) <strong>Ingyenes sz\u00e1ll\u00edt\u00e1s<\/strong><\/p>\n<p>(2%, 5% Nic)<\/p>","protected":false},"featured_media":21702,"comment_status":"open","ping_status":"closed","template":"","meta":[],"product_cat":[15],"product_tag":[368,388,389],"class_list":{"0":"post-21685","1":"product","2":"type-product","3":"status-publish","4":"has-post-thumbnail","6":"product_cat-disposable-vape","7":"product_tag-bang-king","8":"product_tag-bang","9":"product_tag-42000-puffs","10":"product_brand-bang","12":"first","13":"instock","14":"shipping-taxable","15":"purchasable","16":"product-type-variable","17":"has-default-attributes"},"aioseo_notices":[],"_links":{"self":[{"href":"https:\/\/www.vapeswholesaler.com\/hu\/wp-json\/wp\/v2\/product\/21685","targetHints":{"allow":["GET"]}}],"collection":[{"href":"https:\/\/www.vapeswholesaler.com\/hu\/wp-json\/wp\/v2\/product"}],"about":[{"href":"https:\/\/www.vapeswholesaler.com\/hu\/wp-json\/wp\/v2\/types\/product"}],"replies":[{"embeddable":true,"href":"https:\/\/www.vapeswholesaler.com\/hu\/wp-json\/wp\/v2\/comments?post=21685"}],"wp:featuredmedia":[{"embeddable":true,"href":"https:\/\/www.vapeswholesaler.com\/hu\/wp-json\/wp\/v2\/media\/21702"}],"wp:attachment":[{"href":"https:\/\/www.vapeswholesaler.com\/hu\/wp-json\/wp\/v2\/media?parent=21685"}],"wp:term":[{"taxonomy":"product_cat","embeddable":true,"href":"https:\/\/www.vapeswholesaler.com\/hu\/wp-json\/wp\/v2\/product_cat?post=21685"},{"taxonomy":"product_tag","embeddable":true,"href":"https:\/\/www.vapeswholesaler.com\/hu\/wp-json\/wp\/v2\/product_tag?post=21685"}],"curies":[{"name":"wp","href":"https:\/\/api.w.org\/{rel}","templated":true}]}}