{"id":21630,"date":"2025-02-17T14:35:47","date_gmt":"2025-02-17T06:35:47","guid":{"rendered":"https:\/\/www.vapeswholesaler.com\/?post_type=product&#038;p=21630"},"modified":"2025-03-25T20:43:23","modified_gmt":"2025-03-25T12:43:23","slug":"nagykereskedelmi-zooy-csillagok-30000-puffs-eldobhato-vape","status":"publish","type":"product","link":"https:\/\/www.vapeswholesaler.com\/hu\/termek\/nagykereskedelmi-zooy-csillagok-30000-puffs-eldobhato-vape","title":{"rendered":"Nagykereskedelmi Zooy Stars 30000 Puffs eldobhat\u00f3 Vape"},"content":{"rendered":"<p><a href=\"https:\/\/www.vapeswholesaler.com\/hu\/product_brand\/zooy\/\">Zooy<\/a> Stars 30000 Puffs egy vadonat\u00faj term\u00e9k, az \u00faj 3D \u00edvelt LED k\u00e9perny\u0151 design, a teljes\u00edtm\u00e9ny stabilabb, a k\u00e9perny\u0151 t\u00f6bb sz\u00ednes, amikor haszn\u00e1lja, nem sz\u00e1m\u00edt, hol van a legszebb t\u00e1j, a term\u00e9kek nagyon forr\u00f3, van egy rakt\u00e1r Eur\u00f3p\u00e1ban, lehet haszn\u00e1lni, hogy gyors sz\u00e1ll\u00edt\u00e1s, a legt\u00f6bb eur\u00f3pai A legt\u00f6bb eur\u00f3pai orsz\u00e1gban lehet tenni egy h\u00e9ten bel\u00fcl \u00e9rkezik.<\/p>\n<p>A term\u00e9k m\u00e9rete 29 * 53 * 92 mm, a Dual mesh tekercset haszn\u00e1lhatjuk, hogy a term\u00e9k \u00edz\u00e9t jobb\u00e1 tegy\u00fck, 2%, 3%, 5% nikotintartalmat biztos\u00edthatunk opcion\u00e1lisan, hogy megfeleljen t\u00f6bb \u00fcgyf\u00e9l v\u00e1laszt\u00e1s\u00e1nak. T\u00e1mogatja a TYPE-C csatlakoz\u00f3t a term\u00e9k \u00fajrat\u00f6lt\u00e9s\u00e9hez, \u00e9s tartalmazza a l\u00e9g\u00e1raml\u00e1s be\u00e1ll\u00edt\u00e1si funkci\u00f3t.<\/p>\n<h2><strong>Zooy Stars 30000 Puffs R\u00e9szletek:<\/strong><\/h2>\n<ul>\n<li>Puff: K\u00f6r\u00fclbel\u00fcl 30000puff<\/li>\n<li>S\u00faly: 130g<\/li>\n<li>Term\u00e9kek m\u00e9rete: 29*53*92mm<\/li>\n<li>Tekercsek: tekercs: Kett\u0151s h\u00e1l\u00f3s tekercs<\/li>\n<li>Nic: 20mg 30mg 50mg nik s\u00f3<\/li>\n<li>3D \u00edvelt LED k\u00e9perny\u0151<\/li>\n<li>TYPE-C \u00fajrat\u00f6lthet\u0151<\/li>\n<li>\u00c1ll\u00edthat\u00f3 l\u00e9g\u00e1raml\u00e1s<\/li>\n<li>Akkumul\u00e1tor kapacit\u00e1s: 850mah<\/li>\n<li>El\u0151re t\u00f6lt\u00f6tt e-folyad\u00e9k: 20ml<\/li>\n<\/ul>\n<h2><strong>\u00cdzek:<\/strong><\/h2>\n<ol>\n<li>Redbull energia<\/li>\n<li>K\u00e9k Razz j\u00e9g<\/li>\n<li>G\u00f6r\u00f6gdinnye j\u00e9g<\/li>\n<li>Eper g\u00f6r\u00f6gdinnye<\/li>\n<li>Barackl\u00e9<\/li>\n<li>Eper ban\u00e1n j\u00e9g<\/li>\n<li>\u00c1fonya j\u00e9g<\/li>\n<li>Tripla bogy\u00f3s j\u00e9g<\/li>\n<li>Eper Kiwi<\/li>\n<li>\u00c1fonya Cseresznye \u00c1fonya<\/li>\n<\/ol>\n<h2><strong>Csomagol\u00e1si lista:<\/strong><\/h2>\n<p>1db Egyetlen doboz<br \/>\n10db k\u00f6z\u00e9ps\u0151 doboz<br \/>\n200db kartononk\u00e9nt<\/p>\n<p><img loading=\"lazy\" decoding=\"async\" class=\"alignnone wp-image-21617 size-full\" title=\"Nagykereskedelmi Zooy Stars 30000 Puffs eldobhat\u00f3 Vape 7\" src=\"https:\/\/www.vapeswholesaler.com\/wp-content\/uploads\/2025\/02\/Wholesale-Zooy-Stars-30000-Puffs-Disposable-Vape-7.webp\" alt=\"Nagykereskedelmi Zooy Stars 30000 Puffs eldobhat\u00f3 Vape 7\" width=\"800\" height=\"800\" srcset=\"https:\/\/www.vapeswholesaler.com\/wp-content\/uploads\/2025\/02\/Wholesale-Zooy-Stars-30000-Puffs-Disposable-Vape-7.webp 800w, https:\/\/www.vapeswholesaler.com\/wp-content\/uploads\/2025\/02\/Wholesale-Zooy-Stars-30000-Puffs-Disposable-Vape-7-300x300.webp 300w, https:\/\/www.vapeswholesaler.com\/wp-content\/uploads\/2025\/02\/Wholesale-Zooy-Stars-30000-Puffs-Disposable-Vape-7-150x150.webp 150w, https:\/\/www.vapeswholesaler.com\/wp-content\/uploads\/2025\/02\/Wholesale-Zooy-Stars-30000-Puffs-Disposable-Vape-7-768x768.webp 768w, https:\/\/www.vapeswholesaler.com\/wp-content\/uploads\/2025\/02\/Wholesale-Zooy-Stars-30000-Puffs-Disposable-Vape-7-12x12.webp 12w, https:\/\/www.vapeswholesaler.com\/wp-content\/uploads\/2025\/02\/Wholesale-Zooy-Stars-30000-Puffs-Disposable-Vape-7-247x247.webp 247w, https:\/\/www.vapeswholesaler.com\/wp-content\/uploads\/2025\/02\/Wholesale-Zooy-Stars-30000-Puffs-Disposable-Vape-7-510x510.webp 510w, https:\/\/www.vapeswholesaler.com\/wp-content\/uploads\/2025\/02\/Wholesale-Zooy-Stars-30000-Puffs-Disposable-Vape-7-100x100.webp 100w\" sizes=\"auto, (max-width: 800px) 100vw, 800px\" \/><\/p>\n<p><img loading=\"lazy\" decoding=\"async\" class=\"alignnone wp-image-21616 size-full\" title=\"Nagykereskedelmi Zooy Stars 30000 Puffs eldobhat\u00f3 Vape 6\" src=\"https:\/\/www.vapeswholesaler.com\/wp-content\/uploads\/2025\/02\/Wholesale-Zooy-Stars-30000-Puffs-Disposable-Vape-6.webp\" alt=\"Nagykereskedelmi Zooy Stars 30000 Puffs eldobhat\u00f3 Vape 6\" width=\"800\" height=\"600\" srcset=\"https:\/\/www.vapeswholesaler.com\/wp-content\/uploads\/2025\/02\/Wholesale-Zooy-Stars-30000-Puffs-Disposable-Vape-6.webp 800w, https:\/\/www.vapeswholesaler.com\/wp-content\/uploads\/2025\/02\/Wholesale-Zooy-Stars-30000-Puffs-Disposable-Vape-6-300x225.webp 300w, https:\/\/www.vapeswholesaler.com\/wp-content\/uploads\/2025\/02\/Wholesale-Zooy-Stars-30000-Puffs-Disposable-Vape-6-768x576.webp 768w, https:\/\/www.vapeswholesaler.com\/wp-content\/uploads\/2025\/02\/Wholesale-Zooy-Stars-30000-Puffs-Disposable-Vape-6-16x12.webp 16w, https:\/\/www.vapeswholesaler.com\/wp-content\/uploads\/2025\/02\/Wholesale-Zooy-Stars-30000-Puffs-Disposable-Vape-6-510x383.webp 510w\" sizes=\"auto, (max-width: 800px) 100vw, 800px\" \/><\/p>\n<p><img loading=\"lazy\" decoding=\"async\" class=\"wp-image-21615 size-full\" title=\"Nagykereskedelmi Zooy Stars 30000 Puffs eldobhat\u00f3 Vape 5\" src=\"https:\/\/www.vapeswholesaler.com\/wp-content\/uploads\/2025\/02\/Wholesale-Zooy-Stars-30000-Puffs-Disposable-Vape-5.webp\" alt=\"Nagykereskedelmi Zooy Stars 30000 Puffs eldobhat\u00f3 Vape 5\" width=\"800\" height=\"600\" srcset=\"https:\/\/www.vapeswholesaler.com\/wp-content\/uploads\/2025\/02\/Wholesale-Zooy-Stars-30000-Puffs-Disposable-Vape-5.webp 800w, https:\/\/www.vapeswholesaler.com\/wp-content\/uploads\/2025\/02\/Wholesale-Zooy-Stars-30000-Puffs-Disposable-Vape-5-300x225.webp 300w, https:\/\/www.vapeswholesaler.com\/wp-content\/uploads\/2025\/02\/Wholesale-Zooy-Stars-30000-Puffs-Disposable-Vape-5-768x576.webp 768w, https:\/\/www.vapeswholesaler.com\/wp-content\/uploads\/2025\/02\/Wholesale-Zooy-Stars-30000-Puffs-Disposable-Vape-5-16x12.webp 16w, https:\/\/www.vapeswholesaler.com\/wp-content\/uploads\/2025\/02\/Wholesale-Zooy-Stars-30000-Puffs-Disposable-Vape-5-510x383.webp 510w\" sizes=\"auto, (max-width: 800px) 100vw, 800px\" \/><\/p>","protected":false},"excerpt":{"rendered":"<p>Minim\u00e1lis rendel\u00e9si mennyis\u00e9g:\u00a0<strong>50 DB<\/strong>\u00a0(\u00cdzek kever\u00e9se)\u00a0\u00a0<strong>Ingyenes sz\u00e1ll\u00edt\u00e1s<\/strong><\/p>\n<p>(<strong>2%, 5% Nic<\/strong>) EU rakt\u00e1r Sz\u00e1ll\u00edt\u00e1si id\u0151 5-6 munkanap<\/p>","protected":false},"featured_media":21641,"comment_status":"open","ping_status":"closed","template":"","meta":[],"product_cat":[15],"product_tag":[371,373,374],"class_list":{"0":"post-21630","1":"product","2":"type-product","3":"status-publish","4":"has-post-thumbnail","6":"product_cat-disposable-vape","7":"product_tag-zooy","8":"product_tag-europe-warehouse","9":"product_tag-30000-puffs","10":"product_brand-zooy","12":"first","13":"instock","14":"shipping-taxable","15":"purchasable","16":"product-type-variable","17":"has-default-attributes"},"aioseo_notices":[],"_links":{"self":[{"href":"https:\/\/www.vapeswholesaler.com\/hu\/wp-json\/wp\/v2\/product\/21630","targetHints":{"allow":["GET"]}}],"collection":[{"href":"https:\/\/www.vapeswholesaler.com\/hu\/wp-json\/wp\/v2\/product"}],"about":[{"href":"https:\/\/www.vapeswholesaler.com\/hu\/wp-json\/wp\/v2\/types\/product"}],"replies":[{"embeddable":true,"href":"https:\/\/www.vapeswholesaler.com\/hu\/wp-json\/wp\/v2\/comments?post=21630"}],"wp:featuredmedia":[{"embeddable":true,"href":"https:\/\/www.vapeswholesaler.com\/hu\/wp-json\/wp\/v2\/media\/21641"}],"wp:attachment":[{"href":"https:\/\/www.vapeswholesaler.com\/hu\/wp-json\/wp\/v2\/media?parent=21630"}],"wp:term":[{"taxonomy":"product_cat","embeddable":true,"href":"https:\/\/www.vapeswholesaler.com\/hu\/wp-json\/wp\/v2\/product_cat?post=21630"},{"taxonomy":"product_tag","embeddable":true,"href":"https:\/\/www.vapeswholesaler.com\/hu\/wp-json\/wp\/v2\/product_tag?post=21630"}],"curies":[{"name":"wp","href":"https:\/\/api.w.org\/{rel}","templated":true}]}}