{"id":21580,"date":"2025-02-14T20:39:46","date_gmt":"2025-02-14T12:39:46","guid":{"rendered":"https:\/\/www.vapeswholesaler.com\/?post_type=product&#038;p=21580"},"modified":"2025-03-14T16:27:55","modified_gmt":"2025-03-14T08:27:55","slug":"wholesale-waspe-crystal-40000-puffs-disposable-vape","status":"publish","type":"product","link":"https:\/\/www.vapeswholesaler.com\/hu\/termek\/wholesale-waspe-crystal-40000-puffs-disposable-vape","title":{"rendered":"Nagykereskedelmi Waspe Crystal 40000 puffs Eldobhat\u00f3 Vape"},"content":{"rendered":"<p><a href=\"https:\/\/www.vapeswholesaler.com\/hu\/product_brand\/waspe\/\">Waspe<\/a> Crystal 40000 puffs and Waspe Fihp 40K Puffs are two sister products. We have used the most popular crystal materials to make them in order to satisfy different customer preferences, so that we can reduce some product costs and give our customers and distributors more discounts.<\/p>\n<p>Our device built-in 850 mAh battery for enhanced product life, and it&#8217;s a great benefit that our customers are raving about. As dual-flavor product, we use 0.9ohm mesh Coils, heat more evenly, the total capacity of our products is 32ml, larger capacity, longer life.<\/p>\n<p>There are 12 flavors for choose, each with a different and wonderful experience, and customers can choose different nicotine levels to suit their preferences.<\/p>\n<h2><strong><a href=\"https:\/\/www.facebook.com\/fred.luo.58\/\">Waspe<\/a> Crystal 40000 puffs Double Flavor Details:<\/strong><\/h2>\n<ul>\n<li>Puffs: 40000 Puffs<\/li>\n<li>Double Flavor<\/li>\n<li>Mesh Coil: 0.9ohm+0.9ohm<\/li>\n<li>E-liquid:32ml<\/li>\n<li>Nicotine:0%\/2%\/5%<\/li>\n<li>Akkumul\u00e1tor:850mah<\/li>\n<li>\u00dajrat\u00f6lthet\u0151: C-t\u00edpus\u00fa<\/li>\n<li>LED kijelz\u0151<\/li>\n<\/ul>\n<h2><strong>Flavors list:<\/strong><\/h2>\n<ol>\n<li>G\u00f6r\u00f6gdinnye j\u00e9g \u00e9s citromos lime<\/li>\n<li>Red Bull Ice &amp; Strawberry Mango<\/li>\n<li>Strawberry Red Bull &amp; Blueberry Cherry<\/li>\n<li>Blueberry Candy &amp; Strawberry Watermelon<\/li>\n<li>Strawberry Kiwi &amp; Strawberry Cherry<\/li>\n<li>Blueberry Raspberry &amp; Peach Berry Ice<\/li>\n<li>Strawberry Raspberry Cherry &amp; Love 666<\/li>\n<li>Peach Ice &amp; Watermelon Mango Peach<\/li>\n<li>Strawberry Banana &amp; Pineapple Coconut Ice<\/li>\n<li>Grape Ice &amp; Black Dragon Ice<\/li>\n<li>Mixed Berries &amp; Raspberry Lemonade<\/li>\n<li>Blueberry Ice &amp; Cherry Cola Ice<\/li>\n<\/ol>\n<h2><strong>Csomagol\u00e1si lista:<\/strong><\/h2>\n<p>Product weight: 105g\/pcs<br \/>\nProduct size: 61*31*115mm<br \/>\nQTY: 200pcs\/ctn, 10pcs\/box<br \/>\nG.W.: 22.5kg<\/p>\n<figure id=\"attachment_21567\" aria-describedby=\"caption-attachment-21567\" style=\"width: 800px\" class=\"wp-caption alignnone\"><img loading=\"lazy\" decoding=\"async\" class=\"wp-image-21567 size-full\" title=\"Wholesale Waspe Crystal 40000 puffs Disposable Vape 5\" src=\"https:\/\/www.vapeswholesaler.com\/wp-content\/uploads\/2025\/02\/Wholesale-Waspe-Crystal-40000-puffs-Disposable-Vape-5.webp\" alt=\"Wholesale Waspe Crystal 40000 puffs Disposable Vape 5\" width=\"800\" height=\"2127\" srcset=\"https:\/\/www.vapeswholesaler.com\/wp-content\/uploads\/2025\/02\/Wholesale-Waspe-Crystal-40000-puffs-Disposable-Vape-5.webp 800w, https:\/\/www.vapeswholesaler.com\/wp-content\/uploads\/2025\/02\/Wholesale-Waspe-Crystal-40000-puffs-Disposable-Vape-5-113x300.webp 113w, https:\/\/www.vapeswholesaler.com\/wp-content\/uploads\/2025\/02\/Wholesale-Waspe-Crystal-40000-puffs-Disposable-Vape-5-385x1024.webp 385w, https:\/\/www.vapeswholesaler.com\/wp-content\/uploads\/2025\/02\/Wholesale-Waspe-Crystal-40000-puffs-Disposable-Vape-5-768x2042.webp 768w, https:\/\/www.vapeswholesaler.com\/wp-content\/uploads\/2025\/02\/Wholesale-Waspe-Crystal-40000-puffs-Disposable-Vape-5-578x1536.webp 578w, https:\/\/www.vapeswholesaler.com\/wp-content\/uploads\/2025\/02\/Wholesale-Waspe-Crystal-40000-puffs-Disposable-Vape-5-770x2048.webp 770w, https:\/\/www.vapeswholesaler.com\/wp-content\/uploads\/2025\/02\/Wholesale-Waspe-Crystal-40000-puffs-Disposable-Vape-5-5x12.webp 5w, https:\/\/www.vapeswholesaler.com\/wp-content\/uploads\/2025\/02\/Wholesale-Waspe-Crystal-40000-puffs-Disposable-Vape-5-510x1356.webp 510w\" sizes=\"auto, (max-width: 800px) 100vw, 800px\" \/><figcaption id=\"caption-attachment-21567\" class=\"wp-caption-text\">Nagykereskedelmi Waspe Crystal 40000 puffs Eldobhat\u00f3 Vape<\/figcaption><\/figure>","protected":false},"excerpt":{"rendered":"<div class=\"product-short-description\">\n<p>Minim\u00e1lis rendel\u00e9si mennyis\u00e9g:\u00a0<strong>50db<\/strong>\u00a0(\u00cdzek kever\u00e9se)<\/p>\n<p>\uff08<strong>0%\uff0c2%\uff0c5%<\/strong>\uff09<strong>Ingyenes sz\u00e1ll\u00edt\u00e1s<\/strong><\/p>\n<\/div>\n<div class=\"wsppc_div_block woocommerce_before_add_to_cart_form\"><\/div>","protected":false},"featured_media":21563,"comment_status":"open","ping_status":"closed","template":"","meta":[],"product_cat":[15],"product_tag":[365,369,383],"class_list":{"0":"post-21580","1":"product","2":"type-product","3":"status-publish","4":"has-post-thumbnail","6":"product_cat-disposable-vape","7":"product_tag-40000-puffs","8":"product_tag-dual-flavors","9":"product_tag-waspe","10":"product_brand-waspe","12":"first","13":"instock","14":"shipping-taxable","15":"purchasable","16":"product-type-variable","17":"has-default-attributes"},"aioseo_notices":[],"_links":{"self":[{"href":"https:\/\/www.vapeswholesaler.com\/hu\/wp-json\/wp\/v2\/product\/21580","targetHints":{"allow":["GET"]}}],"collection":[{"href":"https:\/\/www.vapeswholesaler.com\/hu\/wp-json\/wp\/v2\/product"}],"about":[{"href":"https:\/\/www.vapeswholesaler.com\/hu\/wp-json\/wp\/v2\/types\/product"}],"replies":[{"embeddable":true,"href":"https:\/\/www.vapeswholesaler.com\/hu\/wp-json\/wp\/v2\/comments?post=21580"}],"wp:featuredmedia":[{"embeddable":true,"href":"https:\/\/www.vapeswholesaler.com\/hu\/wp-json\/wp\/v2\/media\/21563"}],"wp:attachment":[{"href":"https:\/\/www.vapeswholesaler.com\/hu\/wp-json\/wp\/v2\/media?parent=21580"}],"wp:term":[{"taxonomy":"product_cat","embeddable":true,"href":"https:\/\/www.vapeswholesaler.com\/hu\/wp-json\/wp\/v2\/product_cat?post=21580"},{"taxonomy":"product_tag","embeddable":true,"href":"https:\/\/www.vapeswholesaler.com\/hu\/wp-json\/wp\/v2\/product_tag?post=21580"}],"curies":[{"name":"wp","href":"https:\/\/api.w.org\/{rel}","templated":true}]}}