{"id":21508,"date":"2025-01-14T12:56:53","date_gmt":"2025-01-14T04:56:53","guid":{"rendered":"https:\/\/www.vapeswholesaler.com\/?post_type=product&#038;p=21508"},"modified":"2025-07-01T14:21:23","modified_gmt":"2025-07-01T06:21:23","slug":"nagykereskedelmi-mrvi-df-40000-puffs-eldobhato-vape","status":"publish","type":"product","link":"https:\/\/www.vapeswholesaler.com\/hu\/termek\/nagykereskedelmi-mrvi-df-40000-puffs-eldobhato-vape","title":{"rendered":"Nagykereskedelem MRVI DF 40000 Puffs eldobhat\u00f3 Vape"},"content":{"rendered":"<p><a href=\"https:\/\/www.vapeswholesaler.com\/hu\/product_brand\/mrvi\/\">MRVI<\/a> A DF 40000 Puffs egy k\u00e9tf\u00e9le \u00edzes\u00edt\u00e9s\u0171, eldobhat\u00f3 Vape, teljes k\u00e9perny\u0151s p\u00e1rologtat\u00f3, leny\u0171g\u00f6z\u0151 40.000 puff kapacit\u00e1ssal. Ez a forr\u00f3 elad\u00e1s\u00fa modell megh\u00f3d\u00edtotta a piacot, egyed\u00fcl\u00e1ll\u00f3 \u00e9s k\u00e9nyelmes m\u00f3dot k\u00edn\u00e1lva a doh\u00e1nyosoknak, hogy \u00e9lvezhess\u00e9k kedvenc \u00edzeiket. eleg\u00e1ns, modern kialak\u00edt\u00e1s\u00e1val ez a vape k\u00e9sz\u00fcl\u00e9k nem csak st\u00edlusos, hanem \u00e9lvonalbeli funkci\u00f3kkal is tele van. A teljes k\u00e9perny\u0151s kijelz\u0151 vil\u00e1gos \u00e9s intuit\u00edv kezel\u0151fel\u00fcletet biztos\u00edt, \u00edgy a felhaszn\u00e1l\u00f3k k\u00f6nnyen navig\u00e1lhatnak a k\u00e9sz\u00fcl\u00e9k be\u00e1ll\u00edt\u00e1saiban \u00e9s opci\u00f3iban. A nagysz\u00e1m\u00fa puffol\u00e1s biztos\u00edtja, hogy a vaperek hossz\u00fa ideig \u00e9lvezhetik kedvenc \u00edzeiket an\u00e9lk\u00fcl, hogy gyakori \u00fajrat\u00f6lt\u00e9sre vagy cser\u00e9re lenne sz\u00fcks\u00e9g\u00fck.<\/p>\n<p>El\u0151re felt\u00f6lt\u00f6tt 40ml nagy mennyis\u00e9g\u0171 folyad\u00e9kkal, amely lehet\u0151v\u00e9 teszi felhaszn\u00e1l\u00f3ink sz\u00e1m\u00e1ra, hogy hosszabb ideig haszn\u00e1lj\u00e1k, \u00e9s 2% \u00e9s 5% nikotintartalmat k\u00edn\u00e1lunk a v\u00e1laszt\u00e1shoz, annak \u00e9rdek\u00e9ben, hogy term\u00e9keink jobb \u00edz\u00e9lm\u00e9nyt kapjanak, 1.0ohm Dual mesh tekercseket haszn\u00e1lunk. Annak \u00e9rdek\u00e9ben, hogy t\u00e1mogassuk felhaszn\u00e1l\u00f3inkat, hogy hosszabb energiatartal\u00e9kkal rendelkezzenek, term\u00e9keink 850mah akkumul\u00e1torral rendelkeznek, \u00e9s t\u00e1mogatj\u00e1k a nemzetk\u00f6zi szabv\u00e1nyos C t\u00edpus\u00fa portot a k\u00e9sz\u00fcl\u00e9k felt\u00f6lt\u00e9s\u00e9hez, hogy \u00fcgyfeleink \u00e9lvezhess\u00e9k term\u00e9keinket, ahogyan szeretn\u00e9k.<\/p>\n<h2><strong><a href=\"https:\/\/www.facebook.com\/fred.luo.58\/\">MRVI<\/a> DF 40000 Puffs Jellemz\u0151k<\/strong>:<\/h2>\n<ul>\n<li>Pufs: 40000 Puff<\/li>\n<li>E-folyad\u00e9k kapacit\u00e1s: 40ml<\/li>\n<li>Akkumul\u00e1tor kapacit\u00e1s: 850mAh<\/li>\n<li>Nikotin er\u0151ss\u00e9ge: 2% 5%<\/li>\n<li>T\u00f6lt\u0151port: Type-CDual<\/li>\n<li>Kett\u0151s h\u00e1l\u00f3s tekercs<\/li>\n<li>8 \u00edz<\/li>\n<\/ul>\n<h2><strong>\u00cdzek list\u00e1ja:<\/strong><\/h2>\n<ol>\n<li>\u00c1fonya g\u00f6r\u00f6gdinnye \u00e9s eper mang\u00f3<\/li>\n<li>G\u00f6r\u00f6gdinnye j\u00e9g \u00e9s sziv\u00e1rv\u00e1nyos cukorka<\/li>\n<li>Red Bull &amp; Coffee Ice<\/li>\n<li>Anan\u00e1szos k\u00f3kusz \u00e9s r\u00f3zsasz\u00edn limon\u00e1d\u00e9<\/li>\n<li>Tripple Berry Ice &amp; Fekete ribizli Ice<\/li>\n<li>Barack mang\u00f3 \u00e9s savany\u00fa alma<\/li>\n<li>Fekete S\u00e1rk\u00e1ny J\u00e9g &amp; \u00c1fonya \u00c1fonya<\/li>\n<li>Eper Kiwi \u00e9s sz\u0151l\u0151 j\u00e9g<\/li>\n<\/ol>\n<h2><strong>Csomagol\u00e1si lista:<\/strong><\/h2>\n<p>Minden egyes doboz 1db<br \/>\nMinden doboz 10db<br \/>\nMinden karton 160db<br \/>\nMinden karton: 21kgkarton<br \/>\nM\u00e9ret: 500*315*290mm<\/p>\n<figure id=\"attachment_21499\" aria-describedby=\"caption-attachment-21499\" style=\"width: 800px\" class=\"wp-caption alignnone\"><img loading=\"lazy\" decoding=\"async\" class=\"wp-image-21499 size-full\" style=\"color: #333333;font-size: 14.4px\" title=\"Nagykereskedelmi MRVI DF 40000 Puffs eldobhat\u00f3 Vape 5\" src=\"https:\/\/www.vapeswholesaler.com\/wp-content\/uploads\/2025\/01\/Wholesale-MRVI-DF-40000-Puffs-Disposable-Vape-5.webp\" alt=\"Nagykereskedelmi MRVI DF 40000 Puffs eldobhat\u00f3 Vape 5\" width=\"800\" height=\"1131\" srcset=\"https:\/\/www.vapeswholesaler.com\/wp-content\/uploads\/2025\/01\/Wholesale-MRVI-DF-40000-Puffs-Disposable-Vape-5.webp 800w, https:\/\/www.vapeswholesaler.com\/wp-content\/uploads\/2025\/01\/Wholesale-MRVI-DF-40000-Puffs-Disposable-Vape-5-212x300.webp 212w, https:\/\/www.vapeswholesaler.com\/wp-content\/uploads\/2025\/01\/Wholesale-MRVI-DF-40000-Puffs-Disposable-Vape-5-724x1024.webp 724w, https:\/\/www.vapeswholesaler.com\/wp-content\/uploads\/2025\/01\/Wholesale-MRVI-DF-40000-Puffs-Disposable-Vape-5-768x1086.webp 768w, https:\/\/www.vapeswholesaler.com\/wp-content\/uploads\/2025\/01\/Wholesale-MRVI-DF-40000-Puffs-Disposable-Vape-5-8x12.webp 8w, https:\/\/www.vapeswholesaler.com\/wp-content\/uploads\/2025\/01\/Wholesale-MRVI-DF-40000-Puffs-Disposable-Vape-5-510x721.webp 510w\" sizes=\"auto, (max-width: 800px) 100vw, 800px\" \/><figcaption id=\"caption-attachment-21499\" class=\"wp-caption-text\">Nagykereskedelem MRVI DF 40000 Puffs eldobhat\u00f3 Vape<\/figcaption><\/figure>","protected":false},"excerpt":{"rendered":"<p>Minim\u00e1lis rendel\u00e9si mennyis\u00e9g: <strong>100db<\/strong>\u00a0(\u00cdzek kever\u00e9se)\u00a0\u00a0<strong>Ingyenes sz\u00e1ll\u00edt\u00e1s<\/strong><\/p>\n<p>(<strong>2%, 5% Nic<\/strong>)<\/p>","protected":false},"featured_media":21495,"comment_status":"open","ping_status":"closed","template":"","meta":[],"product_cat":[15],"product_tag":[365,369,387],"class_list":{"0":"post-21508","1":"product","2":"type-product","3":"status-publish","4":"has-post-thumbnail","6":"product_cat-disposable-vape","7":"product_tag-40000-puffs","8":"product_tag-dual-flavors","9":"product_tag-mrvi","10":"product_brand-mrvi","12":"first","13":"instock","14":"shipping-taxable","15":"purchasable","16":"product-type-variable","17":"has-default-attributes"},"aioseo_notices":[],"_links":{"self":[{"href":"https:\/\/www.vapeswholesaler.com\/hu\/wp-json\/wp\/v2\/product\/21508","targetHints":{"allow":["GET"]}}],"collection":[{"href":"https:\/\/www.vapeswholesaler.com\/hu\/wp-json\/wp\/v2\/product"}],"about":[{"href":"https:\/\/www.vapeswholesaler.com\/hu\/wp-json\/wp\/v2\/types\/product"}],"replies":[{"embeddable":true,"href":"https:\/\/www.vapeswholesaler.com\/hu\/wp-json\/wp\/v2\/comments?post=21508"}],"wp:featuredmedia":[{"embeddable":true,"href":"https:\/\/www.vapeswholesaler.com\/hu\/wp-json\/wp\/v2\/media\/21495"}],"wp:attachment":[{"href":"https:\/\/www.vapeswholesaler.com\/hu\/wp-json\/wp\/v2\/media?parent=21508"}],"wp:term":[{"taxonomy":"product_cat","embeddable":true,"href":"https:\/\/www.vapeswholesaler.com\/hu\/wp-json\/wp\/v2\/product_cat?post=21508"},{"taxonomy":"product_tag","embeddable":true,"href":"https:\/\/www.vapeswholesaler.com\/hu\/wp-json\/wp\/v2\/product_tag?post=21508"}],"curies":[{"name":"wp","href":"https:\/\/api.w.org\/{rel}","templated":true}]}}