{"id":21174,"date":"2024-12-29T20:11:32","date_gmt":"2024-12-29T12:11:32","guid":{"rendered":"https:\/\/www.vapeswholesaler.com\/?post_type=product&#038;p=21174"},"modified":"2025-09-16T15:16:55","modified_gmt":"2025-09-16T07:16:55","slug":"nagykereskedelmi-jnr-alien-10000-puffs-eldobhato-vape","status":"publish","type":"product","link":"https:\/\/www.vapeswholesaler.com\/hu\/termek\/nagykereskedelmi-jnr-alien-10000-puffs-eldobhato-vape","title":{"rendered":"Nagykereskedelmi JNR Alien 10000 Puffs eldobhat\u00f3 Vape"},"content":{"rendered":"<p>A <a title=\"JNR\" href=\"https:\/\/www.vapeswholesaler.com\/hu\/product_brand\/jnr-eldobhato-vape\/\"><strong>JNR<\/strong><\/a> Az Alien 10000 Puffs Eldobhat\u00f3 Vape 1,2\u03a9-os tekerccsel sima h\u00faz\u00e1st \u00e9s \u00edzletes g\u0151zt biztos\u00edt, \u00e9s egy 850mAh akkumul\u00e1torral m\u0171k\u00f6dtetett, leny\u0171g\u00f6z\u0151, k\u00f6r\u00fclbel\u00fcl 10000 puff kapacit\u00e1ssal b\u00fcszk\u00e9lkedhet. Az el\u0151re felt\u00f6lt\u00f6tt 20ml e-folyad\u00e9kkal t\u00f6bb mint 30 \u00edz v\u00e1ltozatos v\u00e1laszt\u00e9k\u00e1t k\u00edn\u00e1lja, a friss\u00edt\u0151 j\u00e9gt\u0151l a kellemes gy\u00fcm\u00f6lcs\u00f6kig. A C t\u00edpus\u00fa t\u00f6lt\u0151port k\u00e9nyelme gyors \u00e9s probl\u00e9mamentes \u00fajrat\u00f6lt\u00e9st biztos\u00edt.<\/p>\n<h2><strong>JNR Alien 10000 Puffs Features:<\/strong><\/h2>\n<ul>\n<li>Sportos design<\/li>\n<li>LED (RGB) f\u00e9nyek,<\/li>\n<li>Hozz\u00e1vet\u0151legesen 10,000 f\u00faj\u00e1s<\/li>\n<li>Leny\u0171g\u00f6z\u0151 \u00edzek<\/li>\n<li>Sima g\u0151z\u00f6l\u00e9si \u00e9lm\u00e9ny<\/li>\n<li>Fokozott el\u00e9gedetts\u00e9g<\/li>\n<li>Divat st\u00edlus<\/li>\n<li>Egy hevederrel a k\u00e9nyelmes hordozhat\u00f3s\u00e1g \u00e9rdek\u00e9ben<\/li>\n<li>Nikotin: 5% 5%<\/li>\n<li>E-folyad\u00e9k Kapacit\u00e1s: 20ml<\/li>\n<li>Akkumul\u00e1tor kapacit\u00e1s: 850mah<\/li>\n<li>Mag: 1.2ohm Mesh tekercsek<\/li>\n<\/ul>\n<h2><strong>\u00a0<\/strong><strong>El\u00e9rhet\u0151 \u00edzek\uff1a<\/strong><\/h2>\n<ol>\n<li>Fekete s\u00e1rk\u00e1ny j\u00e9g<\/li>\n<li>K\u00e9k Razz cseresznye<\/li>\n<li>K\u00e9k Razz j\u00e9g<\/li>\n<li>\u00c1fony\u00e1s r\u00e1g\u00f3gumi<\/li>\n<li>\u00c1fonya Cseresznye \u00c1fonya<\/li>\n<li>\u00c1fonya j\u00e9gen<\/li>\n<li>\u00c1fonya savany\u00fa m\u00e1lna<\/li>\n<li>Fizzy Cherry Cola<\/li>\n<li>Sz\u0151l\u0151 j\u00e9g<\/li>\n<li>Guava lce<\/li>\n<li>Kiwi Passi\u00f3gy\u00fcm\u00f6lcs Guava<\/li>\n<li>Eper Kiwi<\/li>\n<li>Vegyes bogy\u00f3s gy\u00fcm\u00f6lcs<\/li>\n<li>Mr.Blue<\/li>\n<li>Golgotavir\u00e1g<\/li>\n<li>Barack bogy\u00f3<\/li>\n<li>Barack \u00e1fonya cukorka<\/li>\n<li>Barack j\u00e9g<\/li>\n<li>Barack Mang\u00f3 Anan\u00e1sz<\/li>\n<li>Savany\u00fa alma<\/li>\n<li>Eper ban\u00e1n<\/li>\n<li>Eper j\u00e9g<\/li>\n<li>Eper m\u00e1lna cseresznye j\u00e9g<\/li>\n<li>Eper g\u00f6r\u00f6gdinnye j\u00e9g<\/li>\n<li>Eper g\u00f6r\u00f6gdinnye limon\u00e1d\u00e9<\/li>\n<li>G\u00f6r\u00f6gdinnye r\u00e1g\u00f3gumi<\/li>\n<li>G\u00f6r\u00f6gdinnye j\u00e9g<\/li>\n<li>Ban\u00e1n j\u00e9g<\/li>\n<li>\u00c1fonya Kiwi<\/li>\n<li>Cherry Berry<\/li>\n<li>Cola Ice<\/li>\n<li>Cool Mint<\/li>\n<li>Dupla alma<\/li>\n<li>Gumimaci<\/li>\n<li>buja j\u00e9g<\/li>\n<li>M\u00e1lna g\u00f6r\u00f6gdinnye<\/li>\n<li>Eper cukorka j\u00e9g<\/li>\n<li>Eper Pinacolada<\/li>\n<li>Eper gr\u00e1n\u00e1talma<\/li>\n<li>Eper m\u00e1lna j\u00e9g<\/li>\n<li>Tr\u00f3pusi puncs<\/li>\n<li>G\u00f6r\u00f6gdinnye Brazz Ice<\/li>\n<li>G\u00f6r\u00f6gdinnye licsi<\/li>\n<\/ol>\n<h2><strong>Csomagol\u00e1si lista:<\/strong><\/h2>\n<p>1db darab Egyedi doboz<br \/>\n10db Display doboz<br \/>\n200db dobozonk\u00e9nt<\/p>\n<p><img loading=\"lazy\" decoding=\"async\" class=\"alignnone wp-image-21176 size-full\" title=\"Nagykereskedelmi JNR Alien 10000 Puffs eldobhat\u00f3 Vape 12\" src=\"https:\/\/www.vapeswholesaler.com\/wp-content\/uploads\/2024\/12\/Wholesale-JNR-Alien-10000-Puffs-Disposable-Vape-12.webp\" alt=\"Nagykereskedelmi JNR Alien 10000 Puffs eldobhat\u00f3 Vape 12\" width=\"800\" height=\"800\" srcset=\"https:\/\/www.vapeswholesaler.com\/wp-content\/uploads\/2024\/12\/Wholesale-JNR-Alien-10000-Puffs-Disposable-Vape-12.webp 800w, https:\/\/www.vapeswholesaler.com\/wp-content\/uploads\/2024\/12\/Wholesale-JNR-Alien-10000-Puffs-Disposable-Vape-12-300x300.webp 300w, https:\/\/www.vapeswholesaler.com\/wp-content\/uploads\/2024\/12\/Wholesale-JNR-Alien-10000-Puffs-Disposable-Vape-12-150x150.webp 150w, https:\/\/www.vapeswholesaler.com\/wp-content\/uploads\/2024\/12\/Wholesale-JNR-Alien-10000-Puffs-Disposable-Vape-12-768x768.webp 768w, https:\/\/www.vapeswholesaler.com\/wp-content\/uploads\/2024\/12\/Wholesale-JNR-Alien-10000-Puffs-Disposable-Vape-12-12x12.webp 12w, https:\/\/www.vapeswholesaler.com\/wp-content\/uploads\/2024\/12\/Wholesale-JNR-Alien-10000-Puffs-Disposable-Vape-12-247x247.webp 247w, https:\/\/www.vapeswholesaler.com\/wp-content\/uploads\/2024\/12\/Wholesale-JNR-Alien-10000-Puffs-Disposable-Vape-12-510x510.webp 510w, https:\/\/www.vapeswholesaler.com\/wp-content\/uploads\/2024\/12\/Wholesale-JNR-Alien-10000-Puffs-Disposable-Vape-12-100x100.webp 100w\" sizes=\"auto, (max-width: 800px) 100vw, 800px\" \/> <img loading=\"lazy\" decoding=\"async\" class=\"alignnone wp-image-21177 size-full\" title=\"Nagykereskedelmi JNR Alien 10000 Puffs eldobhat\u00f3 Vape 13\" src=\"https:\/\/www.vapeswholesaler.com\/wp-content\/uploads\/2024\/12\/Wholesale-JNR-Alien-10000-Puffs-Disposable-Vape-13.webp\" alt=\"Nagykereskedelmi JNR Alien 10000 Puffs eldobhat\u00f3 Vape 13\" width=\"800\" height=\"450\" srcset=\"https:\/\/www.vapeswholesaler.com\/wp-content\/uploads\/2024\/12\/Wholesale-JNR-Alien-10000-Puffs-Disposable-Vape-13.webp 800w, https:\/\/www.vapeswholesaler.com\/wp-content\/uploads\/2024\/12\/Wholesale-JNR-Alien-10000-Puffs-Disposable-Vape-13-300x169.webp 300w, https:\/\/www.vapeswholesaler.com\/wp-content\/uploads\/2024\/12\/Wholesale-JNR-Alien-10000-Puffs-Disposable-Vape-13-768x432.webp 768w, https:\/\/www.vapeswholesaler.com\/wp-content\/uploads\/2024\/12\/Wholesale-JNR-Alien-10000-Puffs-Disposable-Vape-13-18x10.webp 18w, https:\/\/www.vapeswholesaler.com\/wp-content\/uploads\/2024\/12\/Wholesale-JNR-Alien-10000-Puffs-Disposable-Vape-13-510x287.webp 510w\" sizes=\"auto, (max-width: 800px) 100vw, 800px\" \/><\/p>\n<p>&nbsp;<\/p>\n<p>&nbsp;<\/p>","protected":false},"excerpt":{"rendered":"<p>Minim\u00e1lis rendel\u00e9si mennyis\u00e9g:\u00a0<strong>50db<\/strong>\u00a0(\u00cdzek kever\u00e9se)<\/p>\n<p>\uff08 2%\uff0c5%\uff09<strong>Ingyenes sz\u00e1ll\u00edt\u00e1s<\/strong><\/p>","protected":false},"featured_media":21172,"comment_status":"open","ping_status":"closed","template":"","meta":[],"product_cat":[15],"product_tag":[427,428,429],"class_list":{"0":"post-21174","1":"product","2":"type-product","3":"status-publish","4":"has-post-thumbnail","6":"product_cat-disposable-vape","7":"product_tag-jnr-10000-puffs","8":"product_tag-jnr-10000-vapes","9":"product_tag-jnr-10000-disposable-vape","10":"product_brand-jnr-disposable-vape","12":"first","13":"instock","14":"shipping-taxable","15":"purchasable","16":"product-type-variable","17":"has-default-attributes"},"aioseo_notices":[],"_links":{"self":[{"href":"https:\/\/www.vapeswholesaler.com\/hu\/wp-json\/wp\/v2\/product\/21174","targetHints":{"allow":["GET"]}}],"collection":[{"href":"https:\/\/www.vapeswholesaler.com\/hu\/wp-json\/wp\/v2\/product"}],"about":[{"href":"https:\/\/www.vapeswholesaler.com\/hu\/wp-json\/wp\/v2\/types\/product"}],"replies":[{"embeddable":true,"href":"https:\/\/www.vapeswholesaler.com\/hu\/wp-json\/wp\/v2\/comments?post=21174"}],"wp:featuredmedia":[{"embeddable":true,"href":"https:\/\/www.vapeswholesaler.com\/hu\/wp-json\/wp\/v2\/media\/21172"}],"wp:attachment":[{"href":"https:\/\/www.vapeswholesaler.com\/hu\/wp-json\/wp\/v2\/media?parent=21174"}],"wp:term":[{"taxonomy":"product_cat","embeddable":true,"href":"https:\/\/www.vapeswholesaler.com\/hu\/wp-json\/wp\/v2\/product_cat?post=21174"},{"taxonomy":"product_tag","embeddable":true,"href":"https:\/\/www.vapeswholesaler.com\/hu\/wp-json\/wp\/v2\/product_tag?post=21174"}],"curies":[{"name":"wp","href":"https:\/\/api.w.org\/{rel}","templated":true}]}}