{"id":21142,"date":"2024-12-27T16:55:33","date_gmt":"2024-12-27T08:55:33","guid":{"rendered":"https:\/\/www.vapeswholesaler.com\/?post_type=product&#038;p=21142"},"modified":"2025-08-12T11:57:44","modified_gmt":"2025-08-12T03:57:44","slug":"wholesale-jnr-mediamax-40000-puffs-disposable-vape","status":"publish","type":"product","link":"https:\/\/www.vapeswholesaler.com\/hu\/termek\/wholesale-jnr-mediamax-40000-puffs-disposable-vape","title":{"rendered":"Nagykereskedelmi JNR MediaMax 40000 Puffs eldobhat\u00f3 Vape"},"content":{"rendered":"<p>JNR MediaMax 40000 Puffs is a revolutionary disposable vape that pushes the boundaries of flavor and awakens your senses. With its 4-inch function HD screen, feast your eyes on a visual while enjoying multiple output power modes tailored to your preferences. Control your experience effortlessly through its smooth app and Bluetooth connection. Embrace the traditional dual coil technology with a dual-coil design that doubles the performance, ensuring an unmatched vaping experience.<\/p>\n<p>Boasting a 1000mAh battery capacity, the JNR MediaMax 40000 Puffs offers a long-lasting and rich flavor journey. Step into a world of enhanced taste and endurance with the JNR MediaMax 40000 Puffs Disposable Vape awaken your senses today.<\/p>\n<h2><strong><a href=\"https:\/\/www.vapeswholesaler.com\/hu\/product_brand\/jnr-eldobhato-vape\/\">JNR<\/a> MediaMax 40000 Puffs Disposable Vape Features:<\/strong><\/h2>\n<ul>\n<li>Prefilled Capacity: 21ml<\/li>\n<li>Akkumul\u00e1tor kapacit\u00e1s: 1000mah<\/li>\n<li>Max Puffs: 20k (Pulse Mode) | 40k (Regular Mode)<\/li>\n<li>Nikotin er\u0151ss\u00e9g: 5% (50mg)<\/li>\n<li>M\u0171velet: .<\/li>\n<li>Heating Element: Dual Mesh Coils<\/li>\n<li>Airflow: Fixed<\/li>\n<li>Display Screen: Hd Display Screen<\/li>\n<li>Charging: Usb Type-C<\/li>\n<li>Az akkumul\u00e1tor \u00e9lettartam\u00e1nak kijelz\u0151je<\/li>\n<li>E-folyad\u00e9k szintjelz\u0151<\/li>\n<\/ul>\n<h2><strong>JNR MediaMax 40000 Puffs Disposable Vape Flavors:<\/strong><\/h2>\n<ol>\n<li>K\u00e9k Razz j\u00e9g<\/li>\n<li>\u00c1fonya g\u00f6r\u00f6gdinnye<\/li>\n<li>cseresznye eper m\u00e1lna<\/li>\n<li>Fcuking Fab<\/li>\n<li>Miami Mint<\/li>\n<li>Barack mang\u00f3 g\u00f6r\u00f6gdinnye<\/li>\n<li>Savany\u00fa alma j\u00e9g<\/li>\n<li>Eper ban\u00e1n<\/li>\n<li>Eper j\u00e9g<\/li>\n<li>G\u00f6r\u00f6gdinnye j\u00e9g<\/li>\n<\/ol>\n<h2><strong>Csomagol\u00e1si lista:<\/strong><\/h2>\n<p>1db minden egyes doboz<br \/>\n5pcs each Display box<br \/>\n100pcs each carton<\/p>\n<p><img loading=\"lazy\" decoding=\"async\" class=\"alignnone wp-image-21136 size-full\" title=\"Wholesale JNR MediaMax 40000 Puffs Disposable Vape 5\" src=\"https:\/\/www.vapeswholesaler.com\/wp-content\/uploads\/2024\/12\/Wholesale-JNR-MediaMax-40000-Puffs-Disposable-Vape-5-scaled.jpg\" alt=\"Wholesale JNR MediaMax 40000 Puffs Disposable Vape 5\" width=\"650\" height=\"2560\" srcset=\"https:\/\/www.vapeswholesaler.com\/wp-content\/uploads\/2024\/12\/Wholesale-JNR-MediaMax-40000-Puffs-Disposable-Vape-5-scaled.jpg 650w, https:\/\/www.vapeswholesaler.com\/wp-content\/uploads\/2024\/12\/Wholesale-JNR-MediaMax-40000-Puffs-Disposable-Vape-5-76x300.jpg 76w, https:\/\/www.vapeswholesaler.com\/wp-content\/uploads\/2024\/12\/Wholesale-JNR-MediaMax-40000-Puffs-Disposable-Vape-5-260x1024.jpg 260w, https:\/\/www.vapeswholesaler.com\/wp-content\/uploads\/2024\/12\/Wholesale-JNR-MediaMax-40000-Puffs-Disposable-Vape-5-768x3024.jpg 768w, https:\/\/www.vapeswholesaler.com\/wp-content\/uploads\/2024\/12\/Wholesale-JNR-MediaMax-40000-Puffs-Disposable-Vape-5-390x1536.jpg 390w, https:\/\/www.vapeswholesaler.com\/wp-content\/uploads\/2024\/12\/Wholesale-JNR-MediaMax-40000-Puffs-Disposable-Vape-5-520x2048.jpg 520w, https:\/\/www.vapeswholesaler.com\/wp-content\/uploads\/2024\/12\/Wholesale-JNR-MediaMax-40000-Puffs-Disposable-Vape-5-3x12.jpg 3w, https:\/\/www.vapeswholesaler.com\/wp-content\/uploads\/2024\/12\/Wholesale-JNR-MediaMax-40000-Puffs-Disposable-Vape-5-510x2008.jpg 510w\" sizes=\"auto, (max-width: 650px) 100vw, 650px\" \/><\/p>","protected":false},"excerpt":{"rendered":"<p>Minim\u00e1lis rendel\u00e9si mennyis\u00e9g:\u00a0<strong>50 DB<\/strong>\u00a0(\u00cdzek kever\u00e9se)\u00a0\u00a0<strong>Ingyenes sz\u00e1ll\u00edt\u00e1s<\/strong><\/p>\n<p>(<strong>5% Nic<\/strong>)<\/p>","protected":false},"featured_media":21138,"comment_status":"open","ping_status":"closed","template":"","meta":[],"product_cat":[15],"product_tag":[],"class_list":{"0":"post-21142","1":"product","2":"type-product","3":"status-publish","4":"has-post-thumbnail","6":"product_cat-disposable-vape","7":"product_brand-jnr-disposable-vape","9":"first","10":"instock","11":"shipping-taxable","12":"purchasable","13":"product-type-variable","14":"has-default-attributes"},"aioseo_notices":[],"_links":{"self":[{"href":"https:\/\/www.vapeswholesaler.com\/hu\/wp-json\/wp\/v2\/product\/21142","targetHints":{"allow":["GET"]}}],"collection":[{"href":"https:\/\/www.vapeswholesaler.com\/hu\/wp-json\/wp\/v2\/product"}],"about":[{"href":"https:\/\/www.vapeswholesaler.com\/hu\/wp-json\/wp\/v2\/types\/product"}],"replies":[{"embeddable":true,"href":"https:\/\/www.vapeswholesaler.com\/hu\/wp-json\/wp\/v2\/comments?post=21142"}],"wp:featuredmedia":[{"embeddable":true,"href":"https:\/\/www.vapeswholesaler.com\/hu\/wp-json\/wp\/v2\/media\/21138"}],"wp:attachment":[{"href":"https:\/\/www.vapeswholesaler.com\/hu\/wp-json\/wp\/v2\/media?parent=21142"}],"wp:term":[{"taxonomy":"product_cat","embeddable":true,"href":"https:\/\/www.vapeswholesaler.com\/hu\/wp-json\/wp\/v2\/product_cat?post=21142"},{"taxonomy":"product_tag","embeddable":true,"href":"https:\/\/www.vapeswholesaler.com\/hu\/wp-json\/wp\/v2\/product_tag?post=21142"}],"curies":[{"name":"wp","href":"https:\/\/api.w.org\/{rel}","templated":true}]}}