{"id":21079,"date":"2024-12-26T21:39:17","date_gmt":"2024-12-26T13:39:17","guid":{"rendered":"https:\/\/www.vapeswholesaler.com\/?post_type=product&#038;p=21079"},"modified":"2025-09-16T15:38:26","modified_gmt":"2025-09-16T07:38:26","slug":"nagykereskedelmi-jnr-falcon-x-18000-puffs-eldobhato-vape","status":"publish","type":"product","link":"https:\/\/www.vapeswholesaler.com\/hu\/termek\/nagykereskedelmi-jnr-falcon-x-18000-puffs-eldobhato-vape","title":{"rendered":"Nagykereskedelmi JNR Falcon-X 18000 Puffs Eldobhat\u00f3 Vape"},"content":{"rendered":"<p><a href=\"https:\/\/www.vapeswholesaler.com\/hu\/product_brand\/jnr-eldobhato-vape\/\">JNR<\/a> Falcon-X 18000 Puffs come with 950mAh battery capacity, 24ml E-liquid. This device including the digital Display, keeping track of battery life and e-liquid information anytime. With dual-core control and alternating mesh coils, our product ensures consistent high flavor even when the battery is low.<\/p>\n<p>JNR Falcon-X 18000 Puffs megszak\u00edt\u00e1s n\u00e9lk\u00fcli el\u00e9gedetts\u00e9g minden egyes slukkal! A leny\u0171g\u00f6z\u0151, k\u00f6r\u00fclbel\u00fcl 18000 p\u00f6f\u00e9kel\u00e9ssel b\u00fcszk\u00e9lked\u0151 kapacit\u00e1ssal. Nagy kapacit\u00e1s\u00fa e-folyad\u00e9k 24ml, 950mAh akkumul\u00e1tor kapacit\u00e1ssal, t\u00f6bb mint 20 \u00edz v\u00e1ltozatos v\u00e1laszt\u00e9k\u00e1t k\u00edn\u00e1lja, a friss\u00edt\u0151 j\u00e9gt\u0151l a kellemes gy\u00fcm\u00f6lcs\u00f6kig. A C-t\u00edpus\u00fa t\u00f6lt\u0151port k\u00e9nyelme biztos\u00edtja a gyors \u00e9s probl\u00e9mamentes felt\u00f6lt\u00e9st b\u00e1rmikor, a teljes k\u00e9perny\u0151s kijelz\u0151nkkel.<\/p>\n<h2><strong>JNR Falcon-X 18000 Puffs Features:<\/strong><\/h2>\n<ul>\n<li>Puffok:18000 Puffok<\/li>\n<li>Akkumul\u00e1tor kapacit\u00e1s: 950 mAh<\/li>\n<li>E-folyad\u00e9k kapacit\u00e1s: 24ml<\/li>\n<li>Hossz\u00fa \u00e9lettartam\u00fa \u00fajrat\u00f6lthet\u0151 akkumul\u00e1tor<\/li>\n<li>Az akkumul\u00e1tor \u00e9s az E-folyad\u00e9k szintj\u00e9nek kijelz\u0151je<\/li>\n<li>Pr\u00e9mium \u00edzek sokf\u00e9les\u00e9ge<\/li>\n<li>Krist\u00e1lytiszta kialak\u00edt\u00e1s<\/li>\n<\/ul>\n<h2><strong>JNR Falcon-X 18000 Puffs \u00cdzek:<\/strong><\/h2>\n<ol>\n<li>K\u00e9k Razz j\u00e9g<\/li>\n<li>\u00c1fonya m\u00e1lna<\/li>\n<li>Cool Mint<\/li>\n<li>Kiwi g\u00f6r\u00f6gdinnye j\u00e9g<\/li>\n<li>Sz\u0151l\u0151 j\u00e9g<\/li>\n<li>Eper Kiwi<\/li>\n<li>Eper g\u00f6r\u00f6gdinnye j\u00e9g<\/li>\n<li>G\u00f6r\u00f6gdinnye j\u00e9g<\/li>\n<li>Eper j\u00e9g<\/li>\n<li>Vegyes bogy\u00f3s gy\u00fcm\u00f6lcs\u00f6k<\/li>\n<li>G\u00f6r\u00f6gdinnye Bubblegum<\/li>\n<li>Savany\u00fa alma j\u00e9g<\/li>\n<li>Barack j\u00e9g<\/li>\n<li>Berry Burst<\/li>\n<li>\u00c1fonya M\u00e1lna Cseresznye<\/li>\n<li>Cherry Berry<\/li>\n<li>Eper ban\u00e1n<\/li>\n<li>\u00c1fonya Kiwi<\/li>\n<li>Golgotavir\u00e1g Kiwi<\/li>\n<li>Feh\u00e9r barack Razz<\/li>\n<li>K\u00e9k Razz cseresznye<\/li>\n<li>Cherry g\u00f6r\u00f6gdinnye fagyaszt\u00e1s<\/li>\n<li>Cherry Cola<\/li>\n<li>Ban\u00e1n j\u00e9g<\/li>\n<li>Skittles<\/li>\n<li>Tripla dinnye<\/li>\n<li>Mr.Blue<\/li>\n<li>Cherry Ice<\/li>\n<li>G\u00f6r\u00f6gdinnye licsi<\/li>\n<\/ol>\n<h2><strong>Csomagol\u00e1si lista:<\/strong><\/h2>\n<p>1db minden egyes doboz<br \/>\n10db minden egyes kijelz\u0151 doboz<br \/>\n200db dobozonk\u00e9nt<\/p>\n<figure id=\"attachment_24196\" aria-describedby=\"caption-attachment-24196\" style=\"width: 1000px\" class=\"wp-caption alignnone\"><img loading=\"lazy\" decoding=\"async\" class=\"wp-image-24196 size-full\" title=\"Wholesale JNR Falcon X 18000 Puffs Disposable Vape 13\" src=\"https:\/\/www.vapeswholesaler.com\/wp-content\/uploads\/2024\/12\/Wholesale-JNR-Falcon-X-18000-Puffs-Disposable-Vape-13.jpg\" alt=\"Wholesale JNR Falcon X 18000 Puffs Disposable Vape 13\" width=\"1000\" height=\"1000\" srcset=\"https:\/\/www.vapeswholesaler.com\/wp-content\/uploads\/2024\/12\/Wholesale-JNR-Falcon-X-18000-Puffs-Disposable-Vape-13.jpg 1000w, https:\/\/www.vapeswholesaler.com\/wp-content\/uploads\/2024\/12\/Wholesale-JNR-Falcon-X-18000-Puffs-Disposable-Vape-13-300x300.jpg 300w, https:\/\/www.vapeswholesaler.com\/wp-content\/uploads\/2024\/12\/Wholesale-JNR-Falcon-X-18000-Puffs-Disposable-Vape-13-150x150.jpg 150w, https:\/\/www.vapeswholesaler.com\/wp-content\/uploads\/2024\/12\/Wholesale-JNR-Falcon-X-18000-Puffs-Disposable-Vape-13-768x768.jpg 768w, https:\/\/www.vapeswholesaler.com\/wp-content\/uploads\/2024\/12\/Wholesale-JNR-Falcon-X-18000-Puffs-Disposable-Vape-13-12x12.jpg 12w, https:\/\/www.vapeswholesaler.com\/wp-content\/uploads\/2024\/12\/Wholesale-JNR-Falcon-X-18000-Puffs-Disposable-Vape-13-247x247.jpg 247w, https:\/\/www.vapeswholesaler.com\/wp-content\/uploads\/2024\/12\/Wholesale-JNR-Falcon-X-18000-Puffs-Disposable-Vape-13-510x510.jpg 510w, https:\/\/www.vapeswholesaler.com\/wp-content\/uploads\/2024\/12\/Wholesale-JNR-Falcon-X-18000-Puffs-Disposable-Vape-13-100x100.jpg 100w\" sizes=\"auto, (max-width: 1000px) 100vw, 1000px\" \/><figcaption id=\"caption-attachment-24196\" class=\"wp-caption-text\">Wholesale JNR Falcon X 18000 Puffs Disposable Vape<\/figcaption><\/figure>","protected":false},"excerpt":{"rendered":"<p>Minim\u00e1lis rendel\u00e9si mennyis\u00e9g:\u00a0<strong>50 DB<\/strong>\u00a0(\u00cdzek kever\u00e9se)\u00a0\u00a0<strong>Ingyenes sz\u00e1ll\u00edt\u00e1s<\/strong><\/p>\n<p>(<strong>2%, 5% Nic<\/strong>)<\/p>","protected":false},"featured_media":21078,"comment_status":"open","ping_status":"closed","template":"","meta":[],"product_cat":[15],"product_tag":[430,431,432],"class_list":{"0":"post-21079","1":"product","2":"type-product","3":"status-publish","4":"has-post-thumbnail","6":"product_cat-disposable-vape","7":"product_tag-jnr-disposable-vapes","8":"product_tag-jnr-vapes","9":"product_tag-jnr-18000-puffs","10":"product_brand-jnr-disposable-vape","12":"first","13":"instock","14":"shipping-taxable","15":"purchasable","16":"product-type-variable","17":"has-default-attributes"},"aioseo_notices":[],"_links":{"self":[{"href":"https:\/\/www.vapeswholesaler.com\/hu\/wp-json\/wp\/v2\/product\/21079","targetHints":{"allow":["GET"]}}],"collection":[{"href":"https:\/\/www.vapeswholesaler.com\/hu\/wp-json\/wp\/v2\/product"}],"about":[{"href":"https:\/\/www.vapeswholesaler.com\/hu\/wp-json\/wp\/v2\/types\/product"}],"replies":[{"embeddable":true,"href":"https:\/\/www.vapeswholesaler.com\/hu\/wp-json\/wp\/v2\/comments?post=21079"}],"wp:featuredmedia":[{"embeddable":true,"href":"https:\/\/www.vapeswholesaler.com\/hu\/wp-json\/wp\/v2\/media\/21078"}],"wp:attachment":[{"href":"https:\/\/www.vapeswholesaler.com\/hu\/wp-json\/wp\/v2\/media?parent=21079"}],"wp:term":[{"taxonomy":"product_cat","embeddable":true,"href":"https:\/\/www.vapeswholesaler.com\/hu\/wp-json\/wp\/v2\/product_cat?post=21079"},{"taxonomy":"product_tag","embeddable":true,"href":"https:\/\/www.vapeswholesaler.com\/hu\/wp-json\/wp\/v2\/product_tag?post=21079"}],"curies":[{"name":"wp","href":"https:\/\/api.w.org\/{rel}","templated":true}]}}