{"id":21026,"date":"2024-12-26T17:28:24","date_gmt":"2024-12-26T09:28:24","guid":{"rendered":"https:\/\/www.vapeswholesaler.com\/?post_type=product&#038;p=21026"},"modified":"2025-08-12T12:01:00","modified_gmt":"2025-08-12T04:01:00","slug":"nagykereskedelmi-jnr-falcon-16000-puffs-eldobhato-vape","status":"publish","type":"product","link":"https:\/\/www.vapeswholesaler.com\/hu\/termek\/nagykereskedelmi-jnr-falcon-16000-puffs-eldobhato-vape","title":{"rendered":"Nagykereskedelmi JNR Falcon 16000 Puffs Eldobhat\u00f3 Vape"},"content":{"rendered":"<p>A JNR Falcon 16000 Puffs Eldobhat\u00f3 Vape p\u00e1ratlan g\u0151z\u00f6l\u00e9si \u00e9lm\u00e9nyt ny\u00fajt k\u00f6r\u00fclbel\u00fcl 16000 puff kapacit\u00e1ssal. V\u00e1lasszon a 0-2% nikotin opci\u00f3k k\u00f6z\u00fcl, \u00e9s \u00e9lvezze a megszak\u00edt\u00e1s n\u00e9lk\u00fcli haszn\u00e1latot, amelyet egy 850mAh akkumul\u00e1tor t\u00e1pl\u00e1l. A karcs\u00fa krist\u00e1lyos k\u00e9zm\u0171ves kialak\u00edt\u00e1s \u00e9s a kett\u0151s h\u00e1l\u00f3s technol\u00f3gia kiv\u00e9teles \u00edzt \u00e9s g\u0151ztermel\u00e9st biztos\u00edt. A nagyvonal\u00fa 22 ml-es e-folyad\u00e9k kapacit\u00e1ssal, C t\u00edpus\u00fa \u00e9s vill\u00e1mt\u00f6lt\u00e9si lehet\u0151s\u00e9ggel is b\u00fcszk\u00e9lkedhet a k\u00e9nyelmes sokoldal\u00fas\u00e1g \u00e9rdek\u00e9ben.<\/p>\n<p>A JNR Falcon 16000 Puffs Eldobhat\u00f3 Vape egyes\u00edti az eleg\u00e1ns diz\u00e1jnt, a teljes\u00edtm\u00e9nyt \u00e9s a k\u00e9nyelmet egyetlen pr\u00e9mium k\u00e9sz\u00fcl\u00e9kben, \u00edgy ide\u00e1lis v\u00e1laszt\u00e1s a form\u00e1t \u00e9s a funkci\u00f3t egyar\u00e1nt \u00e9rt\u00e9kel\u0151 vaperek sz\u00e1m\u00e1ra.<\/p>\n<h2><strong><a href=\"https:\/\/www.vapeswholesaler.com\/hu\/product_brand\/jnr-eldobhato-vape\/\">JNR<\/a> Falcon 16000 Puffs Eldobhat\u00f3 Vape Jellemz\u0151k:<\/strong><\/h2>\n<ul>\n<li>Big puff<\/li>\n<li>Ak\u00e1r 16000 f\u00faj\u00e1s \u00e9s nagy felh\u0151robban\u00e1sok<\/li>\n<li>Kett\u0151s h\u00e1l\u00f3<\/li>\n<li>Nagyobb felh\u0151 \u00e9s er\u0151s torok\u00fct\u00e9s,<\/li>\n<li>Hosszan tart\u00f3 aroma az utols\u00f3 slukkig<\/li>\n<li>Kett\u0151s t\u00f6lt\u0151portok<\/li>\n<li>C t\u00edpus\u00fa \u00e9s Lightning tartoz\u00e9k<\/li>\n<\/ul>\n<h2><strong>JNR Falcon 16000 Puffs Eldobhat\u00f3 Vape \u00edzek:<\/strong><\/h2>\n<ol>\n<li>Szeder V\u00f6r\u00f6s m\u00e1lna<\/li>\n<li>K\u00e9k Razz j\u00e9g<\/li>\n<li>\u00c1fonya gr\u00e1n\u00e1talma j\u00e9g<\/li>\n<li>\u00c1fonya V\u00f6r\u00f6s m\u00e1lna<\/li>\n<li>Mango passi\u00f3gy\u00fcm\u00f6lcs<\/li>\n<li>Golgotavir\u00e1g Kiwi<\/li>\n<li>Sakura sz\u0151l\u0151<\/li>\n<li>Eper Kiwi<\/li>\n<li>Eper g\u00f6r\u00f6gdinnye j\u00e9g<\/li>\n<li>G\u00f6r\u00f6gdinnye Mang\u00f3 Barack<\/li>\n<li>G\u00f6r\u00f6gdinnye j\u00e9g<\/li>\n<li>Berry Burst<\/li>\n<li>Feh\u00e9r barack Razz<\/li>\n<li>Hubba Bubba eper<\/li>\n<li>\u00c1fonya M\u00e1lna Cseresznye<\/li>\n<li>Cherry Berry<\/li>\n<li>Eper j\u00e9g<\/li>\n<li>Vegyes bogy\u00f3s gy\u00fcm\u00f6lcs\u00f6k<\/li>\n<li>G\u00f6r\u00f6gdinnye Bubblegum<\/li>\n<li>Eper ban\u00e1n<\/li>\n<li>Cola Ice<\/li>\n<li>\u00c1fonya Kiwi<\/li>\n<li>K\u00e9k Razz cseresznye<\/li>\n<li>Cherry g\u00f6r\u00f6gdinnye fagyaszt\u00e1s<\/li>\n<li>Fizzy Cherry Cola<\/li>\n<li>L\u00e9d\u00fas barackok<\/li>\n<li>Barack bogy\u00f3<\/li>\n<li>Kiwi Passi\u00f3gy\u00fcm\u00f6lcs Guava<\/li>\n<\/ol>\n<h2><strong>Csomagol\u00e1si lista:<\/strong><\/h2>\n<p>1db minden egyes doboz<br \/>\n10db Display doboz<br \/>\n200db kartononk\u00e9nt<\/p>\n<p><img loading=\"lazy\" decoding=\"async\" class=\"alignnone wp-image-21036 size-full\" title=\"Nagykereskedelmi JNR Falcon 16000 Puffs \u00edz\u0171 eldobhat\u00f3 Vape 10\" src=\"https:\/\/www.vapeswholesaler.com\/wp-content\/uploads\/2024\/12\/Wholesale-JNR-Falcon-16000-Puffs-flavor-Disposable-Vape-10-scaled.webp\" alt=\"Nagykereskedelmi JNR Falcon 16000 Puffs \u00edz\u0171 eldobhat\u00f3 Vape 10\" width=\"759\" height=\"2560\" srcset=\"https:\/\/www.vapeswholesaler.com\/wp-content\/uploads\/2024\/12\/Wholesale-JNR-Falcon-16000-Puffs-flavor-Disposable-Vape-10-scaled.webp 759w, https:\/\/www.vapeswholesaler.com\/wp-content\/uploads\/2024\/12\/Wholesale-JNR-Falcon-16000-Puffs-flavor-Disposable-Vape-10-89x300.webp 89w, https:\/\/www.vapeswholesaler.com\/wp-content\/uploads\/2024\/12\/Wholesale-JNR-Falcon-16000-Puffs-flavor-Disposable-Vape-10-455x1536.webp 455w, https:\/\/www.vapeswholesaler.com\/wp-content\/uploads\/2024\/12\/Wholesale-JNR-Falcon-16000-Puffs-flavor-Disposable-Vape-10-607x2048.webp 607w, https:\/\/www.vapeswholesaler.com\/wp-content\/uploads\/2024\/12\/Wholesale-JNR-Falcon-16000-Puffs-flavor-Disposable-Vape-10-4x12.webp 4w, https:\/\/www.vapeswholesaler.com\/wp-content\/uploads\/2024\/12\/Wholesale-JNR-Falcon-16000-Puffs-flavor-Disposable-Vape-10-510x1721.webp 510w\" sizes=\"auto, (max-width: 759px) 100vw, 759px\" \/><\/p>","protected":false},"excerpt":{"rendered":"<p>Minim\u00e1lis rendel\u00e9si mennyis\u00e9g:\u00a0<strong>50PCS<\/strong>\u00a0(\u00cdzek kever\u00e9se)\u00a0\u00a0<strong>Ingyenes sz\u00e1ll\u00edt\u00e1s<\/strong><\/p>\n<p>(<strong>2%, 5% Nic<\/strong>)<\/p>","protected":false},"featured_media":21065,"comment_status":"open","ping_status":"closed","template":"","meta":[],"product_cat":[15],"product_tag":[],"class_list":{"0":"post-21026","1":"product","2":"type-product","3":"status-publish","4":"has-post-thumbnail","6":"product_cat-disposable-vape","7":"product_brand-jnr-disposable-vape","9":"first","10":"instock","11":"shipping-taxable","12":"purchasable","13":"product-type-variable","14":"has-default-attributes"},"aioseo_notices":[],"_links":{"self":[{"href":"https:\/\/www.vapeswholesaler.com\/hu\/wp-json\/wp\/v2\/product\/21026","targetHints":{"allow":["GET"]}}],"collection":[{"href":"https:\/\/www.vapeswholesaler.com\/hu\/wp-json\/wp\/v2\/product"}],"about":[{"href":"https:\/\/www.vapeswholesaler.com\/hu\/wp-json\/wp\/v2\/types\/product"}],"replies":[{"embeddable":true,"href":"https:\/\/www.vapeswholesaler.com\/hu\/wp-json\/wp\/v2\/comments?post=21026"}],"wp:featuredmedia":[{"embeddable":true,"href":"https:\/\/www.vapeswholesaler.com\/hu\/wp-json\/wp\/v2\/media\/21065"}],"wp:attachment":[{"href":"https:\/\/www.vapeswholesaler.com\/hu\/wp-json\/wp\/v2\/media?parent=21026"}],"wp:term":[{"taxonomy":"product_cat","embeddable":true,"href":"https:\/\/www.vapeswholesaler.com\/hu\/wp-json\/wp\/v2\/product_cat?post=21026"},{"taxonomy":"product_tag","embeddable":true,"href":"https:\/\/www.vapeswholesaler.com\/hu\/wp-json\/wp\/v2\/product_tag?post=21026"}],"curies":[{"name":"wp","href":"https:\/\/api.w.org\/{rel}","templated":true}]}}