{"id":20965,"date":"2024-12-13T15:40:44","date_gmt":"2024-12-13T07:40:44","guid":{"rendered":"https:\/\/www.vapeswholesaler.com\/?post_type=product&#038;p=20965"},"modified":"2025-11-03T17:42:08","modified_gmt":"2025-11-03T09:42:08","slug":"nagykereskedelmi-vapsolo-tripla-3in1-30000-puffs-eldobhato-vape","status":"publish","type":"product","link":"https:\/\/www.vapeswholesaler.com\/hu\/termek\/nagykereskedelmi-vapsolo-tripla-3in1-30000-puffs-eldobhato-vape","title":{"rendered":"Nagykereskedelmi Vapsolo TRIPLE 3in1 30000 Puffs Eldobhat\u00f3 Vape"},"content":{"rendered":"<p><a href=\"https:\/\/www.vapeswholesaler.com\/hu\/product_brand\/vapsolo\/\">Vapsolo<\/a> TRIPLE 3in1 30000 Puffs a Vapsolo \u00faj term\u00e9ke, amely most el\u0151sz\u00f6r kaphat\u00f3 a vil\u00e1gon, \u00e9s 3 k\u00fcl\u00f6nb\u00f6z\u0151 \u00edzt pr\u00f3b\u00e1lhatsz ki egy term\u00e9kben, amely jelenleg nagyon n\u00e9pszer\u0171 a vil\u00e1gon.<\/p>\n<p>Angol \u00e9s spanyol nyelv\u0171 v\u00e1ltozatot biztos\u00edtunk, a spanyol nyelv\u0171 v\u00e1ltozat csak 2% nic, az angol nyelv\u0171 v\u00e1ltozat 2% nic \u00e9s 5% nic, a spanyol nyelv\u0171 v\u00e1ltozatot alap\u00e9rtelmez\u00e9s szerint a spanyol \u00fcgyfelek sz\u00e1m\u00e1ra k\u00fcldj\u00fck, az angol nyelv\u0171 v\u00e1ltozatot alap\u00e9rtelmez\u00e9s szerint m\u00e1s eur\u00f3pai orsz\u00e1gok sz\u00e1m\u00e1ra k\u00fcldj\u00fck.<\/p>\n<p>A k\u00e9sz\u00fcl\u00e9k leny\u0171g\u00f6z\u0151, 3*12 ml-es e-folyad\u00e9k kapacit\u00e1ssal \u00e9s egy robusztus, C t\u00edpus\u00fa porton kereszt\u00fcl \u00fajrat\u00f6lthet\u0151 650MAH akkumul\u00e1torral b\u00fcszk\u00e9lkedhet. Ez a kombin\u00e1ci\u00f3 ak\u00e1r 30000 sz\u00edv\u00e1st is lehet\u0151v\u00e9 tesz, jelent\u0151sen cs\u00f6kkentve a gyakori \u00fajrat\u00f6lt\u00e9s vagy \u00fajrat\u00f6lt\u00e9s sz\u00fcks\u00e9gess\u00e9g\u00e9t. Az 1,0\u03a9-os h\u00e1l\u00f3s tekercs technol\u00f3gia egyenletes g\u0151ztermel\u00e9st \u00e9s kiv\u00e1l\u00f3 \u00edzt biztos\u00edt, \u00edgy minden slukk kiel\u00e9g\u00edt\u0151 lesz. a be\u00e9p\u00edtett LED kijelz\u0151 kiemelked\u0151 funkci\u00f3, amely lehet\u0151v\u00e9 teszi a felhaszn\u00e1l\u00f3k sz\u00e1m\u00e1ra a haszn\u00e1lat \u00e9s az akkumul\u00e1tor \u00e9lettartam\u00e1nak k\u00f6nnyed nyomon k\u00f6vet\u00e9s\u00e9t. Emellett az \u00e1ll\u00edthat\u00f3 l\u00e9g\u00e1raml\u00e1si funkci\u00f3 szem\u00e9lyre szabott g\u0151z\u00f6l\u00e9si \u00e9lm\u00e9nyt k\u00edn\u00e1l, kiszolg\u00e1lva a k\u00fcl\u00f6nb\u00f6z\u0151 preferenci\u00e1kat, ak\u00e1r a sz\u0171k h\u00faz\u00e1st, ak\u00e1r a nyitottabb bel\u00e9gz\u00e9st kedveli.<\/p>\n<p>For more product information, please check out the <strong><em><a href=\"https:\/\/www.facebook.com\/100008071089000\/videos\/1237034987866065\/\">Vapsolo TRIPLE 3in1 30000 Puffs Video.<\/a><\/em><\/strong><\/p>\n<h2><strong>Vapsolo TRIPLE 3in1 30000 Puffs Features:<\/strong><\/h2>\n<ul>\n<li>H\u00e1rom tart\u00e1lyos LCD kijelz\u0151<\/li>\n<li>E-folyad\u00e9k kapacit\u00e1s : 12ml*3<\/li>\n<li>Akkumul\u00e1tor kapacit\u00e1s: 650ml<\/li>\n<li>Tekercs ellen\u00e1ll\u00e1s: 1.0ohm<\/li>\n<li>C t\u00edpus\u00fa port, \u00fajrat\u00f6lthet\u0151<\/li>\n<\/ul>\n<h2><strong>\u00cdzek list\u00e1ja:<\/strong><\/h2>\n<ol>\n<li>G\u00f6r\u00f6gdinnye j\u00e9g&amp;Red Bull&amp;Eper Kiwi<\/li>\n<li>Citrom Lime &amp; Eper G\u00f6r\u00f6gdinnye &amp; \u00c1fonya Ice<\/li>\n<li>Eper Ban\u00e1n &amp; m\u00e1lna G\u00f6r\u00f6gdinnye &amp; citrom Lime<\/li>\n<li>Eper Kiwi&amp;Savany\u00fa mang\u00f3 anan\u00e1sz&amp;Red Bull<\/li>\n<li>Tr\u00f3pusi gy\u00fcm\u00f6lcs &amp;Eper G\u00f6r\u00f6gdinnye &amp; Citrom Barack<\/li>\n<li>Anan\u00e1sz k\u00f3kusz &amp; eper ban\u00e1n*K\u00e9k Razz<\/li>\n<li>Eper m\u00e1lna &amp;H\u00e1romszoros dinnye &amp;Savany\u00fa mang\u00f3 anan\u00e1sz<\/li>\n<li>M\u00e1lna G\u00f6r\u00f6gdinnye&amp;Mango Barack&amp;Eper Kiwi<\/li>\n<li>Eper van\u00edliak\u00f3la &amp; \u00e1fonya m\u00e1lna &amp; citrom lime<\/li>\n<li>G\u00f6r\u00f6gdinnye j\u00e9g&amp;Eper fagylalt&amp;Triple dinnye<\/li>\n<li>Kiwi Passions Fruit&amp;Love 66 &amp;Van\u00edlia<\/li>\n<li>Barack j\u00e9g &amp;Dragon Fruit Ice &amp;Mix Fruit<\/li>\n<li>Barack bogy\u00f3s &amp;fekete j\u00e9g &amp; csillagbogy\u00f3 van\u00edlia k\u00f3la<\/li>\n<li>Bluberry Soue M\u00e1lna &amp;Eper Mango &amp;Lemon Cola<\/li>\n<li>Fekete ribizli j\u00e9g &amp;R\u00f3zsasz\u00edn limon\u00e1d\u00e9 &amp;Kiwi golgotavir\u00e1g Guava<\/li>\n<\/ol>\n<h2><strong>Csomagol\u00e1si lista:<\/strong><\/h2>\n<p>1db kis doboz \/120g<br \/>\n10db minden k\u00f6z\u00e9ps\u0151 doboz<br \/>\n200db kartononk\u00e9nt \/ 25.5KG<br \/>\nKarton m\u00e9rete: 44*43*26.5CM<\/p>\n<figure id=\"attachment_20946\" aria-describedby=\"caption-attachment-20946\" style=\"width: 800px\" class=\"wp-caption alignnone\"><img loading=\"lazy\" decoding=\"async\" class=\"wp-image-20946 size-full\" title=\"Nagykereskedelmi Vapsolo TRIPLE 3in1 30000 Puffs Eldobhat\u00f3 Vape 1\" src=\"https:\/\/www.vapeswholesaler.com\/wp-content\/uploads\/2024\/12\/Wholesale-Vapsolo-TRIPLE-3in1-30000-Puffs-Disposable-Vape-1.webp\" alt=\"Nagykereskedelmi Vapsolo TRIPLE 3in1 30000 Puffs Eldobhat\u00f3 Vape 1\" width=\"800\" height=\"800\" srcset=\"https:\/\/www.vapeswholesaler.com\/wp-content\/uploads\/2024\/12\/Wholesale-Vapsolo-TRIPLE-3in1-30000-Puffs-Disposable-Vape-1.webp 800w, https:\/\/www.vapeswholesaler.com\/wp-content\/uploads\/2024\/12\/Wholesale-Vapsolo-TRIPLE-3in1-30000-Puffs-Disposable-Vape-1-300x300.webp 300w, https:\/\/www.vapeswholesaler.com\/wp-content\/uploads\/2024\/12\/Wholesale-Vapsolo-TRIPLE-3in1-30000-Puffs-Disposable-Vape-1-150x150.webp 150w, https:\/\/www.vapeswholesaler.com\/wp-content\/uploads\/2024\/12\/Wholesale-Vapsolo-TRIPLE-3in1-30000-Puffs-Disposable-Vape-1-768x768.webp 768w, https:\/\/www.vapeswholesaler.com\/wp-content\/uploads\/2024\/12\/Wholesale-Vapsolo-TRIPLE-3in1-30000-Puffs-Disposable-Vape-1-12x12.webp 12w, https:\/\/www.vapeswholesaler.com\/wp-content\/uploads\/2024\/12\/Wholesale-Vapsolo-TRIPLE-3in1-30000-Puffs-Disposable-Vape-1-247x247.webp 247w, https:\/\/www.vapeswholesaler.com\/wp-content\/uploads\/2024\/12\/Wholesale-Vapsolo-TRIPLE-3in1-30000-Puffs-Disposable-Vape-1-510x510.webp 510w, https:\/\/www.vapeswholesaler.com\/wp-content\/uploads\/2024\/12\/Wholesale-Vapsolo-TRIPLE-3in1-30000-Puffs-Disposable-Vape-1-100x100.webp 100w\" sizes=\"auto, (max-width: 800px) 100vw, 800px\" \/><figcaption id=\"caption-attachment-20946\" class=\"wp-caption-text\">Nagykereskedelmi Vapsolo TRIPLE 3in1 30000 Puffs Eldobhat\u00f3 Vape<\/figcaption><\/figure>\n<p>&nbsp;<\/p>","protected":false},"excerpt":{"rendered":"<p>Minim\u00e1lis rendel\u00e9si mennyis\u00e9g: <strong>50db<\/strong>\u00a0(\u00cdzek kever\u00e9se)\u00a0 <strong>Ingyenes sz\u00e1ll\u00edt\u00e1s<\/strong><\/p>\n<p>(<strong>2%, 5% Nic<\/strong>) EU rakt\u00e1r Sz\u00e1ll\u00edt\u00e1si id\u0151 5-6 munkanap<\/p>","protected":false},"featured_media":20954,"comment_status":"open","ping_status":"closed","template":"","meta":[],"product_cat":[15],"product_tag":[87,373,374],"class_list":{"0":"post-20965","1":"product","2":"type-product","3":"status-publish","4":"has-post-thumbnail","6":"product_cat-disposable-vape","7":"product_tag-vapsolo","8":"product_tag-europe-warehouse","9":"product_tag-30000-puffs","10":"product_brand-vapsolo","12":"first","13":"outofstock","14":"shipping-taxable","15":"purchasable","16":"product-type-variable","17":"has-default-attributes"},"aioseo_notices":[],"_links":{"self":[{"href":"https:\/\/www.vapeswholesaler.com\/hu\/wp-json\/wp\/v2\/product\/20965","targetHints":{"allow":["GET"]}}],"collection":[{"href":"https:\/\/www.vapeswholesaler.com\/hu\/wp-json\/wp\/v2\/product"}],"about":[{"href":"https:\/\/www.vapeswholesaler.com\/hu\/wp-json\/wp\/v2\/types\/product"}],"replies":[{"embeddable":true,"href":"https:\/\/www.vapeswholesaler.com\/hu\/wp-json\/wp\/v2\/comments?post=20965"}],"wp:featuredmedia":[{"embeddable":true,"href":"https:\/\/www.vapeswholesaler.com\/hu\/wp-json\/wp\/v2\/media\/20954"}],"wp:attachment":[{"href":"https:\/\/www.vapeswholesaler.com\/hu\/wp-json\/wp\/v2\/media?parent=20965"}],"wp:term":[{"taxonomy":"product_cat","embeddable":true,"href":"https:\/\/www.vapeswholesaler.com\/hu\/wp-json\/wp\/v2\/product_cat?post=20965"},{"taxonomy":"product_tag","embeddable":true,"href":"https:\/\/www.vapeswholesaler.com\/hu\/wp-json\/wp\/v2\/product_tag?post=20965"}],"curies":[{"name":"wp","href":"https:\/\/api.w.org\/{rel}","templated":true}]}}