{"id":20878,"date":"2024-12-06T13:36:47","date_gmt":"2024-12-06T05:36:47","guid":{"rendered":"https:\/\/www.vapeswholesaler.com\/?post_type=product&#038;p=20878"},"modified":"2025-09-11T11:46:03","modified_gmt":"2025-09-11T03:46:03","slug":"nagykereskedelmi-fumot-tornado-15k-puffok-eu-raktar-ingyenes-szallitas","status":"publish","type":"product","link":"https:\/\/www.vapeswholesaler.com\/hu\/termek\/nagykereskedelmi-fumot-tornado-15k-puffok-eu-raktar-ingyenes-szallitas","title":{"rendered":"Nagykereskedelmi Fumot Tornado 15K Puffs EU rakt\u00e1r ingyenes sz\u00e1ll\u00edt\u00e1s"},"content":{"rendered":"<p><a href=\"https:\/\/www.vapeswholesaler.com\/hu\/product_brand\/randm\/\">Fumot<\/a> A Tornado 15K a Shenzhen Fumot Technology \u00e1ltal bevezetett leg\u00fajabb, nagy puffaszt\u00e1s\u00fa eldobhat\u00f3 vape. A Fumot Technology a piaci ig\u00e9nyekre figyelve, a fogyaszt\u00f3k v\u00e1s\u00e1rl\u00e1si trendjeire hangol\u00f3dva a Fumot Tornado 15K megtartja a Tornado sorozat ikonikus hengeres form\u00e1j\u00e1t, \u00f6tv\u00f6zve azt a Fumot m\u00e1sik bestseller\u00e9n\u00e9l, a Digital Box 12000-n\u00e9l l\u00e1tott illusztrat\u00edv diz\u00e1jnst\u00edlussal. A hengeres testre helyezett LED k\u00e9perny\u0151vel \u00e9s RGB f\u00e9nyeffektusokkal c\u00e9lunk, hogy a Monkey Bro ism\u00e9t ragyog\u00f3an ragyogjon.<\/p>\n<p>A k\u00e9sz\u00fcl\u00e9k LED-k\u00e9perny\u0151vel rendelkezik, amelyen olaj- \u00e9s \u00e1ramell\u00e1t\u00e1sjelz\u0151k l\u00e1that\u00f3k, \u00edgy a felhaszn\u00e1l\u00f3k k\u00f6nnyed\u00e9n v\u00e1lthatnak a k\u00e9sz\u00fcl\u00e9kek k\u00f6z\u00f6tt az olajszint alapj\u00e1n. Az energiakijelz\u0151 hasonl\u00f3 c\u00e9lt szolg\u00e1l, val\u00f3s idej\u0171 akkumul\u00e1tor-ellen\u0151rz\u00e9st biztos\u00edt az optim\u00e1lis haszn\u00e1latir\u00e1ny\u00edt\u00e1s \u00e9rdek\u00e9ben.<\/p>\n<p>A term\u00e9k\u00fcnkbe egy 0,9 ohmos, alacsony ellen\u00e1ll\u00e1s\u00fa Mesh-tekercset integr\u00e1ltunk, amely maximaliz\u00e1lja a f\u0171t\u0151fel\u00fcletet a sim\u00e1bb h\u00faz\u00e1s \u00e9s a gazdagabb g\u0151ztermel\u00e9s \u00e9rdek\u00e9ben. A h\u00e1l\u00f3s tekercs kialak\u00edt\u00e1sa biztos\u00edtja az e-folyad\u00e9k egyenletes \u00e9s egyenletes felmeleged\u00e9s\u00e9t, garant\u00e1lva az \u00edz egyenletes eloszl\u00e1s\u00e1t. 850mAh-s be\u00e9p\u00edtett \u00fajrat\u00f6lthet\u0151 akkumul\u00e1torral a Tornado 15000 nagy akkumul\u00e1tor kapacit\u00e1st k\u00edn\u00e1l, \u00edgy a felhaszn\u00e1l\u00f3k napokig \u00e9lvezhetik egyetlen felt\u00f6lt\u00e9ssel. A C t\u00edpus\u00fa gyorst\u00f6lt\u0151 port biztos\u00edtja a biztons\u00e1gos \u00e9s gyors felt\u00f6lt\u00e9st.<\/p>\n<h2><strong><a href=\"https:\/\/www.facebook.com\/fred.luo.58\"> Fumot<\/a> Tornado 15K Jellemz\u0151k:<\/strong><\/h2>\n<ul>\n<li>Nikotintartalom opci\u00f3k: 2%<\/li>\n<li>Ak\u00e1r 15000 f\u00faj\u00e1s<\/li>\n<li>25ml e-folyad\u00e9kkal el\u0151re felt\u00f6ltve<\/li>\n<li>850mAh \u00fajrat\u00f6lthet\u0151 akkumul\u00e1tor<\/li>\n<li>0.9\u03a9 h\u00e1l\u00f3s tekercs<\/li>\n<li>45 el\u00e9rhet\u0151 \u00edz<\/li>\n<\/ul>\n<h2><strong>Fumot Tornado 15K \u00edzek list\u00e1ja:<\/strong><\/h2>\n<p>1.Blue Razz limon\u00e1d\u00e9<br \/>\n2.Barack j\u00e9g<br \/>\n3.Sour Apple<br \/>\n4.Watermelon Ice<br \/>\n5.Blueberry On Ice<br \/>\n6.\u00c1fonya M\u00e1lna<br \/>\n7.Anan\u00e1sz j\u00e9g<br \/>\n8.Cherry<br \/>\n9.Eper j\u00e9g<br \/>\n10.Vimto<br \/>\n11.Grape Ice<br \/>\n12.Cola Ice<br \/>\n13.Eper g\u00f6r\u00f6gdinnye<br \/>\n14.Pink Lemonade<br \/>\n15.Vegyes bogy\u00f3s gy\u00fcm\u00f6lcs<br \/>\n16.Barack Mang\u00f3<br \/>\n17.S\u00e1rk\u00e1nygy\u00fcm\u00f6lcs<br \/>\n18.Eper sz\u0151l\u0151<br \/>\n19.Mr K\u00e9k<br \/>\n20.Lush Ice<br \/>\n21.Ice Pop<br \/>\n22.Eper Kiwi<br \/>\n23.Kiwi Passi\u00f3gy\u00fcm\u00f6lcs Guava<br \/>\n24.Tripla bogy\u00f3<br \/>\n25.Ban\u00e1n j\u00e9g<br \/>\n26.Barack \u00e1fony\u00e1s cukorka<br \/>\n27.Alma Barack K\u00f6rte<br \/>\n28.Berry limon\u00e1d\u00e9<br \/>\n29.K\u00e9k Razz Cherry<br \/>\n30.Blueberry Bubblegum<br \/>\n31.\u00c1fonya Cseresznye \u00c1fonya<br \/>\n32.\u00c1fonya Gr\u00e1n\u00e1talma<br \/>\n33.Bluesour M\u00e1lna<br \/>\n34.Cherry Cola<br \/>\n35.Gumimaci<br \/>\n36.Citrom \u00e9s lime<br \/>\n37.Mango on Ice<br \/>\n38.Red Energy Ice<br \/>\n39.Eper ban\u00e1n<br \/>\n40.Eper Red Bull<br \/>\n41.Eper g\u00f6r\u00f6gdinnye limon\u00e1d\u00e9<br \/>\n42.Ice Tea citromos j\u00e9g<br \/>\n43.Ice Tea Barack j\u00e9g<br \/>\n44.Fizzy Cherry<br \/>\n45.Skittles<\/p>\n<h2><strong>Csomagol\u00e1si lista:<\/strong><\/h2>\n<p>1db kis doboz<br \/>\n10db minden k\u00f6z\u00e9ps\u0151 doboz<br \/>\n200db dobozonk\u00e9nt<\/p>\n<figure id=\"attachment_20833\" aria-describedby=\"caption-attachment-20833\" style=\"width: 800px\" class=\"wp-caption alignnone\"><img loading=\"lazy\" decoding=\"async\" class=\"wp-image-20833 size-full\" title=\"Nagykereskedelmi Fumot Tornado 15K Puffs EU rakt\u00e1r ingyenes sz\u00e1ll\u00edt\u00e1s 2\" src=\"https:\/\/www.vapeswholesaler.com\/wp-content\/uploads\/2024\/12\/Wholesale-Fumot-Tornado-15K-Puffs-EU-Warehouse-Free-Shipping-2.webp\" alt=\"Nagykereskedelmi Fumot Tornado 15K Puffs EU rakt\u00e1r ingyenes sz\u00e1ll\u00edt\u00e1s 2\" width=\"800\" height=\"513\" srcset=\"https:\/\/www.vapeswholesaler.com\/wp-content\/uploads\/2024\/12\/Wholesale-Fumot-Tornado-15K-Puffs-EU-Warehouse-Free-Shipping-2.webp 800w, https:\/\/www.vapeswholesaler.com\/wp-content\/uploads\/2024\/12\/Wholesale-Fumot-Tornado-15K-Puffs-EU-Warehouse-Free-Shipping-2-300x192.webp 300w, https:\/\/www.vapeswholesaler.com\/wp-content\/uploads\/2024\/12\/Wholesale-Fumot-Tornado-15K-Puffs-EU-Warehouse-Free-Shipping-2-768x492.webp 768w, https:\/\/www.vapeswholesaler.com\/wp-content\/uploads\/2024\/12\/Wholesale-Fumot-Tornado-15K-Puffs-EU-Warehouse-Free-Shipping-2-18x12.webp 18w, https:\/\/www.vapeswholesaler.com\/wp-content\/uploads\/2024\/12\/Wholesale-Fumot-Tornado-15K-Puffs-EU-Warehouse-Free-Shipping-2-510x327.webp 510w\" sizes=\"auto, (max-width: 800px) 100vw, 800px\" \/><figcaption id=\"caption-attachment-20833\" class=\"wp-caption-text\">Nagykereskedelmi Fumot Tornado 15K Puffs EU Warehouse<\/figcaption><\/figure>\n<p><img loading=\"lazy\" decoding=\"async\" class=\"alignnone wp-image-20832 size-full\" title=\"Nagykereskedelmi Fumot Tornado 15K Puffs EU rakt\u00e1r ingyenes sz\u00e1ll\u00edt\u00e1s 1\" src=\"https:\/\/www.vapeswholesaler.com\/wp-content\/uploads\/2024\/12\/Wholesale-Fumot-Tornado-15K-Puffs-EU-Warehouse-Free-Shipping-1.webp\" alt=\"Nagykereskedelmi Fumot Tornado 15K Puffs EU rakt\u00e1r ingyenes sz\u00e1ll\u00edt\u00e1s 1\" width=\"800\" height=\"800\" srcset=\"https:\/\/www.vapeswholesaler.com\/wp-content\/uploads\/2024\/12\/Wholesale-Fumot-Tornado-15K-Puffs-EU-Warehouse-Free-Shipping-1.webp 800w, https:\/\/www.vapeswholesaler.com\/wp-content\/uploads\/2024\/12\/Wholesale-Fumot-Tornado-15K-Puffs-EU-Warehouse-Free-Shipping-1-300x300.webp 300w, https:\/\/www.vapeswholesaler.com\/wp-content\/uploads\/2024\/12\/Wholesale-Fumot-Tornado-15K-Puffs-EU-Warehouse-Free-Shipping-1-150x150.webp 150w, https:\/\/www.vapeswholesaler.com\/wp-content\/uploads\/2024\/12\/Wholesale-Fumot-Tornado-15K-Puffs-EU-Warehouse-Free-Shipping-1-768x768.webp 768w, https:\/\/www.vapeswholesaler.com\/wp-content\/uploads\/2024\/12\/Wholesale-Fumot-Tornado-15K-Puffs-EU-Warehouse-Free-Shipping-1-12x12.webp 12w, https:\/\/www.vapeswholesaler.com\/wp-content\/uploads\/2024\/12\/Wholesale-Fumot-Tornado-15K-Puffs-EU-Warehouse-Free-Shipping-1-247x247.webp 247w, https:\/\/www.vapeswholesaler.com\/wp-content\/uploads\/2024\/12\/Wholesale-Fumot-Tornado-15K-Puffs-EU-Warehouse-Free-Shipping-1-510x510.webp 510w, https:\/\/www.vapeswholesaler.com\/wp-content\/uploads\/2024\/12\/Wholesale-Fumot-Tornado-15K-Puffs-EU-Warehouse-Free-Shipping-1-100x100.webp 100w\" sizes=\"auto, (max-width: 800px) 100vw, 800px\" \/><\/p>","protected":false},"excerpt":{"rendered":"<p>Minim\u00e1lis rendel\u00e9si mennyis\u00e9g:\u00a0<strong>50db <\/strong>(\u00cdzek kever\u00e9se)\u00a0\u00a0<strong>Ingyenes sz\u00e1ll\u00edt\u00e1s<\/strong><\/p>\n<p>(<strong>2%<\/strong>)\u00a0 \u00a0<strong>EU rakt\u00e1r Sz\u00e1ll\u00edt\u00e1si id\u0151 4-5 munkanap<\/strong><\/p>","protected":false},"featured_media":20872,"comment_status":"open","ping_status":"closed","template":"","meta":[],"product_cat":[15],"product_tag":[373,375,382],"class_list":{"0":"post-20878","1":"product","2":"type-product","3":"status-publish","4":"has-post-thumbnail","6":"product_cat-disposable-vape","7":"product_tag-europe-warehouse","8":"product_tag-15000-puffs","9":"product_tag-fumot","10":"product_brand-fumot","12":"first","13":"instock","14":"shipping-taxable","15":"purchasable","16":"product-type-variable","17":"has-default-attributes"},"aioseo_notices":[],"_links":{"self":[{"href":"https:\/\/www.vapeswholesaler.com\/hu\/wp-json\/wp\/v2\/product\/20878","targetHints":{"allow":["GET"]}}],"collection":[{"href":"https:\/\/www.vapeswholesaler.com\/hu\/wp-json\/wp\/v2\/product"}],"about":[{"href":"https:\/\/www.vapeswholesaler.com\/hu\/wp-json\/wp\/v2\/types\/product"}],"replies":[{"embeddable":true,"href":"https:\/\/www.vapeswholesaler.com\/hu\/wp-json\/wp\/v2\/comments?post=20878"}],"wp:featuredmedia":[{"embeddable":true,"href":"https:\/\/www.vapeswholesaler.com\/hu\/wp-json\/wp\/v2\/media\/20872"}],"wp:attachment":[{"href":"https:\/\/www.vapeswholesaler.com\/hu\/wp-json\/wp\/v2\/media?parent=20878"}],"wp:term":[{"taxonomy":"product_cat","embeddable":true,"href":"https:\/\/www.vapeswholesaler.com\/hu\/wp-json\/wp\/v2\/product_cat?post=20878"},{"taxonomy":"product_tag","embeddable":true,"href":"https:\/\/www.vapeswholesaler.com\/hu\/wp-json\/wp\/v2\/product_tag?post=20878"}],"curies":[{"name":"wp","href":"https:\/\/api.w.org\/{rel}","templated":true}]}}