{"id":20611,"date":"2024-12-01T13:57:46","date_gmt":"2024-12-01T05:57:46","guid":{"rendered":"https:\/\/www.vapeswholesaler.com\/?post_type=product&#038;p=20611"},"modified":"2025-10-11T17:16:22","modified_gmt":"2025-10-11T09:16:22","slug":"nagykereskedelmi-waspe-aiviou-25000-puff-eldobhato-vape","status":"publish","type":"product","link":"https:\/\/www.vapeswholesaler.com\/hu\/termek\/nagykereskedelmi-waspe-aiviou-25000-puff-eldobhato-vape","title":{"rendered":"Nagykereskedelmi WASPE Aiviou 25000 Puffs eldobhat\u00f3 Vape"},"content":{"rendered":"<p><a href=\"https:\/\/www.vapeswholesaler.com\/hu\/product_brand\/waspe\/\">WASPE<\/a> Az Aiviou 25000 Puffs Eldobhat\u00f3 Vape box kiv\u00e1l\u00f3 g\u0151z\u00f6l\u00e9si \u00e9lm\u00e9nyt ny\u00fajt, eszk\u00f6z\u00f6nk\u00e9nt leny\u0171g\u00f6z\u0151 25000 puffs-szal. A 0%, 2% \u00e9s 5% nikotiner\u0151ss\u00e9gben kaphat\u00f3, \u00edgy a preferenci\u00e1k sz\u00e9les sk\u00e1l\u00e1j\u00e1t szolg\u00e1lja ki. Ez a k\u00e9sz\u00fcl\u00e9k 25 ml e-folyad\u00e9k kapacit\u00e1ssal, kett\u0151s h\u00e1l\u00f3s tekercsekkel, LCD kijelz\u0151vel \u00e9s Type-C t\u00f6lt\u0151porttal b\u00fcszk\u00e9lkedhet. A 650mAh-s akkumul\u00e1torral m\u0171k\u00f6d\u0151 k\u00e9sz\u00fcl\u00e9k hossz\u00fa t\u00e1v\u00fa haszn\u00e1latot biztos\u00edt.<\/p>\n<p>Ez a term\u00e9k vil\u00e1gosabb elektronikus kijelz\u0151vel van felszerelve, amely nemcsak az e-cigaretta akkumul\u00e1tor\u00e1nak \u00e9lettartam\u00e1t tartja szemmel, hanem az olajhaszn\u00e1lat \u00e1llapot\u00e1t is mutatja. Mindig megtudhatja, hogy mikor fogy ki a term\u00e9kb\u0151l a vapeolaj, \u00edgy elker\u00fclheti az \u00e9g\u00e9s rossz \u00e9lm\u00e9ny\u00e9t, amikor tov\u00e1bb haszn\u00e1lja, mert kifogy a vapeolaj. Az \u00fcgyfelek sz\u00e1m\u00e1ra 10 k\u00fcl\u00f6nb\u00f6z\u0151 \u00edzt k\u00edn\u00e1lunk, amelyek k\u00f6z\u00fcl v\u00e1laszthatnak, a k\u00fcl\u00f6nb\u00f6z\u0151 \u00edzek k\u00fcl\u00f6nb\u00f6z\u0151 doh\u00e1nyz\u00e1si \u00e9lvezetet ny\u00fajtanak az \u00fcgyfeleknek!<\/p>\n<h2><strong><a href=\"https:\/\/www.facebook.com\/fred.luo.58\/\">WASPE<\/a> Aiviou 25000 Puffs R\u00e9szletek:<\/strong><\/h2>\n<ul>\n<li>Puffok: 25000 Puffok<\/li>\n<li>Kett\u0151s h\u00e1l\u00f3s tekercs: 1ohm+1ohm<\/li>\n<li>E-folyad\u00e9k:25ml<\/li>\n<li>Nicotine:0%\/2%\/5%<\/li>\n<li>Akkumul\u00e1tor:650mah<\/li>\n<li>\u00dajrat\u00f6lthet\u0151: C-t\u00edpus\u00fa<\/li>\n<li>LED kijelz\u0151<\/li>\n<li>Gyermekz\u00e1r<\/li>\n<li>Term\u00e9k m\u00e9rete: 55*31*107mm<\/li>\n<\/ul>\n<h2><strong>\u00cdzek list\u00e1z\u00e1sa:<\/strong><\/h2>\n<ol>\n<li>G\u00f6r\u00f6gdinnye j\u00e9g<\/li>\n<li>\u00c1fonya j\u00e9gen<\/li>\n<li>Eper g\u00f6r\u00f6gdinnye<\/li>\n<li>\u00c1fonya m\u00e1lna limon\u00e1d\u00e9<\/li>\n<li>Cherry Ice<\/li>\n<li>Barack mang\u00f3 g\u00f6r\u00f6gdinnye<\/li>\n<li>Vegyes bogy\u00f3s gy\u00fcm\u00f6lcs\u00f6k<\/li>\n<li>Barack j\u00e9g<\/li>\n<li>Eper Kiwi<\/li>\n<li>Sz\u0151l\u0151 j\u00e9g<\/li>\n<\/ol>\n<h2><strong>Csomagol\u00e1si lista:<\/strong><\/h2>\n<p>1db minden egyes doboz<br \/>\n10db k\u00f6z\u00e9ps\u0151 doboz<br \/>\n200db dobozonk\u00e9nt<br \/>\nTerm\u00e9k s\u00falya: 92g\/db<br \/>\nS\u00faly: 20.5kg<\/p>\n<figure id=\"attachment_20600\" aria-describedby=\"caption-attachment-20600\" style=\"width: 1020px\" class=\"wp-caption alignnone\"><img loading=\"lazy\" decoding=\"async\" class=\"wp-image-20600 size-large\" title=\"Nagykereskedelmi WASPE Aiviou 25000 Puffs eldobhat\u00f3 Vape 4\" src=\"https:\/\/www.vapeswholesaler.com\/wp-content\/uploads\/2024\/11\/Wholesale-WASPE-Aiviou-25000-Puffs-Disposable-Vape-4-1024x597.webp\" alt=\"Nagykereskedelmi WASPE Aiviou 25000 Puffs eldobhat\u00f3 Vape 4\" width=\"1020\" height=\"595\" srcset=\"https:\/\/www.vapeswholesaler.com\/wp-content\/uploads\/2024\/11\/Wholesale-WASPE-Aiviou-25000-Puffs-Disposable-Vape-4-1024x597.webp 1024w, https:\/\/www.vapeswholesaler.com\/wp-content\/uploads\/2024\/11\/Wholesale-WASPE-Aiviou-25000-Puffs-Disposable-Vape-4-300x175.webp 300w, https:\/\/www.vapeswholesaler.com\/wp-content\/uploads\/2024\/11\/Wholesale-WASPE-Aiviou-25000-Puffs-Disposable-Vape-4-768x448.webp 768w, https:\/\/www.vapeswholesaler.com\/wp-content\/uploads\/2024\/11\/Wholesale-WASPE-Aiviou-25000-Puffs-Disposable-Vape-4-18x12.webp 18w, https:\/\/www.vapeswholesaler.com\/wp-content\/uploads\/2024\/11\/Wholesale-WASPE-Aiviou-25000-Puffs-Disposable-Vape-4-510x298.webp 510w, https:\/\/www.vapeswholesaler.com\/wp-content\/uploads\/2024\/11\/Wholesale-WASPE-Aiviou-25000-Puffs-Disposable-Vape-4.webp 1440w\" sizes=\"auto, (max-width: 1020px) 100vw, 1020px\" \/><figcaption id=\"caption-attachment-20600\" class=\"wp-caption-text\">Nagykereskedelmi WASPE Aiviou 25000 Puffs eldobhat\u00f3 Vape<\/figcaption><\/figure>\n<p><img loading=\"lazy\" decoding=\"async\" class=\"alignnone wp-image-20597 size-full\" title=\"Nagykereskedelmi WASPE Aiviou 25000 Puffs eldobhat\u00f3 Vape 1\" src=\"https:\/\/www.vapeswholesaler.com\/wp-content\/uploads\/2024\/11\/Wholesale-WASPE-Aiviou-25000-Puffs-Disposable-Vape-1.webp\" alt=\"Nagykereskedelmi WASPE Aiviou 25000 Puffs eldobhat\u00f3 Vape 1\" width=\"800\" height=\"800\" srcset=\"https:\/\/www.vapeswholesaler.com\/wp-content\/uploads\/2024\/11\/Wholesale-WASPE-Aiviou-25000-Puffs-Disposable-Vape-1.webp 800w, https:\/\/www.vapeswholesaler.com\/wp-content\/uploads\/2024\/11\/Wholesale-WASPE-Aiviou-25000-Puffs-Disposable-Vape-1-300x300.webp 300w, https:\/\/www.vapeswholesaler.com\/wp-content\/uploads\/2024\/11\/Wholesale-WASPE-Aiviou-25000-Puffs-Disposable-Vape-1-150x150.webp 150w, https:\/\/www.vapeswholesaler.com\/wp-content\/uploads\/2024\/11\/Wholesale-WASPE-Aiviou-25000-Puffs-Disposable-Vape-1-768x768.webp 768w, https:\/\/www.vapeswholesaler.com\/wp-content\/uploads\/2024\/11\/Wholesale-WASPE-Aiviou-25000-Puffs-Disposable-Vape-1-12x12.webp 12w, https:\/\/www.vapeswholesaler.com\/wp-content\/uploads\/2024\/11\/Wholesale-WASPE-Aiviou-25000-Puffs-Disposable-Vape-1-247x247.webp 247w, https:\/\/www.vapeswholesaler.com\/wp-content\/uploads\/2024\/11\/Wholesale-WASPE-Aiviou-25000-Puffs-Disposable-Vape-1-510x510.webp 510w, https:\/\/www.vapeswholesaler.com\/wp-content\/uploads\/2024\/11\/Wholesale-WASPE-Aiviou-25000-Puffs-Disposable-Vape-1-100x100.webp 100w\" sizes=\"auto, (max-width: 800px) 100vw, 800px\" \/><\/p>","protected":false},"excerpt":{"rendered":"<p>Minim\u00e1lis rendel\u00e9si mennyis\u00e9g: (Mix \u00edzek)<\/p>\n<p>\uff08<strong>0%,2%,5%<\/strong>\uff09<\/p>","protected":false},"featured_media":20623,"comment_status":"open","ping_status":"closed","template":"","meta":[],"product_cat":[15],"product_tag":[374,383],"class_list":{"0":"post-20611","1":"product","2":"type-product","3":"status-publish","4":"has-post-thumbnail","6":"product_cat-disposable-vape","7":"product_tag-30000-puffs","8":"product_tag-waspe","9":"product_brand-waspe","11":"first","12":"outofstock","13":"shipping-taxable","14":"purchasable","15":"product-type-variable","16":"has-default-attributes"},"aioseo_notices":[],"_links":{"self":[{"href":"https:\/\/www.vapeswholesaler.com\/hu\/wp-json\/wp\/v2\/product\/20611","targetHints":{"allow":["GET"]}}],"collection":[{"href":"https:\/\/www.vapeswholesaler.com\/hu\/wp-json\/wp\/v2\/product"}],"about":[{"href":"https:\/\/www.vapeswholesaler.com\/hu\/wp-json\/wp\/v2\/types\/product"}],"replies":[{"embeddable":true,"href":"https:\/\/www.vapeswholesaler.com\/hu\/wp-json\/wp\/v2\/comments?post=20611"}],"wp:featuredmedia":[{"embeddable":true,"href":"https:\/\/www.vapeswholesaler.com\/hu\/wp-json\/wp\/v2\/media\/20623"}],"wp:attachment":[{"href":"https:\/\/www.vapeswholesaler.com\/hu\/wp-json\/wp\/v2\/media?parent=20611"}],"wp:term":[{"taxonomy":"product_cat","embeddable":true,"href":"https:\/\/www.vapeswholesaler.com\/hu\/wp-json\/wp\/v2\/product_cat?post=20611"},{"taxonomy":"product_tag","embeddable":true,"href":"https:\/\/www.vapeswholesaler.com\/hu\/wp-json\/wp\/v2\/product_tag?post=20611"}],"curies":[{"name":"wp","href":"https:\/\/api.w.org\/{rel}","templated":true}]}}