{"id":20308,"date":"2024-11-16T12:53:49","date_gmt":"2024-11-16T04:53:49","guid":{"rendered":"https:\/\/www.vapeswholesaler.com\/?post_type=product&#038;p=20308"},"modified":"2025-02-21T17:37:26","modified_gmt":"2025-02-21T09:37:26","slug":"nagykereskedelmi-uwin-crystal-10000-puffs-eldobhato-vape","status":"publish","type":"product","link":"https:\/\/www.vapeswholesaler.com\/hu\/termek\/nagykereskedelmi-uwin-crystal-10000-puffs-eldobhato-vape","title":{"rendered":"Nagykereskedelmi Uwin Crystal 10000 Puffs eldobhat\u00f3 Vape"},"content":{"rendered":"<p>Az Uwin Crystal 10000 Puffs egy j\u00e1t\u00e9kv\u00e1lt\u00f3, amely leny\u0171g\u00f6z\u0151 10 000 puffot k\u00edn\u00e1l k\u00e9sz\u00fcl\u00e9kenk\u00e9nt. \u00dajrat\u00f6lthet\u0151 650mAh akkumul\u00e1torral van felszerelve, amely biztos\u00edtja a hosszabb haszn\u00e1latot az \u00e1lland\u00f3 \u00fajrat\u00f6lt\u00e9s gondjai n\u00e9lk\u00fcl. C t\u00edpus\u00fa t\u00f6lt\u0151portj\u00e1nak k\u00f6sz\u00f6nhet\u0151en gyorsan felt\u00f6ltheti k\u00e9sz\u00fcl\u00e9k\u00e9t, \u00e9s tov\u00e1bbra is \u00e9lvezheti a z\u00f6kken\u0151mentes p\u00e1rologtat\u00e1s \u00e9lm\u00e9ny\u00e9t. A vape 18 ml-es e-folyad\u00e9k kapacit\u00e1ssal rendelkezik, ami jelent\u0151sen cs\u00f6kkenti az ut\u00e1nt\u00f6lt\u00e9s sz\u00fcks\u00e9gess\u00e9g\u00e9t, \u00edgy ide\u00e1lis a mindig \u00faton l\u00e9v\u0151 vaperek sz\u00e1m\u00e1ra.<\/p>\n<p>Az Uwin Crystal 10000 Puffs kiemelkedik a 0,8 ohmos h\u00e1l\u00f3s tekercs technol\u00f3gi\u00e1j\u00e1val, amely fokozza mind az \u00edzt, mind a g\u0151ztermel\u00e9st. Ak\u00e1r a 0%, 2%, 3% vagy 5% nikotiner\u0151ss\u00e9get kedveli, ez a vape pen alkalmazkodik a k\u00fcl\u00f6nb\u00f6z\u0151 preferenci\u00e1khoz, lehet\u0151v\u00e9 t\u00e9ve a felhaszn\u00e1l\u00f3k sz\u00e1m\u00e1ra, hogy testre szabj\u00e1k \u00e9lm\u00e9ny\u00fcket. \u00c9l\u00e9nk RGB f\u00e9nyei modern jelleget k\u00f6lcs\u00f6n\u00f6znek, \u00edgy vizu\u00e1lisan is vonz\u00f3v\u00e1 teszik a vape-z\u00e9st. Ez a term\u00e9k k\u00f6nny\u0171, hordozhat\u00f3 \u00e9s tart\u00f3snak k\u00e9sz\u00fclt, \u00edgy a st\u00edlust \u00e9s k\u00e9nyelmet keres\u0151 vaperek kedvence.<\/p>\n<p>Az Uwin Crystal 10000 Puffs egy sor fejlett funkci\u00f3t k\u00edn\u00e1l, amelyek megk\u00fcl\u00f6nb\u00f6ztetik a piacon l\u00e9v\u0151 m\u00e1s eldobhat\u00f3 p\u00e1rologtat\u00f3kt\u00f3l. A 18 ml-es e-folyad\u00e9k-kapacit\u00e1sa hosszabb p\u00e1rologtat\u00e1sokat biztos\u00edt, m\u00edg a 650mAh-s \u00fajrat\u00f6lthet\u0151 akkumul\u00e1tor t\u00f6bbsz\u00f6ri haszn\u00e1latot tesz lehet\u0151v\u00e9 an\u00e9lk\u00fcl, hogy gyakori cser\u00e9re lenne sz\u00fcks\u00e9g. A 0,8 ohmos h\u00e1l\u00f3s tekercset \u00fagy tervezt\u00e9k, hogy maximaliz\u00e1lja az \u00edz intenzit\u00e1s\u00e1t \u00e9s a g\u0151zkibocs\u00e1t\u00e1st, pr\u00e9mium min\u0151s\u00e9g\u0171 p\u00e1rologtat\u00e1si \u00e9lm\u00e9nyt ny\u00fajtva, amely minden egyes sz\u00edv\u00e1sn\u00e1l kiel\u00e9g\u00edt\u0151.<\/p>\n<h2><strong><a href=\"https:\/\/www.vapeswholesaler.com\/hu\/product_brand\/uwin\/\">Uwin<\/a> Crystal 10000 Puffs Jellemz\u0151k:<\/strong><\/h2>\n<ul>\n<li>0% 2% 3% 5% Nikotin<\/li>\n<li>Puffs:10000Capacity:18ml<\/li>\n<li>15 \u00edz el\u00e9rhet\u0151<\/li>\n<li>650 mAh \u00fajrat\u00f6lthet\u0151 kobalt C t\u00edpus\u00fa port<\/li>\n<li>Tekercs :0.8 ohm h\u00e1l\u00f3s tekercs<\/li>\n<li>RGB F\u00c9NYEK<\/li>\n<\/ul>\n<h2><strong>Uwin Crystal 10000 Puffs \u00cdzek:<\/strong><\/h2>\n<ol>\n<li>\u00c1fonya m\u00e1lna<\/li>\n<li>Sz\u0151l\u0151 j\u00e9g<\/li>\n<li>Eper g\u00f6r\u00f6gdinnye<\/li>\n<li>\u00c1fonya j\u00e9gen<\/li>\n<li>G\u00f6r\u00f6gdinnye j\u00e9g<\/li>\n<li>Cherry Ice<\/li>\n<li>Eper m\u00e1lna cseresznye<\/li>\n<li>Kiwi Passi\u00f3gy\u00fcm\u00f6lcs Guava<\/li>\n<li>Eper j\u00e9g<\/li>\n<li>Barack j\u00e9g<\/li>\n<li>Eper Kiwi<\/li>\n<li>Barack bogy\u00f3<\/li>\n<li>Cherry Cola<\/li>\n<li>Vegyes bogy\u00f3s gy\u00fcm\u00f6lcs<\/li>\n<li>Mr Blue<\/li>\n<\/ol>\n<h2><strong>Csomagol\u00e1si lista:<\/strong><\/h2>\n<p>10 db \/ doboz<br \/>\n200 db \/ karton<br \/>\nKartondobozonk\u00e9nt:17,3 kg<br \/>\nKarton m\u00e9rete: 36.5*36.7*31.5 CM<\/p>\n<p><img loading=\"lazy\" decoding=\"async\" class=\"alignnone wp-image-20291 size-full\" title=\"Nagykereskedelmi Uwin krist\u00e1ly 10000 Puffs eldobhat\u00f3 Vape 5\" src=\"https:\/\/www.vapeswholesaler.com\/wp-content\/uploads\/2024\/11\/Wholesale-Uwin-crystal-10000-Puffs-Disposable-Vape-5.webp\" alt=\"Nagykereskedelmi Uwin krist\u00e1ly 10000 Puffs eldobhat\u00f3 Vape 5\" width=\"800\" height=\"1418\" srcset=\"https:\/\/www.vapeswholesaler.com\/wp-content\/uploads\/2024\/11\/Wholesale-Uwin-crystal-10000-Puffs-Disposable-Vape-5.webp 800w, https:\/\/www.vapeswholesaler.com\/wp-content\/uploads\/2024\/11\/Wholesale-Uwin-crystal-10000-Puffs-Disposable-Vape-5-169x300.webp 169w, https:\/\/www.vapeswholesaler.com\/wp-content\/uploads\/2024\/11\/Wholesale-Uwin-crystal-10000-Puffs-Disposable-Vape-5-578x1024.webp 578w, https:\/\/www.vapeswholesaler.com\/wp-content\/uploads\/2024\/11\/Wholesale-Uwin-crystal-10000-Puffs-Disposable-Vape-5-768x1361.webp 768w, https:\/\/www.vapeswholesaler.com\/wp-content\/uploads\/2024\/11\/Wholesale-Uwin-crystal-10000-Puffs-Disposable-Vape-5-7x12.webp 7w, https:\/\/www.vapeswholesaler.com\/wp-content\/uploads\/2024\/11\/Wholesale-Uwin-crystal-10000-Puffs-Disposable-Vape-5-510x904.webp 510w\" sizes=\"auto, (max-width: 800px) 100vw, 800px\" \/> <img loading=\"lazy\" decoding=\"async\" class=\"alignnone wp-image-20290 size-full\" title=\"Nagykereskedelmi Uwin krist\u00e1ly 10000 Puffs eldobhat\u00f3 Vape 4\" src=\"https:\/\/www.vapeswholesaler.com\/wp-content\/uploads\/2024\/11\/Wholesale-Uwin-crystal-10000-Puffs-Disposable-Vape-4.webp\" alt=\"Nagykereskedelmi Uwin krist\u00e1ly 10000 Puffs eldobhat\u00f3 Vape 4\" width=\"800\" height=\"1274\" srcset=\"https:\/\/www.vapeswholesaler.com\/wp-content\/uploads\/2024\/11\/Wholesale-Uwin-crystal-10000-Puffs-Disposable-Vape-4.webp 800w, https:\/\/www.vapeswholesaler.com\/wp-content\/uploads\/2024\/11\/Wholesale-Uwin-crystal-10000-Puffs-Disposable-Vape-4-188x300.webp 188w, https:\/\/www.vapeswholesaler.com\/wp-content\/uploads\/2024\/11\/Wholesale-Uwin-crystal-10000-Puffs-Disposable-Vape-4-643x1024.webp 643w, https:\/\/www.vapeswholesaler.com\/wp-content\/uploads\/2024\/11\/Wholesale-Uwin-crystal-10000-Puffs-Disposable-Vape-4-768x1223.webp 768w, https:\/\/www.vapeswholesaler.com\/wp-content\/uploads\/2024\/11\/Wholesale-Uwin-crystal-10000-Puffs-Disposable-Vape-4-8x12.webp 8w, https:\/\/www.vapeswholesaler.com\/wp-content\/uploads\/2024\/11\/Wholesale-Uwin-crystal-10000-Puffs-Disposable-Vape-4-510x812.webp 510w\" sizes=\"auto, (max-width: 800px) 100vw, 800px\" \/> <img loading=\"lazy\" decoding=\"async\" class=\"alignnone wp-image-20289 size-full\" title=\"Nagykereskedelmi Uwin krist\u00e1ly 10000 Puffs eldobhat\u00f3 Vape 3\" src=\"https:\/\/www.vapeswholesaler.com\/wp-content\/uploads\/2024\/11\/Wholesale-Uwin-crystal-10000-Puffs-Disposable-Vape-3.webp\" alt=\"Nagykereskedelmi Uwin krist\u00e1ly 10000 Puffs eldobhat\u00f3 Vape 3\" width=\"800\" height=\"800\" srcset=\"https:\/\/www.vapeswholesaler.com\/wp-content\/uploads\/2024\/11\/Wholesale-Uwin-crystal-10000-Puffs-Disposable-Vape-3.webp 800w, https:\/\/www.vapeswholesaler.com\/wp-content\/uploads\/2024\/11\/Wholesale-Uwin-crystal-10000-Puffs-Disposable-Vape-3-300x300.webp 300w, https:\/\/www.vapeswholesaler.com\/wp-content\/uploads\/2024\/11\/Wholesale-Uwin-crystal-10000-Puffs-Disposable-Vape-3-150x150.webp 150w, https:\/\/www.vapeswholesaler.com\/wp-content\/uploads\/2024\/11\/Wholesale-Uwin-crystal-10000-Puffs-Disposable-Vape-3-768x768.webp 768w, https:\/\/www.vapeswholesaler.com\/wp-content\/uploads\/2024\/11\/Wholesale-Uwin-crystal-10000-Puffs-Disposable-Vape-3-12x12.webp 12w, https:\/\/www.vapeswholesaler.com\/wp-content\/uploads\/2024\/11\/Wholesale-Uwin-crystal-10000-Puffs-Disposable-Vape-3-247x247.webp 247w, https:\/\/www.vapeswholesaler.com\/wp-content\/uploads\/2024\/11\/Wholesale-Uwin-crystal-10000-Puffs-Disposable-Vape-3-510x510.webp 510w, https:\/\/www.vapeswholesaler.com\/wp-content\/uploads\/2024\/11\/Wholesale-Uwin-crystal-10000-Puffs-Disposable-Vape-3-100x100.webp 100w\" sizes=\"auto, (max-width: 800px) 100vw, 800px\" \/><\/p>\n<p>&nbsp;<\/p>","protected":false},"excerpt":{"rendered":"<p>Minim\u00e1lis rendel\u00e9si mennyis\u00e9g:\u00a0<strong>50 DB<\/strong>\u00a0(\u00cdzek kever\u00e9se)\u00a0\u00a0<strong>Ingyenes sz\u00e1ll\u00edt\u00e1s<\/strong><\/p>\n<p>(<strong>2%, 5% Nic<\/strong>)<\/p>","protected":false},"featured_media":20926,"comment_status":"open","ping_status":"closed","template":"","meta":[],"product_cat":[15],"product_tag":[211,212,213,214,215,216],"class_list":{"0":"post-20308","1":"product","2":"type-product","3":"status-publish","4":"has-post-thumbnail","6":"product_cat-disposable-vape","7":"product_tag-uwin-crystal-10000","8":"product_tag-uwin-crystal-10000-puffs","9":"product_tag-uwin-10000-puffs","10":"product_tag-uwin-crystal-10000-ecigs","11":"product_tag-wholesale-uwin-crystal-10000","12":"product_tag-buy-uwin-10000","13":"product_brand-uwin","15":"first","16":"instock","17":"shipping-taxable","18":"purchasable","19":"product-type-variable","20":"has-default-attributes"},"aioseo_notices":[],"_links":{"self":[{"href":"https:\/\/www.vapeswholesaler.com\/hu\/wp-json\/wp\/v2\/product\/20308","targetHints":{"allow":["GET"]}}],"collection":[{"href":"https:\/\/www.vapeswholesaler.com\/hu\/wp-json\/wp\/v2\/product"}],"about":[{"href":"https:\/\/www.vapeswholesaler.com\/hu\/wp-json\/wp\/v2\/types\/product"}],"replies":[{"embeddable":true,"href":"https:\/\/www.vapeswholesaler.com\/hu\/wp-json\/wp\/v2\/comments?post=20308"}],"wp:featuredmedia":[{"embeddable":true,"href":"https:\/\/www.vapeswholesaler.com\/hu\/wp-json\/wp\/v2\/media\/20926"}],"wp:attachment":[{"href":"https:\/\/www.vapeswholesaler.com\/hu\/wp-json\/wp\/v2\/media?parent=20308"}],"wp:term":[{"taxonomy":"product_cat","embeddable":true,"href":"https:\/\/www.vapeswholesaler.com\/hu\/wp-json\/wp\/v2\/product_cat?post=20308"},{"taxonomy":"product_tag","embeddable":true,"href":"https:\/\/www.vapeswholesaler.com\/hu\/wp-json\/wp\/v2\/product_tag?post=20308"}],"curies":[{"name":"wp","href":"https:\/\/api.w.org\/{rel}","templated":true}]}}