{"id":20274,"date":"2024-11-12T23:27:07","date_gmt":"2024-11-12T15:27:07","guid":{"rendered":"https:\/\/www.vapeswholesaler.com\/?post_type=product&#038;p=20274"},"modified":"2025-11-18T14:05:24","modified_gmt":"2025-11-18T06:05:24","slug":"nagykereskedelmi-mrvi-nyero-30k-puffs-eldobhato-vape","status":"publish","type":"product","link":"https:\/\/www.vapeswholesaler.com\/hu\/termek\/nagykereskedelmi-mrvi-nyero-30k-puffs-eldobhato-vape","title":{"rendered":"Nagykereskedelmi MRVI WINNING 30K Puffs eldobhat\u00f3 Vape"},"content":{"rendered":"<p><a href=\"https:\/\/www.vapeswholesaler.com\/hu\/product_brand\/mrvi\/\">MRVI<\/a> A WINNING 30K Puffs eldobhat\u00f3 vape verhetetlen g\u0151z\u00f6l\u00e9si \u00e9lm\u00e9nyt ny\u00fajt, ak\u00e1r hihetetlen\u00fcl sok, 30.000 puffot biztos\u00edtva. Fejlett technol\u00f3gi\u00e1ja biztos\u00edtja a hosszan tart\u00f3 \u00edz\u00e9lvezetet, \u00edgy t\u00f6k\u00e9letes mind az elk\u00f6telezett vaperek, mind a kezd\u0151k sz\u00e1m\u00e1ra.<\/p>\n<p>35ml kapacit\u00e1s\u00fa e-folyad\u00e9kkal \u00e9s 800mAh akkumul\u00e1torral felszerelve a z\u00f6kken\u0151mentes, megszak\u00edt\u00e1s n\u00e9lk\u00fcli e-cigaretta \u00e9lm\u00e9ny\u00e9rt. Ez a karcs\u00fa \u00e9s hordozhat\u00f3 k\u00e9sz\u00fcl\u00e9k k\u00f6nnyen elf\u00e9r a zseb\u00e9ben, \u00edgy t\u00f6k\u00e9letes otthoni vagy \u00fatk\u00f6zbeni haszn\u00e1latra.<\/p>\n<p>Az \u00e9rint\u0151k\u00e9perny\u0151 azt is lehet\u0151v\u00e9 teszi, hogy a felhaszn\u00e1l\u00f3k egyetlen \u00e9rint\u00e9ssel \u00e1ll\u00edts\u00e1k be a teljes\u00edtm\u00e9ny \u00fczemm\u00f3dot, \u00edgy rugalmasan testre szabhatj\u00e1k a p\u00e1rol\u00e1si \u00e9lm\u00e9nyt, hogy az megfeleljen a preferenci\u00e1iknak. Az egy f\u0171t\u0151sz\u00e1las k\u00e9t \u00fczemm\u00f3d (ECO PLUS) \u00e9s a k\u00e9t f\u0171t\u0151sz\u00e1las k\u00e9t \u00fczemm\u00f3d (PRO MAX) be\u00e1ll\u00edt\u00e1si lehet\u0151s\u00e9geivel a felhaszn\u00e1l\u00f3k szem\u00e9lyre szabott, saj\u00e1t ig\u00e9nyeikre szabott p\u00e1rologtat\u00e1si \u00e9lm\u00e9nyt \u00e9lvezhetnek.<\/p>\n<p>Tov\u00e1bb\u00e1 az \u00faj \u00e9rint\u0151k\u00e9perny\u0151s 30000 puff eldobhat\u00f3 elektronikus cigaretta tartalmaz egy energiatakar\u00e9kos \u00fczemm\u00f3dot, amely lehet\u0151v\u00e9 teszi a felhaszn\u00e1l\u00f3k sz\u00e1m\u00e1ra az akkumul\u00e1tor \u00e9lettartam\u00e1nak meg\u0151rz\u00e9s\u00e9t \u00e9s a k\u00e9sz\u00fcl\u00e9k \u00e9lettartam\u00e1nak meghosszabb\u00edt\u00e1s\u00e1t. A k\u00e9perny\u0151 \u00f6tsz\u00f6ri hossz\u00fa megnyom\u00e1s\u00e1val a felhaszn\u00e1l\u00f3k egyszer\u0171en kikapcsolhatj\u00e1k a m\u00e1rk\u00e1t, \u00edgy energiatakar\u00e9kos megold\u00e1st ny\u00fajtanak a hosszabb haszn\u00e1lathoz.<\/p>\n<h2><strong><a href=\"https:\/\/www.facebook.com\/fred.luo.58\/\">MRVI <\/a>WINNING 30K Puffs Jellemz\u0151k:<\/strong><\/h2>\n<p>Puff sz\u00e1m: Puff: ak\u00e1r 30.000 puffan\u00e1sig<br \/>\nE-folyad\u00e9k kapacit\u00e1s: 35mL<br \/>\nAkkumul\u00e1tor kapacit\u00e1s: 800mAh<br \/>\nNikotin er\u0151ss\u00e9ge: 2% \u00e9s 5% a<br \/>\nT\u00f6lt\u0151port: C-t\u00edpus\u00fa<br \/>\nMesh Coil technol\u00f3gia: Fokozott \u00edzmin\u0151s\u00e9g\u0171, egyenletes g\u0151z.<\/p>\n<h2><strong>Hogyan kell haszn\u00e1lni:<\/strong><\/h2>\n<p>1.Hosszan nyomja meg a gombot a bekapcsol\u00e1shoz \/ kikapcsol\u00e1shoz<br \/>\n2.\u00c9rintse meg az ujjlenyomatot vagy nyomja meg a gombot 1 alkalommal a<br \/>\np\u00e1rologtat\u00e1si m\u00f3d eco\/pro\/max<br \/>\n3.\u00c9rintse meg az ujjlenyomatot vagy nyomja meg a gombot 3-szor a lez\u00e1r\u00e1shoz\/felold\u00e1shoz<br \/>\n4: Szab\u00e1lyozza a leveg\u0151 mennyis\u00e9g\u00e9t a l\u00e9g\u00e1raml\u00e1s kapcsol\u00f3 be\u00e1ll\u00edt\u00e1s\u00e1val<br \/>\n5: \u00c9rintse meg az ujjlenyomatot vagy nyomja meg 5-sz\u00f6r a gombot az aktiv\u00e1l\u00e1shoz.<br \/>\nenergiatakar\u00e9kos \u00fczemm\u00f3d\/Marquee \u00fczemm\u00f3d<br \/>\n6: Az utols\u00f3 akkumul\u00e1tor jelz\u0151je villog, ami azt jelzi, hogy az akkumul\u00e1tor lemer\u00fclt.<br \/>\nmajdnem lemer\u00fclt, Amikor az \u00f6sszes akkumul\u00e1torjelz\u0151 villog, akkor<br \/>\nazt jelenti, hogy az akkumul\u00e1tor teljesen lemer\u00fclt, \u00e9s \u00fajra kell t\u00f6lteni.<br \/>\n7: Egyetlen e-juice l\u00e1mpa villog\u00e1sa jelzi, hogy az e-juice kifogy\u00f3ban van.<br \/>\n8:T\u00f6lt\u00e9s k\u00f6zben a t\u00e1pell\u00e1t\u00e1s jelz\u0151je villog.<\/p>\n<h2><strong>\u00cdzek:<\/strong><\/h2>\n<ol>\n<li>\u00c1fonya g\u00f6r\u00f6gdinnye<\/li>\n<li>Cseresznye citrom<\/li>\n<li>K\u00e9k Razz j\u00e9g<\/li>\n<li>Vegyes bogy\u00f3s gy\u00fcm\u00f6lcs\u00f6k<\/li>\n<li>Eper j\u00e9g<\/li>\n<li>G\u00f6r\u00f6gdinnye j\u00e9g<\/li>\n<li>L\u00e9d\u00fas barack<\/li>\n<li>Anan\u00e1sz mang\u00f3<\/li>\n<li>Sz\u0151l\u0151 j\u00e9g<\/li>\n<li>Savany\u00fa alma<\/li>\n<\/ol>\n<h2><strong>Csomagol\u00e1si lista:<\/strong><\/h2>\n<p>1db minden egyes doboz<br \/>\n10db minden egyes kijelz\u0151 doboz<br \/>\n200db kartononk\u00e9nt<\/p>\n<figure id=\"attachment_20262\" aria-describedby=\"caption-attachment-20262\" style=\"width: 800px\" class=\"wp-caption alignnone\"><img loading=\"lazy\" decoding=\"async\" class=\"wp-image-20262 size-full\" title=\"Nagykereskedelmi MRVI WINNING 30K Puffs Teljes \u00e9rint\u0151k\u00e9perny\u0151s eldobhat\u00f3 Vape 2\" src=\"https:\/\/www.vapeswholesaler.com\/wp-content\/uploads\/2024\/11\/Wholesale-MRVI-WINNING-30K-Puffs-Full-touch-screen-Disposable-Vape-2.webp\" alt=\"Nagykereskedelmi MRVI WINNING 30K Puffs Teljes \u00e9rint\u0151k\u00e9perny\u0151s eldobhat\u00f3 Vape 2\" width=\"800\" height=\"1120\" srcset=\"https:\/\/www.vapeswholesaler.com\/wp-content\/uploads\/2024\/11\/Wholesale-MRVI-WINNING-30K-Puffs-Full-touch-screen-Disposable-Vape-2.webp 800w, https:\/\/www.vapeswholesaler.com\/wp-content\/uploads\/2024\/11\/Wholesale-MRVI-WINNING-30K-Puffs-Full-touch-screen-Disposable-Vape-2-214x300.webp 214w, https:\/\/www.vapeswholesaler.com\/wp-content\/uploads\/2024\/11\/Wholesale-MRVI-WINNING-30K-Puffs-Full-touch-screen-Disposable-Vape-2-731x1024.webp 731w, https:\/\/www.vapeswholesaler.com\/wp-content\/uploads\/2024\/11\/Wholesale-MRVI-WINNING-30K-Puffs-Full-touch-screen-Disposable-Vape-2-768x1075.webp 768w, https:\/\/www.vapeswholesaler.com\/wp-content\/uploads\/2024\/11\/Wholesale-MRVI-WINNING-30K-Puffs-Full-touch-screen-Disposable-Vape-2-9x12.webp 9w, https:\/\/www.vapeswholesaler.com\/wp-content\/uploads\/2024\/11\/Wholesale-MRVI-WINNING-30K-Puffs-Full-touch-screen-Disposable-Vape-2-510x714.webp 510w\" sizes=\"auto, (max-width: 800px) 100vw, 800px\" \/><figcaption id=\"caption-attachment-20262\" class=\"wp-caption-text\">Nagykereskedelmi MRVI WINNING 30K Puffs Teljes \u00e9rint\u0151k\u00e9perny\u0151 eldobhat\u00f3 Vape<\/figcaption><\/figure>\n<p>&nbsp;<\/p>","protected":false},"excerpt":{"rendered":"<p>Minim\u00e1lis rendel\u00e9si mennyis\u00e9g: <strong>100db<\/strong>\u00a0(\u00cdzek kever\u00e9se)\u00a0\u00a0<strong>Ingyenes sz\u00e1ll\u00edt\u00e1s<\/strong><\/p>\n<p>(<strong>2%, 5% Nic<\/strong>) EU rakt\u00e1r Sz\u00e1ll\u00edt\u00e1si id\u0151 5-6 munkanap<\/p>","protected":false},"featured_media":20273,"comment_status":"open","ping_status":"closed","template":"","meta":[],"product_cat":[15],"product_tag":[373,374,387],"class_list":{"0":"post-20274","1":"product","2":"type-product","3":"status-publish","4":"has-post-thumbnail","6":"product_cat-disposable-vape","7":"product_tag-europe-warehouse","8":"product_tag-30000-puffs","9":"product_tag-mrvi","10":"product_brand-mrvi","12":"first","13":"instock","14":"shipping-taxable","15":"purchasable","16":"product-type-variable","17":"has-default-attributes"},"aioseo_notices":[],"_links":{"self":[{"href":"https:\/\/www.vapeswholesaler.com\/hu\/wp-json\/wp\/v2\/product\/20274","targetHints":{"allow":["GET"]}}],"collection":[{"href":"https:\/\/www.vapeswholesaler.com\/hu\/wp-json\/wp\/v2\/product"}],"about":[{"href":"https:\/\/www.vapeswholesaler.com\/hu\/wp-json\/wp\/v2\/types\/product"}],"replies":[{"embeddable":true,"href":"https:\/\/www.vapeswholesaler.com\/hu\/wp-json\/wp\/v2\/comments?post=20274"}],"wp:featuredmedia":[{"embeddable":true,"href":"https:\/\/www.vapeswholesaler.com\/hu\/wp-json\/wp\/v2\/media\/20273"}],"wp:attachment":[{"href":"https:\/\/www.vapeswholesaler.com\/hu\/wp-json\/wp\/v2\/media?parent=20274"}],"wp:term":[{"taxonomy":"product_cat","embeddable":true,"href":"https:\/\/www.vapeswholesaler.com\/hu\/wp-json\/wp\/v2\/product_cat?post=20274"},{"taxonomy":"product_tag","embeddable":true,"href":"https:\/\/www.vapeswholesaler.com\/hu\/wp-json\/wp\/v2\/product_tag?post=20274"}],"curies":[{"name":"wp","href":"https:\/\/api.w.org\/{rel}","templated":true}]}}