{"id":20185,"date":"2024-11-10T12:59:57","date_gmt":"2024-11-10T04:59:57","guid":{"rendered":"https:\/\/www.vapeswholesaler.com\/?post_type=product&#038;p=20185"},"modified":"2025-02-23T16:17:57","modified_gmt":"2025-02-23T08:17:57","slug":"nagykereskedelmi-maskking-vimaxi-20000-puffs-eldobhato-vape","status":"publish","type":"product","link":"https:\/\/www.vapeswholesaler.com\/hu\/termek\/nagykereskedelmi-maskking-vimaxi-20000-puffs-eldobhato-vape","title":{"rendered":"Nagykereskedelmi Maskking Vimaxi 20000 Puffs Eldobhat\u00f3 Vape"},"content":{"rendered":"<p><a href=\"https:\/\/www.vapeswholesaler.com\/hu\/product_brand\/maskking\/\">Maskking<\/a> A VIMAXI 20000 Puffs egy \u00e9lvonalbeli vape, amely fokozza a vizu\u00e1lis \u00e9lm\u00e9nyt \u00e9s \u00fajradefini\u00e1lja a vaping \u00e9lvezetet. A mag\u00e1val ragad\u00f3, teljes k\u00e9perny\u0151s kijelz\u0151t hihetetlen 20 000 puffol\u00e1ssal kombin\u00e1lva ez a k\u00e9sz\u00fcl\u00e9k \u00faj m\u00e9rc\u00e9t \u00e1ll\u00edt fel a piacon, egyszerre k\u00edn\u00e1lva k\u00e9nyelmet \u00e9s \u00e9lvezetet.<\/p>\n<h2><strong>Szuper teljes k\u00e9perny\u0151: A vizu\u00e1lis \u00e9lm\u00e9ny maximaliz\u00e1l\u00e1sa:<\/strong><\/h2>\n<p>A Maskking VIMAXI 20000 Puffs teljes k\u00e9perny\u0151s kijelz\u0151je nagy felbont\u00e1s\u00fa vizu\u00e1lis megjelen\u00edt\u00e9st k\u00edn\u00e1l a p\u00e1rol\u00e1si id\u0151re, a p\u00e1rol\u00e1si m\u00f3dra, az akkumul\u00e1tor \u00e9lettartam\u00e1ra \u00e9s az e-folyad\u00e9k mennyis\u00e9g\u00e9re vonatkoz\u00f3 val\u00f3s idej\u0171 adatokhoz. Ez az intuit\u00edv fel\u00fclet jav\u00edtja a navig\u00e1ci\u00f3t \u00e9s a vez\u00e9rl\u00e9st, \u00f6tv\u00f6zve az eleg\u00e1ns diz\u00e1jnt a funkcionalit\u00e1ssal. \u00c9lvezze a modern, mag\u00e1val ragad\u00f3 vaping-\u00e9lm\u00e9nyt az \u00e1ttekinthet\u0151, k\u00f6nnyen hozz\u00e1f\u00e9rhet\u0151 inform\u00e1ci\u00f3kkal.<\/p>\n<h2><strong>Nagy puffok: Puffok: V\u00e9gs\u0151 20,000 Puffs Experience:<\/strong><\/h2>\n<p>A leny\u0171g\u00f6z\u0151 20 000 f\u00faj\u00e1ssal a Maskking VIMAXI 20000 Puffs hossz\u00fa ideig tart\u00f3 tiszta \u00e9lvezetet biztos\u00edt. Minden egyes p\u00f6f\u00e9kel\u00e9s apr\u00f3l\u00e9kosan kidolgozott, hogy elmer\u00fclj\u00f6n a p\u00e1ratlan \u00edzek \u00e9s \u00e9lvezetek vil\u00e1g\u00e1ban, lehet\u0151v\u00e9 t\u00e9ve, hogy jelent\u0151s ideig \u00e9lvezze ezt a kiv\u00e9teles \u00e9lm\u00e9nyt. \u00c9lvezze a p\u00e1rologtat\u00e1st sz\u00edve el\u00e9gedetts\u00e9g\u00e9ig, gyakori megszak\u00edt\u00e1sok n\u00e9lk\u00fcl.<\/p>\n<h2><strong>L\u00e9g\u00e1raml\u00e1s kapcsol\u00f3: Optim\u00e1lis l\u00e9g\u00e1raml\u00e1s kiv\u00e1laszt\u00e1sa:<\/strong><\/h2>\n<p>A Maskking VIMAXI 20000 alj\u00e1n tal\u00e1lhat\u00f3 l\u00e9g\u00e1raml\u00e1s-szab\u00e1lyoz\u00f3 lehet\u0151v\u00e9 teszi, hogy kiv\u00e1laszthassa az \u00d6n preferenci\u00e1inak legmegfelel\u0151bb l\u00e9g\u00e1raml\u00e1st. Ez az \u00e1tgondolt funkci\u00f3 szem\u00e9lyre szabott \u00e9s kellemes, pontosan az \u00d6n k\u00e9nyelm\u00e9hez igaz\u00edtott g\u0151z\u00f6l\u00e9si \u00e9lm\u00e9nyt biztos\u00edt.<\/p>\n<p>A kett\u0151s h\u00e1l\u00f3s tekercsekkel felszerelt Maskking VIMAXI 20000 Puffs k\u00f6vetkezetes \u00e9s tiszta \u00edzt biztos\u00edt minden slukkban. A kett\u0151s h\u00e1l\u00f3s tekercsek norm\u00e1l \u00fczemm\u00f3dban felv\u00e1ltva m\u0171k\u00f6dnek a sima \u00edz \u00e9rdek\u00e9ben, m\u00edg turb\u00f3 \u00fczemm\u00f3dban egyszerre dolgoznak, hogy fokozz\u00e1k az \u00edzt \u00e9s er\u0151sebb torok\u00fct\u00e9st biztos\u00edtsanak az els\u0151t\u0151l az utols\u00f3 slukkig. Ez az innovat\u00edv technol\u00f3gia n\u00f6veli a folyad\u00e9k \u00e9s a tekercs k\u00f6z\u00f6tti \u00e9rintkez\u00e9si fel\u00fcletet, p\u00e1ratlan \u00edzt \u00e9s el\u00e9gedetts\u00e9get k\u00edn\u00e1lva.<\/p>\n<p>\u00d6sszefoglalva, a Maskking VIMAXI 20000 Puffs egy forradalmi vape, amely a vizu\u00e1lis pomp\u00e1t rendk\u00edv\u00fcli 20.000 puffol\u00e1ssal kombin\u00e1lja. A teljes k\u00e9perny\u0151s kijelz\u0151, az \u00e1ll\u00edthat\u00f3 l\u00e9g\u00e1raml\u00e1s, a kett\u0151s vaping m\u00f3d \u00e9s a kett\u0151s h\u00e1l\u00f3s tekercs t\u00f6k\u00e9letes v\u00e1laszt\u00e1ss\u00e1 teszi a megb\u00edzhat\u00f3 \u00e9s \u00e9lvezetes \u00e9lm\u00e9nyt keres\u0151 vaperek sz\u00e1m\u00e1ra. V\u00e1lassza a VIMAXI-t \u00e9s emelje \u00faj magass\u00e1gokba a g\u0151z\u00f6l\u00e9st.<\/p>\n<h2><strong>Maskking VIMAXI 20000 Puffs Jellemz\u0151k:<\/strong><\/h2>\n<ul>\n<li>Puffok: 20000<\/li>\n<li>Akkumul\u00e1tor kapacit\u00e1s: 600mAh (C-t\u00edpus\u00fa)<\/li>\n<li>M\u00f3d: Turbo &amp; Norm<\/li>\n<li>Nikotin: 2% \u00e9s 5%<\/li>\n<li>Ellen\u00e1ll\u00e1s: 1.2\u03a9<\/li>\n<li>M\u00e9ret: 51 x 27 x 91,76 mm<\/li>\n<li>S\u00faly: 78g<\/li>\n<\/ul>\n<h2><strong>Maskking VIMAXI 20000 Puffs \u00cdzek:<\/strong><\/h2>\n<ol>\n<li>Feh\u00e9r gumimacik<\/li>\n<li>Eper j\u00e9g<\/li>\n<li>Fekete ribizli<\/li>\n<li>Blue Razz<\/li>\n<li>Cool Mint<\/li>\n<li>Z\u00f6ld alma<\/li>\n<li>Eper ban\u00e1n<\/li>\n<li>Alma barack<\/li>\n<li>Eper licsi<\/li>\n<li>Eper mang\u00f3<\/li>\n<li>Sz\u0151l\u0151 j\u00e9g<\/li>\n<li>Eper menta limon\u00e1d\u00e9<\/li>\n<li>Menta dinnye<\/li>\n<li>Kiwi g\u00f6r\u00f6gdinnye<\/li>\n<li>Mang\u00f3 anan\u00e1sz<\/li>\n<li>Barack bogy\u00f3<\/li>\n<\/ol>\n<h2><strong>Csomagol\u00e1si lista:<\/strong><\/h2>\n<p>1db darab Egyedi doboz<br \/>\n10db Display doboz<br \/>\n200db dobozonk\u00e9nt<\/p>\n<p><img loading=\"lazy\" decoding=\"async\" class=\"alignnone wp-image-20160 size-full\" title=\"Nagykereskedelmi Maskking Vimaxi 20000 Puffs eldobhat\u00f3 Vape 1\" src=\"https:\/\/www.vapeswholesaler.com\/wp-content\/uploads\/2024\/11\/Wholesale-Maskking-Vimaxi-20000-Puffs-Disposable-Vape-1.webp\" alt=\"Nagykereskedelmi Maskking Vimaxi 20000 Puffs eldobhat\u00f3 Vape 1\" width=\"800\" height=\"450\" srcset=\"https:\/\/www.vapeswholesaler.com\/wp-content\/uploads\/2024\/11\/Wholesale-Maskking-Vimaxi-20000-Puffs-Disposable-Vape-1.webp 800w, https:\/\/www.vapeswholesaler.com\/wp-content\/uploads\/2024\/11\/Wholesale-Maskking-Vimaxi-20000-Puffs-Disposable-Vape-1-300x169.webp 300w, https:\/\/www.vapeswholesaler.com\/wp-content\/uploads\/2024\/11\/Wholesale-Maskking-Vimaxi-20000-Puffs-Disposable-Vape-1-768x432.webp 768w, https:\/\/www.vapeswholesaler.com\/wp-content\/uploads\/2024\/11\/Wholesale-Maskking-Vimaxi-20000-Puffs-Disposable-Vape-1-18x10.webp 18w, https:\/\/www.vapeswholesaler.com\/wp-content\/uploads\/2024\/11\/Wholesale-Maskking-Vimaxi-20000-Puffs-Disposable-Vape-1-510x287.webp 510w\" sizes=\"auto, (max-width: 800px) 100vw, 800px\" \/> <img loading=\"lazy\" decoding=\"async\" class=\"alignnone wp-image-20161 size-full\" title=\"Nagykereskedelmi Maskking Vimaxi 20000 Puffs eldobhat\u00f3 Vape 2\" src=\"https:\/\/www.vapeswholesaler.com\/wp-content\/uploads\/2024\/11\/Wholesale-Maskking-Vimaxi-20000-Puffs-Disposable-Vape-2.webp\" alt=\"Nagykereskedelmi Maskking Vimaxi 20000 Puffs eldobhat\u00f3 Vape 2\" width=\"800\" height=\"165\" srcset=\"https:\/\/www.vapeswholesaler.com\/wp-content\/uploads\/2024\/11\/Wholesale-Maskking-Vimaxi-20000-Puffs-Disposable-Vape-2.webp 800w, https:\/\/www.vapeswholesaler.com\/wp-content\/uploads\/2024\/11\/Wholesale-Maskking-Vimaxi-20000-Puffs-Disposable-Vape-2-300x62.webp 300w, https:\/\/www.vapeswholesaler.com\/wp-content\/uploads\/2024\/11\/Wholesale-Maskking-Vimaxi-20000-Puffs-Disposable-Vape-2-768x158.webp 768w, https:\/\/www.vapeswholesaler.com\/wp-content\/uploads\/2024\/11\/Wholesale-Maskking-Vimaxi-20000-Puffs-Disposable-Vape-2-18x4.webp 18w, https:\/\/www.vapeswholesaler.com\/wp-content\/uploads\/2024\/11\/Wholesale-Maskking-Vimaxi-20000-Puffs-Disposable-Vape-2-510x105.webp 510w\" sizes=\"auto, (max-width: 800px) 100vw, 800px\" \/> <img loading=\"lazy\" decoding=\"async\" class=\"alignnone wp-image-20162 size-full\" title=\"Nagykereskedelmi Maskking Vimaxi 20000 Puffs eldobhat\u00f3 Vape 3\" src=\"https:\/\/www.vapeswholesaler.com\/wp-content\/uploads\/2024\/11\/Wholesale-Maskking-Vimaxi-20000-Puffs-Disposable-Vape-3.webp\" alt=\"Nagykereskedelmi Maskking Vimaxi 20000 Puffs eldobhat\u00f3 Vape 3\" width=\"800\" height=\"383\" srcset=\"https:\/\/www.vapeswholesaler.com\/wp-content\/uploads\/2024\/11\/Wholesale-Maskking-Vimaxi-20000-Puffs-Disposable-Vape-3.webp 800w, https:\/\/www.vapeswholesaler.com\/wp-content\/uploads\/2024\/11\/Wholesale-Maskking-Vimaxi-20000-Puffs-Disposable-Vape-3-300x144.webp 300w, https:\/\/www.vapeswholesaler.com\/wp-content\/uploads\/2024\/11\/Wholesale-Maskking-Vimaxi-20000-Puffs-Disposable-Vape-3-768x368.webp 768w, https:\/\/www.vapeswholesaler.com\/wp-content\/uploads\/2024\/11\/Wholesale-Maskking-Vimaxi-20000-Puffs-Disposable-Vape-3-18x9.webp 18w, https:\/\/www.vapeswholesaler.com\/wp-content\/uploads\/2024\/11\/Wholesale-Maskking-Vimaxi-20000-Puffs-Disposable-Vape-3-510x244.webp 510w\" sizes=\"auto, (max-width: 800px) 100vw, 800px\" \/> <img loading=\"lazy\" decoding=\"async\" class=\"alignnone wp-image-20163 size-full\" title=\"Nagykereskedelmi Maskking Vimaxi 20000 Puffs eldobhat\u00f3 Vape 4\" src=\"https:\/\/www.vapeswholesaler.com\/wp-content\/uploads\/2024\/11\/Wholesale-Maskking-Vimaxi-20000-Puffs-Disposable-Vape-4.webp\" alt=\"Nagykereskedelmi Maskking Vimaxi 20000 Puffs eldobhat\u00f3 Vape 4\" width=\"800\" height=\"383\" srcset=\"https:\/\/www.vapeswholesaler.com\/wp-content\/uploads\/2024\/11\/Wholesale-Maskking-Vimaxi-20000-Puffs-Disposable-Vape-4.webp 800w, https:\/\/www.vapeswholesaler.com\/wp-content\/uploads\/2024\/11\/Wholesale-Maskking-Vimaxi-20000-Puffs-Disposable-Vape-4-300x144.webp 300w, https:\/\/www.vapeswholesaler.com\/wp-content\/uploads\/2024\/11\/Wholesale-Maskking-Vimaxi-20000-Puffs-Disposable-Vape-4-768x368.webp 768w, https:\/\/www.vapeswholesaler.com\/wp-content\/uploads\/2024\/11\/Wholesale-Maskking-Vimaxi-20000-Puffs-Disposable-Vape-4-18x9.webp 18w, https:\/\/www.vapeswholesaler.com\/wp-content\/uploads\/2024\/11\/Wholesale-Maskking-Vimaxi-20000-Puffs-Disposable-Vape-4-510x244.webp 510w\" sizes=\"auto, (max-width: 800px) 100vw, 800px\" \/> <img loading=\"lazy\" decoding=\"async\" class=\"alignnone wp-image-20164 size-full\" title=\"Nagykereskedelmi Maskking Vimaxi 20000 Puffs eldobhat\u00f3 Vape 5\" src=\"https:\/\/www.vapeswholesaler.com\/wp-content\/uploads\/2024\/11\/Wholesale-Maskking-Vimaxi-20000-Puffs-Disposable-Vape-5.webp\" alt=\"Nagykereskedelmi Maskking Vimaxi 20000 Puffs eldobhat\u00f3 Vape 5\" width=\"800\" height=\"383\" srcset=\"https:\/\/www.vapeswholesaler.com\/wp-content\/uploads\/2024\/11\/Wholesale-Maskking-Vimaxi-20000-Puffs-Disposable-Vape-5.webp 800w, https:\/\/www.vapeswholesaler.com\/wp-content\/uploads\/2024\/11\/Wholesale-Maskking-Vimaxi-20000-Puffs-Disposable-Vape-5-300x144.webp 300w, https:\/\/www.vapeswholesaler.com\/wp-content\/uploads\/2024\/11\/Wholesale-Maskking-Vimaxi-20000-Puffs-Disposable-Vape-5-768x368.webp 768w, https:\/\/www.vapeswholesaler.com\/wp-content\/uploads\/2024\/11\/Wholesale-Maskking-Vimaxi-20000-Puffs-Disposable-Vape-5-18x9.webp 18w, https:\/\/www.vapeswholesaler.com\/wp-content\/uploads\/2024\/11\/Wholesale-Maskking-Vimaxi-20000-Puffs-Disposable-Vape-5-510x244.webp 510w\" sizes=\"auto, (max-width: 800px) 100vw, 800px\" \/> <img loading=\"lazy\" decoding=\"async\" class=\"alignnone wp-image-20165 size-full\" title=\"Nagykereskedelmi Maskking Vimaxi 20000 Puffs eldobhat\u00f3 Vape 6\" src=\"https:\/\/www.vapeswholesaler.com\/wp-content\/uploads\/2024\/11\/Wholesale-Maskking-Vimaxi-20000-Puffs-Disposable-Vape-6.webp\" alt=\"Nagykereskedelmi Maskking Vimaxi 20000 Puffs eldobhat\u00f3 Vape 6\" width=\"800\" height=\"384\" srcset=\"https:\/\/www.vapeswholesaler.com\/wp-content\/uploads\/2024\/11\/Wholesale-Maskking-Vimaxi-20000-Puffs-Disposable-Vape-6.webp 800w, https:\/\/www.vapeswholesaler.com\/wp-content\/uploads\/2024\/11\/Wholesale-Maskking-Vimaxi-20000-Puffs-Disposable-Vape-6-300x144.webp 300w, https:\/\/www.vapeswholesaler.com\/wp-content\/uploads\/2024\/11\/Wholesale-Maskking-Vimaxi-20000-Puffs-Disposable-Vape-6-768x369.webp 768w, https:\/\/www.vapeswholesaler.com\/wp-content\/uploads\/2024\/11\/Wholesale-Maskking-Vimaxi-20000-Puffs-Disposable-Vape-6-18x9.webp 18w, https:\/\/www.vapeswholesaler.com\/wp-content\/uploads\/2024\/11\/Wholesale-Maskking-Vimaxi-20000-Puffs-Disposable-Vape-6-510x245.webp 510w\" sizes=\"auto, (max-width: 800px) 100vw, 800px\" \/> <img loading=\"lazy\" decoding=\"async\" class=\"alignnone wp-image-20166 size-full\" title=\"Nagykereskedelmi Maskking Vimaxi 20000 Puffs eldobhat\u00f3 Vape 7\" src=\"https:\/\/www.vapeswholesaler.com\/wp-content\/uploads\/2024\/11\/Wholesale-Maskking-Vimaxi-20000-Puffs-Disposable-Vape-7.webp\" alt=\"Nagykereskedelmi Maskking Vimaxi 20000 Puffs eldobhat\u00f3 Vape 7\" width=\"800\" height=\"451\" srcset=\"https:\/\/www.vapeswholesaler.com\/wp-content\/uploads\/2024\/11\/Wholesale-Maskking-Vimaxi-20000-Puffs-Disposable-Vape-7.webp 800w, https:\/\/www.vapeswholesaler.com\/wp-content\/uploads\/2024\/11\/Wholesale-Maskking-Vimaxi-20000-Puffs-Disposable-Vape-7-300x169.webp 300w, https:\/\/www.vapeswholesaler.com\/wp-content\/uploads\/2024\/11\/Wholesale-Maskking-Vimaxi-20000-Puffs-Disposable-Vape-7-768x433.webp 768w, https:\/\/www.vapeswholesaler.com\/wp-content\/uploads\/2024\/11\/Wholesale-Maskking-Vimaxi-20000-Puffs-Disposable-Vape-7-18x10.webp 18w, https:\/\/www.vapeswholesaler.com\/wp-content\/uploads\/2024\/11\/Wholesale-Maskking-Vimaxi-20000-Puffs-Disposable-Vape-7-510x288.webp 510w\" sizes=\"auto, (max-width: 800px) 100vw, 800px\" \/> <img loading=\"lazy\" decoding=\"async\" class=\"alignnone wp-image-20167 size-full\" title=\"Nagykereskedelmi Maskking Vimaxi 20000 Puffs eldobhat\u00f3 Vape 8\" src=\"https:\/\/www.vapeswholesaler.com\/wp-content\/uploads\/2024\/11\/Wholesale-Maskking-Vimaxi-20000-Puffs-Disposable-Vape-8.webp\" alt=\"Nagykereskedelmi Maskking Vimaxi 20000 Puffs eldobhat\u00f3 Vape 8\" width=\"800\" height=\"450\" srcset=\"https:\/\/www.vapeswholesaler.com\/wp-content\/uploads\/2024\/11\/Wholesale-Maskking-Vimaxi-20000-Puffs-Disposable-Vape-8.webp 800w, https:\/\/www.vapeswholesaler.com\/wp-content\/uploads\/2024\/11\/Wholesale-Maskking-Vimaxi-20000-Puffs-Disposable-Vape-8-300x169.webp 300w, https:\/\/www.vapeswholesaler.com\/wp-content\/uploads\/2024\/11\/Wholesale-Maskking-Vimaxi-20000-Puffs-Disposable-Vape-8-768x432.webp 768w, https:\/\/www.vapeswholesaler.com\/wp-content\/uploads\/2024\/11\/Wholesale-Maskking-Vimaxi-20000-Puffs-Disposable-Vape-8-18x10.webp 18w, https:\/\/www.vapeswholesaler.com\/wp-content\/uploads\/2024\/11\/Wholesale-Maskking-Vimaxi-20000-Puffs-Disposable-Vape-8-510x287.webp 510w\" sizes=\"auto, (max-width: 800px) 100vw, 800px\" \/> <img loading=\"lazy\" decoding=\"async\" class=\"alignnone wp-image-20168 size-full\" title=\"Nagykereskedelmi Maskking Vimaxi 20000 Puffs eldobhat\u00f3 Vape 9\" src=\"https:\/\/www.vapeswholesaler.com\/wp-content\/uploads\/2024\/11\/Wholesale-Maskking-Vimaxi-20000-Puffs-Disposable-Vape-9.webp\" alt=\"Nagykereskedelmi Maskking Vimaxi 20000 Puffs eldobhat\u00f3 Vape 9\" width=\"800\" height=\"407\" srcset=\"https:\/\/www.vapeswholesaler.com\/wp-content\/uploads\/2024\/11\/Wholesale-Maskking-Vimaxi-20000-Puffs-Disposable-Vape-9.webp 800w, https:\/\/www.vapeswholesaler.com\/wp-content\/uploads\/2024\/11\/Wholesale-Maskking-Vimaxi-20000-Puffs-Disposable-Vape-9-300x153.webp 300w, https:\/\/www.vapeswholesaler.com\/wp-content\/uploads\/2024\/11\/Wholesale-Maskking-Vimaxi-20000-Puffs-Disposable-Vape-9-768x391.webp 768w, https:\/\/www.vapeswholesaler.com\/wp-content\/uploads\/2024\/11\/Wholesale-Maskking-Vimaxi-20000-Puffs-Disposable-Vape-9-18x9.webp 18w, https:\/\/www.vapeswholesaler.com\/wp-content\/uploads\/2024\/11\/Wholesale-Maskking-Vimaxi-20000-Puffs-Disposable-Vape-9-510x259.webp 510w\" sizes=\"auto, (max-width: 800px) 100vw, 800px\" \/><\/p>","protected":false},"excerpt":{"rendered":"<p>Minim\u00e1lis rendel\u00e9si mennyis\u00e9g: (Mix \u00edzek)\u00a0 <strong>Ingyenes sz\u00e1ll\u00edt\u00e1s<\/strong><\/p>\n<p>\uff08<strong>2%, 5%<\/strong>\uff09<\/p>","protected":false},"featured_media":20176,"comment_status":"open","ping_status":"closed","template":"","meta":[],"product_cat":[15],"product_tag":[],"class_list":{"0":"post-20185","1":"product","2":"type-product","3":"status-publish","4":"has-post-thumbnail","6":"product_cat-disposable-vape","7":"product_brand-maskking","9":"first","10":"instock","11":"shipping-taxable","12":"purchasable","13":"product-type-variable","14":"has-default-attributes"},"aioseo_notices":[],"_links":{"self":[{"href":"https:\/\/www.vapeswholesaler.com\/hu\/wp-json\/wp\/v2\/product\/20185","targetHints":{"allow":["GET"]}}],"collection":[{"href":"https:\/\/www.vapeswholesaler.com\/hu\/wp-json\/wp\/v2\/product"}],"about":[{"href":"https:\/\/www.vapeswholesaler.com\/hu\/wp-json\/wp\/v2\/types\/product"}],"replies":[{"embeddable":true,"href":"https:\/\/www.vapeswholesaler.com\/hu\/wp-json\/wp\/v2\/comments?post=20185"}],"wp:featuredmedia":[{"embeddable":true,"href":"https:\/\/www.vapeswholesaler.com\/hu\/wp-json\/wp\/v2\/media\/20176"}],"wp:attachment":[{"href":"https:\/\/www.vapeswholesaler.com\/hu\/wp-json\/wp\/v2\/media?parent=20185"}],"wp:term":[{"taxonomy":"product_cat","embeddable":true,"href":"https:\/\/www.vapeswholesaler.com\/hu\/wp-json\/wp\/v2\/product_cat?post=20185"},{"taxonomy":"product_tag","embeddable":true,"href":"https:\/\/www.vapeswholesaler.com\/hu\/wp-json\/wp\/v2\/product_tag?post=20185"}],"curies":[{"name":"wp","href":"https:\/\/api.w.org\/{rel}","templated":true}]}}