{"id":19952,"date":"2024-10-27T16:11:34","date_gmt":"2024-10-27T08:11:34","guid":{"rendered":"https:\/\/www.vapeswholesaler.com\/?post_type=product&#038;p=19952"},"modified":"2025-03-18T12:13:21","modified_gmt":"2025-03-18T04:13:21","slug":"nagykereskedelmi-bang-king-30k-pro-30000-puffs-eldobhato-vape","status":"publish","type":"product","link":"https:\/\/www.vapeswholesaler.com\/hu\/termek\/nagykereskedelmi-bang-king-30k-pro-30000-puffs-eldobhato-vape","title":{"rendered":"Wholesle Bang King 30K Pro 30000 Puffs eldobhat\u00f3 vape"},"content":{"rendered":"<p><a href=\"https:\/\/www.vapeswholesaler.com\/hu\/product_brand\/bang\/\">Bang<\/a> A King 30K Pro 30000 Puffs ak\u00e1r 30.000 puffot is k\u00edn\u00e1l nagy, 36 ml-es e-folyad\u00e9k kapacit\u00e1ssal, \u00edgy ez az egyik leghosszabb \u00e9lettartam\u00fa eldobhat\u00f3 p\u00e1rologtat\u00f3. V\u00e1lasszon a 0%, 2%, 3%, vagy 5% nikotin er\u0151ss\u00e9g k\u00f6z\u00fcl, hogy megfeleljen az \u00d6n preferenci\u00e1inak, biztos\u00edtva a sima \u00e9s kiel\u00e9g\u00edt\u0151 vape-ot.<\/p>\n<p>A 850mAh-s \u00fajrat\u00f6lthet\u0151 akkumul\u00e1torral \u00e9s Type-C t\u00f6lt\u00e9ssel felszerelt k\u00e9sz\u00fcl\u00e9ket a hossz\u00fa \u00e9lettartam \u00e9s a k\u00e9nyelem jegy\u00e9ben tervezt\u00e9k, \u00e9s megb\u00edzhat\u00f3 energi\u00e1t biztos\u00edt az eg\u00e9sz \u00e9lettartama alatt. Az 1,0\u03a9-os h\u00e1l\u00f3s tekercs fokozza az \u00edzkihord\u00e1st, gazdag g\u0151zt hozva l\u00e9tre minden egyes h\u00faz\u00e1ssal. A 12 egyedi \u00edzben kaphat\u00f3 Bang King 30000 Pro t\u00f6k\u00e9letes a nagy kapacit\u00e1s\u00fa, probl\u00e9mamentes p\u00e1rologtat\u00e1si megold\u00e1st keres\u0151 felhaszn\u00e1l\u00f3k sz\u00e1m\u00e1ra. Minden doboz 10 eldobhat\u00f3 egys\u00e9get tartalmaz, \u00edgy kiv\u00e1l\u00f3 v\u00e1laszt\u00e1s mind szem\u00e9lyes haszn\u00e1latra, mind kiskereskedelemre, Nagykereskedelem a vapeswholesaler-n\u00e9l.<\/p>\n<h2><strong><a href=\"https:\/\/www.facebook.com\/fred.luo.58\/\">Bang<\/a> King 30K Pro 30000 Puffs Jellemz\u0151k:<\/strong><\/h2>\n<ul>\n<li>Nicotine:0%\/2%\/3%\/5%<\/li>\n<li>Puffs\uff1a 30000 puff<\/li>\n<li>Akkumul\u00e1tor: 850 mah<\/li>\n<li>Kapacit\u00e1s: 36ML<\/li>\n<li>Ellen\u00e1ll\u00e1s\uff1a1.0 \u03a9 h\u00e1l\u00f3s tekercs<\/li>\n<li>\u00dajrat\u00f6lthet\u0151: C t\u00edpus\u00fa<\/li>\n<li>Eldobhat\u00f3 eszk\u00f6z<\/li>\n<\/ul>\n<h2><strong>\u00cdzek:<\/strong><\/h2>\n<ol>\n<li>Eper g\u00f6r\u00f6gdinnye<\/li>\n<li>\u00c1fonya j\u00e9g<\/li>\n<li>Friss menta<\/li>\n<li>Eper sz\u0151l\u0151<\/li>\n<li>\u00c1fonya \u00e1fonya cseresznye<\/li>\n<li>G\u00f6r\u00f6gdinnye<\/li>\n<li>Eper Kiwi<\/li>\n<li>Menta k\u00e9k Razz<\/li>\n<li>H\u00e1romszoros bogy\u00f3<\/li>\n<li>g\u00f6r\u00f6gdinnye cseresznye<\/li>\n<li>M\u00e1lna s\u00f6t\u00e9t csillog\u00e1s<\/li>\n<li>\u00c1fonya m\u00e1lna<\/li>\n<\/ol>\n<h2><strong>Csomagol\u00e1si lista:<\/strong><\/h2>\n<p>1db minden egyes doboz<br \/>\n10db minden egyes kijelz\u0151 doboz<br \/>\n200db kartononk\u00e9nt<\/p>\n<figure id=\"attachment_19935\" aria-describedby=\"caption-attachment-19935\" style=\"width: 800px\" class=\"wp-caption alignnone\"><img loading=\"lazy\" decoding=\"async\" class=\"wp-image-19935 size-full\" title=\"Wholesle Bang King 30K Pro 30000 Puffs eldobhat\u00f3 vape 1\" src=\"https:\/\/www.vapeswholesaler.com\/wp-content\/uploads\/2024\/10\/Wholesle-Bang-King-30K-Pro-30000-Puffs-Disposable-vape-1.webp\" alt=\"Wholesle Bang King 30K Pro 30000 Puffs eldobhat\u00f3 vape 1\" width=\"800\" height=\"1200\" srcset=\"https:\/\/www.vapeswholesaler.com\/wp-content\/uploads\/2024\/10\/Wholesle-Bang-King-30K-Pro-30000-Puffs-Disposable-vape-1.webp 800w, https:\/\/www.vapeswholesaler.com\/wp-content\/uploads\/2024\/10\/Wholesle-Bang-King-30K-Pro-30000-Puffs-Disposable-vape-1-200x300.webp 200w, https:\/\/www.vapeswholesaler.com\/wp-content\/uploads\/2024\/10\/Wholesle-Bang-King-30K-Pro-30000-Puffs-Disposable-vape-1-683x1024.webp 683w, https:\/\/www.vapeswholesaler.com\/wp-content\/uploads\/2024\/10\/Wholesle-Bang-King-30K-Pro-30000-Puffs-Disposable-vape-1-768x1152.webp 768w, https:\/\/www.vapeswholesaler.com\/wp-content\/uploads\/2024\/10\/Wholesle-Bang-King-30K-Pro-30000-Puffs-Disposable-vape-1-8x12.webp 8w, https:\/\/www.vapeswholesaler.com\/wp-content\/uploads\/2024\/10\/Wholesle-Bang-King-30K-Pro-30000-Puffs-Disposable-vape-1-510x765.webp 510w\" sizes=\"auto, (max-width: 800px) 100vw, 800px\" \/><figcaption id=\"caption-attachment-19935\" class=\"wp-caption-text\">Wholesle Bang King 30K Pro 30000 Puffs eldobhat\u00f3 vape<\/figcaption><\/figure>","protected":false},"excerpt":{"rendered":"<p>Minim\u00e1lis rendel\u00e9si mennyis\u00e9g:\u00a0<strong>50db<\/strong>\u00a0(\u00cdzek kever\u00e9se)\u00a0\u00a0<strong>Ingyenes sz\u00e1ll\u00edt\u00e1s<\/strong><\/p>\n<p>(<strong>2%, 5% Nic<\/strong>)<\/p>","protected":false},"featured_media":19951,"comment_status":"open","ping_status":"closed","template":"","meta":[],"product_cat":[15],"product_tag":[388,368,374],"class_list":{"0":"post-19952","1":"product","2":"type-product","3":"status-publish","4":"has-post-thumbnail","6":"product_cat-disposable-vape","7":"product_tag-bang","8":"product_tag-bang-king","9":"product_tag-30000-puffs","10":"product_brand-bang","12":"first","13":"instock","14":"shipping-taxable","15":"purchasable","16":"product-type-variable","17":"has-default-attributes"},"aioseo_notices":[],"_links":{"self":[{"href":"https:\/\/www.vapeswholesaler.com\/hu\/wp-json\/wp\/v2\/product\/19952","targetHints":{"allow":["GET"]}}],"collection":[{"href":"https:\/\/www.vapeswholesaler.com\/hu\/wp-json\/wp\/v2\/product"}],"about":[{"href":"https:\/\/www.vapeswholesaler.com\/hu\/wp-json\/wp\/v2\/types\/product"}],"replies":[{"embeddable":true,"href":"https:\/\/www.vapeswholesaler.com\/hu\/wp-json\/wp\/v2\/comments?post=19952"}],"wp:featuredmedia":[{"embeddable":true,"href":"https:\/\/www.vapeswholesaler.com\/hu\/wp-json\/wp\/v2\/media\/19951"}],"wp:attachment":[{"href":"https:\/\/www.vapeswholesaler.com\/hu\/wp-json\/wp\/v2\/media?parent=19952"}],"wp:term":[{"taxonomy":"product_cat","embeddable":true,"href":"https:\/\/www.vapeswholesaler.com\/hu\/wp-json\/wp\/v2\/product_cat?post=19952"},{"taxonomy":"product_tag","embeddable":true,"href":"https:\/\/www.vapeswholesaler.com\/hu\/wp-json\/wp\/v2\/product_tag?post=19952"}],"curies":[{"name":"wp","href":"https:\/\/api.w.org\/{rel}","templated":true}]}}