{"id":19741,"date":"2024-10-16T18:53:16","date_gmt":"2024-10-16T10:53:16","guid":{"rendered":"https:\/\/www.vapeswholesaler.com\/?post_type=product&#038;p=19741"},"modified":"2026-04-28T02:19:01","modified_gmt":"2026-04-27T18:19:01","slug":"wholesale-zooy-30000-puffs-double-flavors-disposable-vape","status":"publish","type":"product","link":"https:\/\/www.vapeswholesaler.com\/hu\/termek\/wholesale-zooy-30000-puffs-double-flavors-disposable-vape","title":{"rendered":"Nagykereskedelmi ZOOY 30000 Puffs Dupla \u00edzek eldobhat\u00f3 Vape"},"content":{"rendered":"<p><a href=\"https:\/\/www.vapeswholesaler.com\/hu\/product_brand\/zooy\/\">ZOOY<\/a> 30000 PUFFS e-cigarette is made for enthusiasts; it features an adjustable airflow control on the bottom and a large display screen where you can track your vaping habits. The ZOOY 30000 PUFFS has a dual mesh super coil with power settings ranging from 12W to 28W. There are ten flavors available for this solid-state e-cigarette, which has a 650mAh rechargeable battery.<\/p>\n<p>This e-cigarette is made for enthusiasts; it features an adjustable airflow control on the bottom and a large display screen where you can track your vaping habits. come with dual mesh super coil with power settings ranging from 12W to 28W. There are ten flavors available for zooy 30000 Puffs, which has a 650mAh rechargeable battery.<\/p>\n<p>Zooy has integrated cutting-edge Mesh Coil technology into the Zooy 30000, featuring a low resistance coil. This advancement maximizes the heating surface area for smoother draws and richer vapor.The Mesh Coil design ensures that the e-liquid heats evenly and consistently for an impeccable flavor experience. Say goodbye to dry burning and uneven flavor distribution and enjoy the superior performance of our Mesh Coil disposable e-cigarettes.<\/p>\n<p>The ZOOY 30000 Puffs is a sophisticated e-cigarette with an eye-catching colorful display screen. With a capacity of 36ml, it comes with two different flavors. we currently have stock in our European warehouse, shipping time to most European countries is only 5-6 business days, welcome to become a vapeswholesaler partner.<\/p>\n<h2><strong><a href=\"https:\/\/www.facebook.com\/fred.luo.58\">ZOOY<\/a> 30000 Puffs Double flavors Disposable Vape Features:<\/strong><\/h2>\n<ul>\n<li>Puffok:30000 Puffok<\/li>\n<li>Dupla \u00edzek<\/li>\n<li>Kapacit\u00e1s: 36ml<\/li>\n<li>Akkumul\u00e1tor: 850mAh<\/li>\n<li>Nikotin:0% 2% 3% 5% 5%<\/li>\n<li>10 Double Flavors Available<\/li>\n<li>Kett\u0151s h\u00e1l\u00f3s tekercs<\/li>\n<li>Intelligens k\u00e9perny\u0151: e-juice\/energia kijelz\u0151<\/li>\n<li>EU Warehouse &amp; China warehouse<\/li>\n<\/ul>\n<h2><strong>\u00cdzek:<\/strong><\/h2>\n<ol>\n<li>Blueberry Ice &amp; Triple Melon<\/li>\n<li>Grape Mint &amp; Strawberry Banana<\/li>\n<li>Love 66 &amp; Cola Ice<\/li>\n<li>Pineapple Coconut &amp; Apple Ice<\/li>\n<li>Redberry Cherry &amp; Mixed Berries<\/li>\n<li>Red Bull &amp; Strawberry Kiwi<\/li>\n<li>Strawberry Ice Cream &amp; Peach Mango Milkshake<\/li>\n<li>Strawberry Watermelon &amp; Pink Lemonade<\/li>\n<li>Watermelon Bubblegum &amp; Coffee Ice<\/li>\n<li>Watermelon Ice &amp; Blue Raspberry Lemon<\/li>\n<\/ol>\n<h2><strong>Csomagol\u00e1si lista:<\/strong><\/h2>\n<p>1db minden egyes doboz<br \/>\n10db minden egyes kijelz\u0151 doboz<br \/>\n200db kartononk\u00e9nt<\/p>\n<figure id=\"attachment_20549\" aria-describedby=\"caption-attachment-20549\" style=\"width: 800px\" class=\"wp-caption alignnone\"><img loading=\"lazy\" decoding=\"async\" class=\"wp-image-20549 size-full\" title=\"Wholesale ZOOY 30000 Puffs Double Flavors Disposable Vape 6\" src=\"https:\/\/www.vapeswholesaler.com\/wp-content\/uploads\/2024\/11\/Wholesale-ZOOY-30000-Puffs-Double-Flavors-Disposable-Vape-6.webp\" alt=\"Wholesale ZOOY 30000 Puffs Double Flavors Disposable Vape 6\" width=\"800\" height=\"280\" srcset=\"https:\/\/www.vapeswholesaler.com\/wp-content\/uploads\/2024\/11\/Wholesale-ZOOY-30000-Puffs-Double-Flavors-Disposable-Vape-6.webp 800w, https:\/\/www.vapeswholesaler.com\/wp-content\/uploads\/2024\/11\/Wholesale-ZOOY-30000-Puffs-Double-Flavors-Disposable-Vape-6-300x105.webp 300w, https:\/\/www.vapeswholesaler.com\/wp-content\/uploads\/2024\/11\/Wholesale-ZOOY-30000-Puffs-Double-Flavors-Disposable-Vape-6-768x269.webp 768w, https:\/\/www.vapeswholesaler.com\/wp-content\/uploads\/2024\/11\/Wholesale-ZOOY-30000-Puffs-Double-Flavors-Disposable-Vape-6-18x6.webp 18w, https:\/\/www.vapeswholesaler.com\/wp-content\/uploads\/2024\/11\/Wholesale-ZOOY-30000-Puffs-Double-Flavors-Disposable-Vape-6-510x179.webp 510w\" sizes=\"auto, (max-width: 800px) 100vw, 800px\" \/><figcaption id=\"caption-attachment-20549\" class=\"wp-caption-text\">Wholesale ZOOY 30000 Puffs Double Flavors Disposable Vape<\/figcaption><\/figure>\n<figure id=\"attachment_20547\" aria-describedby=\"caption-attachment-20547\" style=\"width: 800px\" class=\"wp-caption alignnone\"><img loading=\"lazy\" decoding=\"async\" class=\"wp-image-20547 size-full\" title=\"Wholesale ZOOY 30000 Puffs Double Flavors Disposable Vape 4\" src=\"https:\/\/www.vapeswholesaler.com\/wp-content\/uploads\/2024\/11\/Wholesale-ZOOY-30000-Puffs-Double-Flavors-Disposable-Vape-4.webp\" alt=\"Wholesale ZOOY 30000 Puffs Double Flavors Disposable Vape 4\" width=\"800\" height=\"600\" srcset=\"https:\/\/www.vapeswholesaler.com\/wp-content\/uploads\/2024\/11\/Wholesale-ZOOY-30000-Puffs-Double-Flavors-Disposable-Vape-4.webp 800w, https:\/\/www.vapeswholesaler.com\/wp-content\/uploads\/2024\/11\/Wholesale-ZOOY-30000-Puffs-Double-Flavors-Disposable-Vape-4-300x225.webp 300w, https:\/\/www.vapeswholesaler.com\/wp-content\/uploads\/2024\/11\/Wholesale-ZOOY-30000-Puffs-Double-Flavors-Disposable-Vape-4-768x576.webp 768w, https:\/\/www.vapeswholesaler.com\/wp-content\/uploads\/2024\/11\/Wholesale-ZOOY-30000-Puffs-Double-Flavors-Disposable-Vape-4-16x12.webp 16w, https:\/\/www.vapeswholesaler.com\/wp-content\/uploads\/2024\/11\/Wholesale-ZOOY-30000-Puffs-Double-Flavors-Disposable-Vape-4-510x383.webp 510w\" sizes=\"auto, (max-width: 800px) 100vw, 800px\" \/><figcaption id=\"caption-attachment-20547\" class=\"wp-caption-text\">Wholesale ZOOY 30000 Puffs Double Flavors Disposable Vape<\/figcaption><\/figure>\n<p>&nbsp;<\/p>","protected":false},"excerpt":{"rendered":"<p>Minim\u00e1lis rendel\u00e9si mennyis\u00e9g:\u00a0<strong>50db<\/strong>\u00a0(\u00cdzek kever\u00e9se)\u00a0\u00a0<strong>Ingyenes sz\u00e1ll\u00edt\u00e1s<\/strong><\/p>\n<p>(<strong>2%, 5% Nic<\/strong>) EU rakt\u00e1r Sz\u00e1ll\u00edt\u00e1si id\u0151 5-6 munkanap<\/p>","protected":false},"featured_media":20548,"comment_status":"open","ping_status":"closed","template":"","meta":[],"product_cat":[15],"product_tag":[369,371,373,374],"class_list":{"0":"post-19741","1":"product","2":"type-product","3":"status-publish","4":"has-post-thumbnail","6":"product_cat-disposable-vape","7":"product_tag-dual-flavors","8":"product_tag-zooy","9":"product_tag-europe-warehouse","10":"product_tag-30000-puffs","11":"product_brand-zooy","13":"first","14":"instock","15":"shipping-taxable","16":"purchasable","17":"product-type-variable","18":"has-default-attributes"},"aioseo_notices":[],"_links":{"self":[{"href":"https:\/\/www.vapeswholesaler.com\/hu\/wp-json\/wp\/v2\/product\/19741","targetHints":{"allow":["GET"]}}],"collection":[{"href":"https:\/\/www.vapeswholesaler.com\/hu\/wp-json\/wp\/v2\/product"}],"about":[{"href":"https:\/\/www.vapeswholesaler.com\/hu\/wp-json\/wp\/v2\/types\/product"}],"replies":[{"embeddable":true,"href":"https:\/\/www.vapeswholesaler.com\/hu\/wp-json\/wp\/v2\/comments?post=19741"}],"wp:featuredmedia":[{"embeddable":true,"href":"https:\/\/www.vapeswholesaler.com\/hu\/wp-json\/wp\/v2\/media\/20548"}],"wp:attachment":[{"href":"https:\/\/www.vapeswholesaler.com\/hu\/wp-json\/wp\/v2\/media?parent=19741"}],"wp:term":[{"taxonomy":"product_cat","embeddable":true,"href":"https:\/\/www.vapeswholesaler.com\/hu\/wp-json\/wp\/v2\/product_cat?post=19741"},{"taxonomy":"product_tag","embeddable":true,"href":"https:\/\/www.vapeswholesaler.com\/hu\/wp-json\/wp\/v2\/product_tag?post=19741"}],"curies":[{"name":"wp","href":"https:\/\/api.w.org\/{rel}","templated":true}]}}