{"id":19395,"date":"2024-08-28T12:13:30","date_gmt":"2024-08-28T04:13:30","guid":{"rendered":"https:\/\/www.vapeswholesaler.com\/?post_type=product&#038;p=19395"},"modified":"2025-07-01T14:25:50","modified_gmt":"2025-07-01T06:25:50","slug":"nagykereskedelmi-mrvi-mozgo-25000-puff-eldobhato-vape","status":"publish","type":"product","link":"https:\/\/www.vapeswholesaler.com\/hu\/termek\/nagykereskedelmi-mrvi-mozgo-25000-puff-eldobhato-vape","title":{"rendered":"Nagykereskedelmi MRVI mozg\u00f3 25000 Puffs eldobhat\u00f3 Vape"},"content":{"rendered":"<p><a href=\"https:\/\/www.vapeswholesaler.com\/hu\/product_brand\/mrvi\/\">MRVI<\/a> Mozg\u00f3 25000 Puffs eldobhat\u00f3 Vape Led kijelz\u0151s eldobhat\u00f3 E-cigaretta, egy nagy teljes\u00edtm\u00e9ny\u0171 eszk\u00f6z, amelyet a min\u0151s\u00e9get \u00e9s k\u00e9nyelmet egyar\u00e1nt keres\u0151 vaperek sz\u00e1m\u00e1ra terveztek. A leny\u0171g\u00f6z\u0151 25000 puffs kapacit\u00e1ssal ez az eldobhat\u00f3 e-cigaretta hosszan tart\u00f3 \u00e9lvezetet biztos\u00edt gyakori cser\u00e9k n\u00e9lk\u00fcl.<\/p>\n<p>Ez az eldobhat\u00f3 Vape A fejlett, 0,4\/0,8 ohmos kett\u0151s h\u00e1l\u00f3s tekerccsel felszerelt, minden egyes p\u00f6f\u00e9kel\u00e9s sima \u00e9s \u00edzletes g\u0151zt biztos\u00edt. A nagyvonal\u00fa 30 ml-es e-folyad\u00e9k kapacit\u00e1s lehet\u0151v\u00e9 teszi a hosszan tart\u00f3 p\u00e1rologtat\u00e1sokat, \u00edgy b\u0151s\u00e9ges lehet\u0151s\u00e9get biztos\u00edt kedvenc \u00edzeinek \u00edzlel\u00e9s\u00e9re.<\/p>\n<p>Term\u00e9k\u00fcnk be\u00e9p\u00edtett LED kijelz\u0151je val\u00f3s idej\u0171 inform\u00e1ci\u00f3kat ny\u00fajt a p\u00e1rol\u00e1si be\u00e1ll\u00edt\u00e1sokr\u00f3l \u00e9s az akkumul\u00e1tor \u00e9lettartam\u00e1r\u00f3l, \u00edgy biztos\u00edtva a z\u00f6kken\u0151mentes \u00e9s t\u00e1j\u00e9kozott p\u00e1rol\u00e1si \u00e9lm\u00e9nyt. A k\u00f6r\u00fclbel\u00fcl 110 g s\u00faly\u00fa e-cigaretta k\u00f6nny\u0171 \u00e9s hordozhat\u00f3, \u00edgy t\u00f6k\u00e9letes az utaz\u00e1s k\u00f6zbeni p\u00e1rologtat\u00e1shoz.<\/p>\n<p>Tapasztalja meg az MRVI Moving 25000 Puffs eldobhat\u00f3 Vape LED kijelz\u0151s eldobhat\u00f3 E-cigarett\u00e1kat, \u00e9s emelje fel a p\u00e1rologtat\u00e1s \u00fatj\u00e1t a kiv\u00e9teles teljes\u00edtm\u00e9ny\u00e9vel, k\u00e9nyelm\u00e9vel \u00e9s testreszabhat\u00f3 funkci\u00f3ival. \u00c9lvezze a technol\u00f3gia \u00e9s az \u00edz t\u00f6k\u00e9letes kombin\u00e1ci\u00f3j\u00e1t ezzel az innovat\u00edv eldobhat\u00f3 e-cigarett\u00e1val.<\/p>\n<h2><strong><a href=\"https:\/\/www.facebook.com\/fred.luo.58\/\">MRVI<\/a> Mozg\u00f3 25000 Puffs eldobhat\u00f3 vape Jellemz\u0151k:<\/strong><\/h2>\n<ul>\n<li>M\u00e9ret: 52.2*26*99mm<\/li>\n<li>Teljes\u00edtm\u00e9ny: 40W<\/li>\n<li>Ellen\u00e1ll\u00e1s: 0,4\/0,8ohm<\/li>\n<li>Akkumul\u00e1tor: 1000mah<\/li>\n<li>Kapacit\u00e1s: 30ml<\/li>\n<li>Puffok: legfeljebb 25000<\/li>\n<li>Tekercs: H\u00e1l\u00f3s tekercs: Dual Mesh Coil<\/li>\n<li>Anyag: PC<\/li>\n<li>MTL mini 15-20W-t\u00f3l<\/li>\n<li>DTL Max 25-40w-t\u00f3l<\/li>\n<li>A teljes\u00edtm\u00e9ny \u00e9s a t\u00f6lt\u00e9s kijelz\u0151je<\/li>\n<\/ul>\n<h2><strong>\u00cdzek list\u00e1ja:<\/strong><\/h2>\n<ol>\n<li>Ban\u00e1n j\u00e9g<\/li>\n<li>K\u00e9k Razz j\u00e9g<\/li>\n<li>\u00c1fonya alma<\/li>\n<li>Vegyes bogy\u00f3s gy\u00fcm\u00f6lcs\u00f6k<\/li>\n<li>Golgotagy\u00fcm\u00f6lcs narancsl\u00e9<\/li>\n<li>Barack j\u00e9g<\/li>\n<li>Anan\u00e1sz j\u00e9g<\/li>\n<li>Eper cseresznye<\/li>\n<li>Epres turmix<\/li>\n<li>G\u00f6r\u00f6gdinnye j\u00e9g<\/li>\n<\/ol>\n<h2><strong>Csomagol\u00e1si lista:<\/strong><\/h2>\n<p>1db minden egyes doboz<br \/>\n10db minden k\u00f6z\u00e9ps\u0151 kijelz\u0151 doboz<br \/>\n200db kartononk\u00e9nt<\/p>\n<figure id=\"attachment_19383\" aria-describedby=\"caption-attachment-19383\" style=\"width: 800px\" class=\"wp-caption alignnone\"><img loading=\"lazy\" decoding=\"async\" class=\"wp-image-19383 size-full\" title=\"Nagykereskedelmi MRVI mozg\u00f3 25000 Puffs eldobhat\u00f3 Vape 4\" src=\"https:\/\/www.vapeswholesaler.com\/wp-content\/uploads\/2024\/08\/Wholesale-MRVI-Moving-25000-Puffs-Disposable-Vape-4.webp\" alt=\"Nagykereskedelmi MRVI mozg\u00f3 25000 Puffs eldobhat\u00f3 Vape 4\" width=\"800\" height=\"1250\" srcset=\"https:\/\/www.vapeswholesaler.com\/wp-content\/uploads\/2024\/08\/Wholesale-MRVI-Moving-25000-Puffs-Disposable-Vape-4.webp 800w, https:\/\/www.vapeswholesaler.com\/wp-content\/uploads\/2024\/08\/Wholesale-MRVI-Moving-25000-Puffs-Disposable-Vape-4-192x300.webp 192w, https:\/\/www.vapeswholesaler.com\/wp-content\/uploads\/2024\/08\/Wholesale-MRVI-Moving-25000-Puffs-Disposable-Vape-4-655x1024.webp 655w, https:\/\/www.vapeswholesaler.com\/wp-content\/uploads\/2024\/08\/Wholesale-MRVI-Moving-25000-Puffs-Disposable-Vape-4-768x1200.webp 768w, https:\/\/www.vapeswholesaler.com\/wp-content\/uploads\/2024\/08\/Wholesale-MRVI-Moving-25000-Puffs-Disposable-Vape-4-8x12.webp 8w, https:\/\/www.vapeswholesaler.com\/wp-content\/uploads\/2024\/08\/Wholesale-MRVI-Moving-25000-Puffs-Disposable-Vape-4-510x797.webp 510w\" sizes=\"auto, (max-width: 800px) 100vw, 800px\" \/><figcaption id=\"caption-attachment-19383\" class=\"wp-caption-text\">Nagykereskedelmi MRVI mozg\u00f3 25000 Puffs eldobhat\u00f3 Vape<\/figcaption><\/figure>","protected":false},"excerpt":{"rendered":"<p>Minim\u00e1lis rendel\u00e9si mennyis\u00e9g: <strong>100db<\/strong>\u00a0(\u00cdzek kever\u00e9se)\u00a0\u00a0<strong>Ingyenes sz\u00e1ll\u00edt\u00e1s<\/strong><\/p>\n<p>(<strong>2%, 5% Nic<\/strong>)\u00a0 EU Warehouse Shipping time 5-6 working days<\/p>","protected":false},"featured_media":19384,"comment_status":"open","ping_status":"closed","template":"","meta":[],"product_cat":[15],"product_tag":[373,376,387],"class_list":{"0":"post-19395","1":"product","2":"type-product","3":"status-publish","4":"has-post-thumbnail","6":"product_cat-disposable-vape","7":"product_tag-europe-warehouse","8":"product_tag-25000-puffs","9":"product_tag-mrvi","10":"product_brand-mrvi","12":"first","13":"instock","14":"shipping-taxable","15":"purchasable","16":"product-type-variable","17":"has-default-attributes"},"aioseo_notices":[],"_links":{"self":[{"href":"https:\/\/www.vapeswholesaler.com\/hu\/wp-json\/wp\/v2\/product\/19395","targetHints":{"allow":["GET"]}}],"collection":[{"href":"https:\/\/www.vapeswholesaler.com\/hu\/wp-json\/wp\/v2\/product"}],"about":[{"href":"https:\/\/www.vapeswholesaler.com\/hu\/wp-json\/wp\/v2\/types\/product"}],"replies":[{"embeddable":true,"href":"https:\/\/www.vapeswholesaler.com\/hu\/wp-json\/wp\/v2\/comments?post=19395"}],"wp:featuredmedia":[{"embeddable":true,"href":"https:\/\/www.vapeswholesaler.com\/hu\/wp-json\/wp\/v2\/media\/19384"}],"wp:attachment":[{"href":"https:\/\/www.vapeswholesaler.com\/hu\/wp-json\/wp\/v2\/media?parent=19395"}],"wp:term":[{"taxonomy":"product_cat","embeddable":true,"href":"https:\/\/www.vapeswholesaler.com\/hu\/wp-json\/wp\/v2\/product_cat?post=19395"},{"taxonomy":"product_tag","embeddable":true,"href":"https:\/\/www.vapeswholesaler.com\/hu\/wp-json\/wp\/v2\/product_tag?post=19395"}],"curies":[{"name":"wp","href":"https:\/\/api.w.org\/{rel}","templated":true}]}}