{"id":19323,"date":"2024-08-23T14:40:41","date_gmt":"2024-08-23T06:40:41","guid":{"rendered":"https:\/\/www.vapeswholesaler.com\/?post_type=product&#038;p=19323"},"modified":"2026-03-27T15:42:31","modified_gmt":"2026-03-27T07:42:31","slug":"nagykereskedelmi-poco-sl-15000-puffs-eldobhato-vape-ecig-eu-usa-raktarkeszlet","status":"publish","type":"product","link":"https:\/\/www.vapeswholesaler.com\/hu\/termek\/nagykereskedelmi-poco-sl-15000-puffs-eldobhato-vape-ecig-eu-usa-raktarkeszlet","title":{"rendered":"Nagykereskedelem POCO SL 15000 Puffs Eldobhat\u00f3 vape Ecig EU USA rakt\u00e1rk\u00e9szlet"},"content":{"rendered":"<p>A POCO SL 15000 Puffs eldobhat\u00f3 vape egy forradalmi term\u00e9k, amelyet olyan egy\u00e9nek sz\u00e1m\u00e1ra terveztek, akik \u00e9rt\u00e9kelik a k\u00e9nyelmet an\u00e9lk\u00fcl, hogy kompromisszumot k\u00f6tn\u00e9nek a min\u0151s\u00e9g vagy az \u00edz ter\u00e9n. Megd\u00f6bbent\u0151, 24 ml-es kapacit\u00e1s\u00e1val \u00e9s 15000 puffol\u00e1sra val\u00f3 k\u00e9pess\u00e9g\u00e9vel ez a k\u00e9sz\u00fcl\u00e9k \u00faj m\u00e9rc\u00e9t \u00e1ll\u00edt fel az eldobhat\u00f3 vapek piac\u00e1n.<\/p>\n<p>A POCO SL 15000 Puffs leny\u0171g\u00f6z\u0151 tulajdons\u00e1gokkal rendelkezik, amelyek kiemelik a t\u00f6megb\u0151l, Az er\u0151teljes 650mAh akkumul\u00e1tor biztos\u00edtja a hossz\u00fa t\u00e1v\u00fa haszn\u00e1latot, \u00e9s a 2%\/5% s\u00f3s nikotinkoncentr\u00e1ci\u00f3ja azt jelenti, hogy alkalmas a tapasztalt g\u0151z\u00f6l\u0151k sz\u00e1m\u00e1ra, akik minden egyes slukkban nagyszer\u0171 torok\u00fct\u00e9st szeretn\u00e9nek. A speci\u00e1lis f\u0171t\u00e9si mechanizmus \u00e9s a cs\u00facstechnol\u00f3gi\u00e1s kialak\u00edt\u00e1s kombin\u00e1l\u00e1s\u00e1val hihetetlen\u00fcl sima \u00e9s tiszta \u00edzt kap haszn\u00e1lat k\u00f6zben.<\/p>\n<p>A hatalmas 24 ml-es kapacit\u00e1ssal \u00e9s 15000 puffol\u00e1ssal a POCO SL 15000 eldobhat\u00f3 vape a g\u0151z\u00f6l\u00e9s \u00e9lm\u00e9ny\u00e9nek fokoz\u00e1s\u00e1hoz k\u00ednz\u00f3 \u00edzek sz\u00e9les v\u00e1laszt\u00e9k\u00e1t k\u00edn\u00e1lja.<\/p>\n<h2><strong>POCO SL 15000 Puffs Eldobhat\u00f3 vape Ecig Jellemz\u0151k:<\/strong><\/h2>\n<ul>\n<li>650mAh \u00fajrat\u00f6lthet\u0151 akkumul\u00e1tor<\/li>\n<li>25ml el\u0151re t\u00f6lt\u00f6tt e-folyad\u00e9k<\/li>\n<li>2%\/5% nikotiner\u0151ss\u00e9g<\/li>\n<li>Ak\u00e1r 15000 f\u00faj\u00e1st is el\u00e9rhet<\/li>\n<li>1.0 ohm h\u00e1l\u00f3s tekercs<\/li>\n<li>C t\u00edpus\u00fa t\u00f6lt\u0151port<\/li>\n<li>12 \u00edz el\u00e9rhet\u0151<\/li>\n<\/ul>\n<h2><strong>POCO SL 15000 Puffs Eldobhat\u00f3 vape Ecig \u00edzek:<\/strong><\/h2>\n<ol>\n<li>Aloe sz\u0151l\u0151<\/li>\n<li>Szeder \u00c1fonya<\/li>\n<li>Fekete j\u00e9g s\u00e1rk\u00e1nygy\u00fcm\u00f6lcs eper<\/li>\n<li>\u00c1fonya m\u00e1lna limon\u00e1d\u00e9<\/li>\n<li>Energiaital<\/li>\n<li>Sz\u0151l\u0151 \u00c1fonya Barack<\/li>\n<li>Anan\u00e1sz alma<\/li>\n<li>Anan\u00e1sz Eper Ban\u00e1n<\/li>\n<li>Eper cseresznye<\/li>\n<li>Eper m\u00e1lna kiwi<\/li>\n<li>Eper g\u00f6r\u00f6gdinnye<\/li>\n<li>g\u00f6r\u00f6gdinnye licsi<\/li>\n<\/ol>\n<h2><strong>POCO SL 15000 Puffs Csomagol\u00e1si lista:<\/strong><\/h2>\n<p>1db minden egyes doboz<br \/>\n10db minden egyes kijelz\u0151 doboz<br \/>\n200db kartononk\u00e9nt<\/p>\n<figure id=\"attachment_19316\" aria-describedby=\"caption-attachment-19316\" style=\"width: 800px\" class=\"wp-caption alignnone\"><img loading=\"lazy\" decoding=\"async\" class=\"wp-image-19316 size-full\" title=\"Nagykereskedelmi E Cigaretta Vape Smart Screen POCO SL 15000 Puffs eldobhat\u00f3 vape 3\" src=\"https:\/\/www.vapeswholesaler.com\/wp-content\/uploads\/2024\/08\/Wholesale-E-Cigarette-Vape-Smart-Screen-POCO-SL-15000-Puffs-Disposable-vape-3.webp\" alt=\"Nagykereskedelmi E Cigaretta Vape Smart Screen POCO SL 15000 Puffs eldobhat\u00f3 vape 3\" width=\"800\" height=\"800\" srcset=\"https:\/\/www.vapeswholesaler.com\/wp-content\/uploads\/2024\/08\/Wholesale-E-Cigarette-Vape-Smart-Screen-POCO-SL-15000-Puffs-Disposable-vape-3.webp 800w, https:\/\/www.vapeswholesaler.com\/wp-content\/uploads\/2024\/08\/Wholesale-E-Cigarette-Vape-Smart-Screen-POCO-SL-15000-Puffs-Disposable-vape-3-300x300.webp 300w, https:\/\/www.vapeswholesaler.com\/wp-content\/uploads\/2024\/08\/Wholesale-E-Cigarette-Vape-Smart-Screen-POCO-SL-15000-Puffs-Disposable-vape-3-150x150.webp 150w, https:\/\/www.vapeswholesaler.com\/wp-content\/uploads\/2024\/08\/Wholesale-E-Cigarette-Vape-Smart-Screen-POCO-SL-15000-Puffs-Disposable-vape-3-768x768.webp 768w, https:\/\/www.vapeswholesaler.com\/wp-content\/uploads\/2024\/08\/Wholesale-E-Cigarette-Vape-Smart-Screen-POCO-SL-15000-Puffs-Disposable-vape-3-12x12.webp 12w, https:\/\/www.vapeswholesaler.com\/wp-content\/uploads\/2024\/08\/Wholesale-E-Cigarette-Vape-Smart-Screen-POCO-SL-15000-Puffs-Disposable-vape-3-247x247.webp 247w, https:\/\/www.vapeswholesaler.com\/wp-content\/uploads\/2024\/08\/Wholesale-E-Cigarette-Vape-Smart-Screen-POCO-SL-15000-Puffs-Disposable-vape-3-510x510.webp 510w, https:\/\/www.vapeswholesaler.com\/wp-content\/uploads\/2024\/08\/Wholesale-E-Cigarette-Vape-Smart-Screen-POCO-SL-15000-Puffs-Disposable-vape-3-100x100.webp 100w\" sizes=\"auto, (max-width: 800px) 100vw, 800px\" \/><figcaption id=\"caption-attachment-19316\" class=\"wp-caption-text\">Nagykereskedelmi E Cigaretta Vape Smart Screen POCO SL 15000 Puffs Eldobhat\u00f3 vape vape<\/figcaption><\/figure>\n<p><img loading=\"lazy\" decoding=\"async\" class=\"alignnone wp-image-19322 size-full\" title=\"Nagykereskedelmi E Cigaretta Vape Smart Screen POCO SL 15000 Puffs eldobhat\u00f3 vape 9\" src=\"https:\/\/www.vapeswholesaler.com\/wp-content\/uploads\/2024\/08\/Wholesale-E-Cigarette-Vape-Smart-Screen-POCO-SL-15000-Puffs-Disposable-vape-9.webp\" alt=\"Nagykereskedelmi E Cigaretta Vape Smart Screen POCO SL 15000 Puffs eldobhat\u00f3 vape 9\" width=\"800\" height=\"800\" srcset=\"https:\/\/www.vapeswholesaler.com\/wp-content\/uploads\/2024\/08\/Wholesale-E-Cigarette-Vape-Smart-Screen-POCO-SL-15000-Puffs-Disposable-vape-9.webp 800w, https:\/\/www.vapeswholesaler.com\/wp-content\/uploads\/2024\/08\/Wholesale-E-Cigarette-Vape-Smart-Screen-POCO-SL-15000-Puffs-Disposable-vape-9-300x300.webp 300w, https:\/\/www.vapeswholesaler.com\/wp-content\/uploads\/2024\/08\/Wholesale-E-Cigarette-Vape-Smart-Screen-POCO-SL-15000-Puffs-Disposable-vape-9-150x150.webp 150w, https:\/\/www.vapeswholesaler.com\/wp-content\/uploads\/2024\/08\/Wholesale-E-Cigarette-Vape-Smart-Screen-POCO-SL-15000-Puffs-Disposable-vape-9-768x768.webp 768w, https:\/\/www.vapeswholesaler.com\/wp-content\/uploads\/2024\/08\/Wholesale-E-Cigarette-Vape-Smart-Screen-POCO-SL-15000-Puffs-Disposable-vape-9-12x12.webp 12w, https:\/\/www.vapeswholesaler.com\/wp-content\/uploads\/2024\/08\/Wholesale-E-Cigarette-Vape-Smart-Screen-POCO-SL-15000-Puffs-Disposable-vape-9-247x247.webp 247w, https:\/\/www.vapeswholesaler.com\/wp-content\/uploads\/2024\/08\/Wholesale-E-Cigarette-Vape-Smart-Screen-POCO-SL-15000-Puffs-Disposable-vape-9-510x510.webp 510w, https:\/\/www.vapeswholesaler.com\/wp-content\/uploads\/2024\/08\/Wholesale-E-Cigarette-Vape-Smart-Screen-POCO-SL-15000-Puffs-Disposable-vape-9-100x100.webp 100w\" sizes=\"auto, (max-width: 800px) 100vw, 800px\" \/><\/p>","protected":false},"excerpt":{"rendered":"<h4>Minim\u00e1lis rendel\u00e9si mennyis\u00e9g: (Mix \u00edzek)<\/h4>\n<h4>\uff08<strong>2%\uff0c3%\uff0c5%<\/strong>\uff09<br \/>\n<strong>Ingyenes sz\u00e1ll\u00edt\u00e1s EU c\u00edmre <\/strong><\/h4>","protected":false},"featured_media":19336,"comment_status":"open","ping_status":"closed","template":"","meta":[],"product_cat":[15],"product_tag":[],"class_list":{"0":"post-19323","1":"product","2":"type-product","3":"status-publish","4":"has-post-thumbnail","6":"product_cat-disposable-vape","7":"product_brand-poco","9":"first","10":"instock","11":"shipping-taxable","12":"purchasable","13":"product-type-variable","14":"has-default-attributes"},"aioseo_notices":[],"_links":{"self":[{"href":"https:\/\/www.vapeswholesaler.com\/hu\/wp-json\/wp\/v2\/product\/19323","targetHints":{"allow":["GET"]}}],"collection":[{"href":"https:\/\/www.vapeswholesaler.com\/hu\/wp-json\/wp\/v2\/product"}],"about":[{"href":"https:\/\/www.vapeswholesaler.com\/hu\/wp-json\/wp\/v2\/types\/product"}],"replies":[{"embeddable":true,"href":"https:\/\/www.vapeswholesaler.com\/hu\/wp-json\/wp\/v2\/comments?post=19323"}],"wp:featuredmedia":[{"embeddable":true,"href":"https:\/\/www.vapeswholesaler.com\/hu\/wp-json\/wp\/v2\/media\/19336"}],"wp:attachment":[{"href":"https:\/\/www.vapeswholesaler.com\/hu\/wp-json\/wp\/v2\/media?parent=19323"}],"wp:term":[{"taxonomy":"product_cat","embeddable":true,"href":"https:\/\/www.vapeswholesaler.com\/hu\/wp-json\/wp\/v2\/product_cat?post=19323"},{"taxonomy":"product_tag","embeddable":true,"href":"https:\/\/www.vapeswholesaler.com\/hu\/wp-json\/wp\/v2\/product_tag?post=19323"}],"curies":[{"name":"wp","href":"https:\/\/api.w.org\/{rel}","templated":true}]}}