{"id":19237,"date":"2024-08-20T12:21:27","date_gmt":"2024-08-20T04:21:27","guid":{"rendered":"https:\/\/www.vapeswholesaler.com\/?post_type=product&#038;p=19237"},"modified":"2025-07-01T14:28:00","modified_gmt":"2025-07-01T06:28:00","slug":"nagykereskedelmi-mrvi-arting-18000-puff-eldobhato-vape","status":"publish","type":"product","link":"https:\/\/www.vapeswholesaler.com\/hu\/termek\/nagykereskedelmi-mrvi-arting-18000-puff-eldobhato-vape","title":{"rendered":"Nagykereskedelem MRVI Arting 18000 Puffs eldobhat\u00f3 vape"},"content":{"rendered":"<p>MRVI Arting 18000 Puffs 4 Heating Modes ,ECO:regual model ,PLUS: regual model, PRO :dual mesh coil-low power, MAX: dual mesh coil -high power), Each time the bottom button is pressed, a mode is changed. The first two modes are regual modes (single mesh core heating wire, softer taste, suitable for novice smokers), and the last two modes are dual mesh ciol (double mesh core heating wire, mainstream in the market, strong taste, high burst, suitable for old smokers) low power (output voltage around 10W, smooth and soft taste) high power (output voltage around 20W, strong taste, with throat hit).<\/p>\n<p>Our products offer 4 heating modes for the ultimate e-cigarette customization experience.The ECO and PLUS are available in regular models with a single mesh core heating wire, perfect for novice smokers looking for a softer taste. For seasoned e-cigarette enthusiasts, the PRO and MAX feature dual mesh coils for rich flavor and high bursts of power.The PRO runs on low power for a smooth, soft taste, while the MAX delivers high power for a rich flavor and throat hit. Simply press the bottom button to switch between modes and enhance your e-cigarette experience.<\/p>\n<h2><strong><a href=\"https:\/\/www.vapeswholesaler.com\/hu\/product_brand\/mrvi\/\">MRVI<\/a> Arting 18000 Puffs Features:<\/strong><\/h2>\n<ul>\n<li>HD Full Screen<\/li>\n<li>QuadrupleIt model<\/li>\n<li>600mAh Rechargeable Battery<\/li>\n<li>26ml pre-filled e-liquid<\/li>\n<li>0\/2%\/3%\/5% nikotiner\u0151ss\u00e9g<\/li>\n<li>Hat\u00f3t\u00e1vols\u00e1g ak\u00e1r 18000 f\u00faj\u00e1s<\/li>\n<li>1.0 ohm h\u00e1l\u00f3s tekercs<\/li>\n<li>C t\u00edpus\u00fa t\u00f6lt\u0151port<\/li>\n<li>10 \u00edz el\u00e9rhet\u0151<\/li>\n<\/ul>\n<h2><strong>\u00cdzek:<\/strong><\/h2>\n<ol>\n<li>Szeder \u00c1fonya<\/li>\n<li>K\u00e9k Razz j\u00e9g<\/li>\n<li>Cherry Watermelon<\/li>\n<li>Fuji Ice<\/li>\n<li>Sz\u0151l\u0151 j\u00e9g<\/li>\n<li>Citrom Lime<\/li>\n<li>Barack mang\u00f3<\/li>\n<li>Anan\u00e1sz Eper Ban\u00e1n<\/li>\n<li>Eper-kiwi j\u00e9g<\/li>\n<li>G\u00f6r\u00f6gdinnye j\u00e9g<\/li>\n<\/ol>\n<h2><strong>Csomagol\u00e1si lista:<\/strong><\/h2>\n<p>1db minden egyes doboz<br \/>\n10 db k\u00f6zepes dobozban<br \/>\n200 db kartononk\u00e9nt<\/p>\n<p>&nbsp;<\/p>\n<figure id=\"attachment_19226\" aria-describedby=\"caption-attachment-19226\" style=\"width: 800px\" class=\"wp-caption alignnone\"><img loading=\"lazy\" decoding=\"async\" class=\"wp-image-19226 size-full\" title=\"Wholesale MRVI Arting 18000 Puffs Disposable vape 3\" src=\"https:\/\/www.vapeswholesaler.com\/wp-content\/uploads\/2024\/08\/Wholesale-MRVI-Arting-18000-Puffs-Disposable-vape-3.webp\" alt=\"Wholesale MRVI Arting 18000 Puffs Disposable vape 3\" width=\"800\" height=\"1007\" srcset=\"https:\/\/www.vapeswholesaler.com\/wp-content\/uploads\/2024\/08\/Wholesale-MRVI-Arting-18000-Puffs-Disposable-vape-3.webp 800w, https:\/\/www.vapeswholesaler.com\/wp-content\/uploads\/2024\/08\/Wholesale-MRVI-Arting-18000-Puffs-Disposable-vape-3-238x300.webp 238w, https:\/\/www.vapeswholesaler.com\/wp-content\/uploads\/2024\/08\/Wholesale-MRVI-Arting-18000-Puffs-Disposable-vape-3-768x967.webp 768w, https:\/\/www.vapeswholesaler.com\/wp-content\/uploads\/2024\/08\/Wholesale-MRVI-Arting-18000-Puffs-Disposable-vape-3-10x12.webp 10w, https:\/\/www.vapeswholesaler.com\/wp-content\/uploads\/2024\/08\/Wholesale-MRVI-Arting-18000-Puffs-Disposable-vape-3-510x642.webp 510w\" sizes=\"auto, (max-width: 800px) 100vw, 800px\" \/><figcaption id=\"caption-attachment-19226\" class=\"wp-caption-text\">Nagykereskedelem MRVI Arting 18000 Puffs eldobhat\u00f3 vape<\/figcaption><\/figure>","protected":false},"excerpt":{"rendered":"<p>Minim\u00e1lis rendel\u00e9si mennyis\u00e9g: <strong>100db<\/strong>\u00a0(\u00cdzek kever\u00e9se)\u00a0\u00a0<strong>Ingyenes sz\u00e1ll\u00edt\u00e1s<\/strong><\/p>\n<p>(<strong>2%, 5% Nic<\/strong>)<\/p>","protected":false},"featured_media":19234,"comment_status":"open","ping_status":"closed","template":"","meta":[],"product_cat":[15],"product_tag":[373,387,55],"class_list":{"0":"post-19237","1":"product","2":"type-product","3":"status-publish","4":"has-post-thumbnail","6":"product_cat-disposable-vape","7":"product_tag-europe-warehouse","8":"product_tag-mrvi","9":"product_tag-18000-puffs","10":"product_brand-mrvi","12":"first","13":"instock","14":"shipping-taxable","15":"purchasable","16":"product-type-variable","17":"has-default-attributes"},"aioseo_notices":[],"_links":{"self":[{"href":"https:\/\/www.vapeswholesaler.com\/hu\/wp-json\/wp\/v2\/product\/19237","targetHints":{"allow":["GET"]}}],"collection":[{"href":"https:\/\/www.vapeswholesaler.com\/hu\/wp-json\/wp\/v2\/product"}],"about":[{"href":"https:\/\/www.vapeswholesaler.com\/hu\/wp-json\/wp\/v2\/types\/product"}],"replies":[{"embeddable":true,"href":"https:\/\/www.vapeswholesaler.com\/hu\/wp-json\/wp\/v2\/comments?post=19237"}],"wp:featuredmedia":[{"embeddable":true,"href":"https:\/\/www.vapeswholesaler.com\/hu\/wp-json\/wp\/v2\/media\/19234"}],"wp:attachment":[{"href":"https:\/\/www.vapeswholesaler.com\/hu\/wp-json\/wp\/v2\/media?parent=19237"}],"wp:term":[{"taxonomy":"product_cat","embeddable":true,"href":"https:\/\/www.vapeswholesaler.com\/hu\/wp-json\/wp\/v2\/product_cat?post=19237"},{"taxonomy":"product_tag","embeddable":true,"href":"https:\/\/www.vapeswholesaler.com\/hu\/wp-json\/wp\/v2\/product_tag?post=19237"}],"curies":[{"name":"wp","href":"https:\/\/api.w.org\/{rel}","templated":true}]}}