{"id":19194,"date":"2024-08-19T12:56:57","date_gmt":"2024-08-19T04:56:57","guid":{"rendered":"https:\/\/www.vapeswholesaler.com\/?post_type=product&#038;p=19194"},"modified":"2025-03-18T13:51:48","modified_gmt":"2025-03-18T05:51:48","slug":"nagykereskedelmi-bang-blaze-20000-puffs-eldobhato-vape","status":"publish","type":"product","link":"https:\/\/www.vapeswholesaler.com\/hu\/termek\/nagykereskedelmi-bang-blaze-20000-puffs-eldobhato-vape","title":{"rendered":"Nagykereskedelmi Bang Blaze 20000 Puffs eldobhat\u00f3 Vape"},"content":{"rendered":"<p><a href=\"https:\/\/www.vapeswholesaler.com\/hu\/product_brand\/bang\/\">Bang<\/a> A Blaze 20000 egy igazi bomba, amely az \u00e9let minden aspektus\u00e1t megv\u00e1ltoztatta, bele\u00e9rtve a mennyis\u00e9get, a st\u00edlust, a t\u00f6lt\u00e9st \u00e9s az \u00edzt - nagyon finom \u00edze van!<\/p>\n<p>Ez az eldobhat\u00f3 vape egy \u00e9lvonalbeli e-cigaretta megold\u00e1s, amely kifinomult funkci\u00f3kkal b\u00fcszk\u00e9lkedhet, bele\u00e9rtve a 26ML-es v\u00edztart\u00e1lyt, az 1,0 ohm-os h\u00e1l\u00f3s tekercset \u00e9s a sima kijelz\u0151t. P\u00e1ratlan el\u0151rel\u00e9p\u00e9s az e-cigaretta haszn\u00e1lat\u00e1ban.<\/p>\n<p>Fedezze fel az e-cigaretta innov\u00e1ci\u00f3 cs\u00facs\u00e1t ezzel az eldobhat\u00f3 p\u00e1rologtat\u00f3val. Ez az eldobhat\u00f3 e-cigaretta minden egyes slukkol\u00e1ssal p\u00e1ratlan teljes\u00edtm\u00e9nyt, k\u00e9nyelmet \u00e9s st\u00edlust k\u00edn\u00e1l, f\u00fcggetlen\u00fcl att\u00f3l, hogy \u00d6n mennyire ismeri az elektronikus cigarett\u00e1t.<\/p>\n<h2><strong><a href=\"https:\/\/www.facebook.com\/fred.luo.58\/\">Bang<\/a> Blaze 20000 Jellemz\u0151k:<\/strong><\/h2>\n<ul>\n<li>Puff: Kett\u0151s \u00fczemm\u00f3d<\/li>\n<li>850mAh \u00fajrat\u00f6lthet\u0151 akkumul\u00e1tor<\/li>\n<li>Folyad\u00e9k: 26 ml El\u0151re t\u00f6lt\u00f6tt<\/li>\n<li>Nikotin: 5% 5%<\/li>\n<li>Mag: 1.0 \u03a9<\/li>\n<li>Akkumul\u00e1tor: 1000 mAh \u00fajrat\u00f6lthet\u0151 C-t\u00edpus\u00fa akkumul\u00e1tor<\/li>\n<li>K\u00e9perny\u0151 megjelen\u00edt\u00e9se<\/li>\n<\/ul>\n<h2><strong>\u00cdzek:<\/strong><\/h2>\n<ol>\n<li>G\u00f6r\u00f6gdinnye<\/li>\n<li>Eper g\u00f6r\u00f6gdinnye<\/li>\n<li>\u00c1fony\u00e1s j\u00e9g<\/li>\n<li>\u00c1fonya m\u00e1lna<\/li>\n<li>Strwberry j\u00e9g<\/li>\n<li>Eper Kiwi<\/li>\n<li>Mang\u00f3 barack g\u00f6r\u00f6gdinnye<\/li>\n<li>Kiwi Passi\u00f3gy\u00fcm\u00f6lcs Gr\u00e1n\u00e1talma<\/li>\n<li>Barack j\u00e9g<\/li>\n<li>Vegyes bogy\u00f3s gy\u00fcm\u00f6lcs\u00f6k<\/li>\n<li>\u00c1fonya Sz\u0151l\u0151<\/li>\n<li>G\u00f6r\u00f6gdinnye Bubblegum<\/li>\n<\/ol>\n<h2><strong>Csomagol\u00e1si lista:<\/strong><\/h2>\n<p>10 DB\/DOBOZ<\/p>\n<p>10db minden k\u00f6z\u00e9ps\u0151 doboz<\/p>\n<p>1doboz\/200db (20 KG)<\/p>\n<figure id=\"attachment_19198\" aria-describedby=\"caption-attachment-19198\" style=\"width: 800px\" class=\"wp-caption alignnone\"><img loading=\"lazy\" decoding=\"async\" class=\"wp-image-19198 size-full\" title=\"Nagykereskedelmi Bang Blaze 20000 Puffs eldobhat\u00f3 Vape 4\" src=\"https:\/\/www.vapeswholesaler.com\/wp-content\/uploads\/2024\/08\/Wholesale-Bang-Blaze-20000-Puffs-Disposable-Vape-4.webp\" alt=\"Nagykereskedelmi Bang Blaze 20000 Puffs eldobhat\u00f3 Vape 4\" width=\"800\" height=\"800\" srcset=\"https:\/\/www.vapeswholesaler.com\/wp-content\/uploads\/2024\/08\/Wholesale-Bang-Blaze-20000-Puffs-Disposable-Vape-4.webp 800w, https:\/\/www.vapeswholesaler.com\/wp-content\/uploads\/2024\/08\/Wholesale-Bang-Blaze-20000-Puffs-Disposable-Vape-4-300x300.webp 300w, https:\/\/www.vapeswholesaler.com\/wp-content\/uploads\/2024\/08\/Wholesale-Bang-Blaze-20000-Puffs-Disposable-Vape-4-150x150.webp 150w, https:\/\/www.vapeswholesaler.com\/wp-content\/uploads\/2024\/08\/Wholesale-Bang-Blaze-20000-Puffs-Disposable-Vape-4-768x768.webp 768w, https:\/\/www.vapeswholesaler.com\/wp-content\/uploads\/2024\/08\/Wholesale-Bang-Blaze-20000-Puffs-Disposable-Vape-4-12x12.webp 12w, https:\/\/www.vapeswholesaler.com\/wp-content\/uploads\/2024\/08\/Wholesale-Bang-Blaze-20000-Puffs-Disposable-Vape-4-247x247.webp 247w, https:\/\/www.vapeswholesaler.com\/wp-content\/uploads\/2024\/08\/Wholesale-Bang-Blaze-20000-Puffs-Disposable-Vape-4-510x510.webp 510w, https:\/\/www.vapeswholesaler.com\/wp-content\/uploads\/2024\/08\/Wholesale-Bang-Blaze-20000-Puffs-Disposable-Vape-4-100x100.webp 100w\" sizes=\"auto, (max-width: 800px) 100vw, 800px\" \/><figcaption id=\"caption-attachment-19198\" class=\"wp-caption-text\">Nagykereskedelmi Bang Blaze 20000 Puffs eldobhat\u00f3 Vape<\/figcaption><\/figure>","protected":false},"excerpt":{"rendered":"<p>Minim\u00e1lis rendel\u00e9si mennyis\u00e9g: <strong>50db<\/strong>\u00a0(Mix \u00edzek) Ingyenes sz\u00e1ll\u00edt\u00e1s<\/p>\n<p>\uff08<strong>0%,2%\uff0c3%\uff0c5% Nic<\/strong>\uff09<\/p>","protected":false},"featured_media":19223,"comment_status":"open","ping_status":"closed","template":"","meta":[],"product_cat":[15],"product_tag":[100,368,388],"class_list":{"0":"post-19194","1":"product","2":"type-product","3":"status-publish","4":"has-post-thumbnail","6":"product_cat-disposable-vape","7":"product_tag-20000-puffs","8":"product_tag-bang-king","9":"product_tag-bang","10":"product_brand-bang","12":"first","13":"instock","14":"shipping-taxable","15":"purchasable","16":"product-type-variable","17":"has-default-attributes"},"aioseo_notices":[],"_links":{"self":[{"href":"https:\/\/www.vapeswholesaler.com\/hu\/wp-json\/wp\/v2\/product\/19194","targetHints":{"allow":["GET"]}}],"collection":[{"href":"https:\/\/www.vapeswholesaler.com\/hu\/wp-json\/wp\/v2\/product"}],"about":[{"href":"https:\/\/www.vapeswholesaler.com\/hu\/wp-json\/wp\/v2\/types\/product"}],"replies":[{"embeddable":true,"href":"https:\/\/www.vapeswholesaler.com\/hu\/wp-json\/wp\/v2\/comments?post=19194"}],"wp:featuredmedia":[{"embeddable":true,"href":"https:\/\/www.vapeswholesaler.com\/hu\/wp-json\/wp\/v2\/media\/19223"}],"wp:attachment":[{"href":"https:\/\/www.vapeswholesaler.com\/hu\/wp-json\/wp\/v2\/media?parent=19194"}],"wp:term":[{"taxonomy":"product_cat","embeddable":true,"href":"https:\/\/www.vapeswholesaler.com\/hu\/wp-json\/wp\/v2\/product_cat?post=19194"},{"taxonomy":"product_tag","embeddable":true,"href":"https:\/\/www.vapeswholesaler.com\/hu\/wp-json\/wp\/v2\/product_tag?post=19194"}],"curies":[{"name":"wp","href":"https:\/\/api.w.org\/{rel}","templated":true}]}}