{"id":19127,"date":"2024-08-16T12:08:06","date_gmt":"2024-08-16T04:08:06","guid":{"rendered":"https:\/\/www.vapeswholesaler.com\/?post_type=product&#038;p=19127"},"modified":"2025-04-09T10:50:13","modified_gmt":"2025-04-09T02:50:13","slug":"wholesale-vaploso-king-10000-puffs-disposable-vape","status":"publish","type":"product","link":"https:\/\/www.vapeswholesaler.com\/hu\/termek\/wholesale-vaploso-king-10000-puffs-disposable-vape","title":{"rendered":"Nagykereskedelmi Vaploso King 10000 Puffs eldobhat\u00f3 vape"},"content":{"rendered":"<p><a href=\"https:\/\/www.vapeswholesaler.com\/hu\/product_brand\/vapsolo\/\">Vaploso<\/a> King 10000 Puffs\u00a0is like an vape pen that is compact and portable. Its advanced vape solutions, combined with innovative performance and convenience, make King 10000 the ideal choice for both individual enthusiasts and wholesaler.<\/p>\n<p>Vaploso King 10000 Puffs\u00a0boasts an impressive 10,000 puff capacity per unit, ensuring extended usage without frequent replacements. It features a generous 20 ml e-liquid capacity and a reliable 650 mAh rechargeable battery, complete with a type-C charging port for swift recharging. Its advanced 1.0\u03a9 mesh coil technology guarantees smooth vapor production, enhancing the<\/p>\n<h2><strong><a href=\"https:\/\/www.facebook.com\/fred.luo.58\">Vapsolo<\/a> King 10000 Puffs Features:<\/strong><\/h2>\n<ul>\n<li>650mah Rechargeable Battery<\/li>\n<li>20ml pre-filled e-liquid<\/li>\n<li>2%\/5% nikotiner\u0151ss\u00e9g<\/li>\n<li>Reach up to 10000 puffs<\/li>\n<li>1.0 ohm h\u00e1l\u00f3s tekercs<\/li>\n<li>C t\u00edpus\u00fa t\u00f6lt\u0151port<\/li>\n<li>20 \u00edz el\u00e9rhet\u0151<\/li>\n<\/ul>\n<h2><strong>\u00cdzek:<\/strong><\/h2>\n<ol>\n<li>\u00c1fonya m\u00e1lna<\/li>\n<li>Blue Razz<\/li>\n<li>Ban\u00e1n j\u00e9g<\/li>\n<li>\u00c1fonya j\u00e9g<\/li>\n<li>Fizzy Cherry<\/li>\n<li>Kiwi Passi\u00f3gy\u00fcm\u00f6lcs Guava<\/li>\n<li>Citrom Lime<\/li>\n<li>Vegyes bogy\u00f3s gy\u00fcm\u00f6lcs\u00f6k<\/li>\n<li>Mr. Blue<\/li>\n<li>Barack Mang\u00f3 Anan\u00e1sz<\/li>\n<li>Purple Rain<\/li>\n<li>Pr\u00edma eper g\u00f6r\u00f6gdinnye<\/li>\n<li>Red Apple<\/li>\n<li>Eper Kiwi<\/li>\n<li>Sour Pineapple Ice<\/li>\n<li>Eper ban\u00e1n<\/li>\n<li>Eper m\u00e1lna cseresznye j\u00e9g<\/li>\n<li>Eper j\u00e9g<\/li>\n<li>Red Bull<\/li>\n<li>G\u00f6r\u00f6gdinnye j\u00e9g<\/li>\n<\/ol>\n<h2><strong>Csomagol\u00e1si lista:<\/strong><\/h2>\n<p>1pcs each small display box<br \/>\n10 db k\u00f6zepes dobozban<br \/>\n200 db kartononk\u00e9nt<\/p>\n<p>&nbsp;<\/p>\n<figure id=\"attachment_19109\" aria-describedby=\"caption-attachment-19109\" style=\"width: 800px\" class=\"wp-caption alignnone\"><img loading=\"lazy\" decoding=\"async\" class=\"wp-image-19109 size-full\" title=\"Wholesale Vaploso King 10000 Puffs Disposable vape 1\" src=\"https:\/\/www.vapeswholesaler.com\/wp-content\/uploads\/2024\/08\/Wholesale-Vaploso-King-10000-Puffs-Disposable-vape-1.jpg\" alt=\"Wholesale Vaploso King 10000 Puffs Disposable vape 1\" width=\"800\" height=\"800\" srcset=\"https:\/\/www.vapeswholesaler.com\/wp-content\/uploads\/2024\/08\/Wholesale-Vaploso-King-10000-Puffs-Disposable-vape-1.jpg 800w, https:\/\/www.vapeswholesaler.com\/wp-content\/uploads\/2024\/08\/Wholesale-Vaploso-King-10000-Puffs-Disposable-vape-1-300x300.jpg 300w, https:\/\/www.vapeswholesaler.com\/wp-content\/uploads\/2024\/08\/Wholesale-Vaploso-King-10000-Puffs-Disposable-vape-1-150x150.jpg 150w, https:\/\/www.vapeswholesaler.com\/wp-content\/uploads\/2024\/08\/Wholesale-Vaploso-King-10000-Puffs-Disposable-vape-1-768x768.jpg 768w, https:\/\/www.vapeswholesaler.com\/wp-content\/uploads\/2024\/08\/Wholesale-Vaploso-King-10000-Puffs-Disposable-vape-1-12x12.jpg 12w, https:\/\/www.vapeswholesaler.com\/wp-content\/uploads\/2024\/08\/Wholesale-Vaploso-King-10000-Puffs-Disposable-vape-1-247x247.jpg 247w, https:\/\/www.vapeswholesaler.com\/wp-content\/uploads\/2024\/08\/Wholesale-Vaploso-King-10000-Puffs-Disposable-vape-1-510x510.jpg 510w, https:\/\/www.vapeswholesaler.com\/wp-content\/uploads\/2024\/08\/Wholesale-Vaploso-King-10000-Puffs-Disposable-vape-1-100x100.jpg 100w\" sizes=\"auto, (max-width: 800px) 100vw, 800px\" \/><figcaption id=\"caption-attachment-19109\" class=\"wp-caption-text\">Nagykereskedelmi Vaploso King 10000 Puffs eldobhat\u00f3 vape<\/figcaption><\/figure>","protected":false},"excerpt":{"rendered":"<p>Minim\u00e1lis rendel\u00e9si mennyis\u00e9g: <strong>50db <\/strong>(Mix \u00edzek) Ingyenes sz\u00e1ll\u00edt\u00e1s<\/p>\n<p>(<strong>2%, 5% Nic<\/strong>) EU rakt\u00e1r Sz\u00e1ll\u00edt\u00e1si id\u0151 5-6 munkanap<\/p>","protected":false},"featured_media":19126,"comment_status":"open","ping_status":"closed","template":"","meta":[],"product_cat":[15],"product_tag":[87,373,378],"class_list":{"0":"post-19127","1":"product","2":"type-product","3":"status-publish","4":"has-post-thumbnail","6":"product_cat-disposable-vape","7":"product_tag-vapsolo","8":"product_tag-europe-warehouse","9":"product_tag-10000-puffs","10":"product_brand-vapsolo","12":"first","13":"outofstock","14":"shipping-taxable","15":"purchasable","16":"product-type-variable","17":"has-default-attributes"},"aioseo_notices":[],"_links":{"self":[{"href":"https:\/\/www.vapeswholesaler.com\/hu\/wp-json\/wp\/v2\/product\/19127","targetHints":{"allow":["GET"]}}],"collection":[{"href":"https:\/\/www.vapeswholesaler.com\/hu\/wp-json\/wp\/v2\/product"}],"about":[{"href":"https:\/\/www.vapeswholesaler.com\/hu\/wp-json\/wp\/v2\/types\/product"}],"replies":[{"embeddable":true,"href":"https:\/\/www.vapeswholesaler.com\/hu\/wp-json\/wp\/v2\/comments?post=19127"}],"wp:featuredmedia":[{"embeddable":true,"href":"https:\/\/www.vapeswholesaler.com\/hu\/wp-json\/wp\/v2\/media\/19126"}],"wp:attachment":[{"href":"https:\/\/www.vapeswholesaler.com\/hu\/wp-json\/wp\/v2\/media?parent=19127"}],"wp:term":[{"taxonomy":"product_cat","embeddable":true,"href":"https:\/\/www.vapeswholesaler.com\/hu\/wp-json\/wp\/v2\/product_cat?post=19127"},{"taxonomy":"product_tag","embeddable":true,"href":"https:\/\/www.vapeswholesaler.com\/hu\/wp-json\/wp\/v2\/product_tag?post=19127"}],"curies":[{"name":"wp","href":"https:\/\/api.w.org\/{rel}","templated":true}]}}