{"id":19089,"date":"2024-08-16T10:35:21","date_gmt":"2024-08-16T02:35:21","guid":{"rendered":"https:\/\/www.vapeswholesaler.com\/?post_type=product&#038;p=19089"},"modified":"2026-03-27T15:42:56","modified_gmt":"2026-03-27T07:42:56","slug":"nagykereskedelmi-bang-kiraly-kristaly-20000-puff-eldobhato-vape","status":"publish","type":"product","link":"https:\/\/www.vapeswholesaler.com\/hu\/termek\/nagykereskedelmi-bang-kiraly-kristaly-20000-puff-eldobhato-vape","title":{"rendered":"Nagykereskedelmi Bang King Crystal 20000 Puffs eldobhat\u00f3 Vape"},"content":{"rendered":"<p><a href=\"https:\/\/www.vapeswholesaler.com\/hu\/product_brand\/bang\/\">Bang<\/a> A King Crystal 20000 Puffs 2 Eliquid cs\u00e9sz\u00e9vel \u00e9rkezik, hosszabb haszn\u00e1latra tervezt\u00e9k, cs\u00f6kkentve a gyakori cser\u00e9k sz\u00fcks\u00e9gess\u00e9g\u00e9t a k\u00e9sz\u00fcl\u00e9kenk\u00e9nti leny\u0171g\u00f6z\u0151 20.000 puffol\u00e1ssal. N\u00e9gy nikotiner\u0151ss\u00e9ggel (0%, 2%, 3% \u00e9s 5%) szolg\u00e1lja ki a k\u00fcl\u00f6nb\u00f6z\u0151 p\u00e1rol\u00e1si preferenci\u00e1kat. A k\u00e9sz\u00fcl\u00e9k 650mAh-s \u00fajrat\u00f6lthet\u0151 akkumul\u00e1torral \u00e9s C-t\u00edpus\u00fa t\u00f6lt\u00e9ssel rendelkezik, \u00edgy biztos\u00edtva a k\u00e9nyelmet \u00e9s a hossz\u00fa \u00e9lettartamot. A nagyvonal\u00fa 25 ml-es e-folyad\u00e9k kapacit\u00e1s lehet\u0151v\u00e9 teszi a hosszan tart\u00f3 p\u00e1rologtat\u00e1sokat az \u00e1lland\u00f3 ut\u00e1nt\u00f6lt\u00e9s gondja n\u00e9lk\u00fcl. Emellett a fejlett 1,0\u03a9-os h\u00e1l\u00f3s tekercs sima g\u0151zt \u00e9s gazdag \u00edzt biztos\u00edt, pr\u00e9mium min\u0151s\u00e9g\u0171 g\u0151z\u00f6l\u00e9si \u00e9lm\u00e9nyt ny\u00fajtva.<\/p>\n<p>Kis nagykereskedelmi mennyis\u00e9geket k\u00edn\u00e1lunk, a minim\u00e1lis rendel\u00e9si mennyis\u00e9g 100db. Minden \u00fcgyfel\u00fcnk \u00e9lvezheti a legigazs\u00e1gosabb nagykereskedelmi \u00e1rakat \u00e9s a leggyorsabb sz\u00e1ll\u00edt\u00e1si sebess\u00e9get, mi lesz\u00fcnk a legmegb\u00edzhat\u00f3bb besz\u00e1ll\u00edt\u00f3ja, \u00e9s n\u00f6vekedj\u00fcnk egy\u00fctt.<\/p>\n<h2><strong><a href=\"https:\/\/www.facebook.com\/fred.luo.58\/\">Bang<\/a> King Crystal 20000 Puffs R\u00e9szletek:<\/strong><\/h2>\n<ul>\n<li>650mAh \u00fajrat\u00f6lthet\u0151 akkumul\u00e1tor<\/li>\n<li>25ml el\u0151re t\u00f6lt\u00f6tt e-folyad\u00e9k<\/li>\n<li>0\/2%\/3%\/5% nikotiner\u0151ss\u00e9g<\/li>\n<li>El\u00e9ri a 20000 f\u00faj\u00e1st<\/li>\n<li>H\u00e1l\u00f3s tekercs<\/li>\n<li>C t\u00edpus\u00fa t\u00f6lt\u0151port<\/li>\n<li>12 \u00edz el\u00e9rhet\u0151<\/li>\n<\/ul>\n<h2><strong>\u00cdzek:<\/strong><\/h2>\n<ol>\n<li>Blue Razz<\/li>\n<li>\u00c1fonya j\u00e9g<\/li>\n<li>Energiaital<\/li>\n<li>Sz\u0151l\u0151 j\u00e9g<\/li>\n<li>Kiwi Passi\u00f3gy\u00fcm\u00f6lcs Guava<\/li>\n<li>Vegyes gy\u00fcm\u00f6lcs<\/li>\n<li>Barack j\u00e9g<\/li>\n<li>Savany\u00fa alma m\u00e1lna<\/li>\n<li>Eper Kiwi<\/li>\n<li>Eper mang\u00f3<\/li>\n<li>Eper g\u00f6r\u00f6gdinnye<\/li>\n<li>G\u00f6r\u00f6gdinnye j\u00e9g<\/li>\n<\/ol>\n<h2><strong>Csomagol\u00e1si lista:<\/strong><\/h2>\n<p>Egyetlen kis csomaggal<br \/>\n10 db k\u00f6zepes dobozban<br \/>\n200 db kartononk\u00e9nt<\/p>\n<figure id=\"attachment_19093\" aria-describedby=\"caption-attachment-19093\" style=\"width: 800px\" class=\"wp-caption alignnone\"><img loading=\"lazy\" decoding=\"async\" class=\"wp-image-19093 size-full\" title=\"Wholesa Bang King Double Crystal 20000 Puffs Eldobhat\u00f3 Vape 4\" src=\"https:\/\/www.vapeswholesaler.com\/wp-content\/uploads\/2024\/08\/Wholesa-Bang-King-Double-Crystal-20000-Puffs-Disposable-Vape-4-1.jpg\" alt=\"Nagykereskedelmi Bang King Double Crystal 20000 Puffs eldobhat\u00f3 Vape 4\" width=\"800\" height=\"500\" srcset=\"https:\/\/www.vapeswholesaler.com\/wp-content\/uploads\/2024\/08\/Wholesa-Bang-King-Double-Crystal-20000-Puffs-Disposable-Vape-4-1.jpg 800w, https:\/\/www.vapeswholesaler.com\/wp-content\/uploads\/2024\/08\/Wholesa-Bang-King-Double-Crystal-20000-Puffs-Disposable-Vape-4-1-300x188.jpg 300w, https:\/\/www.vapeswholesaler.com\/wp-content\/uploads\/2024\/08\/Wholesa-Bang-King-Double-Crystal-20000-Puffs-Disposable-Vape-4-1-768x480.jpg 768w, https:\/\/www.vapeswholesaler.com\/wp-content\/uploads\/2024\/08\/Wholesa-Bang-King-Double-Crystal-20000-Puffs-Disposable-Vape-4-1-18x12.jpg 18w, https:\/\/www.vapeswholesaler.com\/wp-content\/uploads\/2024\/08\/Wholesa-Bang-King-Double-Crystal-20000-Puffs-Disposable-Vape-4-1-510x319.jpg 510w\" sizes=\"auto, (max-width: 800px) 100vw, 800px\" \/><figcaption id=\"caption-attachment-19093\" class=\"wp-caption-text\">Nagykereskedelmi Bang King Double Crystal 20000 Puffs eldobhat\u00f3 Vape<\/figcaption><\/figure>","protected":false},"excerpt":{"rendered":"<p>Minim\u00e1lis rendel\u00e9si mennyis\u00e9g:\u00a0<strong>50db <\/strong>(\u00cdzek kever\u00e9se)\u00a0\u00a0<strong>Ingyenes sz\u00e1ll\u00edt\u00e1s<\/strong><\/p>\n<p>\uff08<strong>0%\uff0c2%\uff0c3%\uff0c5% Nic<\/strong>\uff09<\/p>","protected":false},"featured_media":19090,"comment_status":"open","ping_status":"closed","template":"","meta":[],"product_cat":[15],"product_tag":[388,100,368],"class_list":{"0":"post-19089","1":"product","2":"type-product","3":"status-publish","4":"has-post-thumbnail","6":"product_cat-disposable-vape","7":"product_tag-bang","8":"product_tag-20000-puffs","9":"product_tag-bang-king","10":"product_brand-bang","12":"first","13":"instock","14":"shipping-taxable","15":"purchasable","16":"product-type-variable","17":"has-default-attributes"},"aioseo_notices":[],"_links":{"self":[{"href":"https:\/\/www.vapeswholesaler.com\/hu\/wp-json\/wp\/v2\/product\/19089","targetHints":{"allow":["GET"]}}],"collection":[{"href":"https:\/\/www.vapeswholesaler.com\/hu\/wp-json\/wp\/v2\/product"}],"about":[{"href":"https:\/\/www.vapeswholesaler.com\/hu\/wp-json\/wp\/v2\/types\/product"}],"replies":[{"embeddable":true,"href":"https:\/\/www.vapeswholesaler.com\/hu\/wp-json\/wp\/v2\/comments?post=19089"}],"wp:featuredmedia":[{"embeddable":true,"href":"https:\/\/www.vapeswholesaler.com\/hu\/wp-json\/wp\/v2\/media\/19090"}],"wp:attachment":[{"href":"https:\/\/www.vapeswholesaler.com\/hu\/wp-json\/wp\/v2\/media?parent=19089"}],"wp:term":[{"taxonomy":"product_cat","embeddable":true,"href":"https:\/\/www.vapeswholesaler.com\/hu\/wp-json\/wp\/v2\/product_cat?post=19089"},{"taxonomy":"product_tag","embeddable":true,"href":"https:\/\/www.vapeswholesaler.com\/hu\/wp-json\/wp\/v2\/product_tag?post=19089"}],"curies":[{"name":"wp","href":"https:\/\/api.w.org\/{rel}","templated":true}]}}