{"id":18992,"date":"2024-08-04T22:03:26","date_gmt":"2024-08-04T14:03:26","guid":{"rendered":"https:\/\/www.vapeswholesaler.com\/?post_type=product&#038;p=18992"},"modified":"2025-08-27T21:35:30","modified_gmt":"2025-08-27T13:35:30","slug":"nagykereskedelmi-razz-bar-16000-puffs-eldobhato-vape","status":"publish","type":"product","link":"https:\/\/www.vapeswholesaler.com\/hu\/termek\/nagykereskedelmi-razz-bar-16000-puffs-eldobhato-vape","title":{"rendered":"Nagykereskedelmi RAZZ BAR 16000 Puffs eldobhat\u00f3 vape"},"content":{"rendered":"<div><a href=\"https:\/\/www.vapeswholesaler.com\/hu\/product_brand\/razzbar\/\">Razz b\u00e1r<\/a> Az 16000 Puffs a leg\u00fajabb eldobhat\u00f3 vape, ez egy nagy teljes\u00edtm\u00e9ny\u0171 eszk\u00f6z, amelyet a min\u0151s\u00e9get \u00e9s a k\u00e9nyelmet egyar\u00e1nt keres\u0151 vaperek sz\u00e1m\u00e1ra terveztek. A leny\u0171g\u00f6z\u0151 16000 puffs kapacit\u00e1ssal \u00e9s 650mah Power akkumul\u00e1torral. ez az eldobhat\u00f3 e-cigaretta biztos\u00edtja a hosszan tart\u00f3 \u00e9lvezetet gyakori cser\u00e9k n\u00e9lk\u00fcl. a nagyvonal\u00fa 20ml e-liquid kapacit\u00e1s lehet\u0151v\u00e9 teszi a hosszan tart\u00f3 p\u00e1rologtat\u00e1sokat, \u00edgy b\u0151s\u00e9ges lehet\u0151s\u00e9get biztos\u00edt kedvenc \u00edzeinek \u00edzlel\u00e9s\u00e9re.<\/div>\n<div><\/div>\n<div>20ml folyad\u00e9kkapacit\u00e1s: T\u00f6k\u00e9letes a hosszabb \u00fcl\u00e9sek rajong\u00f3i sz\u00e1m\u00e1ra.<br \/>\nEr\u0151teljes 650mAh akkumul\u00e1tor: A be\u00e9p\u00edtett akkumul\u00e1tor elegend\u0151 \u00fczemid\u0151t biztos\u00edt az eg\u00e9sz napos haszn\u00e1lathoz, gyorsan \u00fajrat\u00f6lthet\u0151 az USB C t\u00edpus\u00fa porton kereszt\u00fcl. Be\u00e9p\u00edtett LED-es kijelz\u0151: K\u00f6nnyed\u00e9n nyomon k\u00f6vetheti az akkumul\u00e1tor t\u00f6lt\u00f6tts\u00e9gi szintj\u00e9t a LED-kijelz\u0151 seg\u00edts\u00e9g\u00e9vel, \u00edgy biztos\u00edtva, hogy soha ne fogyjon ki az \u00e1ram a kritikus pillanatban.<\/div>\n<div><\/div>\n<div><\/div>\n<div>Tapasztalja meg a Razz bar 16000 Puffs sz\u00ednes eldobhat\u00f3 E-cigarett\u00e1kat, \u00e9s emelje fel a p\u00e1rologtat\u00e1s \u00fatj\u00e1t kiv\u00e9teles teljes\u00edtm\u00e9ny\u00e9vel, k\u00e9nyelm\u00e9vel \u00e9s testreszabhat\u00f3 funkci\u00f3ival. \u00c9lvezze a technol\u00f3gia \u00e9s az \u00edz t\u00f6k\u00e9letes kombin\u00e1ci\u00f3j\u00e1t ezzel az innovat\u00edv eldobhat\u00f3 e-cigarett\u00e1val.<\/div>\n<h2><strong><a href=\"https:\/\/www.facebook.com\/fred.luo.58\/\">Razz b\u00e1r<\/a> 16000 Puffs Jellemz\u0151k<\/strong><\/h2>\n<ul>\n<li>S\u00f3 nikotin:2\/5%<\/li>\n<li>Puffok:16000 puffok<\/li>\n<li>Kapacit\u00e1s: 20ml<\/li>\n<li>200 db kartononk\u00e9nt<\/li>\n<li>12 \u00edz el\u00e9rhet\u0151<\/li>\n<li>650mah \u00fajrat\u00f6lthet\u0151<\/li>\n<li>H\u00e1l\u00f3 tekercs<\/li>\n<li>C-t\u00edpus\u00fa<\/li>\n<\/ul>\n<h2><strong>\u00cdzek list\u00e1z\u00e1sa:<\/strong><\/h2>\n<ol>\n<li>Barack j\u00e9g<\/li>\n<li>Eper j\u00e9g<\/li>\n<li>Piros Sull sz\u0151l\u0151<\/li>\n<li>Kiwi Passi\u00f3gy\u00fcm\u00f6lcs Guava<\/li>\n<li>Dupla alma<\/li>\n<li>\u00c1fonya j\u00e9g<\/li>\n<li>Gumimaci<\/li>\n<li>Eper g\u00f6r\u00f6gdinnye bubor\u00e9kos r\u00e1g\u00f3gumi<\/li>\n<li>G\u00f6r\u00f6gdinnye j\u00e9g<\/li>\n<li>Barack mang\u00f3 g\u00f6r\u00f6gdinnye<\/li>\n<li>Eper Kiwi<\/li>\n<li>Vegyes bogy\u00f3s gy\u00fcm\u00f6lcs\u00f6k<\/li>\n<\/ol>\n<h2><strong>Csomagol\u00e1si lista:<\/strong><\/h2>\n<p>1db darab Egyedi doboz<\/p>\n<p>10db k\u00f6z\u00e9ps\u0151 doboz<\/p>\n<p>200db kartononk\u00e9nt<\/p>\n<figure id=\"attachment_18991\" aria-describedby=\"caption-attachment-18991\" style=\"width: 800px\" class=\"wp-caption alignnone\"><img loading=\"lazy\" decoding=\"async\" class=\"wp-image-18991 size-full\" title=\"Nagykereskedelmi RAZZ BAR 16000 Puffs eldobhat\u00f3 vape 9\" src=\"https:\/\/www.vapeswholesaler.com\/wp-content\/uploads\/2024\/08\/Wholesale-RAZZ-BAR-16000-Puffs-disposable-vape-9.webp\" alt=\"Nagykereskedelmi RAZZ BAR 16000 Puffs eldobhat\u00f3 vape 9\" width=\"800\" height=\"800\" srcset=\"https:\/\/www.vapeswholesaler.com\/wp-content\/uploads\/2024\/08\/Wholesale-RAZZ-BAR-16000-Puffs-disposable-vape-9.webp 800w, https:\/\/www.vapeswholesaler.com\/wp-content\/uploads\/2024\/08\/Wholesale-RAZZ-BAR-16000-Puffs-disposable-vape-9-300x300.webp 300w, https:\/\/www.vapeswholesaler.com\/wp-content\/uploads\/2024\/08\/Wholesale-RAZZ-BAR-16000-Puffs-disposable-vape-9-150x150.webp 150w, https:\/\/www.vapeswholesaler.com\/wp-content\/uploads\/2024\/08\/Wholesale-RAZZ-BAR-16000-Puffs-disposable-vape-9-768x768.webp 768w, https:\/\/www.vapeswholesaler.com\/wp-content\/uploads\/2024\/08\/Wholesale-RAZZ-BAR-16000-Puffs-disposable-vape-9-12x12.webp 12w, https:\/\/www.vapeswholesaler.com\/wp-content\/uploads\/2024\/08\/Wholesale-RAZZ-BAR-16000-Puffs-disposable-vape-9-247x247.webp 247w, https:\/\/www.vapeswholesaler.com\/wp-content\/uploads\/2024\/08\/Wholesale-RAZZ-BAR-16000-Puffs-disposable-vape-9-510x510.webp 510w, https:\/\/www.vapeswholesaler.com\/wp-content\/uploads\/2024\/08\/Wholesale-RAZZ-BAR-16000-Puffs-disposable-vape-9-100x100.webp 100w\" sizes=\"auto, (max-width: 800px) 100vw, 800px\" \/><figcaption id=\"caption-attachment-18991\" class=\"wp-caption-text\">Nagykereskedelmi RAZZ BAR 16000 Puffs eldobhat\u00f3 vape<\/figcaption><\/figure>\n<p>&nbsp;<\/p>","protected":false},"excerpt":{"rendered":"<p>Minim\u00e1lis rendel\u00e9si mennyis\u00e9g: <strong>50db<\/strong>\u00a0(\u00cdzek kever\u00e9se) \uff08<strong>2%\uff0c5% Nic<\/strong>\uff09<\/p>\n<p><strong>Ingyenes sz\u00e1ll\u00edt\u00e1s<\/strong><\/p>\n<p><em><strong>Megjegyz\u00e9s:<\/strong><\/em>: Az eur\u00f3pai rakt\u00e1rakb\u00f3l sz\u00e1ll\u00edtunk, \u00e9s a sz\u00e1ll\u00edt\u00e1si id\u0151 kb. <strong>5-6<\/strong> napok. A term\u00e9kd\u00edjat \u00e9s a sz\u00e1ll\u00edt\u00e1si d\u00edjat k\u00fcl\u00f6n kell fizetni a k\u00fcl\u00f6nb\u00f6z\u0151 fizet\u00e9si sz\u00e1ml\u00e1kra. Miut\u00e1n elk\u00fcldte a megrendel\u00e9st, k\u00e9rj\u00fck, k\u00fcldj\u00f6n nekem egy \u00fczenetet WhatsApp-on kereszt\u00fcl, \u00e9s elmondom, hogyan kell fizetni a megrendel\u00e9st. K\u00f6sz\u00f6n\u00f6m.<\/p>","protected":false},"featured_media":18990,"comment_status":"open","ping_status":"closed","template":"","meta":[],"product_cat":[15],"product_tag":[373,384,385],"class_list":{"0":"post-18992","1":"product","2":"type-product","3":"status-publish","4":"has-post-thumbnail","6":"product_cat-disposable-vape","7":"product_tag-europe-warehouse","8":"product_tag-razz-bar","9":"product_tag-16000-puffs","10":"product_brand-razzbar","12":"first","13":"outofstock","14":"shipping-taxable","15":"purchasable","16":"product-type-variable","17":"has-default-attributes"},"aioseo_notices":[],"_links":{"self":[{"href":"https:\/\/www.vapeswholesaler.com\/hu\/wp-json\/wp\/v2\/product\/18992","targetHints":{"allow":["GET"]}}],"collection":[{"href":"https:\/\/www.vapeswholesaler.com\/hu\/wp-json\/wp\/v2\/product"}],"about":[{"href":"https:\/\/www.vapeswholesaler.com\/hu\/wp-json\/wp\/v2\/types\/product"}],"replies":[{"embeddable":true,"href":"https:\/\/www.vapeswholesaler.com\/hu\/wp-json\/wp\/v2\/comments?post=18992"}],"wp:featuredmedia":[{"embeddable":true,"href":"https:\/\/www.vapeswholesaler.com\/hu\/wp-json\/wp\/v2\/media\/18990"}],"wp:attachment":[{"href":"https:\/\/www.vapeswholesaler.com\/hu\/wp-json\/wp\/v2\/media?parent=18992"}],"wp:term":[{"taxonomy":"product_cat","embeddable":true,"href":"https:\/\/www.vapeswholesaler.com\/hu\/wp-json\/wp\/v2\/product_cat?post=18992"},{"taxonomy":"product_tag","embeddable":true,"href":"https:\/\/www.vapeswholesaler.com\/hu\/wp-json\/wp\/v2\/product_tag?post=18992"}],"curies":[{"name":"wp","href":"https:\/\/api.w.org\/{rel}","templated":true}]}}