{"id":18942,"date":"2024-07-30T15:32:26","date_gmt":"2024-07-30T07:32:26","guid":{"rendered":"https:\/\/www.vapeswholesaler.com\/?post_type=product&#038;p=18942"},"modified":"2025-03-18T15:35:19","modified_gmt":"2025-03-18T07:35:19","slug":"nagykereskedelmi-lavie-vigor-15000-puff-eldobhato-vapes","status":"publish","type":"product","link":"https:\/\/www.vapeswholesaler.com\/hu\/termek\/nagykereskedelmi-lavie-vigor-15000-puff-eldobhato-vapes","title":{"rendered":"Nagykereskedelmi LAVIE VIGOR 15000 puff Egyszer haszn\u00e1latos vapes"},"content":{"rendered":"<p><a href=\"https:\/\/www.vapeswholesaler.com\/hu\/product_brand\/lavie\/\">Lavie<\/a> A Vigor 15000 Puffs a leg\u00fajabb eldobhat\u00f3 term\u00e9k. A term\u00e9k legnagyobb jellemz\u0151je, hogy a patronok cser\u00e9lhet\u0151k. K\u00fcl\u00f6nb\u00f6z\u0151 \u00edzeket \u00e9lvezhet egy k\u00e9sz\u00fcl\u00e9kkel. A k\u00fcl\u00f6nb\u00f6z\u0151 \u00edzek patronjait is k\u00fcl\u00f6n-k\u00fcl\u00f6n tudjuk nagykereskedni.<\/p>\n<p>Az eldobhat\u00f3 tart\u00e1ly \u00e1tl\u00e1tsz\u00f3 kialak\u00edt\u00e1s\u00fa, \u00edgy a felhaszn\u00e1l\u00f3k b\u00e1rmikor meg\u00e9rthetik az e-folyad\u00e9k haszn\u00e1lat\u00e1t. 18ml 0\/2%\/3%\/5% nikotinos s\u00f3 e-nedvet tartalmaz, \u00e9s ak\u00e1r 15000 puffot is sz\u00edvhat. 12 \u00edz k\u00f6z\u00fcl v\u00e1laszthat. A Lavie Vigor 15000 Puffs 18ml el\u0151re t\u00f6lt\u00f6tt e-folyad\u00e9k kapacit\u00e1s\u00e1val a Lavie Vigor 15000 Puffs hossz\u00fa ideig haszn\u00e1lhat\u00f3. Az 550mAh nagyteljes\u00edtm\u00e9ny\u0171 l\u00edtium akkumul\u00e1tor eg\u00e9sz napos \u00fczemid\u0151t biztos\u00edthat. A k\u00fcl\u00f6nb\u00f6z\u0151 akkumul\u00e1tor t\u00f6lt\u00f6tts\u00e9gi szinteket 6 k\u00fcl\u00f6nb\u00f6z\u0151 sz\u00edn\u0171 f\u00e9ny jelzi, \u00edgy k\u00f6nnyen kider\u00edthet\u0151 az akkumul\u00e1tor t\u00f6lt\u00f6tts\u00e9gi \u00e1llapota. A gyors t\u00f6lt\u00e9s C t\u00edpus\u00fa t\u00f6lt\u0151porttal, 30 perc alatt teljesen felt\u00f6lt\u0151dik. A term\u00e9k alj\u00e1n kapcsol\u00f3 kialak\u00edt\u00e1ssal rendelkezik a l\u00e9g\u00e1raml\u00e1s be\u00e1ll\u00edt\u00e1s\u00e1hoz, hogy mindenki vape ig\u00e9nyeinek megfeleljen.<\/p>\n<p>C\u00e9g\u00fcnk hossz\u00fa t\u00e1v\u00fa spot ell\u00e1t\u00e1ssal rendelkezik. Amint megkapjuk az \u00fcgyf\u00e9l fizet\u00e9s\u00e9t, m\u00e9g aznap elk\u00fcldhetj\u00fck. a sz\u00e1ll\u00edtm\u00e1nyt v\u00e1mfizet\u00e9ses szolg\u00e1ltat\u00e1sk\u00e9nt v\u00e9gezz\u00fck. elfogadjuk a Revolut, Wise, Money transfer \u00e9s Western Union, helyi banksz\u00e1mlasz\u00e1munk van, az \u00fcgyfelek fizetik a megrendel\u00e9st nagyon k\u00f6nny\u0171 \u00e9s biztons\u00e1gos.<\/p>\n<h2><strong><a href=\"https:\/\/www.facebook.com\/fred.luo.58\/\">Lavie<\/a> Vigor 15000 Puffs \u00cdzek:<\/strong><\/h2>\n<ol>\n<li>tengeri s\u00f3 citrom<\/li>\n<li>Jeges sz\u0151l\u0151<\/li>\n<li>Mang\u00f3 j\u00e9g<\/li>\n<li>\u00a0Dupla alma<\/li>\n<li>Eper j\u00e9g<\/li>\n<li>Mentolos j\u00e9g<\/li>\n<li>Fekete ribizli<\/li>\n<li>G\u00f6r\u00f6gdinnye j\u00e9g<\/li>\n<li>G\u00f6r\u00f6gdinnye licsi<\/li>\n<li>Citromos k\u00f3la<\/li>\n<li>Jeges licsi<\/li>\n<li>G\u00f6r\u00f6gdinnye eper<\/li>\n<\/ol>\n<h2><strong>Jellemz\u0151k:<\/strong><\/h2>\n<ul>\n<li>M\u00e9ret: 51*25.7*86mm<\/li>\n<li>Akkumul\u00e1tor: 550mAh (600mAh a koreai piacon)<\/li>\n<li>Puffok: 15000 puff<\/li>\n<li>Eliquid kapacit\u00e1s: 18ml<\/li>\n<li>Nic.2%,5%.OEM s\u00f3<\/li>\n<li>Nett\u00f3 s\u00faly: 74.2g<\/li>\n<li>H\u00e1l\u00f3s tekercs: H\u00e1l\u00f3s tekercs: Kett\u0151s h\u00e1l\u00f3s tekercs<\/li>\n<li>Anyag: PC\uff0c PCTG<\/li>\n<li>Ellen\u00e1ll\u00e1s: 1.0\u03a9<\/li>\n<li>T\u00edpus: C t\u00edpus\u00fa t\u00f6lt\u0151<\/li>\n<\/ul>\n<h2><strong>Csomagol\u00e1si r\u00e9szletek:<\/strong><\/h2>\n<p>Doboz m\u00e9rete: 560 * 318 * 218mm<br \/>\nCBM:0.04<br \/>\nCsomagol\u00e1si s\u00faly:<br \/>\n\u00c9SZAK-NYUGAT: KG<br \/>\nG\/W: 19KG<br \/>\nMennyis\u00e9g: 200 db\/karton<\/p>\n<p>&nbsp;<\/p>","protected":false},"excerpt":{"rendered":"<p>Minim\u00e1lis rendel\u00e9si mennyis\u00e9g:\u00a0<strong>50db <\/strong>(\u00cdzek kever\u00e9se)\u00a0\u00a0<strong>Ingyenes sz\u00e1ll\u00edt\u00e1s<\/strong><\/p>\n<p>(<strong>2%, 5% Nic<\/strong>)<\/p>","protected":false},"featured_media":18941,"comment_status":"open","ping_status":"closed","template":"","meta":[],"product_cat":[15],"product_tag":[375,393],"class_list":{"0":"post-18942","1":"product","2":"type-product","3":"status-publish","4":"has-post-thumbnail","6":"product_cat-disposable-vape","7":"product_tag-15000-puffs","8":"product_tag-lavie","9":"product_brand-lavie","11":"first","12":"instock","13":"shipping-taxable","14":"purchasable","15":"product-type-variable","16":"has-default-attributes"},"aioseo_notices":[],"_links":{"self":[{"href":"https:\/\/www.vapeswholesaler.com\/hu\/wp-json\/wp\/v2\/product\/18942","targetHints":{"allow":["GET"]}}],"collection":[{"href":"https:\/\/www.vapeswholesaler.com\/hu\/wp-json\/wp\/v2\/product"}],"about":[{"href":"https:\/\/www.vapeswholesaler.com\/hu\/wp-json\/wp\/v2\/types\/product"}],"replies":[{"embeddable":true,"href":"https:\/\/www.vapeswholesaler.com\/hu\/wp-json\/wp\/v2\/comments?post=18942"}],"wp:featuredmedia":[{"embeddable":true,"href":"https:\/\/www.vapeswholesaler.com\/hu\/wp-json\/wp\/v2\/media\/18941"}],"wp:attachment":[{"href":"https:\/\/www.vapeswholesaler.com\/hu\/wp-json\/wp\/v2\/media?parent=18942"}],"wp:term":[{"taxonomy":"product_cat","embeddable":true,"href":"https:\/\/www.vapeswholesaler.com\/hu\/wp-json\/wp\/v2\/product_cat?post=18942"},{"taxonomy":"product_tag","embeddable":true,"href":"https:\/\/www.vapeswholesaler.com\/hu\/wp-json\/wp\/v2\/product_tag?post=18942"}],"curies":[{"name":"wp","href":"https:\/\/api.w.org\/{rel}","templated":true}]}}