{"id":18809,"date":"2024-07-24T16:11:23","date_gmt":"2024-07-24T08:11:23","guid":{"rendered":"https:\/\/www.vapeswholesaler.com\/?post_type=product&#038;p=18809"},"modified":"2025-03-05T15:39:29","modified_gmt":"2025-03-05T07:39:29","slug":"nagykereskedelmi-elf-doboz-impulzus-x-25000-puffs-eldobhato-vape","status":"publish","type":"product","link":"https:\/\/www.vapeswholesaler.com\/hu\/termek\/nagykereskedelmi-elf-doboz-impulzus-x-25000-puffs-eldobhato-vape","title":{"rendered":"Nagykereskedelmi ELF BOX PULSE X 25000 Puffs eldobhat\u00f3 Vape"},"content":{"rendered":"<div><a href=\"https:\/\/www.vapeswholesaler.com\/hu\/product_brand\/manodoboz\/\">ELF BOX<\/a> A PULSE X 25000 Puffs Eldobhat\u00f3 Vape olyan vaperek sz\u00e1m\u00e1ra k\u00e9sz\u00fclt, akik kiv\u00e1l\u00f3 \u00edzt, technol\u00f3gi\u00e1t \u00e9s k\u00e9nyelmet ig\u00e9nyelnek. Ak\u00e1r otthon, ak\u00e1r a munkahelyen, ak\u00e1r \u00fatk\u00f6zben, a Pulse X az \u00d6n ide\u00e1lis t\u00e1rsa, amely p\u00e1ratlanul kifinomult g\u0151z\u00f6l\u00e9si \u00e9lm\u00e9nyt ny\u00fajt. \u00c9lvezze az ELF BOX PULSE X gazdag \u00edzvil\u00e1g\u00e1t \u00e9s \u00e9lvonalbeli teljes\u00edtm\u00e9ny\u00e9t - az \u00d6n kapuja a v\u00e9gs\u0151 vaping \u00e9lm\u00e9nyhez.<\/div>\n<div><\/div>\n<div>ELF BOX PULSE X 25000 Puffs K\u00e9t vaping \u00fczemm\u00f3d: V\u00e1lassza a norm\u00e1l \u00fczemm\u00f3dot az egyenletes, tart\u00f3s \u00e9lm\u00e9nyhez, ak\u00e1r 25 000 puffan\u00e1ssal, vagy v\u00e1ltson Pulse \u00fczemm\u00f3dra a vibr\u00e1l\u00f3, intenz\u00edv \u00edzvil\u00e1g\u00fa utaz\u00e1shoz 15 000 puffan\u00e1ssal.<\/div>\n<div><\/div>\n<div>A 0%\/2%\/3%\/5% nikotin er\u0151ss\u00e9g\u0171 ELF BOX PULSE X 25000 Puffs kiel\u00e9g\u00edt\u0151 slukkokat biztos\u00edt, Advanced Dual Mesh Coil: A k\u00e9sz\u00fcl\u00e9k teljes \u00e9lettartama alatt garant\u00e1lt az egyenletes \u00edz \u00e9s a leny\u0171g\u00f6z\u0151 g\u0151ztermel\u00e9s.<\/div>\n<h2><strong>ELF BOX PULSE X 25000 Puffs Jellemz\u0151k:<\/strong><\/h2>\n<ul>\n<li>T\u00edpusok: eldobhat\u00f3<\/li>\n<li>Norm\u00e1l: 25000 Puff<\/li>\n<li>Impulzus: 15000 Puff<\/li>\n<li>Kett\u0151s h\u00e1l\u00f3s tekercs: 0,8ohm + 0,8ohm<\/li>\n<li>E-folyad\u00e9k:18ml<\/li>\n<li>Nicotine:0%\/2%\/3%\/5%<\/li>\n<li>Akkumul\u00e1tor: 13500-750mah<\/li>\n<li>3D \u00edvelt k\u00e9perny\u0151<\/li>\n<li>AI teljes\u00edtm\u00e9nybe\u00e1ll\u00edt\u00e1s, VPU bel\u00fcl<\/li>\n<li>Impulzus teljes\u00edtm\u00e9ny, Super Boost<\/li>\n<li>\u00dajrat\u00f6lthet\u0151: C-t\u00edpus\u00fa<\/li>\n<\/ul>\n<h2><strong>ELF DOBOZ IMPULZUS X 25000 <\/strong><strong>\u00cdzek:<\/strong><\/h2>\n<ol>\n<li>Eper g\u00f6r\u00f6gdinnye<\/li>\n<li>Cherry Soda<\/li>\n<li>Barack j\u00e9g<\/li>\n<li>Kiwi golgotavir\u00e1g<\/li>\n<li>buja j\u00e9g<\/li>\n<li>Red Bull<\/li>\n<li>Sz\u0151l\u0151 j\u00e9g<\/li>\n<li>K\u00e9k Razz j\u00e9g<\/li>\n<li>Eper ban\u00e1n<\/li>\n<li>Eper j\u00e9g<\/li>\n<\/ol>\n<h2><strong>Csomagol\u00e1si r\u00e9szletek:<\/strong><\/h2>\n<div>Term\u00e9k s\u00falya: 100g\/db<\/div>\n<div>Term\u00e9k m\u00e9rete: 91.5 * 56.5 * 28.5mm<\/div>\n<div>Karton m\u00e9rete: 375*370*226mm<\/div>\n<div>Mennyis\u00e9g: 100db\/ctn.  5db\/doboz<\/div>\n<div>S\u00faly: 11,7 kg<\/div>\n<div><\/div>\n<div><\/div>\n<div><\/div>\n<div><\/div>\n<div>\n<figure id=\"attachment_18792\" aria-describedby=\"caption-attachment-18792\" style=\"width: 800px\" class=\"wp-caption alignnone\"><img loading=\"lazy\" decoding=\"async\" class=\"wp-image-18792 size-full\" title=\"Nagykereskedelmi ELF BOX PULSE X 25000 Puffs eldobhat\u00f3 vape 6\" src=\"https:\/\/www.vapeswholesaler.com\/wp-content\/uploads\/2024\/07\/Wholesale-ELF-BOX-PULSE-X-25000-Puffs-disposable-vape-6.webp\" alt=\"Nagykereskedelmi ELF BOX PULSE X 25000 Puffs eldobhat\u00f3 vape 6\" width=\"800\" height=\"800\" srcset=\"https:\/\/www.vapeswholesaler.com\/wp-content\/uploads\/2024\/07\/Wholesale-ELF-BOX-PULSE-X-25000-Puffs-disposable-vape-6.webp 800w, https:\/\/www.vapeswholesaler.com\/wp-content\/uploads\/2024\/07\/Wholesale-ELF-BOX-PULSE-X-25000-Puffs-disposable-vape-6-300x300.webp 300w, https:\/\/www.vapeswholesaler.com\/wp-content\/uploads\/2024\/07\/Wholesale-ELF-BOX-PULSE-X-25000-Puffs-disposable-vape-6-150x150.webp 150w, https:\/\/www.vapeswholesaler.com\/wp-content\/uploads\/2024\/07\/Wholesale-ELF-BOX-PULSE-X-25000-Puffs-disposable-vape-6-768x768.webp 768w, https:\/\/www.vapeswholesaler.com\/wp-content\/uploads\/2024\/07\/Wholesale-ELF-BOX-PULSE-X-25000-Puffs-disposable-vape-6-12x12.webp 12w, https:\/\/www.vapeswholesaler.com\/wp-content\/uploads\/2024\/07\/Wholesale-ELF-BOX-PULSE-X-25000-Puffs-disposable-vape-6-247x247.webp 247w, https:\/\/www.vapeswholesaler.com\/wp-content\/uploads\/2024\/07\/Wholesale-ELF-BOX-PULSE-X-25000-Puffs-disposable-vape-6-510x510.webp 510w, https:\/\/www.vapeswholesaler.com\/wp-content\/uploads\/2024\/07\/Wholesale-ELF-BOX-PULSE-X-25000-Puffs-disposable-vape-6-100x100.webp 100w\" sizes=\"auto, (max-width: 800px) 100vw, 800px\" \/><figcaption id=\"caption-attachment-18792\" class=\"wp-caption-text\">Nagykereskedelmi ELF BOX PULSE X 25000 Puffs eldobhat\u00f3 vape<\/figcaption><\/figure>\n<p><img loading=\"lazy\" decoding=\"async\" class=\"alignnone wp-image-18794 size-full\" title=\"Nagykereskedelmi ELF BOX PULSE X 25000 Puffs eldobhat\u00f3 vape 8\" src=\"https:\/\/www.vapeswholesaler.com\/wp-content\/uploads\/2024\/07\/Wholesale-ELF-BOX-PULSE-X-25000-Puffs-disposable-vape-8.webp\" alt=\"Nagykereskedelmi ELF BOX PULSE X 25000 Puffs eldobhat\u00f3 vape 8\" width=\"800\" height=\"800\" srcset=\"https:\/\/www.vapeswholesaler.com\/wp-content\/uploads\/2024\/07\/Wholesale-ELF-BOX-PULSE-X-25000-Puffs-disposable-vape-8.webp 800w, https:\/\/www.vapeswholesaler.com\/wp-content\/uploads\/2024\/07\/Wholesale-ELF-BOX-PULSE-X-25000-Puffs-disposable-vape-8-300x300.webp 300w, https:\/\/www.vapeswholesaler.com\/wp-content\/uploads\/2024\/07\/Wholesale-ELF-BOX-PULSE-X-25000-Puffs-disposable-vape-8-150x150.webp 150w, https:\/\/www.vapeswholesaler.com\/wp-content\/uploads\/2024\/07\/Wholesale-ELF-BOX-PULSE-X-25000-Puffs-disposable-vape-8-768x768.webp 768w, https:\/\/www.vapeswholesaler.com\/wp-content\/uploads\/2024\/07\/Wholesale-ELF-BOX-PULSE-X-25000-Puffs-disposable-vape-8-12x12.webp 12w, https:\/\/www.vapeswholesaler.com\/wp-content\/uploads\/2024\/07\/Wholesale-ELF-BOX-PULSE-X-25000-Puffs-disposable-vape-8-247x247.webp 247w, https:\/\/www.vapeswholesaler.com\/wp-content\/uploads\/2024\/07\/Wholesale-ELF-BOX-PULSE-X-25000-Puffs-disposable-vape-8-510x510.webp 510w, https:\/\/www.vapeswholesaler.com\/wp-content\/uploads\/2024\/07\/Wholesale-ELF-BOX-PULSE-X-25000-Puffs-disposable-vape-8-100x100.webp 100w\" sizes=\"auto, (max-width: 800px) 100vw, 800px\" \/><\/p>\n<\/div>","protected":false},"excerpt":{"rendered":"<p>Minim\u00e1lis rendel\u00e9si mennyis\u00e9g:\u00a0<strong>50PCS<\/strong>\u00a0(\u00cdzek kever\u00e9se)\u00a0\u00a0<strong>Ingyenes sz\u00e1ll\u00edt\u00e1s<\/strong><\/p>\n<p>(<strong>2%, 5% Nic<\/strong>)<\/p>","protected":false},"featured_media":18787,"comment_status":"open","ping_status":"closed","template":"","meta":[],"product_cat":[15],"product_tag":[],"class_list":{"0":"post-18809","1":"product","2":"type-product","3":"status-publish","4":"has-post-thumbnail","6":"product_cat-disposable-vape","7":"product_brand-elf-box","9":"first","10":"instock","11":"shipping-taxable","12":"purchasable","13":"product-type-variable","14":"has-default-attributes"},"aioseo_notices":[],"_links":{"self":[{"href":"https:\/\/www.vapeswholesaler.com\/hu\/wp-json\/wp\/v2\/product\/18809","targetHints":{"allow":["GET"]}}],"collection":[{"href":"https:\/\/www.vapeswholesaler.com\/hu\/wp-json\/wp\/v2\/product"}],"about":[{"href":"https:\/\/www.vapeswholesaler.com\/hu\/wp-json\/wp\/v2\/types\/product"}],"replies":[{"embeddable":true,"href":"https:\/\/www.vapeswholesaler.com\/hu\/wp-json\/wp\/v2\/comments?post=18809"}],"wp:featuredmedia":[{"embeddable":true,"href":"https:\/\/www.vapeswholesaler.com\/hu\/wp-json\/wp\/v2\/media\/18787"}],"wp:attachment":[{"href":"https:\/\/www.vapeswholesaler.com\/hu\/wp-json\/wp\/v2\/media?parent=18809"}],"wp:term":[{"taxonomy":"product_cat","embeddable":true,"href":"https:\/\/www.vapeswholesaler.com\/hu\/wp-json\/wp\/v2\/product_cat?post=18809"},{"taxonomy":"product_tag","embeddable":true,"href":"https:\/\/www.vapeswholesaler.com\/hu\/wp-json\/wp\/v2\/product_tag?post=18809"}],"curies":[{"name":"wp","href":"https:\/\/api.w.org\/{rel}","templated":true}]}}