{"id":18664,"date":"2024-07-19T17:05:29","date_gmt":"2024-07-19T09:05:29","guid":{"rendered":"https:\/\/www.vapeswholesaler.com\/?post_type=product&#038;p=18664"},"modified":"2026-04-16T14:05:13","modified_gmt":"2026-04-16T06:05:13","slug":"wholesale-razz-bar-15000-puffs-disposable-vape","status":"publish","type":"product","link":"https:\/\/www.vapeswholesaler.com\/hu\/termek\/wholesale-razz-bar-15000-puffs-disposable-vape","title":{"rendered":"Nagykereskedelmi RAZZ BAR 15000 Puffs eldobhat\u00f3 vape"},"content":{"rendered":"<div><a href=\"https:\/\/www.vapeswholesaler.com\/hu\/product_brand\/razzbar\/\">RAZZ BAR<\/a> 15000 Puffs a revolutionary disposable electronic cigarette equipped with a rechargeable device via USB type C port. With its powerful 650 mAh battery and its 26 ml tank, it offers up to 15,000 puffs of vaping pleasure. Choose from our 10 exquisite scents for a personalized experience with every inhale. Enjoy ultimate practicality combined with exceptional performance with the Razz bar 15000 Puffs.<\/div>\n<div><\/div>\n<div>It is Pre-filled with a cutting-edge electronic juice that perfectly encapsulates the flavor and sweetness for a smooth and satisfying vaping experience. Its leak-proof design limits pandemonium as much as possible, and its transparent windows let users see how much electronic liquid is left in the e-cigarettes, guaranteeing continuous e-cigarette delight.<\/div>\n<div><\/div>\n<h2><strong><a href=\"https:\/\/www.facebook.com\/fred.luo.58\/\">RAZZ BAR<\/a> 15000 Puffs Feature:<\/strong><\/h2>\n<ul>\n<li>Puffs: UP to 15000 puffs<\/li>\n<li>Folyad\u00e9k: 26 ml El\u0151re t\u00f6lt\u00f6tt<\/li>\n<li>Nikotin: 5% 5%<\/li>\n<li>Core: Mesh coil 0.8\u03a9<\/li>\n<li>Akkumul\u00e1tor: 650mAh \u00fajrat\u00f6lthet\u0151 C-t\u00edpus\u00fa akkumul\u00e1tor<\/li>\n<\/ul>\n<h2><strong>\u00cdzek:<\/strong><\/h2>\n<div>1.Raspberry fudge<br \/>\n2.Strawberry ice<br \/>\n3.Red Bull ice<br \/>\n4.Kiwi Passion Fruit Guava<br \/>\n5.Mamba<br \/>\n6.Blueberry on ice<br \/>\n7.Peach ice<br \/>\n8.Strawberry kiwi<br \/>\n9.Watermelon ice<br \/>\n10.Peach mango pineapple<br \/>\n11.Watermelon buble gum<br \/>\n12.Mixed Berries<br \/>\n13.Blueberry Raspberry lemon<br \/>\n14.Lemon Lime<br \/>\n15.cola ice<br \/>\n16.Double apple<\/div>\n<h2><strong>Csomagol\u00e1si lista:<\/strong><\/h2>\n<div><\/div>\n<div>1db darab Egyedi doboz<\/div>\n<div>10db minden k\u00f6z\u00e9ps\u0151 doboz<\/div>\n<div>200db kartononk\u00e9nt<\/div>\n<div><\/div>\n<div>\n<figure id=\"attachment_18663\" aria-describedby=\"caption-attachment-18663\" style=\"width: 800px\" class=\"wp-caption alignnone\"><img loading=\"lazy\" decoding=\"async\" class=\"wp-image-18663 size-full\" title=\"Wholesale RAZZ BAR 15000 Puffs Disposable vape 10\" src=\"https:\/\/www.vapeswholesaler.com\/wp-content\/uploads\/2024\/07\/Wholesale-RAZZ-BAR-15000-Puffs-Disposable-vape-10.webp\" alt=\"Wholesale RAZZ BAR 15000 Puffs Disposable vape 10\" width=\"800\" height=\"800\" srcset=\"https:\/\/www.vapeswholesaler.com\/wp-content\/uploads\/2024\/07\/Wholesale-RAZZ-BAR-15000-Puffs-Disposable-vape-10.webp 800w, https:\/\/www.vapeswholesaler.com\/wp-content\/uploads\/2024\/07\/Wholesale-RAZZ-BAR-15000-Puffs-Disposable-vape-10-300x300.webp 300w, https:\/\/www.vapeswholesaler.com\/wp-content\/uploads\/2024\/07\/Wholesale-RAZZ-BAR-15000-Puffs-Disposable-vape-10-150x150.webp 150w, https:\/\/www.vapeswholesaler.com\/wp-content\/uploads\/2024\/07\/Wholesale-RAZZ-BAR-15000-Puffs-Disposable-vape-10-768x768.webp 768w, https:\/\/www.vapeswholesaler.com\/wp-content\/uploads\/2024\/07\/Wholesale-RAZZ-BAR-15000-Puffs-Disposable-vape-10-12x12.webp 12w, https:\/\/www.vapeswholesaler.com\/wp-content\/uploads\/2024\/07\/Wholesale-RAZZ-BAR-15000-Puffs-Disposable-vape-10-247x247.webp 247w, https:\/\/www.vapeswholesaler.com\/wp-content\/uploads\/2024\/07\/Wholesale-RAZZ-BAR-15000-Puffs-Disposable-vape-10-510x510.webp 510w, https:\/\/www.vapeswholesaler.com\/wp-content\/uploads\/2024\/07\/Wholesale-RAZZ-BAR-15000-Puffs-Disposable-vape-10-100x100.webp 100w\" sizes=\"auto, (max-width: 800px) 100vw, 800px\" \/><figcaption id=\"caption-attachment-18663\" class=\"wp-caption-text\">Nagykereskedelmi RAZZ BAR 15000 Puffs eldobhat\u00f3 vape<\/figcaption><\/figure>\n<\/div>","protected":false},"excerpt":{"rendered":"<p>Minim\u00e1lis rendel\u00e9si mennyis\u00e9g: <strong>50db<\/strong>\u00a0(Mix Flavors) (<strong>2%,5% Nic<\/strong>)<\/p>\n<p><strong>Ingyenes sz\u00e1ll\u00edt\u00e1s<\/strong><\/p>\n<p><em><strong>Megjegyz\u00e9s:<\/strong><\/em>: We ship from China warehouses, and the shipping time will be takes about 1<strong>5-16<\/strong> napok. A term\u00e9kd\u00edjat \u00e9s a sz\u00e1ll\u00edt\u00e1si d\u00edjat k\u00fcl\u00f6n kell fizetni a k\u00fcl\u00f6nb\u00f6z\u0151 fizet\u00e9si sz\u00e1ml\u00e1kra. Miut\u00e1n elk\u00fcldte a megrendel\u00e9st, k\u00e9rj\u00fck, k\u00fcldj\u00f6n nekem egy \u00fczenetet WhatsApp-on kereszt\u00fcl, \u00e9s elmondom, hogyan kell fizetni a megrendel\u00e9st. K\u00f6sz\u00f6n\u00f6m.<\/p>","protected":false},"featured_media":18654,"comment_status":"open","ping_status":"closed","template":"","meta":[],"product_cat":[15],"product_tag":[384,414,375],"class_list":{"0":"post-18664","1":"product","2":"type-product","3":"status-publish","4":"has-post-thumbnail","6":"product_cat-disposable-vape","7":"product_tag-razz-bar","8":"product_tag-razz-bar-15k","9":"product_tag-15000-puffs","10":"product_brand-razzbar","12":"first","13":"outofstock","14":"shipping-taxable","15":"purchasable","16":"product-type-variable","17":"has-default-attributes"},"aioseo_notices":[],"_links":{"self":[{"href":"https:\/\/www.vapeswholesaler.com\/hu\/wp-json\/wp\/v2\/product\/18664","targetHints":{"allow":["GET"]}}],"collection":[{"href":"https:\/\/www.vapeswholesaler.com\/hu\/wp-json\/wp\/v2\/product"}],"about":[{"href":"https:\/\/www.vapeswholesaler.com\/hu\/wp-json\/wp\/v2\/types\/product"}],"replies":[{"embeddable":true,"href":"https:\/\/www.vapeswholesaler.com\/hu\/wp-json\/wp\/v2\/comments?post=18664"}],"wp:featuredmedia":[{"embeddable":true,"href":"https:\/\/www.vapeswholesaler.com\/hu\/wp-json\/wp\/v2\/media\/18654"}],"wp:attachment":[{"href":"https:\/\/www.vapeswholesaler.com\/hu\/wp-json\/wp\/v2\/media?parent=18664"}],"wp:term":[{"taxonomy":"product_cat","embeddable":true,"href":"https:\/\/www.vapeswholesaler.com\/hu\/wp-json\/wp\/v2\/product_cat?post=18664"},{"taxonomy":"product_tag","embeddable":true,"href":"https:\/\/www.vapeswholesaler.com\/hu\/wp-json\/wp\/v2\/product_tag?post=18664"}],"curies":[{"name":"wp","href":"https:\/\/api.w.org\/{rel}","templated":true}]}}