{"id":18629,"date":"2024-07-17T17:47:08","date_gmt":"2024-07-17T09:47:08","guid":{"rendered":"https:\/\/www.vapeswholesaler.com\/?post_type=product&#038;p=18629"},"modified":"2025-03-14T17:10:57","modified_gmt":"2025-03-14T09:10:57","slug":"wholesale-razz-bar-12000-puffs-disposable-vape","status":"publish","type":"product","link":"https:\/\/www.vapeswholesaler.com\/hu\/termek\/wholesale-razz-bar-12000-puffs-disposable-vape","title":{"rendered":"Nagykereskedelmi RAZZ BAR 12000 Puffs eldobhat\u00f3 vape"},"content":{"rendered":"<div><a href=\"https:\/\/www.vapeswholesaler.com\/hu\/product_brand\/razzbar\/\">RAZZ BAR<\/a> 12000 Puffs delivers more genuine tastes and strong production than ever before. Its flip Integrated with up to 22W of power and voltage control and ventilation. 22 ml capacity and a rechargeable battery with 650 mAh Your expectations about robustness and uniformity. Its eye-catching translucent shell and superb design, which sets new standards, catch the eye. The greatest way to improve your e-cigarette experience is using our product.<\/div>\n<div><\/div>\n<div>With a pre-filled 20 mg\/mL nicotine salt, the RAZZ BAR 12000 Puffs rechargeable disposable vape has a twin mesh coil with a resistance of 0.8 ohm. RAZZ BAR 12000 Puffs features a 22mL E-Juice capacity and a 650mAh battery. The translucent chamber allows you to see the electronic liquid that&#8217;s left in it at all times.<\/div>\n<div><\/div>\n<div>The purpose of the RAZZ BAR 12000 Puffs is to deliver a smooth and enjoyable e-cigarette experience. Its distinct flavor offers a cool change from classic fruit flavors. You will experience the refreshing and sweet blend of menthol with each drink.<\/div>\n<div><\/div>\n<h2><strong>RAZZ BAR 12000 Puffs\u00a0 Features:<\/strong><\/h2>\n<ul>\n<li>Puffok: 12000 Puffok<\/li>\n<li>Liquid: 22 mL Pre-filled<\/li>\n<li>Nikotin: 2% 5% 5%<\/li>\n<li>Core: Mesh coil 0.8\u03a9<\/li>\n<li>Akkumul\u00e1tor: 650mAh \u00fajrat\u00f6lthet\u0151 C-t\u00edpus\u00fa akkumul\u00e1tor<\/li>\n<\/ul>\n<h2><strong>\u00cdzek:<\/strong><\/h2>\n<ol>\n<li>Vegyes bogy\u00f3s gy\u00fcm\u00f6lcs\u00f6k<\/li>\n<li>Eper j\u00e9g<\/li>\n<li>Red Bull Ice<\/li>\n<li>Kiwi Rassion Fruit Guava<\/li>\n<li>Mamba<\/li>\n<li>\u00c1fonya j\u00e9g<\/li>\n<li>Barack j\u00e9g<\/li>\n<li>Cherry Ice<\/li>\n<li>G\u00f6r\u00f6gdinnye j\u00e9g<\/li>\n<li>Blue Razz limon\u00e1d\u00e9<\/li>\n<li>Mang\u00f3 j\u00e9g<\/li>\n<li>Eper Kiwi<\/li>\n<\/ol>\n<div><\/div>\n<h2><strong>Csomagol\u00e1si lista:<\/strong><\/h2>\n<div>1db minden egyes doboz<\/div>\n<div>10db minden k\u00f6z\u00e9ps\u0151 doboz<\/div>\n<div>200db kartononk\u00e9nt<\/div>\n<div><\/div>\n<div>\n<figure id=\"attachment_18626\" aria-describedby=\"caption-attachment-18626\" style=\"width: 800px\" class=\"wp-caption alignnone\"><img loading=\"lazy\" decoding=\"async\" class=\"wp-image-18626 size-full\" title=\"Wholesale RAZZ BAR 12000 Puffs disposable vape 5\" src=\"https:\/\/www.vapeswholesaler.com\/wp-content\/uploads\/2024\/07\/Wholesale-RAZZ-BAR-12000-Puffs-disposable-vape-5.webp\" alt=\"Wholesale RAZZ BAR 12000 Puffs disposable vape 5\" width=\"800\" height=\"800\" srcset=\"https:\/\/www.vapeswholesaler.com\/wp-content\/uploads\/2024\/07\/Wholesale-RAZZ-BAR-12000-Puffs-disposable-vape-5.webp 800w, https:\/\/www.vapeswholesaler.com\/wp-content\/uploads\/2024\/07\/Wholesale-RAZZ-BAR-12000-Puffs-disposable-vape-5-300x300.webp 300w, https:\/\/www.vapeswholesaler.com\/wp-content\/uploads\/2024\/07\/Wholesale-RAZZ-BAR-12000-Puffs-disposable-vape-5-150x150.webp 150w, https:\/\/www.vapeswholesaler.com\/wp-content\/uploads\/2024\/07\/Wholesale-RAZZ-BAR-12000-Puffs-disposable-vape-5-768x768.webp 768w, https:\/\/www.vapeswholesaler.com\/wp-content\/uploads\/2024\/07\/Wholesale-RAZZ-BAR-12000-Puffs-disposable-vape-5-12x12.webp 12w, https:\/\/www.vapeswholesaler.com\/wp-content\/uploads\/2024\/07\/Wholesale-RAZZ-BAR-12000-Puffs-disposable-vape-5-247x247.webp 247w, https:\/\/www.vapeswholesaler.com\/wp-content\/uploads\/2024\/07\/Wholesale-RAZZ-BAR-12000-Puffs-disposable-vape-5-510x510.webp 510w, https:\/\/www.vapeswholesaler.com\/wp-content\/uploads\/2024\/07\/Wholesale-RAZZ-BAR-12000-Puffs-disposable-vape-5-100x100.webp 100w\" sizes=\"auto, (max-width: 800px) 100vw, 800px\" \/><figcaption id=\"caption-attachment-18626\" class=\"wp-caption-text\">Nagykereskedelmi RAZZ BAR 12000 Puffs eldobhat\u00f3 vape<\/figcaption><\/figure>\n<\/div>","protected":false},"excerpt":{"rendered":"<p>Minim\u00e1lis rendel\u00e9si mennyis\u00e9g: <strong>50db <\/strong>(Mix Flavors) (<strong>2%,5% Nic<\/strong>)<\/p>\n<p><strong>Ingyenes sz\u00e1ll\u00edt\u00e1s<\/strong><\/p>\n<p><em><strong>Megjegyz\u00e9s:<\/strong><\/em> Az eur\u00f3pai rakt\u00e1rakb\u00f3l sz\u00e1ll\u00edtunk, \u00e9s a sz\u00e1ll\u00edt\u00e1si id\u0151 kb. <strong>5-6<\/strong> napok. A term\u00e9kd\u00edjat \u00e9s a sz\u00e1ll\u00edt\u00e1si d\u00edjat k\u00fcl\u00f6n kell fizetni a k\u00fcl\u00f6nb\u00f6z\u0151 fizet\u00e9si sz\u00e1ml\u00e1kra. Miut\u00e1n elk\u00fcldte a megrendel\u00e9st, k\u00e9rj\u00fck, k\u00fcldj\u00f6n nekem egy \u00fczenetet WhatsApp-on kereszt\u00fcl, \u00e9s elmondom, hogyan kell fizetni a megrendel\u00e9st. K\u00f6sz\u00f6n\u00f6m.<\/p>","protected":false},"featured_media":18622,"comment_status":"open","ping_status":"closed","template":"","meta":[],"product_cat":[15],"product_tag":[373,379,384],"class_list":{"0":"post-18629","1":"product","2":"type-product","3":"status-publish","4":"has-post-thumbnail","6":"product_cat-disposable-vape","7":"product_tag-europe-warehouse","8":"product_tag-12000-puffs","9":"product_tag-razz-bar","10":"product_brand-razzbar","12":"first","13":"outofstock","14":"shipping-taxable","15":"purchasable","16":"product-type-variable","17":"has-default-attributes"},"aioseo_notices":[],"_links":{"self":[{"href":"https:\/\/www.vapeswholesaler.com\/hu\/wp-json\/wp\/v2\/product\/18629","targetHints":{"allow":["GET"]}}],"collection":[{"href":"https:\/\/www.vapeswholesaler.com\/hu\/wp-json\/wp\/v2\/product"}],"about":[{"href":"https:\/\/www.vapeswholesaler.com\/hu\/wp-json\/wp\/v2\/types\/product"}],"replies":[{"embeddable":true,"href":"https:\/\/www.vapeswholesaler.com\/hu\/wp-json\/wp\/v2\/comments?post=18629"}],"wp:featuredmedia":[{"embeddable":true,"href":"https:\/\/www.vapeswholesaler.com\/hu\/wp-json\/wp\/v2\/media\/18622"}],"wp:attachment":[{"href":"https:\/\/www.vapeswholesaler.com\/hu\/wp-json\/wp\/v2\/media?parent=18629"}],"wp:term":[{"taxonomy":"product_cat","embeddable":true,"href":"https:\/\/www.vapeswholesaler.com\/hu\/wp-json\/wp\/v2\/product_cat?post=18629"},{"taxonomy":"product_tag","embeddable":true,"href":"https:\/\/www.vapeswholesaler.com\/hu\/wp-json\/wp\/v2\/product_tag?post=18629"}],"curies":[{"name":"wp","href":"https:\/\/api.w.org\/{rel}","templated":true}]}}