{"id":18536,"date":"2024-07-15T11:17:37","date_gmt":"2024-07-15T03:17:37","guid":{"rendered":"https:\/\/www.vapeswholesaler.com\/?post_type=product&#038;p=18536"},"modified":"2025-03-18T13:58:20","modified_gmt":"2025-03-18T05:58:20","slug":"nagykereskedelmi-bang-tick-tock-20000-puffs-eldobhato-vape","status":"publish","type":"product","link":"https:\/\/www.vapeswholesaler.com\/hu\/termek\/nagykereskedelmi-bang-tick-tock-20000-puffs-eldobhato-vape","title":{"rendered":"Nagykereskedelmi Bang Tick Tock 20000 Puffs eldobhat\u00f3 Vape"},"content":{"rendered":"<div><a href=\"https:\/\/www.vapeswholesaler.com\/hu\/product_brand\/bang\/\">Bang<\/a> A Tick Tock 20000 Puffs eldobhat\u00f3 vape egy ipari st\u00edlus\u00fa eldobhat\u00f3 k\u00e9szlet 16 ml el\u0151re t\u00f6lt\u00f6tt e-nedvvel, k\u00e9t p\u00e1rologtat\u00e1si m\u00f3ddal \u00e9s magas puff-co m\u00e1sodperceken bel\u00fcl. hogy csendes \u00fczemm\u00f3dba kapcsoljon, \u00e9s a fogaskerekek le\u00e1llnak a forg\u00e1ssal. A fontos inform\u00e1ci\u00f3k, mint p\u00e9ld\u00e1ul az e-l\u00e9 szintje \u00e9s az akkumul\u00e1tor hangereje egy dinamikus k\u00e9perny\u0151n jelennek meg. A Bang Tick Tock 20000 \u00e1llapot\u00e1t k\u00f6nnyed\u00e9n nyomon k\u00f6vetheti. Ha hossz\u00fa t\u00e1v\u00fa haszn\u00e1latra keres egy men\u0151 eldobhat\u00f3 vape-t, akkor ne hagyja ki a Bang Tick Tock 20000-at. Vadonat\u00faj dinamikus g\u0151z\u00f6l\u00e9si \u00e9lm\u00e9nyt ny\u00fajt \u00d6nnek.<\/div>\n<h2><strong><a href=\"https:\/\/www.facebook.com\/fred.luo.58\/\">Bang <\/a>Tick Tock 20000 Puffs Jellemz\u0151k:<\/strong><\/h2>\n<ul>\n<li>\u00dajrat\u00f6lthet\u0151 integr\u00e1lt 650mAh akkumul\u00e1tor<\/li>\n<li>Puff sz\u00e1m: K\u00f6r\u00fclbel\u00fcl 20000 puffok<\/li>\n<li>El\u0151re t\u00f6lt\u00f6tt 16ml E-Juice<\/li>\n<li>Dinamikus kijelz\u0151<\/li>\n<li>K\u00e9t vaping \u00fczemm\u00f3d: (A fogaskerekek forognak, amikor szippantasz.)<\/li>\n<li>Csendes \u00fczemm\u00f3d (3 gyors f\u00faj\u00e1s 2 m\u00e1sodpercen bel\u00fcl a fogaskerekek le\u00e1ll\u00edt\u00e1s\u00e1hoz)<\/li>\n<li>5%(50mg) nikotin er\u0151ss\u00e9ge<\/li>\n<li>USB Type-C t\u00f6lt\u00e9s (nem tartoz\u00e9k)<\/li>\n<li>H\u00faz\u00e1s-aktiv\u00e1lt, MTL Vaping<\/li>\n<\/ul>\n<h2><strong>\u00cdzek:<\/strong><\/h2>\n<ol>\n<li>Eper mang\u00f3<\/li>\n<li>Energiaital<\/li>\n<li>\u00c1fony\u00e1s meggyes limon\u00e1d\u00e9<\/li>\n<li>Fekete s\u00e1rk\u00e1ny j\u00e9g<\/li>\n<li>Barack j\u00e9g<\/li>\n<li>Eper ban\u00e1n<\/li>\n<li>Keverj\u00fck \u00f6ssze a gy\u00fcm\u00f6lcs\u00f6t<\/li>\n<li>\u00c1fony\u00e1s j\u00e9g<\/li>\n<li>G\u00f6r\u00f6gdinnye j\u00e9g<\/li>\n<li>Eper kiwi<\/li>\n<li>\u00c1fonya m\u00e1lna<\/li>\n<li>Epres g\u00f6r\u00f6gdinnye<\/li>\n<\/ol>\n<div><\/div>\n<h2><strong>Csomagol\u00e1si r\u00e9szletek:<\/strong><\/h2>\n<div><\/div>\n<div>10db\/ Med doboz<\/div>\n<div>Mennyis\u00e9g: 200 db\/ karton<\/div>\n<div>GW: 21KG<\/div>\n<div><\/div>\n<div>\n<figure id=\"attachment_18530\" aria-describedby=\"caption-attachment-18530\" style=\"width: 800px\" class=\"wp-caption alignnone\"><img loading=\"lazy\" decoding=\"async\" class=\"wp-image-18530 size-full\" title=\"Nagykereskedelmi Bang Tick Tock 20000 Puffs eldobhat\u00f3 Vape 4\" src=\"https:\/\/www.vapeswholesaler.com\/wp-content\/uploads\/2024\/07\/Wholesale-Bang-Tick-Tock-20000-Puffs-Disposable-Vape-4.webp\" alt=\"Nagykereskedelmi Bang Tick Tock 20000 Puffs eldobhat\u00f3 Vape 4\" width=\"800\" height=\"1301\" srcset=\"https:\/\/www.vapeswholesaler.com\/wp-content\/uploads\/2024\/07\/Wholesale-Bang-Tick-Tock-20000-Puffs-Disposable-Vape-4.webp 800w, https:\/\/www.vapeswholesaler.com\/wp-content\/uploads\/2024\/07\/Wholesale-Bang-Tick-Tock-20000-Puffs-Disposable-Vape-4-184x300.webp 184w, https:\/\/www.vapeswholesaler.com\/wp-content\/uploads\/2024\/07\/Wholesale-Bang-Tick-Tock-20000-Puffs-Disposable-Vape-4-630x1024.webp 630w, https:\/\/www.vapeswholesaler.com\/wp-content\/uploads\/2024\/07\/Wholesale-Bang-Tick-Tock-20000-Puffs-Disposable-Vape-4-768x1249.webp 768w, https:\/\/www.vapeswholesaler.com\/wp-content\/uploads\/2024\/07\/Wholesale-Bang-Tick-Tock-20000-Puffs-Disposable-Vape-4-7x12.webp 7w, https:\/\/www.vapeswholesaler.com\/wp-content\/uploads\/2024\/07\/Wholesale-Bang-Tick-Tock-20000-Puffs-Disposable-Vape-4-510x829.webp 510w\" sizes=\"auto, (max-width: 800px) 100vw, 800px\" \/><figcaption id=\"caption-attachment-18530\" class=\"wp-caption-text\">Nagykereskedelmi Bang Tick Tock 20000 Puffs eldobhat\u00f3 Vape<\/figcaption><\/figure>\n<\/div>","protected":false},"excerpt":{"rendered":"<p>Minim\u00e1lis rendel\u00e9si mennyis\u00e9g:\u00a0<strong>50 DB<\/strong>\u00a0(\u00cdzek kever\u00e9se)\u00a0\u00a0<strong>Ingyenes sz\u00e1ll\u00edt\u00e1s<\/strong><\/p>\n<p>(<strong>0%,2%,3%,5% Nic<\/strong>)<\/p>","protected":false},"featured_media":18534,"comment_status":"open","ping_status":"closed","template":"","meta":[],"product_cat":[15],"product_tag":[100,368,388],"class_list":{"0":"post-18536","1":"product","2":"type-product","3":"status-publish","4":"has-post-thumbnail","6":"product_cat-disposable-vape","7":"product_tag-20000-puffs","8":"product_tag-bang-king","9":"product_tag-bang","10":"product_brand-bang","12":"first","13":"instock","14":"shipping-taxable","15":"purchasable","16":"product-type-variable","17":"has-default-attributes"},"aioseo_notices":[],"_links":{"self":[{"href":"https:\/\/www.vapeswholesaler.com\/hu\/wp-json\/wp\/v2\/product\/18536","targetHints":{"allow":["GET"]}}],"collection":[{"href":"https:\/\/www.vapeswholesaler.com\/hu\/wp-json\/wp\/v2\/product"}],"about":[{"href":"https:\/\/www.vapeswholesaler.com\/hu\/wp-json\/wp\/v2\/types\/product"}],"replies":[{"embeddable":true,"href":"https:\/\/www.vapeswholesaler.com\/hu\/wp-json\/wp\/v2\/comments?post=18536"}],"wp:featuredmedia":[{"embeddable":true,"href":"https:\/\/www.vapeswholesaler.com\/hu\/wp-json\/wp\/v2\/media\/18534"}],"wp:attachment":[{"href":"https:\/\/www.vapeswholesaler.com\/hu\/wp-json\/wp\/v2\/media?parent=18536"}],"wp:term":[{"taxonomy":"product_cat","embeddable":true,"href":"https:\/\/www.vapeswholesaler.com\/hu\/wp-json\/wp\/v2\/product_cat?post=18536"},{"taxonomy":"product_tag","embeddable":true,"href":"https:\/\/www.vapeswholesaler.com\/hu\/wp-json\/wp\/v2\/product_tag?post=18536"}],"curies":[{"name":"wp","href":"https:\/\/api.w.org\/{rel}","templated":true}]}}