{"id":18227,"date":"2024-07-09T18:55:47","date_gmt":"2024-07-09T10:55:47","guid":{"rendered":"https:\/\/www.vapeswholesaler.com\/?post_type=product&#038;p=18227"},"modified":"2025-04-09T10:48:50","modified_gmt":"2025-04-09T02:48:50","slug":"nagykereskedelmi-vapsolo-takarmanybar-shisha15000-puff-eldobhato-vape","status":"publish","type":"product","link":"https:\/\/www.vapeswholesaler.com\/hu\/termek\/nagykereskedelmi-vapsolo-takarmanybar-shisha15000-puff-eldobhato-vape","title":{"rendered":"Nagykereskedelmi Vapsolo Feed Bar Shisha15000 Puffs Eldobhat\u00f3 vape"},"content":{"rendered":"<p><a href=\"https:\/\/www.vapeswholesaler.com\/hu\/product_brand\/vapsolo\/\">Vapsolo<\/a> A Feed Bar Shisha 15000 Puffs egy t\u00f6k\u00e9letes vape pen st\u00edlus\u00fa eldobhat\u00f3 vapes, Az ig\u00e9nyes vapers sz\u00e1m\u00e1ra tervezett pr\u00e9mium eldobhat\u00f3 vapes kiv\u00e9teles vaping \u00e9lm\u00e9nyt ny\u00fajt sz\u00e1mos fejlett funkci\u00f3val \u00e9s sz\u00e1mos kiv\u00e1l\u00f3 \u00edzzel.<\/p>\n<p>Term\u00e9k\u00fcnk nagyvonal\u00fa, 25 ml-es e-folyad\u00e9k kapacit\u00e1ssal b\u00fcszk\u00e9lkedhet, amely biztos\u00edtja a hosszan tart\u00f3 \u00e9lvezetet gyakori \u00fajrat\u00f6lt\u00e9s n\u00e9lk\u00fcl. Ez a robusztus 650mAh-s \u00fajrat\u00f6lthet\u0151 akkumul\u00e1torral \u00e9s C t\u00edpus\u00fa porttal ell\u00e1tott vape pen ak\u00e1r 15000 slukkot is garant\u00e1l, \u00edgy t\u00f6k\u00e9letesen alkalmas a hosszabb haszn\u00e1latra. A fejlett h\u00e1l\u00f3s tekercs technol\u00f3gia 0,6\u03a9-os ellen\u00e1ll\u00e1ssal egyenletes f\u0171t\u00e9st \u00e9s egyenletes g\u0151ztermel\u00e9st biztos\u00edt, fokozva az \u00edzt \u00e9s az \u00e1ltal\u00e1nos el\u00e9gedetts\u00e9get.<\/p>\n<p>A be\u00e9p\u00edtett LED kijelz\u0151 val\u00f3s idej\u0171 inform\u00e1ci\u00f3kat ny\u00fajt a p\u00e1rol\u00e1si be\u00e1ll\u00edt\u00e1sokr\u00f3l \u00e9s az akkumul\u00e1tor \u00e9lettartam\u00e1r\u00f3l, \u00edgy biztos\u00edtva a z\u00f6kken\u0151mentes \u00e9s t\u00e1j\u00e9kozott p\u00e1rol\u00e1si \u00e9lm\u00e9nyt. A mind\u00f6ssze 92 g-os s\u00faly\u00e1val ez az e-cigaretta k\u00f6nny\u0171 \u00e9s hordozhat\u00f3, \u00edgy t\u00f6k\u00e9letesen alkalmas az utaz\u00e1s k\u00f6zbeni p\u00e1rologtat\u00e1sra.<\/p>\n<h2><strong><a href=\"https:\/\/www.facebook.com\/fred.luo.58\">Vapsolo<\/a> Feed Bar Shisha 15000 Puffs Jellemz\u0151k:<\/strong><\/h2>\n<ul>\n<li>650mAh be\u00e9p\u00edtett akkumul\u00e1tor<\/li>\n<li>\u00dajrat\u00f6lthet\u0151<\/li>\n<li>Juice kapacit\u00e1s: 25ml<\/li>\n<li>Hat\u00e9kony \u00e9s egyenletes t\u00e1pell\u00e1t\u00e1s<\/li>\n<li>0% , 5% Nikotinszint<\/li>\n<li>El\u00e9gedetts\u00e9g Majdnem 15000 Puff<\/li>\n<li>H\u00e1l\u00f3s tekercs<\/li>\n<li>Kett\u0151s podok<\/li>\n<li>V\u00e9delem: T\u00falmeleged\u00e9s, r\u00f6vidz\u00e1rlat<\/li>\n<\/ul>\n<h2><strong>\u00cdzek:<\/strong><\/h2>\n<ol>\n<li>K\u00e9t alma<\/li>\n<li>K\u00e9k razz limon\u00e1d\u00e9<\/li>\n<li>Barack j\u00e9g<\/li>\n<li>Mang\u00f3 j\u00e9g<\/li>\n<li>buja j\u00e9g<\/li>\n<li>Citromos menta<\/li>\n<li>magic Love<\/li>\n<li>Sz\u0151l\u0151 menta<\/li>\n<li>Eper puncs<\/li>\n<li>\u00c1fonya r\u00e1g\u00f3gumi<\/li>\n<\/ol>\n<h2><strong>Csomagol\u00e1si lista:<\/strong><\/h2>\n<p>1db minden egyes doboz<br \/>\n10db minden k\u00f6z\u00e9ps\u0151 doboz<br \/>\n200db kartononk\u00e9nt.<\/p>\n<figure id=\"attachment_18210\" aria-describedby=\"caption-attachment-18210\" style=\"width: 800px\" class=\"wp-caption alignnone\"><img loading=\"lazy\" decoding=\"async\" class=\"wp-image-18210 size-full\" title=\"Nagykereskedelmi Vapsolo Feed Bar Shisha15000 Puffs eldobhat\u00f3 vape 2\" src=\"https:\/\/www.vapeswholesaler.com\/wp-content\/uploads\/2024\/07\/Wholesale-Vapsolo-Feed-Bar-Shisha15000-Puffs-Disposable-vape-2.webp\" alt=\"Nagykereskedelmi Vapsolo Feed Bar Shisha15000 Puffs eldobhat\u00f3 vape 2\" width=\"800\" height=\"800\" srcset=\"https:\/\/www.vapeswholesaler.com\/wp-content\/uploads\/2024\/07\/Wholesale-Vapsolo-Feed-Bar-Shisha15000-Puffs-Disposable-vape-2.webp 800w, https:\/\/www.vapeswholesaler.com\/wp-content\/uploads\/2024\/07\/Wholesale-Vapsolo-Feed-Bar-Shisha15000-Puffs-Disposable-vape-2-300x300.webp 300w, https:\/\/www.vapeswholesaler.com\/wp-content\/uploads\/2024\/07\/Wholesale-Vapsolo-Feed-Bar-Shisha15000-Puffs-Disposable-vape-2-150x150.webp 150w, https:\/\/www.vapeswholesaler.com\/wp-content\/uploads\/2024\/07\/Wholesale-Vapsolo-Feed-Bar-Shisha15000-Puffs-Disposable-vape-2-768x768.webp 768w, https:\/\/www.vapeswholesaler.com\/wp-content\/uploads\/2024\/07\/Wholesale-Vapsolo-Feed-Bar-Shisha15000-Puffs-Disposable-vape-2-12x12.webp 12w, https:\/\/www.vapeswholesaler.com\/wp-content\/uploads\/2024\/07\/Wholesale-Vapsolo-Feed-Bar-Shisha15000-Puffs-Disposable-vape-2-247x247.webp 247w, https:\/\/www.vapeswholesaler.com\/wp-content\/uploads\/2024\/07\/Wholesale-Vapsolo-Feed-Bar-Shisha15000-Puffs-Disposable-vape-2-510x510.webp 510w, https:\/\/www.vapeswholesaler.com\/wp-content\/uploads\/2024\/07\/Wholesale-Vapsolo-Feed-Bar-Shisha15000-Puffs-Disposable-vape-2-100x100.webp 100w\" sizes=\"auto, (max-width: 800px) 100vw, 800px\" \/><figcaption id=\"caption-attachment-18210\" class=\"wp-caption-text\">Nagykereskedelmi Vapsolo Feed Bar Shisha15000 Puffs Eldobhat\u00f3 vape<\/figcaption><\/figure>\n<p>&nbsp;<\/p>","protected":false},"excerpt":{"rendered":"<p>Minim\u00e1lis rendel\u00e9si mennyis\u00e9g: <strong>50db<\/strong>\u00a0(Mix \u00edzek) Ingyenes sz\u00e1ll\u00edt\u00e1s<\/p>\n<p>(<strong>2%, 5% Nic<\/strong>) EU rakt\u00e1r Sz\u00e1ll\u00edt\u00e1si id\u0151 5-6 munkanap<\/p>","protected":false},"featured_media":18209,"comment_status":"open","ping_status":"closed","template":"","meta":[],"product_cat":[15],"product_tag":[87,373,375],"class_list":{"0":"post-18227","1":"product","2":"type-product","3":"status-publish","4":"has-post-thumbnail","6":"product_cat-disposable-vape","7":"product_tag-vapsolo","8":"product_tag-europe-warehouse","9":"product_tag-15000-puffs","10":"product_brand-vapsolo","12":"first","13":"outofstock","14":"shipping-taxable","15":"purchasable","16":"product-type-variable","17":"has-default-attributes"},"aioseo_notices":[],"_links":{"self":[{"href":"https:\/\/www.vapeswholesaler.com\/hu\/wp-json\/wp\/v2\/product\/18227","targetHints":{"allow":["GET"]}}],"collection":[{"href":"https:\/\/www.vapeswholesaler.com\/hu\/wp-json\/wp\/v2\/product"}],"about":[{"href":"https:\/\/www.vapeswholesaler.com\/hu\/wp-json\/wp\/v2\/types\/product"}],"replies":[{"embeddable":true,"href":"https:\/\/www.vapeswholesaler.com\/hu\/wp-json\/wp\/v2\/comments?post=18227"}],"wp:featuredmedia":[{"embeddable":true,"href":"https:\/\/www.vapeswholesaler.com\/hu\/wp-json\/wp\/v2\/media\/18209"}],"wp:attachment":[{"href":"https:\/\/www.vapeswholesaler.com\/hu\/wp-json\/wp\/v2\/media?parent=18227"}],"wp:term":[{"taxonomy":"product_cat","embeddable":true,"href":"https:\/\/www.vapeswholesaler.com\/hu\/wp-json\/wp\/v2\/product_cat?post=18227"},{"taxonomy":"product_tag","embeddable":true,"href":"https:\/\/www.vapeswholesaler.com\/hu\/wp-json\/wp\/v2\/product_tag?post=18227"}],"curies":[{"name":"wp","href":"https:\/\/api.w.org\/{rel}","templated":true}]}}