{"id":18186,"date":"2024-07-08T14:33:37","date_gmt":"2024-07-08T06:33:37","guid":{"rendered":"https:\/\/www.vapeswholesaler.com\/?post_type=product&#038;p=18186"},"modified":"2025-02-22T22:44:08","modified_gmt":"2025-02-22T14:44:08","slug":"nagykereskedelmi-fumot-randm-kristaly-12000-puffs-eldobhato-vape","status":"publish","type":"product","link":"https:\/\/www.vapeswholesaler.com\/hu\/termek\/nagykereskedelmi-fumot-randm-kristaly-12000-puffs-eldobhato-vape","title":{"rendered":"Nagykereskedelmi Fumot Randm Crystal 12000 Puffs eldobhat\u00f3 vape"},"content":{"rendered":"<p>A Gleevape-n\u00e9l kaphat\u00f3 Fumot RandM Crystal 12000 Puffs LED kijelz\u0151s eldobhat\u00f3 vapes doboz p\u00e1ratlan vaping \u00e9lm\u00e9nyt k\u00edn\u00e1l. A leny\u0171g\u00f6z\u0151, 12000 puff kapacit\u00e1ssal ez a fejlett eszk\u00f6z mind a tapasztalt vaperek, mind az \u00fajoncok sz\u00e1m\u00e1ra k\u00e9sz\u00fclt, biztos\u00edtva a hosszan tart\u00f3 \u00e9s kiel\u00e9g\u00edt\u0151 utaz\u00e1st. A 20 ml-es e-juice kapacit\u00e1s b\u0151s\u00e9ges folyad\u00e9kot biztos\u00edt a hosszabb haszn\u00e1lathoz, m\u00edg a C t\u00edpus\u00fa t\u00f6lt\u0151porttal p\u00e1ros\u00edtott \u00fajrat\u00f6lthet\u0151 650mAh-s akkumul\u00e1tor kik\u00fcsz\u00f6b\u00f6li a gyakori akkumul\u00e1torcser\u00e9k sz\u00fcks\u00e9gess\u00e9g\u00e9t.<\/p>\n<p>A Fumot RandM Crystal 12000 Puffs LED-kijelz\u0151je eleg\u00e1ns, modern megjelen\u00edt\u00e9st biztos\u00edt, \u00e9s j\u00f3l l\u00e1that\u00f3v\u00e1 teszi a k\u00e9sz\u00fcl\u00e9k \u00e1llapot\u00e1t a z\u00f6kken\u0151mentes g\u0151z\u00f6l\u00e9si \u00e9lm\u00e9ny \u00e9rdek\u00e9ben. Ez a k\u00e9sz\u00fcl\u00e9k a 0%, 2%, 3% \u00e9s 5% nikotinopci\u00f3kkal k\u00fcl\u00f6nb\u00f6z\u0151 preferenci\u00e1khoz alkalmazkodik, lehet\u0151v\u00e9 t\u00e9ve a felhaszn\u00e1l\u00f3k sz\u00e1m\u00e1ra, hogy kiv\u00e1lassz\u00e1k az ig\u00e9nyeiknek legink\u00e1bb megfelel\u0151 er\u0151ss\u00e9get. Emellett a RandM Crystal 12000 Puffs 40 cs\u00e1b\u00edt\u00f3 \u00edz sz\u00e9les v\u00e1laszt\u00e9k\u00e1ban kaphat\u00f3, \u00edgy biztos\u00edtva, hogy minden \u00edzl\u00e9st ki tudjon el\u00e9g\u00edteni.<\/p>\n<h2><strong><a href=\"https:\/\/www.vapeswholesaler.com\/hu\/product_brand\/randm\/\">Fumot<\/a> RandM Crystal 12000 Jellemz\u0151k:<\/strong><\/h2>\n<ul>\n<li>20ml el\u0151re t\u00f6lt\u00f6tt E-folyad\u00e9k<\/li>\n<li>0%, 2%, 3%, 5% Nikotin er\u0151ss\u00e9ge<\/li>\n<li>\u00dajrat\u00f6lthet\u0151 650mAh akkumul\u00e1tor<\/li>\n<li>Ak\u00e1r 12000 Puff el\u00e9r\u00e9se<\/li>\n<li>T\u00e1mogatja a C t\u00edpus\u00fa t\u00f6lt\u00e9st<\/li>\n<\/ul>\n<h2><strong>\u00cdzek:<\/strong><\/h2>\n<ol>\n<li>Aloe sz\u0151l\u0151<\/li>\n<li>Cola Ice<\/li>\n<li>Gy\u00fcm\u00f6lcs\u00f6s f\u00fazi\u00f3<\/li>\n<li>Barackos mang\u00f3 g\u00f6r\u00f6gdinnye<\/li>\n<li>Sziv\u00e1rv\u00e1ny cukorka<\/li>\n<li>M\u00e1lna g\u00f6r\u00f6gdinnye<\/li>\n<li>Eper j\u00e9g<\/li>\n<li>Eper Kiwi<\/li>\n<li>K\u00e9k Razz j\u00e9g<\/li>\n<li>S\u00e1rk\u00e1nygy\u00fcm\u00f6lcs j\u00e9g<\/li>\n<li>Sz\u0151l\u0151 j\u00e9g<\/li>\n<li>\u00c1fonya j\u00e9gen<\/li>\n<li>Eper sz\u0151l\u0151<\/li>\n<li>Barack j\u00e9g<\/li>\n<li>Berry limon\u00e1d\u00e9<\/li>\n<li>Epres Red Bull<\/li>\n<li>Ban\u00e1n j\u00e9g<\/li>\n<li>Cool Mint<\/li>\n<li>R\u00f3zsasz\u00edn limon\u00e1d\u00e9<\/li>\n<li>Tripla bogy\u00f3s j\u00e9g<\/li>\n<li>Dr. Blue<\/li>\n<li>\u00c1fonya m\u00e1lna<\/li>\n<li>buja Lce<\/li>\n<li>Barack mang\u00f3<\/li>\n<li>Red Apple Ice<\/li>\n<li>Blue Razz limon\u00e1d\u00e9<\/li>\n<li>Apple Berry Blast<\/li>\n<li>Bogy\u00f3 m\u00e1lna cseresznye<\/li>\n<li>G\u00f6r\u00f6gdinnye Bubblegum<\/li>\n<li>G\u00f6r\u00f6gdinnye j\u00e9g<\/li>\n<li>Eper g\u00f6r\u00f6gdinnye<\/li>\n<li>Kiwi Passi\u00f3gy\u00fcm\u00f6lcs Guava<\/li>\n<li>Vegyes bogy\u00f3s gy\u00fcm\u00f6lcs\u00f6k<\/li>\n<li>\u00c1fonya r\u00e1g\u00f3gumi<\/li>\n<li>Bluesour m\u00e1lna<\/li>\n<li>Mang\u00f3 j\u00e9gen<\/li>\n<\/ol>\n<h2><strong>Csomagol\u00e1si lista:<\/strong><\/h2>\n<p>1db darab Egyedi doboz<br \/>\n10db k\u00f6z\u00e9ps\u0151 doboz<br \/>\n200db dobozonk\u00e9nt<\/p>\n<p><img loading=\"lazy\" decoding=\"async\" class=\"alignnone wp-image-18176 size-full\" title=\"Nagykereskedelmi Fumot Randm Crystal 12000 Puffs eldobhat\u00f3 vape 3\" src=\"https:\/\/www.vapeswholesaler.com\/wp-content\/uploads\/2024\/07\/Wholesale-Fumot-Randm-Crystal-12000-Puffs-disposable-vape-3.webp\" alt=\"Nagykereskedelmi Fumot Randm Crystal 12000 Puffs eldobhat\u00f3 vape 3\" width=\"800\" height=\"800\" srcset=\"https:\/\/www.vapeswholesaler.com\/wp-content\/uploads\/2024\/07\/Wholesale-Fumot-Randm-Crystal-12000-Puffs-disposable-vape-3.webp 800w, https:\/\/www.vapeswholesaler.com\/wp-content\/uploads\/2024\/07\/Wholesale-Fumot-Randm-Crystal-12000-Puffs-disposable-vape-3-300x300.webp 300w, https:\/\/www.vapeswholesaler.com\/wp-content\/uploads\/2024\/07\/Wholesale-Fumot-Randm-Crystal-12000-Puffs-disposable-vape-3-150x150.webp 150w, https:\/\/www.vapeswholesaler.com\/wp-content\/uploads\/2024\/07\/Wholesale-Fumot-Randm-Crystal-12000-Puffs-disposable-vape-3-768x768.webp 768w, https:\/\/www.vapeswholesaler.com\/wp-content\/uploads\/2024\/07\/Wholesale-Fumot-Randm-Crystal-12000-Puffs-disposable-vape-3-12x12.webp 12w, https:\/\/www.vapeswholesaler.com\/wp-content\/uploads\/2024\/07\/Wholesale-Fumot-Randm-Crystal-12000-Puffs-disposable-vape-3-247x247.webp 247w, https:\/\/www.vapeswholesaler.com\/wp-content\/uploads\/2024\/07\/Wholesale-Fumot-Randm-Crystal-12000-Puffs-disposable-vape-3-510x510.webp 510w, https:\/\/www.vapeswholesaler.com\/wp-content\/uploads\/2024\/07\/Wholesale-Fumot-Randm-Crystal-12000-Puffs-disposable-vape-3-100x100.webp 100w\" sizes=\"auto, (max-width: 800px) 100vw, 800px\" \/><\/p>\n<p><img loading=\"lazy\" decoding=\"async\" class=\"alignnone wp-image-18175 size-full\" title=\"Nagykereskedelmi Fumot Randm Crystal 12000 Puffs eldobhat\u00f3 vape 2\" src=\"https:\/\/www.vapeswholesaler.com\/wp-content\/uploads\/2024\/07\/Wholesale-Fumot-Randm-Crystal-12000-Puffs-disposable-vape-2.webp\" alt=\"Nagykereskedelmi Fumot Randm Crystal 12000 Puffs eldobhat\u00f3 vape 2\" width=\"800\" height=\"800\" srcset=\"https:\/\/www.vapeswholesaler.com\/wp-content\/uploads\/2024\/07\/Wholesale-Fumot-Randm-Crystal-12000-Puffs-disposable-vape-2.webp 800w, https:\/\/www.vapeswholesaler.com\/wp-content\/uploads\/2024\/07\/Wholesale-Fumot-Randm-Crystal-12000-Puffs-disposable-vape-2-300x300.webp 300w, https:\/\/www.vapeswholesaler.com\/wp-content\/uploads\/2024\/07\/Wholesale-Fumot-Randm-Crystal-12000-Puffs-disposable-vape-2-150x150.webp 150w, https:\/\/www.vapeswholesaler.com\/wp-content\/uploads\/2024\/07\/Wholesale-Fumot-Randm-Crystal-12000-Puffs-disposable-vape-2-768x768.webp 768w, https:\/\/www.vapeswholesaler.com\/wp-content\/uploads\/2024\/07\/Wholesale-Fumot-Randm-Crystal-12000-Puffs-disposable-vape-2-12x12.webp 12w, https:\/\/www.vapeswholesaler.com\/wp-content\/uploads\/2024\/07\/Wholesale-Fumot-Randm-Crystal-12000-Puffs-disposable-vape-2-247x247.webp 247w, https:\/\/www.vapeswholesaler.com\/wp-content\/uploads\/2024\/07\/Wholesale-Fumot-Randm-Crystal-12000-Puffs-disposable-vape-2-510x510.webp 510w, https:\/\/www.vapeswholesaler.com\/wp-content\/uploads\/2024\/07\/Wholesale-Fumot-Randm-Crystal-12000-Puffs-disposable-vape-2-100x100.webp 100w\" sizes=\"auto, (max-width: 800px) 100vw, 800px\" \/><\/p>","protected":false},"excerpt":{"rendered":"<p>Minim\u00e1lis rendel\u00e9si mennyis\u00e9g:\u00a0<strong>50 DB<\/strong>\u00a0(\u00cdzek kever\u00e9se)\u00a0\u00a0<strong>Ingyenes sz\u00e1ll\u00edt\u00e1s<\/strong><\/p>\n<p>(<strong>2%, 3%\uff0c5% Nic<\/strong>)<\/p>","protected":false},"featured_media":18174,"comment_status":"open","ping_status":"closed","template":"","meta":[],"product_cat":[15],"product_tag":[328,329,330],"class_list":{"0":"post-18186","1":"product","2":"type-product","3":"status-publish","4":"has-post-thumbnail","6":"product_cat-disposable-vape","7":"product_tag-fumot-randm-crystal-12000","8":"product_tag-fumot-randm-crystal-12000-vapes","9":"product_tag-fumot-randm-crystal-12000-disposable-vape","10":"product_brand-fumot","12":"first","13":"outofstock","14":"shipping-taxable","15":"purchasable","16":"product-type-variable"},"aioseo_notices":[],"_links":{"self":[{"href":"https:\/\/www.vapeswholesaler.com\/hu\/wp-json\/wp\/v2\/product\/18186","targetHints":{"allow":["GET"]}}],"collection":[{"href":"https:\/\/www.vapeswholesaler.com\/hu\/wp-json\/wp\/v2\/product"}],"about":[{"href":"https:\/\/www.vapeswholesaler.com\/hu\/wp-json\/wp\/v2\/types\/product"}],"replies":[{"embeddable":true,"href":"https:\/\/www.vapeswholesaler.com\/hu\/wp-json\/wp\/v2\/comments?post=18186"}],"wp:featuredmedia":[{"embeddable":true,"href":"https:\/\/www.vapeswholesaler.com\/hu\/wp-json\/wp\/v2\/media\/18174"}],"wp:attachment":[{"href":"https:\/\/www.vapeswholesaler.com\/hu\/wp-json\/wp\/v2\/media?parent=18186"}],"wp:term":[{"taxonomy":"product_cat","embeddable":true,"href":"https:\/\/www.vapeswholesaler.com\/hu\/wp-json\/wp\/v2\/product_cat?post=18186"},{"taxonomy":"product_tag","embeddable":true,"href":"https:\/\/www.vapeswholesaler.com\/hu\/wp-json\/wp\/v2\/product_tag?post=18186"}],"curies":[{"name":"wp","href":"https:\/\/api.w.org\/{rel}","templated":true}]}}