{"id":18158,"date":"2024-07-07T15:45:25","date_gmt":"2024-07-07T07:45:25","guid":{"rendered":"https:\/\/www.vapeswholesaler.com\/?post_type=product&#038;p=18158"},"modified":"2025-11-07T10:39:13","modified_gmt":"2025-11-07T02:39:13","slug":"nagykereskedelmi-vapsolo-viking-12000-12k-puffs-eldobhato-vape-12000-12k-puffs","status":"publish","type":"product","link":"https:\/\/www.vapeswholesaler.com\/hu\/termek\/nagykereskedelmi-vapsolo-viking-12000-12k-puffs-eldobhato-vape-12000-12k-puffs","title":{"rendered":"Nagykereskedelmi Vapsolo Viking 12000 12K Puffs Eldobhat\u00f3 vape"},"content":{"rendered":"<p><a href=\"https:\/\/www.vapeswholesaler.com\/hu\/product_brand\/vapsolo\/\">Vapsolo<\/a> A Viking 12000 12K Puffs t\u00f6k\u00e9letes g\u0151z\u00f6l\u00e9si \u00e9lm\u00e9nyt ny\u00fajt mind a kezd\u0151k, mind a tapasztalt g\u0151z\u00f6l\u0151k sz\u00e1m\u00e1ra. Ez a legmodernebb eldobhat\u00f3 vape pen a min\u0151s\u00e9g, a hossz\u00fa \u00e9lettartam \u00e9s a v\u00e1ltozatoss\u00e1g jegy\u00e9ben k\u00e9sz\u00fclt. Karcs\u00fa \u00e9s kompakt kialak\u00edt\u00e1sa biztos\u00edtja a st\u00edlust \u00e9s a k\u00e9nyelmet, t\u00f6k\u00e9letes az \u00fatk\u00f6zbeni haszn\u00e1lathoz.<\/p>\n<p>22 ml-es e-folyad\u00e9k kapacit\u00e1ssal \u00e9s 650mAh-s \u00fajrat\u00f6lthet\u0151 akkumul\u00e1torral b\u00fcszk\u00e9lkedhet, amely hosszan tart\u00f3 energi\u00e1t biztos\u00edt a hosszabb p\u00e1rologtat\u00e1sokhoz. A h\u00e1l\u00f3s tekercs technol\u00f3gia \u00e9s az 1,0\u03a9 tekercsellen\u00e1ll\u00e1s egyenletes \u00e9s gazdag g\u0151ztermel\u00e9st biztos\u00edt, fokozva az \u00edz tisztas\u00e1g\u00e1t. A C t\u00edpus\u00fa t\u00f6lt\u0151port gyors \u00e9s hat\u00e9kony \u00fajrat\u00f6lt\u00e9st tesz lehet\u0151v\u00e9.<\/p>\n<p>Ez a k\u00e9sz\u00fcl\u00e9k LCD kijelz\u0151vel rendelkezik a vape \u00e1llapot\u00e1nak \u00e9s be\u00e1ll\u00edt\u00e1sainak k\u00f6nnyed nyomon k\u00f6vet\u00e9s\u00e9hez, valamint n\u00e9gy \u00e1ll\u00edthat\u00f3 l\u00e9g\u00e1raml\u00e1si szinttel rendelkezik a g\u0151z\u00f6l\u00e9si \u00e9lm\u00e9ny testreszab\u00e1s\u00e1hoz.<\/p>\n<h2><strong><a href=\"https:\/\/www.facebook.com\/fred.luo.58\">Vapsolo<\/a> Viking 12000 12K Puffs Jellemz\u0151k:<\/strong><\/h2>\n<ul>\n<li>4 szint\u0171 l\u00e9g\u00e1raml\u00e1s<\/li>\n<li>LCD kijelz\u0151<\/li>\n<li>E-folyad\u00e9k kapacit\u00e1s: 22 ML<\/li>\n<li>Akkumul\u00e1tor kapacit\u00e1s: 650MAH<\/li>\n<li>H\u00e1l\u00f3 tekercs<\/li>\n<li>Tekercs ellen\u00e1ll\u00e1s: 1.0\u03a9<\/li>\n<li>C t\u00edpus\u00fa port, \u00fajrat\u00f6lthet\u0151<\/li>\n<\/ul>\n<h2><strong>\u00cdzek:<\/strong><\/h2>\n<ol>\n<li>\u00c1fonya Cseresznye \u00c1fonya<\/li>\n<li>\u00c1fonya<\/li>\n<li>Citrom Lime<\/li>\n<li>Eper Kiwi<\/li>\n<li>Eper m\u00e1lna j\u00e9g<\/li>\n<li>Eper g\u00f6r\u00f6gdinnye<\/li>\n<li>Ny\u00e1ri \u00e1lom<\/li>\n<li>Eper ban\u00e1n<\/li>\n<li>Red Apple Ice<\/li>\n<li>Gumimaci<\/li>\n<li>Friss menta<\/li>\n<li>Citrom barack<\/li>\n<li>G\u00f6r\u00f6gdinnye j\u00e9g<\/li>\n<li>\u00c1fonya m\u00e1lna<\/li>\n<li>Fizzy Cherry<\/li>\n<\/ol>\n<h2><strong>Csomagol\u00e1si lista:<\/strong><\/h2>\n<p>10cs\/doboz<br \/>\nS\u00faly: 85g\/db<br \/>\n200db\/ctn; 18,6kg\/ctn<br \/>\nKarton m\u00e9rete: 44*43*26.5CM<\/p>\n<p>&nbsp;<\/p>\n<figure id=\"attachment_18138\" aria-describedby=\"caption-attachment-18138\" style=\"width: 800px\" class=\"wp-caption alignnone\"><img loading=\"lazy\" decoding=\"async\" class=\"wp-image-18138 size-full\" title=\"Nagykereskedelmi Vapsolo Viking 12000 12K Puffs eldobhat\u00f3 vape 4\" src=\"https:\/\/www.vapeswholesaler.com\/wp-content\/uploads\/2024\/07\/Wholesale-Vapsolo-Viking-12000-12K-Puffs-Disposable-vape-4.webp\" alt=\"Nagykereskedelmi Vapsolo Viking 12000 12K Puffs eldobhat\u00f3 vape 4\" width=\"800\" height=\"800\" srcset=\"https:\/\/www.vapeswholesaler.com\/wp-content\/uploads\/2024\/07\/Wholesale-Vapsolo-Viking-12000-12K-Puffs-Disposable-vape-4.webp 800w, https:\/\/www.vapeswholesaler.com\/wp-content\/uploads\/2024\/07\/Wholesale-Vapsolo-Viking-12000-12K-Puffs-Disposable-vape-4-300x300.webp 300w, https:\/\/www.vapeswholesaler.com\/wp-content\/uploads\/2024\/07\/Wholesale-Vapsolo-Viking-12000-12K-Puffs-Disposable-vape-4-150x150.webp 150w, https:\/\/www.vapeswholesaler.com\/wp-content\/uploads\/2024\/07\/Wholesale-Vapsolo-Viking-12000-12K-Puffs-Disposable-vape-4-768x768.webp 768w, https:\/\/www.vapeswholesaler.com\/wp-content\/uploads\/2024\/07\/Wholesale-Vapsolo-Viking-12000-12K-Puffs-Disposable-vape-4-12x12.webp 12w, https:\/\/www.vapeswholesaler.com\/wp-content\/uploads\/2024\/07\/Wholesale-Vapsolo-Viking-12000-12K-Puffs-Disposable-vape-4-247x247.webp 247w, https:\/\/www.vapeswholesaler.com\/wp-content\/uploads\/2024\/07\/Wholesale-Vapsolo-Viking-12000-12K-Puffs-Disposable-vape-4-510x510.webp 510w, https:\/\/www.vapeswholesaler.com\/wp-content\/uploads\/2024\/07\/Wholesale-Vapsolo-Viking-12000-12K-Puffs-Disposable-vape-4-100x100.webp 100w\" sizes=\"auto, (max-width: 800px) 100vw, 800px\" \/><figcaption id=\"caption-attachment-18138\" class=\"wp-caption-text\">Nagykereskedelmi Vapsolo Viking 12000 12K Puffs Eldobhat\u00f3 vape<\/figcaption><\/figure>\n<figure id=\"attachment_18137\" aria-describedby=\"caption-attachment-18137\" style=\"width: 800px\" class=\"wp-caption alignnone\"><img loading=\"lazy\" decoding=\"async\" class=\"wp-image-18137 size-full\" title=\"Nagykereskedelmi Vapsolo Viking 12000 12K Puffs eldobhat\u00f3 vape 3\" src=\"https:\/\/www.vapeswholesaler.com\/wp-content\/uploads\/2024\/07\/Wholesale-Vapsolo-Viking-12000-12K-Puffs-Disposable-vape-3.webp\" alt=\"Nagykereskedelmi Vapsolo Viking 12000 12K Puffs eldobhat\u00f3 vape 3\" width=\"800\" height=\"800\" srcset=\"https:\/\/www.vapeswholesaler.com\/wp-content\/uploads\/2024\/07\/Wholesale-Vapsolo-Viking-12000-12K-Puffs-Disposable-vape-3.webp 800w, https:\/\/www.vapeswholesaler.com\/wp-content\/uploads\/2024\/07\/Wholesale-Vapsolo-Viking-12000-12K-Puffs-Disposable-vape-3-300x300.webp 300w, https:\/\/www.vapeswholesaler.com\/wp-content\/uploads\/2024\/07\/Wholesale-Vapsolo-Viking-12000-12K-Puffs-Disposable-vape-3-150x150.webp 150w, https:\/\/www.vapeswholesaler.com\/wp-content\/uploads\/2024\/07\/Wholesale-Vapsolo-Viking-12000-12K-Puffs-Disposable-vape-3-768x768.webp 768w, https:\/\/www.vapeswholesaler.com\/wp-content\/uploads\/2024\/07\/Wholesale-Vapsolo-Viking-12000-12K-Puffs-Disposable-vape-3-12x12.webp 12w, https:\/\/www.vapeswholesaler.com\/wp-content\/uploads\/2024\/07\/Wholesale-Vapsolo-Viking-12000-12K-Puffs-Disposable-vape-3-247x247.webp 247w, https:\/\/www.vapeswholesaler.com\/wp-content\/uploads\/2024\/07\/Wholesale-Vapsolo-Viking-12000-12K-Puffs-Disposable-vape-3-510x510.webp 510w, https:\/\/www.vapeswholesaler.com\/wp-content\/uploads\/2024\/07\/Wholesale-Vapsolo-Viking-12000-12K-Puffs-Disposable-vape-3-100x100.webp 100w\" sizes=\"auto, (max-width: 800px) 100vw, 800px\" \/><figcaption id=\"caption-attachment-18137\" class=\"wp-caption-text\">Nagykereskedelmi Vapsolo Viking 12000 12K Puffs Eldobhat\u00f3 vape<\/figcaption><\/figure>","protected":false},"excerpt":{"rendered":"<p>Minim\u00e1lis rendel\u00e9si mennyis\u00e9g:\u00a0<strong>50db <\/strong>(\u00cdzek kever\u00e9se)\u00a0\u00a0<strong>Ingyenes sz\u00e1ll\u00edt\u00e1s<\/strong><\/p>\n<p>(<strong>2%, 5% Nic<\/strong>) EU rakt\u00e1r Sz\u00e1ll\u00edt\u00e1si id\u0151 5-6 munkanap<\/p>","protected":false},"featured_media":18145,"comment_status":"open","ping_status":"closed","template":"","meta":[],"product_cat":[15],"product_tag":[379,87,373],"class_list":{"0":"post-18158","1":"product","2":"type-product","3":"status-publish","4":"has-post-thumbnail","6":"product_cat-disposable-vape","7":"product_tag-12000-puffs","8":"product_tag-vapsolo","9":"product_tag-europe-warehouse","10":"product_brand-vapsolo","12":"first","13":"outofstock","14":"shipping-taxable","15":"purchasable","16":"product-type-variable","17":"has-default-attributes"},"aioseo_notices":[],"_links":{"self":[{"href":"https:\/\/www.vapeswholesaler.com\/hu\/wp-json\/wp\/v2\/product\/18158","targetHints":{"allow":["GET"]}}],"collection":[{"href":"https:\/\/www.vapeswholesaler.com\/hu\/wp-json\/wp\/v2\/product"}],"about":[{"href":"https:\/\/www.vapeswholesaler.com\/hu\/wp-json\/wp\/v2\/types\/product"}],"replies":[{"embeddable":true,"href":"https:\/\/www.vapeswholesaler.com\/hu\/wp-json\/wp\/v2\/comments?post=18158"}],"wp:featuredmedia":[{"embeddable":true,"href":"https:\/\/www.vapeswholesaler.com\/hu\/wp-json\/wp\/v2\/media\/18145"}],"wp:attachment":[{"href":"https:\/\/www.vapeswholesaler.com\/hu\/wp-json\/wp\/v2\/media?parent=18158"}],"wp:term":[{"taxonomy":"product_cat","embeddable":true,"href":"https:\/\/www.vapeswholesaler.com\/hu\/wp-json\/wp\/v2\/product_cat?post=18158"},{"taxonomy":"product_tag","embeddable":true,"href":"https:\/\/www.vapeswholesaler.com\/hu\/wp-json\/wp\/v2\/product_tag?post=18158"}],"curies":[{"name":"wp","href":"https:\/\/api.w.org\/{rel}","templated":true}]}}