{"id":18011,"date":"2024-07-05T17:31:55","date_gmt":"2024-07-05T09:31:55","guid":{"rendered":"https:\/\/www.vapeswholesaler.com\/?post_type=product&#038;p=18011"},"modified":"2025-11-07T10:39:15","modified_gmt":"2025-11-07T02:39:15","slug":"wholesale-vozol-star-20000-puffs-disposable-vape","status":"publish","type":"product","link":"https:\/\/www.vapeswholesaler.com\/hu\/termek\/wholesale-vozol-star-20000-puffs-disposable-vape","title":{"rendered":"Nagykereskedelmi Vozol Star 20000 Puffs eldobhat\u00f3 Vape"},"content":{"rendered":"<p><a href=\"https:\/\/www.vapeswholesaler.com\/hu\/product_brand\/vozol\/\">Vozol<\/a> Star 20000 Puffs Disposable Vape ushers in a new era of vaping with its innovative adjustable modes, dual mesh coil system, and a vivid flat screen UI. Experience vaping like never before with up to 20000 puffs and a selection from 20 tantalizing flavors.<\/p>\n<p>Dual Vaping Modes: Choose between Boost Mode for intense flavor or Smooth Mode for extended puff count. Cutting-Edge Dual Mesh Coil: Experience consistent, rich vapor with every puff.<\/p>\n<p>User-Friendly Flat Screen: Navigate settings and preferences with an intuitive and colorful user interface. Real-Time Indicators: Stay informed with clear battery and e-liquid level displays. Expansive Flavor Variety: Delight in a spectrum of 20 different flavors tailored to suit any taste.<\/p>\n<h2><strong><a href=\"https:\/\/www.facebook.com\/fred.luo.58\/\">VOZOL<\/a> Star 20000 Puffs Features:<\/strong><\/h2>\n<ul>\n<li>Brand: VOZOL<\/li>\n<li>Model: Star 20000 Puffs<\/li>\n<li>LED Screen Display Battery &amp; E-Liquid Level<\/li>\n<li>20000+ Puffs<\/li>\n<li>H\u00e1l\u00f3 tekercs<\/li>\n<li>Mouthpiece Protection<\/li>\n<li>Fully Charged in 30 minutes<\/li>\n<li>MTL Vape<\/li>\n<li>Beginner-friendly<\/li>\n<\/ul>\n<h2><strong>\u00cdzek:<\/strong><\/h2>\n<ol>\n<li>K\u00e9k Razz j\u00e9g<\/li>\n<li>Blueberry Storm<\/li>\n<li>Cherry Cola<\/li>\n<li>Double Apple Ice<\/li>\n<li>S\u00e1rk\u00e1ny Strawnana<\/li>\n<li>Sz\u0151l\u0151 j\u00e9g<\/li>\n<li>L\u00e9d\u00fas barack j\u00e9g<\/li>\n<li>Citrom Lime<\/li>\n<li>Szerelem 777<\/li>\n<li>Mang\u00f3 j\u00e9g<\/li>\n<li>Vegyes bogy\u00f3s gy\u00fcm\u00f6lcs\u00f6k<\/li>\n<li>Orange Pineapple Lychee<\/li>\n<li>Barack mang\u00f3 g\u00f6r\u00f6gdinnye<\/li>\n<li>Perfume Lemon<\/li>\n<li>Raspberry Apple Watermelon Pineapple<\/li>\n<li>M\u00e1lna g\u00f6r\u00f6gdinnye<\/li>\n<li>Eper Kiwi<\/li>\n<li>Eper mang\u00f3<\/li>\n<li>Tropical Blast<\/li>\n<li>G\u00f6r\u00f6gdinnye j\u00e9g<\/li>\n<\/ol>\n<h2><strong>Csomagol\u00e1si lista:<\/strong><\/h2>\n<p>1db kis doboz<br \/>\n10db minden k\u00f6z\u00e9ps\u0151 doboz<br \/>\n200db kartononk\u00e9nt<\/p>\n<figure id=\"attachment_18009\" aria-describedby=\"caption-attachment-18009\" style=\"width: 800px\" class=\"wp-caption alignnone\"><img loading=\"lazy\" decoding=\"async\" class=\"wp-image-18009 size-full\" title=\"Wholesale Vozol Star 20000 Puffs Disposable Vape Tropical Blast\" src=\"https:\/\/www.vapeswholesaler.com\/wp-content\/uploads\/2024\/07\/Wholesale-Vozol-Star-20000-Puffs-Disposable-Vape-Tropical-Blast.webp\" alt=\"Wholesale Vozol Star 20000 Puffs Disposable Vape Tropical Blast\" width=\"800\" height=\"800\" srcset=\"https:\/\/www.vapeswholesaler.com\/wp-content\/uploads\/2024\/07\/Wholesale-Vozol-Star-20000-Puffs-Disposable-Vape-Tropical-Blast.webp 800w, https:\/\/www.vapeswholesaler.com\/wp-content\/uploads\/2024\/07\/Wholesale-Vozol-Star-20000-Puffs-Disposable-Vape-Tropical-Blast-300x300.webp 300w, https:\/\/www.vapeswholesaler.com\/wp-content\/uploads\/2024\/07\/Wholesale-Vozol-Star-20000-Puffs-Disposable-Vape-Tropical-Blast-150x150.webp 150w, https:\/\/www.vapeswholesaler.com\/wp-content\/uploads\/2024\/07\/Wholesale-Vozol-Star-20000-Puffs-Disposable-Vape-Tropical-Blast-768x768.webp 768w, https:\/\/www.vapeswholesaler.com\/wp-content\/uploads\/2024\/07\/Wholesale-Vozol-Star-20000-Puffs-Disposable-Vape-Tropical-Blast-12x12.webp 12w, https:\/\/www.vapeswholesaler.com\/wp-content\/uploads\/2024\/07\/Wholesale-Vozol-Star-20000-Puffs-Disposable-Vape-Tropical-Blast-247x247.webp 247w, https:\/\/www.vapeswholesaler.com\/wp-content\/uploads\/2024\/07\/Wholesale-Vozol-Star-20000-Puffs-Disposable-Vape-Tropical-Blast-510x510.webp 510w, https:\/\/www.vapeswholesaler.com\/wp-content\/uploads\/2024\/07\/Wholesale-Vozol-Star-20000-Puffs-Disposable-Vape-Tropical-Blast-100x100.webp 100w\" sizes=\"auto, (max-width: 800px) 100vw, 800px\" \/><figcaption id=\"caption-attachment-18009\" class=\"wp-caption-text\">Nagykereskedelmi Vozol Star 20000 Puffs eldobhat\u00f3 Vape<\/figcaption><\/figure>","protected":false},"excerpt":{"rendered":"<p>Minim\u00e1lis rendel\u00e9si mennyis\u00e9g:\u00a0<strong>50db<\/strong>\u00a0(\u00cdzek kever\u00e9se)\u00a0\u00a0<strong>Ingyenes sz\u00e1ll\u00edt\u00e1s<\/strong><\/p>\n<p>(<strong>2%, 5% Nic<\/strong>) EU rakt\u00e1r Sz\u00e1ll\u00edt\u00e1si id\u0151 5-6 munkanap<\/p>","protected":false},"featured_media":17992,"comment_status":"open","ping_status":"closed","template":"","meta":[],"product_cat":[15],"product_tag":[100,373,392],"class_list":{"0":"post-18011","1":"product","2":"type-product","3":"status-publish","4":"has-post-thumbnail","6":"product_cat-disposable-vape","7":"product_tag-20000-puffs","8":"product_tag-europe-warehouse","9":"product_tag-vozol","10":"product_brand-vozol","12":"first","13":"instock","14":"shipping-taxable","15":"purchasable","16":"product-type-variable","17":"has-default-attributes"},"aioseo_notices":[],"_links":{"self":[{"href":"https:\/\/www.vapeswholesaler.com\/hu\/wp-json\/wp\/v2\/product\/18011","targetHints":{"allow":["GET"]}}],"collection":[{"href":"https:\/\/www.vapeswholesaler.com\/hu\/wp-json\/wp\/v2\/product"}],"about":[{"href":"https:\/\/www.vapeswholesaler.com\/hu\/wp-json\/wp\/v2\/types\/product"}],"replies":[{"embeddable":true,"href":"https:\/\/www.vapeswholesaler.com\/hu\/wp-json\/wp\/v2\/comments?post=18011"}],"wp:featuredmedia":[{"embeddable":true,"href":"https:\/\/www.vapeswholesaler.com\/hu\/wp-json\/wp\/v2\/media\/17992"}],"wp:attachment":[{"href":"https:\/\/www.vapeswholesaler.com\/hu\/wp-json\/wp\/v2\/media?parent=18011"}],"wp:term":[{"taxonomy":"product_cat","embeddable":true,"href":"https:\/\/www.vapeswholesaler.com\/hu\/wp-json\/wp\/v2\/product_cat?post=18011"},{"taxonomy":"product_tag","embeddable":true,"href":"https:\/\/www.vapeswholesaler.com\/hu\/wp-json\/wp\/v2\/product_tag?post=18011"}],"curies":[{"name":"wp","href":"https:\/\/api.w.org\/{rel}","templated":true}]}}