{"id":17979,"date":"2024-07-05T16:47:48","date_gmt":"2024-07-05T08:47:48","guid":{"rendered":"https:\/\/www.vapeswholesaler.com\/?post_type=product&#038;p=17979"},"modified":"2025-03-18T15:42:26","modified_gmt":"2025-03-18T07:42:26","slug":"nagykereskedelmi-lavie-cameo-30000-puffs-eldobhato-vape","status":"publish","type":"product","link":"https:\/\/www.vapeswholesaler.com\/hu\/termek\/nagykereskedelmi-lavie-cameo-30000-puffs-eldobhato-vape","title":{"rendered":"Nagykereskedelmi Lavie Cameo 30000 Puffs Eldobhat\u00f3 Vape"},"content":{"rendered":"<p><a href=\"https:\/\/www.vapeswholesaler.com\/hu\/product_brand\/lavie\/\">Lavie<\/a> Cameo 30000 Puffs a legnagyobb jellemz\u0151je a berendez\u00e9s k\u00e9sz\u00fcl\u00e9k j\u00f6n olaj-tekercs elv\u00e1laszt\u00f3 technol\u00f3gi\u00e1val, akkor vil\u00e1gosan \u00e9s intuit\u00edvan l\u00e1tni a f\u00fcst e-folyad\u00e9k mennyis\u00e9g\u00e9t.<\/p>\n<p>Ez egy \u00fajrat\u00f6lthet\u0151, eldobhat\u00f3 vape k\u00e9sz\u00fcl\u00e9k, amely akkumul\u00e1torral \u00e9s e-juice szint kijelz\u0151vel rendelkezik. 30ml 1%\/2%\/3%\/5% nikotinos s\u00f3 e-nedvet tartalmaz, \u00e9s ak\u00e1r 30000 puffot is sz\u00edvhat. 12 \u00edz k\u00f6z\u00fcl v\u00e1laszthat. A Cameo 30000 gyors t\u00f6lt\u0151 C t\u00edpus\u00fa t\u00f6lt\u0151porttal rendelkezik, 30 perc alatt gyorsan teljesen felt\u00f6lt\u0151dik. A term\u00e9k alj\u00e1n egy kapcsol\u00f3 kialak\u00edt\u00e1ssal rendelkezik a l\u00e9g\u00e1raml\u00e1s be\u00e1ll\u00edt\u00e1s\u00e1hoz, hogy mindenki vape ig\u00e9nyeinek megfeleljen.<\/p>\n<h2><strong><a href=\"https:\/\/www.facebook.com\/fred.luo.58\/\">Lavie<\/a> Cameo 30000 Puffs Jellemz\u0151:<\/strong><\/h2>\n<ul>\n<li>850mAh \u00fajrat\u00f6lthet\u0151 akkumul\u00e1tor<\/li>\n<li>30ml el\u0151re t\u00f6lt\u00f6tt e-folyad\u00e9k<\/li>\n<li>1%\/2%\/3%\/5% nikotiner\u0151ss\u00e9g<\/li>\n<li>El\u00e9ri a 30000 f\u00faj\u00e1st<\/li>\n<li>0.8 ohm h\u00e1l\u00f3s tekercs<\/li>\n<li>C t\u00edpus\u00fa t\u00f6lt\u0151port<\/li>\n<li>krist\u00e1ly l\u00e1mpa oszlop f\u00e9nyszalag<\/li>\n<li>12 \u00edz el\u00e9rhet\u0151<\/li>\n<\/ul>\n<h2><strong>\u00cdzek:<\/strong><\/h2>\n<ol>\n<li>\u00c1fonya j\u00e9g<\/li>\n<li>Cherry Ice<\/li>\n<li>Coffee Ice<\/li>\n<li>Dupla alma<\/li>\n<li>Sz\u0151l\u0151 j\u00e9g<\/li>\n<li>Citromos k\u00f3la<\/li>\n<li>Mang\u00f3 j\u00e9g<\/li>\n<li>K\u00f6rte Citrus<\/li>\n<li>Eper j\u00e9g<\/li>\n<li>Eper g\u00f6r\u00f6gdinnye<\/li>\n<li>Tr\u00f3pusi gy\u00fcm\u00f6lcs\u00f6k<\/li>\n<li>G\u00f6r\u00f6gdinnye j\u00e9g<\/li>\n<\/ol>\n<h2><strong>Csomagol\u00e1si lista:<\/strong><\/h2>\n<p>Egyetlen kis csomaggal<br \/>\n10 db k\u00f6zepes dobozban<br \/>\n200 db kartononk\u00e9nt<\/p>\n<p>&nbsp;<\/p>\n<figure id=\"attachment_17978\" aria-describedby=\"caption-attachment-17978\" style=\"width: 800px\" class=\"wp-caption alignnone\"><img loading=\"lazy\" decoding=\"async\" class=\"wp-image-17978 size-full\" title=\"Nagykereskedelmi Lavie Cameo 30000 Puffs Eldobhat\u00f3 Vape\" src=\"https:\/\/www.vapeswholesaler.com\/wp-content\/uploads\/2024\/07\/Wholesale-Lavie-Cameo-30000-Puffs-Disposable-Vape.webp\" alt=\"Nagykereskedelmi Lavie Cameo 30000 Puffs Eldobhat\u00f3 Vape\" width=\"800\" height=\"560\" srcset=\"https:\/\/www.vapeswholesaler.com\/wp-content\/uploads\/2024\/07\/Wholesale-Lavie-Cameo-30000-Puffs-Disposable-Vape.webp 800w, https:\/\/www.vapeswholesaler.com\/wp-content\/uploads\/2024\/07\/Wholesale-Lavie-Cameo-30000-Puffs-Disposable-Vape-300x210.webp 300w, https:\/\/www.vapeswholesaler.com\/wp-content\/uploads\/2024\/07\/Wholesale-Lavie-Cameo-30000-Puffs-Disposable-Vape-768x538.webp 768w, https:\/\/www.vapeswholesaler.com\/wp-content\/uploads\/2024\/07\/Wholesale-Lavie-Cameo-30000-Puffs-Disposable-Vape-18x12.webp 18w, https:\/\/www.vapeswholesaler.com\/wp-content\/uploads\/2024\/07\/Wholesale-Lavie-Cameo-30000-Puffs-Disposable-Vape-510x357.webp 510w\" sizes=\"auto, (max-width: 800px) 100vw, 800px\" \/><figcaption id=\"caption-attachment-17978\" class=\"wp-caption-text\">Nagykereskedelmi Lavie Cameo 30000 Puffs Eldobhat\u00f3 Vape<\/figcaption><\/figure>","protected":false},"excerpt":{"rendered":"<p>Minim\u00e1lis rendel\u00e9si mennyis\u00e9g:\u00a0<strong>50db<\/strong>\u00a0(\u00cdzek kever\u00e9se)\u00a0\u00a0<strong>Ingyenes sz\u00e1ll\u00edt\u00e1s<\/strong><\/p>\n<p>(<strong>2%, 5% Nic<\/strong>)<\/p>","protected":false},"featured_media":17977,"comment_status":"open","ping_status":"closed","template":"","meta":[],"product_cat":[15],"product_tag":[374,393],"class_list":{"0":"post-17979","1":"product","2":"type-product","3":"status-publish","4":"has-post-thumbnail","6":"product_cat-disposable-vape","7":"product_tag-30000-puffs","8":"product_tag-lavie","9":"product_brand-lavie","11":"first","12":"instock","13":"shipping-taxable","14":"purchasable","15":"product-type-variable","16":"has-default-attributes"},"aioseo_notices":[],"_links":{"self":[{"href":"https:\/\/www.vapeswholesaler.com\/hu\/wp-json\/wp\/v2\/product\/17979","targetHints":{"allow":["GET"]}}],"collection":[{"href":"https:\/\/www.vapeswholesaler.com\/hu\/wp-json\/wp\/v2\/product"}],"about":[{"href":"https:\/\/www.vapeswholesaler.com\/hu\/wp-json\/wp\/v2\/types\/product"}],"replies":[{"embeddable":true,"href":"https:\/\/www.vapeswholesaler.com\/hu\/wp-json\/wp\/v2\/comments?post=17979"}],"wp:featuredmedia":[{"embeddable":true,"href":"https:\/\/www.vapeswholesaler.com\/hu\/wp-json\/wp\/v2\/media\/17977"}],"wp:attachment":[{"href":"https:\/\/www.vapeswholesaler.com\/hu\/wp-json\/wp\/v2\/media?parent=17979"}],"wp:term":[{"taxonomy":"product_cat","embeddable":true,"href":"https:\/\/www.vapeswholesaler.com\/hu\/wp-json\/wp\/v2\/product_cat?post=17979"},{"taxonomy":"product_tag","embeddable":true,"href":"https:\/\/www.vapeswholesaler.com\/hu\/wp-json\/wp\/v2\/product_tag?post=17979"}],"curies":[{"name":"wp","href":"https:\/\/api.w.org\/{rel}","templated":true}]}}