{"id":17449,"date":"2024-06-28T17:38:15","date_gmt":"2024-06-28T09:38:15","guid":{"rendered":"https:\/\/www.vapeswholesaler.com\/?post_type=product&#038;p=17449"},"modified":"2025-11-10T18:15:27","modified_gmt":"2025-11-10T10:15:27","slug":"nagykereskedelmi-bang-pulzus-18000-puff-eldobhato-vape","status":"publish","type":"product","link":"https:\/\/www.vapeswholesaler.com\/hu\/termek\/nagykereskedelmi-bang-pulzus-18000-puff-eldobhato-vape","title":{"rendered":"Nagykereskedelmi Bang Pulse 18000 Puffs eldobhat\u00f3 Vape"},"content":{"rendered":"<p><a href=\"https:\/\/www.vapeswholesaler.com\/hu\/product_brand\/bang\/\">Bang<\/a> Pulse 18000 Puffs Led Display eldobhat\u00f3 E-cigaretta, egy nagy teljes\u00edtm\u00e9ny\u0171 k\u00e9sz\u00fcl\u00e9k, amelyet a min\u0151s\u00e9get \u00e9s a k\u00e9nyelmet egyar\u00e1nt keres\u0151 vaperek sz\u00e1m\u00e1ra terveztek. A leny\u0171g\u00f6z\u0151 18000 puffs kapacit\u00e1ssal ez az eldobhat\u00f3 e-cigaretta hosszan tart\u00f3 \u00e9lvezetet biztos\u00edt gyakori cser\u00e9k n\u00e9lk\u00fcl.<\/p>\n<p>Term\u00e9k\u00fcnk fejlett h\u00e1l\u00f3s tekercs\u00e9vel 1,0 ohm, minden egyes puff sima \u00e9s \u00edzletes g\u0151zt biztos\u00edt. A nagyvonal\u00fa 26 ml-es e-folyad\u00e9k kapacit\u00e1s lehet\u0151v\u00e9 teszi a hosszan tart\u00f3 p\u00e1rologtat\u00e1sokat, \u00edgy b\u0151s\u00e9ges lehet\u0151s\u00e9get biztos\u00edt kedvenc \u00edzeinek \u00edzlel\u00e9s\u00e9re.<\/p>\n<p>A be\u00e9p\u00edtett LED kijelz\u0151 val\u00f3s idej\u0171 inform\u00e1ci\u00f3kat ny\u00fajt a p\u00e1rol\u00e1si be\u00e1ll\u00edt\u00e1sokr\u00f3l \u00e9s az akkumul\u00e1tor \u00e9lettartam\u00e1r\u00f3l, \u00edgy biztos\u00edtva a z\u00f6kken\u0151mentes \u00e9s t\u00e1j\u00e9kozott p\u00e1rol\u00e1si \u00e9lm\u00e9nyt. A k\u00f6r\u00fclbel\u00fcl 100 g-os s\u00faly\u00e1val ez az e-cigaretta k\u00f6nny\u0171 \u00e9s hordozhat\u00f3, \u00edgy t\u00f6k\u00e9letesen alkalmas az utaz\u00e1s k\u00f6zbeni p\u00e1rologtat\u00e1sra.<\/p>\n<p>Tapasztalja meg ezt a LED kijelz\u0151s eldobhat\u00f3 E-cigarett\u00e1t, \u00e9s emelje fel a p\u00e1rologtat\u00f3 utaz\u00e1s\u00e1t kiv\u00e9teles teljes\u00edtm\u00e9ny\u00e9vel, k\u00e9nyelm\u00e9vel \u00e9s testreszabhat\u00f3 funkci\u00f3ival. \u00c9lvezze a technol\u00f3gia \u00e9s az \u00edz t\u00f6k\u00e9letes kombin\u00e1ci\u00f3j\u00e1t ezzel az innovat\u00edv eldobhat\u00f3 e-cigarett\u00e1val.<\/p>\n<h2><strong><a href=\"https:\/\/www.facebook.com\/fred.luo.58\/\">Bang<\/a> Pulse 18000 Puffs Jellemz\u0151k:<\/strong><\/h2>\n<ul>\n<li>Puff: Puffok: ak\u00e1r 18000 Puffok<\/li>\n<li>Folyad\u00e9k: 26ml el\u0151ret\u00f6ltve<\/li>\n<li>Nikotin: 5% 5%<\/li>\n<li>Mag: 1.0 ohm<\/li>\n<li>Akkumul\u00e1tor: 650 mAh<\/li>\n<li>C t\u00edpus\u00fa \u00fajrat\u00f6lthet\u0151<\/li>\n<li>Sz\u00e1ll\u00edtsd ki az utat: DHL<\/li>\n<\/ul>\n<h2><strong>\u00cdzek:<\/strong><\/h2>\n<ol>\n<li>K\u00e9k Razz j\u00e9g<\/li>\n<li>Cherry Bomb<\/li>\n<li>Sz\u0151l\u0151 j\u00e9g<\/li>\n<li>L\u00e9d\u00fas barack j\u00e9g<\/li>\n<li>Barack mang\u00f3<\/li>\n<li>Savany\u00fa alma j\u00e9g<\/li>\n<li>Eper ban\u00e1n<\/li>\n<li>Eper mang\u00f3<\/li>\n<li>Eper g\u00f6r\u00f6gdinnye<\/li>\n<li>Tripla bogy\u00f3s j\u00e9g<\/li>\n<li>Tr\u00f3pusi gy\u00fcm\u00f6lcs\u00f6k<\/li>\n<li>G\u00f6r\u00f6gdinnye j\u00e9g<\/li>\n<\/ol>\n<h2><strong>Csomagol\u00e1si lista:<\/strong><\/h2>\n<p>1db kis doboz<br \/>\n5db minden k\u00f6z\u00e9ps\u0151 doboz<br \/>\n200db kartononk\u00e9nt<\/p>\n<figure id=\"attachment_17485\" aria-describedby=\"caption-attachment-17485\" style=\"width: 800px\" class=\"wp-caption alignnone\"><img loading=\"lazy\" decoding=\"async\" class=\"wp-image-17485 size-full\" title=\"Nagykereskedelmi Bank Pulse 18000 Puffs eldobhat\u00f3 Vape csomagol\u00e1s\" src=\"https:\/\/www.vapeswholesaler.com\/wp-content\/uploads\/2024\/06\/Wholesale-Bank-Pulse-18000-Puffs-disposable-Vape-Packing.jpg\" alt=\"Nagykereskedelmi Bank Pulse 18000 Puffs eldobhat\u00f3 Vape csomagol\u00e1s\" width=\"800\" height=\"481\" srcset=\"https:\/\/www.vapeswholesaler.com\/wp-content\/uploads\/2024\/06\/Wholesale-Bank-Pulse-18000-Puffs-disposable-Vape-Packing.jpg 800w, https:\/\/www.vapeswholesaler.com\/wp-content\/uploads\/2024\/06\/Wholesale-Bank-Pulse-18000-Puffs-disposable-Vape-Packing-300x180.jpg 300w, https:\/\/www.vapeswholesaler.com\/wp-content\/uploads\/2024\/06\/Wholesale-Bank-Pulse-18000-Puffs-disposable-Vape-Packing-768x462.jpg 768w, https:\/\/www.vapeswholesaler.com\/wp-content\/uploads\/2024\/06\/Wholesale-Bank-Pulse-18000-Puffs-disposable-Vape-Packing-18x12.jpg 18w, https:\/\/www.vapeswholesaler.com\/wp-content\/uploads\/2024\/06\/Wholesale-Bank-Pulse-18000-Puffs-disposable-Vape-Packing-510x307.jpg 510w\" sizes=\"auto, (max-width: 800px) 100vw, 800px\" \/><figcaption id=\"caption-attachment-17485\" class=\"wp-caption-text\">Nagykereskedelmi Bank Pulse 18000 Puffs eldobhat\u00f3 Vape<\/figcaption><\/figure>","protected":false},"excerpt":{"rendered":"<p>Minim\u00e1lis rendel\u00e9si mennyis\u00e9g:\u00a0<strong>50db<\/strong>\u00a0(\u00cdzek kever\u00e9se)\u00a0\u00a0<strong>Ingyenes sz\u00e1ll\u00edt\u00e1s<\/strong><\/p>\n<p>(<strong>0%,2%, 3%, 5% Nic<\/strong>)<\/p>","protected":false},"featured_media":17453,"comment_status":"open","ping_status":"closed","template":"","meta":[],"product_cat":[15],"product_tag":[],"class_list":{"0":"post-17449","1":"product","2":"type-product","3":"status-publish","4":"has-post-thumbnail","6":"product_cat-disposable-vape","7":"product_brand-bang","9":"first","10":"outofstock","11":"shipping-taxable","12":"purchasable","13":"product-type-variable","14":"has-default-attributes"},"aioseo_notices":[],"_links":{"self":[{"href":"https:\/\/www.vapeswholesaler.com\/hu\/wp-json\/wp\/v2\/product\/17449","targetHints":{"allow":["GET"]}}],"collection":[{"href":"https:\/\/www.vapeswholesaler.com\/hu\/wp-json\/wp\/v2\/product"}],"about":[{"href":"https:\/\/www.vapeswholesaler.com\/hu\/wp-json\/wp\/v2\/types\/product"}],"replies":[{"embeddable":true,"href":"https:\/\/www.vapeswholesaler.com\/hu\/wp-json\/wp\/v2\/comments?post=17449"}],"wp:featuredmedia":[{"embeddable":true,"href":"https:\/\/www.vapeswholesaler.com\/hu\/wp-json\/wp\/v2\/media\/17453"}],"wp:attachment":[{"href":"https:\/\/www.vapeswholesaler.com\/hu\/wp-json\/wp\/v2\/media?parent=17449"}],"wp:term":[{"taxonomy":"product_cat","embeddable":true,"href":"https:\/\/www.vapeswholesaler.com\/hu\/wp-json\/wp\/v2\/product_cat?post=17449"},{"taxonomy":"product_tag","embeddable":true,"href":"https:\/\/www.vapeswholesaler.com\/hu\/wp-json\/wp\/v2\/product_tag?post=17449"}],"curies":[{"name":"wp","href":"https:\/\/api.w.org\/{rel}","templated":true}]}}