{"id":17380,"date":"2024-06-28T13:51:16","date_gmt":"2024-06-28T05:51:16","guid":{"rendered":"https:\/\/www.vapeswholesaler.com\/?post_type=product&#038;p=17380"},"modified":"2025-08-13T15:38:50","modified_gmt":"2025-08-13T07:38:50","slug":"nagykereskedelmi-eredeti-vapsolo-twins-20000-puff-eldobhato-vape","status":"publish","type":"product","link":"https:\/\/www.vapeswholesaler.com\/hu\/termek\/nagykereskedelmi-eredeti-vapsolo-twins-20000-puff-eldobhato-vape","title":{"rendered":"Nagykereskedelem Eredeti eredeti Vapsolo Twins 20000 Puffs eldobhat\u00f3 vape"},"content":{"rendered":"<p><a href=\"https:\/\/www.vapeswholesaler.com\/hu\/product_brand\/vapsolo\/\">Vapsolo<\/a> Az ikrek 20000 Puffs eldobhat\u00f3 vapek a vaping technol\u00f3gia cs\u00facs\u00e1t k\u00e9pviselik, k\u00e9nyelmet, teljes\u00edtm\u00e9nyt \u00e9s kiv\u00e9teles \u00edzt k\u00edn\u00e1lnak, ezek a nagy kapacit\u00e1s\u00fa vapek t\u00f6k\u00e9letesek mind az alkalmi felhaszn\u00e1l\u00f3k, mind a rajong\u00f3k sz\u00e1m\u00e1ra, Egy eszk\u00f6z 2 k\u00fcl\u00f6nb\u00f6z\u0151 \u00edz\u0171, kiv\u00e1l\u00f3 vaping \u00e9lm\u00e9nyt biztos\u00edt\u00f3 v\u00e1lt\u00e1s.<\/p>\n<p>A k\u00e9sz\u00fcl\u00e9k leny\u0171g\u00f6z\u0151 25ML e-folyad\u00e9k kapacit\u00e1ssal \u00e9s egy robusztus 650MAH akkumul\u00e1torral b\u00fcszk\u00e9lkedhet, amely a C t\u00edpus\u00fa porton kereszt\u00fcl t\u00f6lthet\u0151. Ez a kombin\u00e1ci\u00f3 ak\u00e1r 20000 slukkot is lehet\u0151v\u00e9 tesz, jelent\u0151sen cs\u00f6kkentve a gyakori \u00fajrat\u00f6lt\u00e9s vagy \u00fajrat\u00f6lt\u00e9s sz\u00fcks\u00e9gess\u00e9g\u00e9t. A 0,6\u03a9-os h\u00e1l\u00f3s tekercs technol\u00f3gia biztos\u00edtja az egyenletes g\u0151ztermel\u00e9st \u00e9s a kiv\u00e1l\u00f3 \u00edzt, \u00edgy minden slukk kiel\u00e9g\u00edt\u0151 lesz. a be\u00e9p\u00edtett LED kijelz\u0151 kiemelked\u0151 funkci\u00f3, amely lehet\u0151v\u00e9 teszi a felhaszn\u00e1l\u00f3k sz\u00e1m\u00e1ra a haszn\u00e1lat \u00e9s az akkumul\u00e1tor \u00e9lettartam\u00e1nak k\u00f6nnyed nyomon k\u00f6vet\u00e9s\u00e9t. Emellett az \u00e1ll\u00edthat\u00f3 l\u00e9g\u00e1raml\u00e1si funkci\u00f3 szem\u00e9lyre szabott g\u0151z\u00f6l\u00e9si \u00e9lm\u00e9nyt k\u00edn\u00e1l, kiszolg\u00e1lva a k\u00fcl\u00f6nb\u00f6z\u0151 preferenci\u00e1kat, ak\u00e1r a sz\u0171k h\u00faz\u00e1st, ak\u00e1r a nyitottabb bel\u00e9gz\u00e9st kedveli.<\/p>\n<h2><strong><a href=\"https:\/\/www.facebook.com\/fred.luo.58\">Vapsolo<\/a> Twins 20000 Puffs Jellemz\u0151k:<\/strong><\/h2>\n<ul>\n<li>25 ML hosszabb haszn\u00e1latra<\/li>\n<li>650MAH, \u00fajrat\u00f6lthet\u0151 C t\u00edpus\u00fa porton kereszt\u00fcl<\/li>\n<li>Fejlett tekercs technol\u00f3gia 0,6\u03a9 ellen\u00e1ll\u00e1ssal az optim\u00e1lis g\u0151ztermel\u00e9shez<\/li>\n<li>K\u00f6nnyen nyomon k\u00f6vetheti a haszn\u00e1latot \u00e9s az akkumul\u00e1tor \u00e9lettartam\u00e1t<\/li>\n<li>K\u00e9nyelmes \u00e9s higi\u00e9nikus, t\u00f6k\u00e9letes az \u00fatk\u00f6zbeni haszn\u00e1lathoz<\/li>\n<li>2% \u00e9s 5% v\u00e1ltozatban kaphat\u00f3 a k\u00fcl\u00f6nb\u00f6z\u0151 preferenci\u00e1knak megfelel\u0151en.<\/li>\n<li>\u00c1ll\u00edthat\u00f3 a szem\u00e9lyre szabott p\u00e1rologtat\u00e1si \u00e9lm\u00e9ny\u00e9rt<\/li>\n<\/ul>\n<h2><strong>\u00cdzek:<\/strong><\/h2>\n<p>11. Lemon Lime &amp; Watermelon Ice<br \/>\n12. Grape Ice &amp; Strawberry Kiwi<br \/>\n13. Pineapple Coconut &amp; Strawberry Banana<br \/>\n14. Orange Mango Watermelon &amp; Red Bull<br \/>\n15. Blueberry Ice &amp; Fizzy Cherry<br \/>\n16. Watermelon Ice &amp; Mixed Berry<br \/>\n17. Strawberry Banana &amp; Fizzy Cherry<br \/>\n18. Strawberry Raspberry Cherry Ice &amp; Grape Ice<br \/>\n19. Blue Razz Lemonade &amp; Lemon Lime<br \/>\n20. Watermelon Ice &amp; Strawberry Mango<br \/>\n21. Triple Melon &amp; Raspberry Watermelon<br \/>\n22. Black ice Dragon Fruit Strawberry &amp; Raspberry Watermelon<br \/>\n23. Pineapple Coconut &amp; Watermelon Ice<br \/>\n24. Strawberry Ice &amp; Mango Peach Watermelon<br \/>\n25. Strawberry Kiwi &amp; Strawberry Raspberry Cherry Ice<br \/>\n26. Triple Melon &amp; Pineapple Coconut<br \/>\n27. Cherry Cola &amp; Juicy Peach Ice<br \/>\n28. Strawberry Watermelon &amp; Gummy Bear<br \/>\n29. Blueberry Blackcurrant &amp; Grapefruit Refresher<br \/>\n30. Passion Fruit Mojito &amp; Triple Mint<\/p>\n<h2><strong>Csomagol\u00e1si lista\uff1a<\/strong><\/h2>\n<p>10cs\/doboz S\u00faly: 108g\/db<br \/>\n200db\/ctn: 23,3kg\/ctn<br \/>\nKarton m\u00e9rete: 44*43*26.5CM<\/p>\n<p><img loading=\"lazy\" decoding=\"async\" class=\"wp-image-21751 size-full\" title=\"Nagykereskedelem Eredeti eredeti Vapsolo Twins 20K Puffs eldobhat\u00f3 vape 15\" src=\"https:\/\/www.vapeswholesaler.com\/wp-content\/uploads\/2024\/06\/Wholesale-Original-Vapsolo-Twins-20K-Puffs-Disposable-vape-15.webp\" alt=\"Nagykereskedelem Eredeti eredeti Vapsolo Twins 20K Puffs eldobhat\u00f3 vape 15\" width=\"800\" height=\"700\" srcset=\"https:\/\/www.vapeswholesaler.com\/wp-content\/uploads\/2024\/06\/Wholesale-Original-Vapsolo-Twins-20K-Puffs-Disposable-vape-15.webp 800w, https:\/\/www.vapeswholesaler.com\/wp-content\/uploads\/2024\/06\/Wholesale-Original-Vapsolo-Twins-20K-Puffs-Disposable-vape-15-300x263.webp 300w, https:\/\/www.vapeswholesaler.com\/wp-content\/uploads\/2024\/06\/Wholesale-Original-Vapsolo-Twins-20K-Puffs-Disposable-vape-15-768x672.webp 768w, https:\/\/www.vapeswholesaler.com\/wp-content\/uploads\/2024\/06\/Wholesale-Original-Vapsolo-Twins-20K-Puffs-Disposable-vape-15-14x12.webp 14w, https:\/\/www.vapeswholesaler.com\/wp-content\/uploads\/2024\/06\/Wholesale-Original-Vapsolo-Twins-20K-Puffs-Disposable-vape-15-510x446.webp 510w\" sizes=\"auto, (max-width: 800px) 100vw, 800px\" \/><\/p>\n<figure id=\"attachment_18889\" aria-describedby=\"caption-attachment-18889\" style=\"width: 800px\" class=\"wp-caption alignnone\"><img loading=\"lazy\" decoding=\"async\" class=\"wp-image-18889\" title=\"Nagykereskedelem Eredeti eredeti Vapsolo Twins 20K Puffs eldobhat\u00f3 vape 2\" src=\"https:\/\/www.vapeswholesaler.com\/wp-content\/uploads\/2024\/06\/Wholesale-Original-Vapsolo-Twins-20K-Puffs-Disposable-vape-2-1.webp\" alt=\"Nagykereskedelem Eredeti eredeti Vapsolo Twins 20K Puffs eldobhat\u00f3 vape 2\" width=\"800\" height=\"800\" srcset=\"https:\/\/www.vapeswholesaler.com\/wp-content\/uploads\/2024\/06\/Wholesale-Original-Vapsolo-Twins-20K-Puffs-Disposable-vape-2-1.webp 600w, https:\/\/www.vapeswholesaler.com\/wp-content\/uploads\/2024\/06\/Wholesale-Original-Vapsolo-Twins-20K-Puffs-Disposable-vape-2-1-300x300.webp 300w, https:\/\/www.vapeswholesaler.com\/wp-content\/uploads\/2024\/06\/Wholesale-Original-Vapsolo-Twins-20K-Puffs-Disposable-vape-2-1-150x150.webp 150w, https:\/\/www.vapeswholesaler.com\/wp-content\/uploads\/2024\/06\/Wholesale-Original-Vapsolo-Twins-20K-Puffs-Disposable-vape-2-1-12x12.webp 12w, https:\/\/www.vapeswholesaler.com\/wp-content\/uploads\/2024\/06\/Wholesale-Original-Vapsolo-Twins-20K-Puffs-Disposable-vape-2-1-247x247.webp 247w, https:\/\/www.vapeswholesaler.com\/wp-content\/uploads\/2024\/06\/Wholesale-Original-Vapsolo-Twins-20K-Puffs-Disposable-vape-2-1-510x510.webp 510w, https:\/\/www.vapeswholesaler.com\/wp-content\/uploads\/2024\/06\/Wholesale-Original-Vapsolo-Twins-20K-Puffs-Disposable-vape-2-1-100x100.webp 100w\" sizes=\"auto, (max-width: 800px) 100vw, 800px\" \/><figcaption id=\"caption-attachment-18889\" class=\"wp-caption-text\">Nagykereskedelem Eredeti eredeti Vapsolo Twins 20K Puffs eldobhat\u00f3 vape<\/figcaption><\/figure>\n<p>&nbsp;<\/p>","protected":false},"excerpt":{"rendered":"<p>Minim\u00e1lis rendel\u00e9si mennyis\u00e9g:\u00a0<strong>50db<\/strong>\u00a0(\u00cdzek kever\u00e9se)\u00a0\u00a0<strong>Ingyenes sz\u00e1ll\u00edt\u00e1s<\/strong><\/p>\n<p>(<strong>2%, 5% Nic<\/strong>) EU rakt\u00e1r Sz\u00e1ll\u00edt\u00e1si id\u0151 5-6 munkanap<\/p>","protected":false},"featured_media":21750,"comment_status":"open","ping_status":"closed","template":"","meta":[],"product_cat":[15],"product_tag":[87,100,369,373],"class_list":{"0":"post-17380","1":"product","2":"type-product","3":"status-publish","4":"has-post-thumbnail","6":"product_cat-disposable-vape","7":"product_tag-vapsolo","8":"product_tag-20000-puffs","9":"product_tag-dual-flavors","10":"product_tag-europe-warehouse","11":"product_brand-vapsolo","13":"first","14":"outofstock","15":"shipping-taxable","16":"purchasable","17":"product-type-variable","18":"has-default-attributes"},"aioseo_notices":[],"_links":{"self":[{"href":"https:\/\/www.vapeswholesaler.com\/hu\/wp-json\/wp\/v2\/product\/17380","targetHints":{"allow":["GET"]}}],"collection":[{"href":"https:\/\/www.vapeswholesaler.com\/hu\/wp-json\/wp\/v2\/product"}],"about":[{"href":"https:\/\/www.vapeswholesaler.com\/hu\/wp-json\/wp\/v2\/types\/product"}],"replies":[{"embeddable":true,"href":"https:\/\/www.vapeswholesaler.com\/hu\/wp-json\/wp\/v2\/comments?post=17380"}],"wp:featuredmedia":[{"embeddable":true,"href":"https:\/\/www.vapeswholesaler.com\/hu\/wp-json\/wp\/v2\/media\/21750"}],"wp:attachment":[{"href":"https:\/\/www.vapeswholesaler.com\/hu\/wp-json\/wp\/v2\/media?parent=17380"}],"wp:term":[{"taxonomy":"product_cat","embeddable":true,"href":"https:\/\/www.vapeswholesaler.com\/hu\/wp-json\/wp\/v2\/product_cat?post=17380"},{"taxonomy":"product_tag","embeddable":true,"href":"https:\/\/www.vapeswholesaler.com\/hu\/wp-json\/wp\/v2\/product_tag?post=17380"}],"curies":[{"name":"wp","href":"https:\/\/api.w.org\/{rel}","templated":true}]}}