{"id":17222,"date":"2024-06-26T16:19:13","date_gmt":"2024-06-26T08:19:13","guid":{"rendered":"https:\/\/www.vapeswholesaler.com\/?post_type=product&#038;p=17222"},"modified":"2025-11-10T18:15:16","modified_gmt":"2025-11-10T10:15:16","slug":"wholesale-lavie-golden-brick-10000-disposable-vape","status":"publish","type":"product","link":"https:\/\/www.vapeswholesaler.com\/hu\/termek\/wholesale-lavie-golden-brick-10000-disposable-vape","title":{"rendered":"Nagykereskedelmi Lavie Golden Brick 10000 eldobhat\u00f3 vape"},"content":{"rendered":"<p><a href=\"https:\/\/www.vapeswholesaler.com\/hu\/product_brand\/lavie\/\">Lavie<\/a> Golden Brick 10000 Puffs is a Disposable Vape. Experience up to 10000 puffs with its high capacity 26ml pre-filled e-liquid and big power 1600mAh battery vape device. Lavie Golden Brick 10000 Puffs the best feature is the great power.<\/p>\n<p>&nbsp;<\/p>\n<h2><strong><a href=\"https:\/\/www.facebook.com\/fred.luo.58\/\">Lavie<\/a> Golden Brick 10000 Features:<\/strong><\/h2>\n<p>M\u00e9ret: 112*40*17.5mm<br \/>\nBattery: 1300mAh<br \/>\nPuffok: 10000 puff<br \/>\nEliquid kapacit\u00e1s: 18ml<br \/>\nNic.2%,5%.OEM s\u00f3<br \/>\nNett\u00f3 s\u00faly: 74g<br \/>\nH\u00e1l\u00f3s tekercs: H\u00e1l\u00f3s tekercs: Kett\u0151s h\u00e1l\u00f3s tekercs<br \/>\nAnyag: PC, F\u00c9M<br \/>\nEllen\u00e1ll\u00e1s: 1.0\u03a9<br \/>\nT\u00edpus: kijelz\u0151 k\u00e9perny\u0151<\/p>\n<h2><strong>\u00cdzek:<\/strong><\/h2>\n<p>Eper-kiwi j\u00e9g<br \/>\nStrawberry Lychee Ice<br \/>\nAloe Aera Grape<br \/>\nGrape Peach Ice<br \/>\nBlack Berry Ice<br \/>\nGolgotavir\u00e1g Kiwi Guava<br \/>\nG\u00f6r\u00f6gdinnye j\u00e9g<br \/>\nBlackberry Pome Cherry<br \/>\nApple Grape Ice<br \/>\nMango Moster<br \/>\nBlueberry Paspberry Grape Ice<br \/>\nDupla alma<br \/>\nEper g\u00f6r\u00f6gdinnye<br \/>\nBluberry Paspberry Bubblegum<br \/>\nSz\u0151l\u0151 j\u00e9g<br \/>\nCherry Pome<br \/>\nMent\u00e1s j\u00e9g<\/p>\n<h2><strong>Packing lis<\/strong>t:<\/h2>\n<p>Karton m\u00e9rete: 645 * 378 * 230mm<br \/>\nCsomagol\u00e1si s\u00faly:<br \/>\nN\/W:14.6KG<br \/>\nG\/W:18KG<br \/>\nMennyis\u00e9g: 200 db\/karton<\/p>\n<p>&nbsp;<\/p>\n<figure id=\"attachment_17219\" aria-describedby=\"caption-attachment-17219\" style=\"width: 800px\" class=\"wp-caption alignnone\"><img loading=\"lazy\" decoding=\"async\" class=\"wp-image-17219 size-full\" title=\"Nagykereskedelmi Lavie Golden Brick 10000 eldobhat\u00f3 vape\" src=\"https:\/\/www.vapeswholesaler.com\/wp-content\/uploads\/2024\/06\/Wholesale-Lavie-Golden-Brick-10000-disposable-vape.webp\" alt=\"Nagykereskedelmi Lavie Golden Brick 10000 eldobhat\u00f3 vape\" width=\"800\" height=\"560\" srcset=\"https:\/\/www.vapeswholesaler.com\/wp-content\/uploads\/2024\/06\/Wholesale-Lavie-Golden-Brick-10000-disposable-vape.webp 800w, https:\/\/www.vapeswholesaler.com\/wp-content\/uploads\/2024\/06\/Wholesale-Lavie-Golden-Brick-10000-disposable-vape-300x210.webp 300w, https:\/\/www.vapeswholesaler.com\/wp-content\/uploads\/2024\/06\/Wholesale-Lavie-Golden-Brick-10000-disposable-vape-768x538.webp 768w, https:\/\/www.vapeswholesaler.com\/wp-content\/uploads\/2024\/06\/Wholesale-Lavie-Golden-Brick-10000-disposable-vape-18x12.webp 18w, https:\/\/www.vapeswholesaler.com\/wp-content\/uploads\/2024\/06\/Wholesale-Lavie-Golden-Brick-10000-disposable-vape-510x357.webp 510w\" sizes=\"auto, (max-width: 800px) 100vw, 800px\" \/><figcaption id=\"caption-attachment-17219\" class=\"wp-caption-text\">Nagykereskedelmi Lavie Golden Brick 10000 eldobhat\u00f3 vape<\/figcaption><\/figure>","protected":false},"excerpt":{"rendered":"<p>Minim\u00e1lis rendel\u00e9si mennyis\u00e9g:\u00a0<strong>50db<\/strong>\u00a0(\u00cdzek kever\u00e9se)\u00a0\u00a0<strong>Ingyenes sz\u00e1ll\u00edt\u00e1s<\/strong><\/p>\n<p>(<strong>2%, 5% Nic<\/strong>)<\/p>","protected":false},"featured_media":17221,"comment_status":"open","ping_status":"closed","template":"","meta":[],"product_cat":[15],"product_tag":[378,393],"class_list":{"0":"post-17222","1":"product","2":"type-product","3":"status-publish","4":"has-post-thumbnail","6":"product_cat-disposable-vape","7":"product_tag-10000-puffs","8":"product_tag-lavie","9":"product_brand-lavie","11":"first","12":"instock","13":"shipping-taxable","14":"purchasable","15":"product-type-variable","16":"has-default-attributes"},"aioseo_notices":[],"_links":{"self":[{"href":"https:\/\/www.vapeswholesaler.com\/hu\/wp-json\/wp\/v2\/product\/17222","targetHints":{"allow":["GET"]}}],"collection":[{"href":"https:\/\/www.vapeswholesaler.com\/hu\/wp-json\/wp\/v2\/product"}],"about":[{"href":"https:\/\/www.vapeswholesaler.com\/hu\/wp-json\/wp\/v2\/types\/product"}],"replies":[{"embeddable":true,"href":"https:\/\/www.vapeswholesaler.com\/hu\/wp-json\/wp\/v2\/comments?post=17222"}],"wp:featuredmedia":[{"embeddable":true,"href":"https:\/\/www.vapeswholesaler.com\/hu\/wp-json\/wp\/v2\/media\/17221"}],"wp:attachment":[{"href":"https:\/\/www.vapeswholesaler.com\/hu\/wp-json\/wp\/v2\/media?parent=17222"}],"wp:term":[{"taxonomy":"product_cat","embeddable":true,"href":"https:\/\/www.vapeswholesaler.com\/hu\/wp-json\/wp\/v2\/product_cat?post=17222"},{"taxonomy":"product_tag","embeddable":true,"href":"https:\/\/www.vapeswholesaler.com\/hu\/wp-json\/wp\/v2\/product_tag?post=17222"}],"curies":[{"name":"wp","href":"https:\/\/api.w.org\/{rel}","templated":true}]}}