{"id":17185,"date":"2024-06-26T12:25:02","date_gmt":"2024-06-26T04:25:02","guid":{"rendered":"https:\/\/www.vapeswholesaler.com\/?post_type=product&#038;p=17185"},"modified":"2025-02-23T15:52:20","modified_gmt":"2025-02-23T07:52:20","slug":"nagykereskedelmi-regi-iskola-turbo-22000-eldobhato-vape","status":"publish","type":"product","link":"https:\/\/www.vapeswholesaler.com\/hu\/termek\/nagykereskedelmi-regi-iskola-turbo-22000-eldobhato-vape","title":{"rendered":"Nagykereskedelmi Old School Turbo 22000 eldobhat\u00f3 vape"},"content":{"rendered":"<p>Az Old School Turbo 22000 a leg\u00fajabb eldobhat\u00f3 Vape, egy \u00e9lvonalbeli eszk\u00f6z, amelyet a k\u00e9nyelem \u00e9s a kiv\u00e1l\u00f3 teljes\u00edtm\u00e9ny \u00e9rdek\u00e9ben terveztek. Az akkumul\u00e1tor \u00e9s az e-folyad\u00e9k kapacit\u00e1s\u00e1nak kijelz\u00e9s\u00e9vel mindig tudni fogja, mikor kell \u00fajrat\u00f6lteni vagy \u00fajrat\u00f6lteni. A kett\u0151s h\u00e1l\u00f3s tekercsrendszer gazdag, egyenletes \u00edzeket biztos\u00edt, m\u00edg az \u00e1ll\u00edthat\u00f3 l\u00e9g\u00e1raml\u00e1s lehet\u0151v\u00e9 teszi, hogy testre szabja a h\u00faz\u00e1st az igaz\u00e1n szem\u00e9lyre szabott \u00e9lm\u00e9ny \u00e9rdek\u00e9ben. Ez a term\u00e9k t\u00f6bb \u00edz k\u00f6z\u00fcl v\u00e1laszthatnak a v\u00e1s\u00e1rl\u00f3k!<\/p>\n<p>Az Old School Turbo 22000 nagy kapacit\u00e1s\u00fa vape robusztus 650mAh akkumul\u00e1torral b\u00fcszk\u00e9lkedhet, amely hossz\u00fa t\u00e1v\u00fa teljes\u00edtm\u00e9nyt biztos\u00edt. Ak\u00e1r alkalmi vaper vagy tapasztalt profi, az Old School Turbo 22000 p\u00e1ratlan el\u00e9gedetts\u00e9get \u00e9s k\u00e9nyelmet biztos\u00edt, \u00edgy ide\u00e1lis v\u00e1laszt\u00e1s mind a szem\u00e9lyes \u00e9lvezethez, mind az \u00fczleti ig\u00e9nyekhez.<\/p>\n<h2><strong><a href=\"https:\/\/www.vapeswholesaler.com\/hu\/product_brand\/regi-iskola\/\">R\u00e9gi iskola<\/a> Turbo 22000 Jellemz\u0151k:<\/strong><\/h2>\n<ul>\n<li>Akkumul\u00e1tor \u00e9s e-folyad\u00e9k kapacit\u00e1s kijelz\u0151<\/li>\n<li>Mesh Coil sz\u00e1ll\u00edt\u00e1s Gazdag \u00edzek<\/li>\n<li>\u00c1ll\u00edthat\u00f3 l\u00e9g\u00e1raml\u00e1s<\/li>\n<li>Nyomja meg 5-sz\u00f6r a bekapcsol\u00e1shoz\/kikapcsol\u00e1shoz<\/li>\n<li>Nyomja meg 4 alkalommal a h\u00e1l\u00f3s tekercs cser\u00e9j\u00e9hez<\/li>\n<li>Nyomja meg 3-szor a fesz\u00fclts\u00e9gv\u00e1lt\u00e1shoz<\/li>\n<li>C-t\u00edpus\u00fa gyorst\u00f6lt\u00e9s<\/li>\n<li>Puffok: 22000 puffok<\/li>\n<li>Kapacit\u00e1s: 23ml<\/li>\n<li>Nikotin er\u0151ss\u00e9g: 0%, 2%, 3%, 5% v\u00e1laszthat\u00f3<\/li>\n<li>Tekercs t\u00edpusa: Mesh tekercs: Dual Mesh Coil<\/li>\n<li>Akkumul\u00e1tor kapacit\u00e1s: 650mAh<\/li>\n<li>T\u00f6lt\u0151port: C-t\u00edpus\u00fa<\/li>\n<\/ul>\n<h2><strong>\u00a0\u00cdzek:<\/strong><\/h2>\n<ol>\n<li>Citromos menta<\/li>\n<li>Guava j\u00e9g<\/li>\n<li>Lychee j\u00e9g<\/li>\n<li>Taro fagylalt<\/li>\n<li>Anan\u00e1szos k\u00f3kusztej<\/li>\n<li>Sz\u0151l\u0151 j\u00e9g<\/li>\n<li>\u00c1fonya j\u00e9g<\/li>\n<li>Mang\u00f3 j\u00e9g<\/li>\n<li>Eper fagylalt<\/li>\n<li>G\u00f6r\u00f6gdinnye<\/li>\n<li>Eper g\u00f6r\u00f6gdinnye<\/li>\n<li>Eper Kiwi<\/li>\n<li>G\u00f6r\u00f6gdinnye \u00c1fonya<\/li>\n<li>K\u00e9k Razz j\u00e9g<\/li>\n<\/ol>\n<h2><strong>Csomagol\u00e1si lista:<\/strong><\/h2>\n<p>1db dobozonk\u00e9nt<\/p>\n<p>10db minden k\u00f6z\u00e9ps\u0151 doboz<\/p>\n<p>200db kartononk\u00e9nt<\/p>\n<figure id=\"attachment_17182\" aria-describedby=\"caption-attachment-17182\" style=\"width: 800px\" class=\"wp-caption alignnone\"><img loading=\"lazy\" decoding=\"async\" class=\"wp-image-17182 size-full\" title=\"Nagykereskedelmi Old School Turbo 22000 eldobhat\u00f3 vape 3\" src=\"https:\/\/www.vapeswholesaler.com\/wp-content\/uploads\/2024\/06\/Wholesale-Old-School-Turbo-22000-Disposable-vape-3.jpg\" alt=\"Nagykereskedelmi Old School Turbo 22000 eldobhat\u00f3 vape 3\" width=\"800\" height=\"800\" srcset=\"https:\/\/www.vapeswholesaler.com\/wp-content\/uploads\/2024\/06\/Wholesale-Old-School-Turbo-22000-Disposable-vape-3.jpg 800w, https:\/\/www.vapeswholesaler.com\/wp-content\/uploads\/2024\/06\/Wholesale-Old-School-Turbo-22000-Disposable-vape-3-300x300.jpg 300w, https:\/\/www.vapeswholesaler.com\/wp-content\/uploads\/2024\/06\/Wholesale-Old-School-Turbo-22000-Disposable-vape-3-150x150.jpg 150w, https:\/\/www.vapeswholesaler.com\/wp-content\/uploads\/2024\/06\/Wholesale-Old-School-Turbo-22000-Disposable-vape-3-768x768.jpg 768w, https:\/\/www.vapeswholesaler.com\/wp-content\/uploads\/2024\/06\/Wholesale-Old-School-Turbo-22000-Disposable-vape-3-12x12.jpg 12w, https:\/\/www.vapeswholesaler.com\/wp-content\/uploads\/2024\/06\/Wholesale-Old-School-Turbo-22000-Disposable-vape-3-247x247.jpg 247w, https:\/\/www.vapeswholesaler.com\/wp-content\/uploads\/2024\/06\/Wholesale-Old-School-Turbo-22000-Disposable-vape-3-510x510.jpg 510w, https:\/\/www.vapeswholesaler.com\/wp-content\/uploads\/2024\/06\/Wholesale-Old-School-Turbo-22000-Disposable-vape-3-100x100.jpg 100w\" sizes=\"auto, (max-width: 800px) 100vw, 800px\" \/><figcaption id=\"caption-attachment-17182\" class=\"wp-caption-text\">Nagykereskedelmi Old School Turbo 22000 eldobhat\u00f3 vape<\/figcaption><\/figure>","protected":false},"excerpt":{"rendered":"<p>Minim\u00e1lis rendel\u00e9si mennyis\u00e9g: 200 db (Max \u00edzek)\u00a0 \u00a0<strong>Ingyenes sz\u00e1ll\u00edt\u00e1s<\/strong><\/p>\n<p>(<strong>2%, 5% Nic<\/strong>)<\/p>","protected":false},"featured_media":17181,"comment_status":"open","ping_status":"closed","template":"","meta":[],"product_cat":[15],"product_tag":[],"class_list":{"0":"post-17185","1":"product","2":"type-product","3":"status-publish","4":"has-post-thumbnail","6":"product_cat-disposable-vape","7":"product_brand-old-school","9":"first","10":"instock","11":"shipping-taxable","12":"purchasable","13":"product-type-variable","14":"has-default-attributes"},"aioseo_notices":[],"_links":{"self":[{"href":"https:\/\/www.vapeswholesaler.com\/hu\/wp-json\/wp\/v2\/product\/17185","targetHints":{"allow":["GET"]}}],"collection":[{"href":"https:\/\/www.vapeswholesaler.com\/hu\/wp-json\/wp\/v2\/product"}],"about":[{"href":"https:\/\/www.vapeswholesaler.com\/hu\/wp-json\/wp\/v2\/types\/product"}],"replies":[{"embeddable":true,"href":"https:\/\/www.vapeswholesaler.com\/hu\/wp-json\/wp\/v2\/comments?post=17185"}],"wp:featuredmedia":[{"embeddable":true,"href":"https:\/\/www.vapeswholesaler.com\/hu\/wp-json\/wp\/v2\/media\/17181"}],"wp:attachment":[{"href":"https:\/\/www.vapeswholesaler.com\/hu\/wp-json\/wp\/v2\/media?parent=17185"}],"wp:term":[{"taxonomy":"product_cat","embeddable":true,"href":"https:\/\/www.vapeswholesaler.com\/hu\/wp-json\/wp\/v2\/product_cat?post=17185"},{"taxonomy":"product_tag","embeddable":true,"href":"https:\/\/www.vapeswholesaler.com\/hu\/wp-json\/wp\/v2\/product_tag?post=17185"}],"curies":[{"name":"wp","href":"https:\/\/api.w.org\/{rel}","templated":true}]}}