{"id":17084,"date":"2024-06-22T19:16:09","date_gmt":"2024-06-22T11:16:09","guid":{"rendered":"https:\/\/www.vapeswholesaler.com\/?post_type=product&#038;p=17084"},"modified":"2025-03-12T19:18:09","modified_gmt":"2025-03-12T11:18:09","slug":"nagykereskedelmi-elf-bar-bc-10000-erintes-eldobhato-vape","status":"publish","type":"product","link":"https:\/\/www.vapeswholesaler.com\/hu\/termek\/nagykereskedelmi-elf-bar-bc-10000-erintes-eldobhato-vape","title":{"rendered":"Nagykereskedelmi Elf bar Bc 10000 touch eldobhat\u00f3 Vape"},"content":{"rendered":"<p><a href=\"https:\/\/www.vapeswholesaler.com\/hu\/product_brand\/elf-bar\/\">ELF BAR<\/a> BC 10000 Touch Tapasztalja meg a p\u00e1rol\u00e1s j\u00f6v\u0151j\u00e9t az \u00e9rint\u0151k\u00e9perny\u0151s kezel\u0151fel\u00fclet\u00fcnkkel, amely lehet\u0151v\u00e9 teszi a k\u00f6nnyed navig\u00e1ci\u00f3t \u00e9s az ujjhegyr\u0151l t\u00f6rt\u00e9n\u0151 vez\u00e9rl\u00e9st. Testre szabhatja a p\u00e1rologtat\u00e1s \u00e9lm\u00e9ny\u00e9t h\u00e1rom \u00e1ll\u00edthat\u00f3 \u00fczemm\u00f3ddal, amelyek az \u00d6n \u00e1ltal prefer\u00e1lt intenzit\u00e1snak \u00e9s \u00edzkoncentr\u00e1ci\u00f3nak felelnek meg.<br \/>\nELF BAR BC 10000 Touch \u00c9lvezze a k\u00f6vetkezetesen gazdag \u00e9s \u00edzgazdag p\u00e1rologtat\u00e1si \u00e9lm\u00e9nyt az els\u0151 slukkol\u00e1st\u00f3l az utols\u00f3ig, a cs\u00facstechnol\u00f3gi\u00e1nak \u00e9s a pr\u00e9mium min\u0151s\u00e9g\u0171 \u00f6sszetev\u0151knek k\u00f6sz\u00f6nhet\u0151en.<br \/>\nELFBAR BC10000 TOUCH Az ELFBAR BC10000 TOUCH rendk\u00edv\u00fcli, 10.000 puff kapacit\u00e1s\u00e1val hossz\u00fa \u00e9lettartamot biztos\u00edt an\u00e9lk\u00fcl, hogy kompromisszumot k\u00f6tne a teljes\u00edtm\u00e9nyben, \u00edgy hosszabb ideig \u00e9lvezheti az \u00fajrat\u00f6lt\u00e9ssel vagy \u00fajrat\u00f6lt\u00e9ssel j\u00e1r\u00f3 gondok n\u00e9lk\u00fcl.<\/p>\n<h2><strong>Jellemz\u0151k:<\/strong><\/h2>\n<ul>\n<li>Csomagol\u00e1s: 14 ml<\/li>\n<li>Nikotin er\u0151ss\u00e9g: 50 mg (5%)<\/li>\n<li>Akkumul\u00e1tor kapacit\u00e1s: 620 mAh<\/li>\n<li>T\u00f6lt\u00e9s: C t\u00edpus<\/li>\n<li>MOQ 5000db, minden \u00edz 1000db<\/li>\n<\/ul>\n<h2><strong>\u00cdzek:<\/strong><\/h2>\n<ol>\n<li>Maszat Razz Ice<\/li>\n<li>\u00c1fonya g\u00f6r\u00f6gdinnye<\/li>\n<li>Cseresznye citrom<\/li>\n<li>Citrus sz\u0151l\u0151<\/li>\n<li>K\u00f3kusz ban\u00e1n<\/li>\n<li>Ragon Strawnana<\/li>\n<li>Georgia Peach<\/li>\n<li>Miami menta<\/li>\n<li>Mount Splash<\/li>\n<li>OMG<\/li>\n<li>Rubin m\u00e1lna<\/li>\n<li>G\u00f6r\u00f6gdinnye BG<\/li>\n<\/ol>\n<p>&nbsp;<\/p>\n<h2>Csomagol\u00e1si lista:<\/h2>\n<p>1db kis doboz<br \/>\n10db minden k\u00f6z\u00e9ps\u0151 doboz<br \/>\n200db dobozonk\u00e9nt<\/p>\n<p>&nbsp;<\/p>\n<figure id=\"attachment_17083\" aria-describedby=\"caption-attachment-17083\" style=\"width: 800px\" class=\"wp-caption alignnone\"><img loading=\"lazy\" decoding=\"async\" class=\"wp-image-17083 size-full\" title=\"Nagykereskedelmi Elf bar Bc 10000 \u00e9rint\u00e9s eldobhat\u00f3 Vape 10\" src=\"https:\/\/www.vapeswholesaler.com\/wp-content\/uploads\/2024\/06\/Wholesale-Elf-bar-Bc-10000-touch-Disposable-Vape-10.webp\" alt=\"Nagykereskedelmi Elf bar Bc 10000 \u00e9rint\u00e9s eldobhat\u00f3 Vape 10\" width=\"800\" height=\"1424\" srcset=\"https:\/\/www.vapeswholesaler.com\/wp-content\/uploads\/2024\/06\/Wholesale-Elf-bar-Bc-10000-touch-Disposable-Vape-10.webp 800w, https:\/\/www.vapeswholesaler.com\/wp-content\/uploads\/2024\/06\/Wholesale-Elf-bar-Bc-10000-touch-Disposable-Vape-10-169x300.webp 169w, https:\/\/www.vapeswholesaler.com\/wp-content\/uploads\/2024\/06\/Wholesale-Elf-bar-Bc-10000-touch-Disposable-Vape-10-575x1024.webp 575w, https:\/\/www.vapeswholesaler.com\/wp-content\/uploads\/2024\/06\/Wholesale-Elf-bar-Bc-10000-touch-Disposable-Vape-10-768x1367.webp 768w, https:\/\/www.vapeswholesaler.com\/wp-content\/uploads\/2024\/06\/Wholesale-Elf-bar-Bc-10000-touch-Disposable-Vape-10-7x12.webp 7w, https:\/\/www.vapeswholesaler.com\/wp-content\/uploads\/2024\/06\/Wholesale-Elf-bar-Bc-10000-touch-Disposable-Vape-10-510x908.webp 510w\" sizes=\"auto, (max-width: 800px) 100vw, 800px\" \/><figcaption id=\"caption-attachment-17083\" class=\"wp-caption-text\">Nagykereskedelmi Elf bar Bc 10000 touch eldobhat\u00f3 Vape<\/figcaption><\/figure>","protected":false},"excerpt":{"rendered":"<p>Minim\u00e1lis rendel\u00e9si mennyis\u00e9g: <strong>5<em>000<\/em> <\/strong>PCS (\u00edzek kever\u00e9se)\u00a0 \u00a0<strong>Ingyenes sz\u00e1ll\u00edt\u00e1s<\/strong><\/p>\n<p>(<strong>2%, 5% Nic<\/strong>)<\/p>","protected":false},"featured_media":17080,"comment_status":"open","ping_status":"closed","template":"","meta":[],"product_cat":[15],"product_tag":[],"class_list":{"0":"post-17084","1":"product","2":"type-product","3":"status-publish","4":"has-post-thumbnail","6":"product_cat-disposable-vape","7":"product_brand-elf-bar","9":"first","10":"outofstock","11":"shipping-taxable","12":"purchasable","13":"product-type-variable","14":"has-default-attributes"},"aioseo_notices":[],"_links":{"self":[{"href":"https:\/\/www.vapeswholesaler.com\/hu\/wp-json\/wp\/v2\/product\/17084","targetHints":{"allow":["GET"]}}],"collection":[{"href":"https:\/\/www.vapeswholesaler.com\/hu\/wp-json\/wp\/v2\/product"}],"about":[{"href":"https:\/\/www.vapeswholesaler.com\/hu\/wp-json\/wp\/v2\/types\/product"}],"replies":[{"embeddable":true,"href":"https:\/\/www.vapeswholesaler.com\/hu\/wp-json\/wp\/v2\/comments?post=17084"}],"wp:featuredmedia":[{"embeddable":true,"href":"https:\/\/www.vapeswholesaler.com\/hu\/wp-json\/wp\/v2\/media\/17080"}],"wp:attachment":[{"href":"https:\/\/www.vapeswholesaler.com\/hu\/wp-json\/wp\/v2\/media?parent=17084"}],"wp:term":[{"taxonomy":"product_cat","embeddable":true,"href":"https:\/\/www.vapeswholesaler.com\/hu\/wp-json\/wp\/v2\/product_cat?post=17084"},{"taxonomy":"product_tag","embeddable":true,"href":"https:\/\/www.vapeswholesaler.com\/hu\/wp-json\/wp\/v2\/product_tag?post=17084"}],"curies":[{"name":"wp","href":"https:\/\/api.w.org\/{rel}","templated":true}]}}