{"id":16997,"date":"2024-06-21T15:01:44","date_gmt":"2024-06-21T07:01:44","guid":{"rendered":"https:\/\/www.vapeswholesaler.com\/?post_type=product&#038;p=16997"},"modified":"2025-11-10T18:14:07","modified_gmt":"2025-11-10T10:14:07","slug":"nagykereskedelmi-fumot-tornado-20000-puffs-eldobhato-vape","status":"publish","type":"product","link":"https:\/\/www.vapeswholesaler.com\/hu\/termek\/nagykereskedelmi-fumot-tornado-20000-puffs-eldobhato-vape","title":{"rendered":"Nagykereskedelmi Fumot Tornado 20000 Puffs eldobhat\u00f3 vape"},"content":{"rendered":"<p><a href=\"https:\/\/www.vapeswholesaler.com\/hu\/product_brand\/randm\/\">Fumot<\/a> A Tornado 20000 Puffs egy k\u00e9t Mesh Coils eldobhat\u00f3 vape eszk\u00f6z, intelligens LED kijelz\u0151vel. 20ml e-folyad\u00e9kkal van t\u00f6ltve \u00e9s ak\u00e1r 20000 alkalommal is f\u00fajhat\u00f3, a Tornado 20000 4 nikotin er\u0151ss\u00e9ggel rendelkezik 0%,2%,3% \u00e9s 5%, \u00e9s 30 \u00edz k\u00f6z\u00fcl v\u00e1laszthat, Gyors t\u00f6lt\u0151 C t\u00edpus\u00fa porttal rendelkezik a k\u00e9sz\u00fcl\u00e9k alj\u00e1n, hogy mindig az utols\u00f3 csepp e-folyad\u00e9kot haszn\u00e1lja fel a tart\u00e1lyban.<\/p>\n<p>A LED-es intelligens kijelz\u0151 val\u00f3s idej\u0171 inform\u00e1ci\u00f3kat ny\u00fajt, \u00edgy a vaperek egy pillant\u00e1ssal megismerhetik a fontos r\u00e9szleteket, a kijelz\u0151n l\u00e1that\u00f3 az akkumul\u00e1tor \u00e9lettartama \u00e9s az e-folyad\u00e9k szintje.Ez nem csak a futurisztikus \u00e9rz\u00e9st n\u00f6veli, hanem jav\u00edtja az \u00e1ltal\u00e1nos felhaszn\u00e1l\u00f3i \u00e9lm\u00e9nyt is, \u00edgy k\u00f6nnyen nyomon k\u00f6vethet\u0151 a haszn\u00e1lat \u00e9s tudni, hogy mikor kell \u00fajrat\u00f6lteni.Maradjon t\u00e1j\u00e9kozott \u00e9s kontroll alatt a LED kijelz\u0151s eldobhat\u00f3 cigarett\u00e1inkkal.<\/p>\n<p>Az eldobhat\u00f3 vape k\u00e9t r\u00e9teg h\u00e1l\u00f3s anyagb\u00f3l k\u00e9sz\u00fclt f\u0171t\u0151elemet haszn\u00e1l, amely nagyobb fel\u00fcletet hoz l\u00e9tre, hogy az e-folyad\u00e9k egyenletesen \u00e9rintkezzen \u00e9s melegedjen,Ez sim\u00e1bb \u00e9s kiel\u00e9g\u00edt\u0151bb \u00edzt, valamint stabilabb \u00edzt eredm\u00e9nyez a vape teljes \u00e9lettartama alatt.<\/p>\n<p>A Fumot Tornado 20000 Puffs USB Type-C a leg\u00fajabb univerz\u00e1lis szabv\u00e1ny az intelligens eszk\u00f6z\u00f6k vezet\u00e9kes csatlakoztat\u00e1s\u00e1ra, be\u00e9p\u00edtett 900mah \u00fajrat\u00f6lthet\u0151 akkumul\u00e1torral, t\u00f6bbsz\u00f6r is felt\u00f6lthet\u0151, \u00edgy nem ragadsz meg egy halott eldobhat\u00f3val, miel\u0151tt az e-folyad\u00e9k elfogyna.<\/p>\n<h2><strong><a href=\"https:\/\/www.facebook.com\/fred.luo.58\/\">Fumot<\/a> Tornado 20000 puff Jellemz\u0151k<\/strong><\/h2>\n<ul>\n<li>5% Nikotin<\/li>\n<li>900mah \u00fajrat\u00f6lthet\u0151 akkumul\u00e1tor<\/li>\n<li>Puffok:20000 puffok<\/li>\n<li>Kapacit\u00e1s: 20ml<\/li>\n<li>kijelz\u0151 olaj \u00e9s akkumul\u00e1tor kijelz\u0151vel<\/li>\n<li>C-t\u00edpus\u00fa port<\/li>\n<li>20 \u00edz el\u00e9rhet\u0151<\/li>\n<li>kett\u0151s h\u00e1l\u00f3<\/li>\n<li>160db egy kartondobozban.<\/li>\n<\/ul>\n<p>&nbsp;<\/p>\n<h2><strong>\u00cdzek:<\/strong><\/h2>\n<p>1.Cola Ice<br \/>\n2.Blueberry On Ice<br \/>\n3.Strawberry Ice<br \/>\n4.Strawberry Kiwi<br \/>\n5.Cotton Candy<br \/>\n6.Cherry Lime<br \/>\n7.Pineapple Lemon Green Apple<br \/>\n8.Banana Cake<br \/>\n9.Blueberry Raspberry<br \/>\n10.Peach Pineapple Orange<br \/>\n11.Strawberry Watermelon<br \/>\n12.Mr Blue<br \/>\n13.Kiwi Passion Fruit Guava<br \/>\n14.Cool Mint<br \/>\n15.Cherry Cola<br \/>\n16.Blueberry Sour Raspberry<br \/>\n17.Cola Lemon<br \/>\n18.Blackcurrant Apple<br \/>\n19.Blue Razz<br \/>\n20.Skittles<br \/>\n21.Pina Colada<br \/>\n22.Mixed Berry<br \/>\n23.Cactus Kiwi<br \/>\n24.Strawberry Ice Cream<br \/>\n25.Pear Ice<br \/>\n26.Lychee Hami Melon<br \/>\n27.Peach Mango Watermelon<br \/>\n28.Blueberry Raspberry Hard Candy<\/p>\n<figure id=\"attachment_19024\" aria-describedby=\"caption-attachment-19024\" style=\"width: 1600px\" class=\"wp-caption alignnone\"><img loading=\"lazy\" decoding=\"async\" class=\"wp-image-19024 size-full\" title=\"Nagykereskedelmi Fumot Tornado 20000 Puffs eldobhat\u00f3 vape 11\" src=\"https:\/\/www.vapeswholesaler.com\/wp-content\/uploads\/2024\/08\/Wholesale-Fumot-Tornado-20000-Puffs-disposable-vape-11.webp\" alt=\"Nagykereskedelmi Fumot Tornado 20000 Puffs eldobhat\u00f3 vape 11\" width=\"1600\" height=\"1025\" srcset=\"https:\/\/www.vapeswholesaler.com\/wp-content\/uploads\/2024\/08\/Wholesale-Fumot-Tornado-20000-Puffs-disposable-vape-11.webp 1600w, https:\/\/www.vapeswholesaler.com\/wp-content\/uploads\/2024\/08\/Wholesale-Fumot-Tornado-20000-Puffs-disposable-vape-11-300x192.webp 300w, https:\/\/www.vapeswholesaler.com\/wp-content\/uploads\/2024\/08\/Wholesale-Fumot-Tornado-20000-Puffs-disposable-vape-11-1024x656.webp 1024w, https:\/\/www.vapeswholesaler.com\/wp-content\/uploads\/2024\/08\/Wholesale-Fumot-Tornado-20000-Puffs-disposable-vape-11-768x492.webp 768w, https:\/\/www.vapeswholesaler.com\/wp-content\/uploads\/2024\/08\/Wholesale-Fumot-Tornado-20000-Puffs-disposable-vape-11-1536x984.webp 1536w, https:\/\/www.vapeswholesaler.com\/wp-content\/uploads\/2024\/08\/Wholesale-Fumot-Tornado-20000-Puffs-disposable-vape-11-18x12.webp 18w, https:\/\/www.vapeswholesaler.com\/wp-content\/uploads\/2024\/08\/Wholesale-Fumot-Tornado-20000-Puffs-disposable-vape-11-510x327.webp 510w\" sizes=\"auto, (max-width: 1600px) 100vw, 1600px\" \/><figcaption id=\"caption-attachment-19024\" class=\"wp-caption-text\">Nagykereskedelmi Fumot Tornado 20000 Puffs eldobhat\u00f3 vape<\/figcaption><\/figure>\n<p><img loading=\"lazy\" decoding=\"async\" class=\"alignnone wp-image-19022 size-full\" title=\"Nagykereskedelmi Fumot Tornado 20000 Puffs eldobhat\u00f3 vape 9\" src=\"https:\/\/www.vapeswholesaler.com\/wp-content\/uploads\/2024\/08\/Wholesale-Fumot-Tornado-20000-Puffs-disposable-vape-9.webp\" alt=\"Nagykereskedelmi Fumot Tornado 20000 Puffs eldobhat\u00f3 vape 9\" width=\"700\" height=\"700\" srcset=\"https:\/\/www.vapeswholesaler.com\/wp-content\/uploads\/2024\/08\/Wholesale-Fumot-Tornado-20000-Puffs-disposable-vape-9.webp 700w, https:\/\/www.vapeswholesaler.com\/wp-content\/uploads\/2024\/08\/Wholesale-Fumot-Tornado-20000-Puffs-disposable-vape-9-300x300.webp 300w, https:\/\/www.vapeswholesaler.com\/wp-content\/uploads\/2024\/08\/Wholesale-Fumot-Tornado-20000-Puffs-disposable-vape-9-150x150.webp 150w, https:\/\/www.vapeswholesaler.com\/wp-content\/uploads\/2024\/08\/Wholesale-Fumot-Tornado-20000-Puffs-disposable-vape-9-12x12.webp 12w, https:\/\/www.vapeswholesaler.com\/wp-content\/uploads\/2024\/08\/Wholesale-Fumot-Tornado-20000-Puffs-disposable-vape-9-247x247.webp 247w, https:\/\/www.vapeswholesaler.com\/wp-content\/uploads\/2024\/08\/Wholesale-Fumot-Tornado-20000-Puffs-disposable-vape-9-510x510.webp 510w, https:\/\/www.vapeswholesaler.com\/wp-content\/uploads\/2024\/08\/Wholesale-Fumot-Tornado-20000-Puffs-disposable-vape-9-100x100.webp 100w\" sizes=\"auto, (max-width: 700px) 100vw, 700px\" \/> <img loading=\"lazy\" decoding=\"async\" class=\"alignnone wp-image-19021 size-full\" title=\"Nagykereskedelmi Fumot Tornado 20000 Puffs eldobhat\u00f3 vape 8\" src=\"https:\/\/www.vapeswholesaler.com\/wp-content\/uploads\/2024\/08\/Wholesale-Fumot-Tornado-20000-Puffs-disposable-vape-8.webp\" alt=\"Nagykereskedelmi Fumot Tornado 20000 Puffs eldobhat\u00f3 vape 8\" width=\"700\" height=\"700\" srcset=\"https:\/\/www.vapeswholesaler.com\/wp-content\/uploads\/2024\/08\/Wholesale-Fumot-Tornado-20000-Puffs-disposable-vape-8.webp 700w, https:\/\/www.vapeswholesaler.com\/wp-content\/uploads\/2024\/08\/Wholesale-Fumot-Tornado-20000-Puffs-disposable-vape-8-300x300.webp 300w, https:\/\/www.vapeswholesaler.com\/wp-content\/uploads\/2024\/08\/Wholesale-Fumot-Tornado-20000-Puffs-disposable-vape-8-150x150.webp 150w, https:\/\/www.vapeswholesaler.com\/wp-content\/uploads\/2024\/08\/Wholesale-Fumot-Tornado-20000-Puffs-disposable-vape-8-12x12.webp 12w, https:\/\/www.vapeswholesaler.com\/wp-content\/uploads\/2024\/08\/Wholesale-Fumot-Tornado-20000-Puffs-disposable-vape-8-247x247.webp 247w, https:\/\/www.vapeswholesaler.com\/wp-content\/uploads\/2024\/08\/Wholesale-Fumot-Tornado-20000-Puffs-disposable-vape-8-510x510.webp 510w, https:\/\/www.vapeswholesaler.com\/wp-content\/uploads\/2024\/08\/Wholesale-Fumot-Tornado-20000-Puffs-disposable-vape-8-100x100.webp 100w\" sizes=\"auto, (max-width: 700px) 100vw, 700px\" \/><\/p>","protected":false},"excerpt":{"rendered":"<p>Minim\u00e1lis rendel\u00e9si mennyis\u00e9g: <strong>50 DB<\/strong> (Mix \u00edzek) Ingyenes sz\u00e1ll\u00edt\u00e1s<\/p>\n<p>(<strong>2%, 5% Nic<\/strong>) EU rakt\u00e1r Sz\u00e1ll\u00edt\u00e1si id\u0151 5-6 munkanap<\/p>","protected":false},"featured_media":19014,"comment_status":"open","ping_status":"closed","template":"","meta":[],"product_cat":[15],"product_tag":[382,100],"class_list":{"0":"post-16997","1":"product","2":"type-product","3":"status-publish","4":"has-post-thumbnail","6":"product_cat-disposable-vape","7":"product_tag-fumot","8":"product_tag-20000-puffs","9":"product_brand-fumot","11":"first","12":"instock","13":"shipping-taxable","14":"purchasable","15":"product-type-variable","16":"has-default-attributes"},"aioseo_notices":[],"_links":{"self":[{"href":"https:\/\/www.vapeswholesaler.com\/hu\/wp-json\/wp\/v2\/product\/16997","targetHints":{"allow":["GET"]}}],"collection":[{"href":"https:\/\/www.vapeswholesaler.com\/hu\/wp-json\/wp\/v2\/product"}],"about":[{"href":"https:\/\/www.vapeswholesaler.com\/hu\/wp-json\/wp\/v2\/types\/product"}],"replies":[{"embeddable":true,"href":"https:\/\/www.vapeswholesaler.com\/hu\/wp-json\/wp\/v2\/comments?post=16997"}],"wp:featuredmedia":[{"embeddable":true,"href":"https:\/\/www.vapeswholesaler.com\/hu\/wp-json\/wp\/v2\/media\/19014"}],"wp:attachment":[{"href":"https:\/\/www.vapeswholesaler.com\/hu\/wp-json\/wp\/v2\/media?parent=16997"}],"wp:term":[{"taxonomy":"product_cat","embeddable":true,"href":"https:\/\/www.vapeswholesaler.com\/hu\/wp-json\/wp\/v2\/product_cat?post=16997"},{"taxonomy":"product_tag","embeddable":true,"href":"https:\/\/www.vapeswholesaler.com\/hu\/wp-json\/wp\/v2\/product_tag?post=16997"}],"curies":[{"name":"wp","href":"https:\/\/api.w.org\/{rel}","templated":true}]}}