{"id":16715,"date":"2024-06-18T15:59:31","date_gmt":"2024-06-18T07:59:31","guid":{"rendered":"https:\/\/www.vapeswholesaler.com\/?post_type=product&#038;p=16715"},"modified":"2025-03-12T19:19:06","modified_gmt":"2025-03-12T11:19:06","slug":"nagykereskedelmi-elf-bar-gh-20000-puff-eldobhato-vape","status":"publish","type":"product","link":"https:\/\/www.vapeswholesaler.com\/hu\/termek\/nagykereskedelmi-elf-bar-gh-20000-puff-eldobhato-vape","title":{"rendered":"Nagykereskedelmi Elf Bar GH 20000 Puffs eldobhat\u00f3 vape"},"content":{"rendered":"<p>Az ELF Bar GH20000 Puffs \u00fajrat\u00f6lthet\u0151 eldobhat\u00f3 vape, GH20000 Puff 20ml tripla h\u00e1l\u00f3s tekerccsel \u00e9s 3 teljes\u00edtm\u00e9ny \u00fczemm\u00f3ddal, Lite, Smooth \u00e9s Turbo \u00fczemm\u00f3ddal rendelkezik, amely lehet\u0151v\u00e9 teszi, hogy a g\u0151zt az \u00d6n preferenci\u00e1ihoz igaz\u00edtsa.<\/p>\n<p>ELF Bar GH20000 Puffss Nagyobb, 20 ml-es e-folyad\u00e9k kapacit\u00e1ssal rendelkezik, amely ak\u00e1r 20.000 puffol\u00e1sig is kitart, \u00e9s LED kijelz\u0151vel is fel van szerelve, amely kijelzi a teljes\u00edtm\u00e9nyt, a m\u00f3dot \u00e9s az e-folyad\u00e9k sz\u00e1zal\u00e9kos ar\u00e1ny\u00e1t, \u00edgy mindig t\u00e1j\u00e9koztatva \u00d6nt arr\u00f3l, hogy mikor kell t\u00f6lteni, vagy mikor fogy az eszk\u00f6z e-l\u00e9 mennyis\u00e9ge.<\/p>\n<h2><strong>ELF Bar GH20000 Puffs jellemz\u0151k:<\/strong><\/h2>\n<ul>\n<li>Ak\u00e1r 20,000 puff<\/li>\n<li>H\u00e1romszoros h\u00e1l\u00f3s tekercs<\/li>\n<li>3 teljes\u00edtm\u00e9ny \u00fczemm\u00f3d Lite\/Smooth\/Turbo<\/li>\n<li>Teljes\u00edtm\u00e9ny \u00fczemm\u00f3d \u00e9s E-folyad\u00e9k kijelz\u0151<\/li>\n<li>850mAh akkumul\u00e1tor<\/li>\n<li>20mL 20mg\/mL nikotin s\u00f3 E-folyad\u00e9k<\/li>\n<li>USB Type-C \u00fajrat\u00f6lthet\u0151<\/li>\n<\/ul>\n<h2><strong>ELF Bar GH 20000 Puffs El\u00e9rhet\u0151 \u00edzek:<\/strong><\/h2>\n<ol>\n<li>K\u00e9k Razz j\u00e9g<\/li>\n<li>\u00c1fonya k\u00f6rte<\/li>\n<li>Sz\u0151l\u0151 j\u00e9g<\/li>\n<li>Z\u00f6ld alma j\u00e9g<\/li>\n<li>Jeges menta<\/li>\n<li>Miami Mint<\/li>\n<li>Barack mang\u00f3 g\u00f6r\u00f6gdinnye<\/li>\n<li>Sakura sz\u0151l\u0151<\/li>\n<li>Eper ban\u00e1n<\/li>\n<li>Eper j\u00e9g<\/li>\n<\/ol>\n<h2><strong>Tartalmazza a k\u00f6vetkez\u0151ket<\/strong>:<\/h2>\n<p>1x ELF Bar GH20000 Puffs eldobhat\u00f3 vape<\/p>\n<p>&nbsp;<\/p>\n<p>&nbsp;<\/p>\n<figure id=\"attachment_16714\" aria-describedby=\"caption-attachment-16714\" style=\"width: 800px\" class=\"wp-caption alignnone\"><img loading=\"lazy\" decoding=\"async\" class=\"wp-image-16714 size-full\" title=\"Nagykereskedelmi Elf bar GH 20000 Puffs eldobhat\u00f3 vape 4\" src=\"https:\/\/www.vapeswholesaler.com\/wp-content\/uploads\/2024\/06\/Wholesale-Elf-bar-GH-20000-Puffs-Disposable-vape-4.webp\" alt=\"Nagykereskedelmi Elf bar GH 20000 Puffs eldobhat\u00f3 vape 4\" width=\"800\" height=\"800\" srcset=\"https:\/\/www.vapeswholesaler.com\/wp-content\/uploads\/2024\/06\/Wholesale-Elf-bar-GH-20000-Puffs-Disposable-vape-4.webp 800w, https:\/\/www.vapeswholesaler.com\/wp-content\/uploads\/2024\/06\/Wholesale-Elf-bar-GH-20000-Puffs-Disposable-vape-4-300x300.webp 300w, https:\/\/www.vapeswholesaler.com\/wp-content\/uploads\/2024\/06\/Wholesale-Elf-bar-GH-20000-Puffs-Disposable-vape-4-150x150.webp 150w, https:\/\/www.vapeswholesaler.com\/wp-content\/uploads\/2024\/06\/Wholesale-Elf-bar-GH-20000-Puffs-Disposable-vape-4-768x768.webp 768w, https:\/\/www.vapeswholesaler.com\/wp-content\/uploads\/2024\/06\/Wholesale-Elf-bar-GH-20000-Puffs-Disposable-vape-4-12x12.webp 12w, https:\/\/www.vapeswholesaler.com\/wp-content\/uploads\/2024\/06\/Wholesale-Elf-bar-GH-20000-Puffs-Disposable-vape-4-247x247.webp 247w, https:\/\/www.vapeswholesaler.com\/wp-content\/uploads\/2024\/06\/Wholesale-Elf-bar-GH-20000-Puffs-Disposable-vape-4-510x510.webp 510w, https:\/\/www.vapeswholesaler.com\/wp-content\/uploads\/2024\/06\/Wholesale-Elf-bar-GH-20000-Puffs-Disposable-vape-4-100x100.webp 100w\" sizes=\"auto, (max-width: 800px) 100vw, 800px\" \/><figcaption id=\"caption-attachment-16714\" class=\"wp-caption-text\">Nagykereskedelmi Elf bar GH 20000 Puffs eldobhat\u00f3 vape<\/figcaption><\/figure>\n<figure id=\"attachment_16726\" aria-describedby=\"caption-attachment-16726\" style=\"width: 800px\" class=\"wp-caption alignnone\"><img loading=\"lazy\" decoding=\"async\" class=\"wp-image-16726 size-full\" title=\"Nagykereskedelmi Elf bar GH 20000 Puffs eldobhat\u00f3 vape 5\" src=\"https:\/\/www.vapeswholesaler.com\/wp-content\/uploads\/2024\/06\/Wholesale-Elf-bar-GH-20000-Puffs-Disposable-vape-5.webp\" alt=\"Nagykereskedelmi Elf bar GH 20000 Puffs eldobhat\u00f3 vape 5\" width=\"800\" height=\"600\" srcset=\"https:\/\/www.vapeswholesaler.com\/wp-content\/uploads\/2024\/06\/Wholesale-Elf-bar-GH-20000-Puffs-Disposable-vape-5.webp 800w, https:\/\/www.vapeswholesaler.com\/wp-content\/uploads\/2024\/06\/Wholesale-Elf-bar-GH-20000-Puffs-Disposable-vape-5-300x225.webp 300w, https:\/\/www.vapeswholesaler.com\/wp-content\/uploads\/2024\/06\/Wholesale-Elf-bar-GH-20000-Puffs-Disposable-vape-5-768x576.webp 768w, https:\/\/www.vapeswholesaler.com\/wp-content\/uploads\/2024\/06\/Wholesale-Elf-bar-GH-20000-Puffs-Disposable-vape-5-16x12.webp 16w, https:\/\/www.vapeswholesaler.com\/wp-content\/uploads\/2024\/06\/Wholesale-Elf-bar-GH-20000-Puffs-Disposable-vape-5-510x383.webp 510w\" sizes=\"auto, (max-width: 800px) 100vw, 800px\" \/><figcaption id=\"caption-attachment-16726\" class=\"wp-caption-text\">Nagykereskedelmi Elf bar GH 20000 Puffs eldobhat\u00f3 vape<\/figcaption><\/figure>","protected":false},"excerpt":{"rendered":"<p>Minim\u00e1lis rendel\u00e9si mennyis\u00e9g: <em><strong>10000<\/strong><\/em> PCS (\u00edzek kever\u00e9se)<\/p>\n<p>(<strong>2%, 5% Nic<\/strong>)<\/p>","protected":false},"featured_media":16712,"comment_status":"open","ping_status":"closed","template":"","meta":[],"product_cat":[15],"product_tag":[],"class_list":{"0":"post-16715","1":"product","2":"type-product","3":"status-publish","4":"has-post-thumbnail","6":"product_cat-disposable-vape","7":"product_brand-elf-bar","9":"first","10":"outofstock","11":"shipping-taxable","12":"purchasable","13":"product-type-variable"},"aioseo_notices":[],"_links":{"self":[{"href":"https:\/\/www.vapeswholesaler.com\/hu\/wp-json\/wp\/v2\/product\/16715","targetHints":{"allow":["GET"]}}],"collection":[{"href":"https:\/\/www.vapeswholesaler.com\/hu\/wp-json\/wp\/v2\/product"}],"about":[{"href":"https:\/\/www.vapeswholesaler.com\/hu\/wp-json\/wp\/v2\/types\/product"}],"replies":[{"embeddable":true,"href":"https:\/\/www.vapeswholesaler.com\/hu\/wp-json\/wp\/v2\/comments?post=16715"}],"wp:featuredmedia":[{"embeddable":true,"href":"https:\/\/www.vapeswholesaler.com\/hu\/wp-json\/wp\/v2\/media\/16712"}],"wp:attachment":[{"href":"https:\/\/www.vapeswholesaler.com\/hu\/wp-json\/wp\/v2\/media?parent=16715"}],"wp:term":[{"taxonomy":"product_cat","embeddable":true,"href":"https:\/\/www.vapeswholesaler.com\/hu\/wp-json\/wp\/v2\/product_cat?post=16715"},{"taxonomy":"product_tag","embeddable":true,"href":"https:\/\/www.vapeswholesaler.com\/hu\/wp-json\/wp\/v2\/product_tag?post=16715"}],"curies":[{"name":"wp","href":"https:\/\/api.w.org\/{rel}","templated":true}]}}