{"id":16670,"date":"2024-06-18T11:01:12","date_gmt":"2024-06-18T03:01:12","guid":{"rendered":"https:\/\/www.vapeswholesaler.com\/?post_type=product&#038;p=16670"},"modified":"2025-03-26T11:01:37","modified_gmt":"2025-03-26T03:01:37","slug":"nagykereskedelmi-geekbar-skyview-25k-egyszer-hasznalatos-vape","status":"publish","type":"product","link":"https:\/\/www.vapeswholesaler.com\/hu\/termek\/nagykereskedelmi-geekbar-skyview-25k-egyszer-hasznalatos-vape","title":{"rendered":"Nagykereskedelmi Geekbar Skyview 25K eldobhat\u00f3 vape"},"content":{"rendered":"<p>A Geekbar Skyview 25K eldobhat\u00f3 egy friss\u00edt\u0151 \u00e9s h\u0171v\u00f6s p\u00e1rologtat\u00f3 \u00e9rz\u00e9s, amely a szell\u0151s \u00e9gboltra eml\u00e9keztet egy csipetnyi citrusf\u00e9l\u00e9vel a Geekbar Skyview 25K eldobhat\u00f3 Vape Sky Walker \u00edz\u00e9vel. Ez az \u00e9lvonalbeli k\u00e9sz\u00fcl\u00e9k leny\u0171g\u00f6z\u0151 25000 puffot biztos\u00edt, \u00edgy hosszabb ideig \u00e9lvezheti ezt az egyedi \u00e9s \u00e9l\u00e9nk\u00edt\u0151 kever\u00e9ket. Fedezzen fel m\u00e1s \u00ednycsikland\u00f3 \u00edzeket, mint a l\u00e9d\u00fas Barackos m\u00e1lna, a mer\u00e9sz Triple Berry vagy a pik\u00e1ns Sour Apple Ice.<\/p>\n<p>A GeekBar Skyview vape nagy teljes\u00edtm\u00e9ny\u0171 800mAh akkumul\u00e1torral \u00e9s nagyvonal\u00fa 18ml e-folyad\u00e9k kapacit\u00e1ssal rendelkezik, amely hossz\u00fa t\u00e1v\u00fa teljes\u00edtm\u00e9nyt \u00e9s konzisztens \u00edzt biztos\u00edt minden egyes slukkn\u00e1l. A h\u00e1rom \u00e1ll\u00edthat\u00f3 p\u00e1rol\u00e1si m\u00f3ddal - Soft, Norm \u00e9s Pulse - testre szabhatja a p\u00e1rol\u00e1si \u00e9lm\u00e9nyt, hogy megfeleljen a preferenci\u00e1inak. A fejlett kett\u0151s h\u00e1l\u00f3s tekercs \u00e9s a kett\u0151s magos f\u0171t\u0151rendszer egy\u00fcttesen gondoskodik az optim\u00e1lis \u00edzkivon\u00e1sr\u00f3l \u00e9s a sima, kiel\u00e9g\u00edt\u0151 g\u0151ztermel\u00e9sr\u0151l.<\/p>\n<h2><strong><a href=\"https:\/\/www.vapeswholesaler.com\/hu\/product_brand\/geekbar\/\">Geek b\u00e1r<\/a> Skyview 25K funkci\u00f3:<\/strong><\/h2>\n<ul>\n<li>16mL el\u0151re t\u00f6lt\u00f6tt E-folyad\u00e9k<\/li>\n<li>5% (50mg) nikotin er\u0151ss\u00e9ge<\/li>\n<li>800mAh C-t\u00edpus\u00fa \u00fajrat\u00f6lthet\u0151 akkumul\u00e1tor<\/li>\n<li>K\u00f6r\u00fclbel\u00fcl 25,000 puffan\u00e1s<\/li>\n<li>H\u00e1rom vaping \u00fczemm\u00f3d opci\u00f3<\/li>\n<li>L\u00e1gy - 12W<\/li>\n<li>Norm - 18W<\/li>\n<li>Impulzus - 25W<\/li>\n<li>Kett\u0151s h\u00e1l\u00f3s tekercs<\/li>\n<li>Nagyobb, mint a nagy 1,8 h\u00fcvelykes Smart TFT k\u00e9perny\u0151<\/li>\n<li>5 Egyedi UI Design fel\u00fcletek<\/li>\n<li>Akkumul\u00e1tor szint, Vaping Mode, E-Liquid szint<\/li>\n<li>Dual Core f\u0171t\u00e9s<\/li>\n<li>VPU bel\u00fclr\u0151l<\/li>\n<\/ul>\n<h2><strong>Geek Bar Skyview 25000 \u00cdzek:<\/strong><\/h2>\n<ol>\n<li>Blackberry Fcuking Fab<\/li>\n<li>K\u00e9k Razz j\u00e9g<\/li>\n<li>Cseresznye citrom menta<\/li>\n<li>Cherry Strazz<\/li>\n<li>Sz\u0151l\u0151 j\u00e9g<\/li>\n<li>Miami Mint<\/li>\n<li>Barackos k\u00e9k Slushy<\/li>\n<li>Barack m\u00e1lna<\/li>\n<li>Sky Walker<\/li>\n<li>Savany\u00fa alma j\u00e9g<\/li>\n<li>Savany\u00fa g\u00f6r\u00f6gdinnye Blue Razz<\/li>\n<li>Eper ban\u00e1n<\/li>\n<li>Eper j\u00e9g<\/li>\n<li>Eper g\u00f6r\u00f6gdinnye k\u00f3kusz<\/li>\n<li>H\u00e1romszoros bogy\u00f3<\/li>\n<li>Twisted B-Pop<\/li>\n<\/ol>\n<p><strong>Csomagol\u00e1si r\u00e9szletek:<\/strong><br \/>\n1ps egy kis dobozban<\/p>\n<figure id=\"attachment_16669\" aria-describedby=\"caption-attachment-16669\" style=\"width: 800px\" class=\"wp-caption alignnone\"><img loading=\"lazy\" decoding=\"async\" class=\"wp-image-16669 size-full\" title=\"Nagykereskedelmi Geekbar Skyview 25K eldobhat\u00f3 vape 7\" src=\"https:\/\/www.vapeswholesaler.com\/wp-content\/uploads\/2024\/06\/Wholesale-Geekbar-Skyview-25K-Disposable-vape-7.jpg\" alt=\"Nagykereskedelmi Geekbar Skyview 25K eldobhat\u00f3 vape 7\" width=\"800\" height=\"800\" srcset=\"https:\/\/www.vapeswholesaler.com\/wp-content\/uploads\/2024\/06\/Wholesale-Geekbar-Skyview-25K-Disposable-vape-7.jpg 800w, https:\/\/www.vapeswholesaler.com\/wp-content\/uploads\/2024\/06\/Wholesale-Geekbar-Skyview-25K-Disposable-vape-7-300x300.jpg 300w, https:\/\/www.vapeswholesaler.com\/wp-content\/uploads\/2024\/06\/Wholesale-Geekbar-Skyview-25K-Disposable-vape-7-150x150.jpg 150w, https:\/\/www.vapeswholesaler.com\/wp-content\/uploads\/2024\/06\/Wholesale-Geekbar-Skyview-25K-Disposable-vape-7-768x768.jpg 768w, https:\/\/www.vapeswholesaler.com\/wp-content\/uploads\/2024\/06\/Wholesale-Geekbar-Skyview-25K-Disposable-vape-7-12x12.jpg 12w, https:\/\/www.vapeswholesaler.com\/wp-content\/uploads\/2024\/06\/Wholesale-Geekbar-Skyview-25K-Disposable-vape-7-247x247.jpg 247w, https:\/\/www.vapeswholesaler.com\/wp-content\/uploads\/2024\/06\/Wholesale-Geekbar-Skyview-25K-Disposable-vape-7-510x510.jpg 510w, https:\/\/www.vapeswholesaler.com\/wp-content\/uploads\/2024\/06\/Wholesale-Geekbar-Skyview-25K-Disposable-vape-7-100x100.jpg 100w\" sizes=\"auto, (max-width: 800px) 100vw, 800px\" \/><figcaption id=\"caption-attachment-16669\" class=\"wp-caption-text\">Nagykereskedelmi Geekbar Skyview 25K eldobhat\u00f3 vape<\/figcaption><\/figure>","protected":false},"excerpt":{"rendered":"<p><span data-slate-fragment=\"JTVCJTdCJTIydHlwZSUyMiUzQSUyMnBhcmFncmFwaCUyMiUyQyUyMmNoaWxkcmVuJTIyJTNBJTVCJTdCJTIyaWQlMjIlM0ElMjIwQkF6V1hKNjV2JTIyJTJDJTIycGFyYUlkeCUyMiUzQTAlMkMlMjJzcmMlMjIlM0ElMjJNaW5pbXVtJTIwT3JkZXIlMjBRdWFudGl0eSUzQSUyMDEwMDAwJTIwUENTJTIwKE1peCUyMEZsYXZvcnMpJTIyJTJDJTIyZHN0JTIyJTNBJTIyJUU2JTlDJTgwJUU0JUJEJThFJUU4JUFFJUEyJUU4JUI0JUFEJUU5JTg3JThGJUVGJUJDJTlBMTAwMDAlRTQlQkIlQjYlRUYlQkMlODglRTYlQjclQjclRTUlOTAlODglRTUlOEYlQTMlRTUlOTElQjMlRUYlQkMlODklMjIlMkMlMjJtZXRhZGF0YSUyMiUzQSUyMiUyMiUyQyUyMm1ldGFEYXRhJTIyJTNBJTVCJTVEJTJDJTIydGV4dCUyMiUzQSUyMk1pbmltdW0lMjBPcmRlciUyMFF1YW50aXR5JTNBJTIwMTAwMDAlMjBQQ1MlMjAoTWl4JTIwRmxhdm9ycyklMjIlN0QlNUQlN0QlNUQ=\">Minim\u00e1lis rendel\u00e9si mennyis\u00e9g: <em><strong>10000<\/strong> <\/em>PCS (\u00edzek kever\u00e9se)\u00a0 <strong>Ingyenes sz\u00e1ll\u00edt\u00e1s<\/strong><\/span><\/p>\n<p>\uff08<strong>2%,5% Nic <\/strong>)<\/p>","protected":false},"featured_media":16663,"comment_status":"open","ping_status":"closed","template":"","meta":[],"product_cat":[15],"product_tag":[],"class_list":{"0":"post-16670","1":"product","2":"type-product","3":"status-publish","4":"has-post-thumbnail","6":"product_cat-disposable-vape","7":"product_brand-geekbar","9":"first","10":"instock","11":"shipping-taxable","12":"purchasable","13":"product-type-variable","14":"has-default-attributes"},"aioseo_notices":[],"_links":{"self":[{"href":"https:\/\/www.vapeswholesaler.com\/hu\/wp-json\/wp\/v2\/product\/16670","targetHints":{"allow":["GET"]}}],"collection":[{"href":"https:\/\/www.vapeswholesaler.com\/hu\/wp-json\/wp\/v2\/product"}],"about":[{"href":"https:\/\/www.vapeswholesaler.com\/hu\/wp-json\/wp\/v2\/types\/product"}],"replies":[{"embeddable":true,"href":"https:\/\/www.vapeswholesaler.com\/hu\/wp-json\/wp\/v2\/comments?post=16670"}],"wp:featuredmedia":[{"embeddable":true,"href":"https:\/\/www.vapeswholesaler.com\/hu\/wp-json\/wp\/v2\/media\/16663"}],"wp:attachment":[{"href":"https:\/\/www.vapeswholesaler.com\/hu\/wp-json\/wp\/v2\/media?parent=16670"}],"wp:term":[{"taxonomy":"product_cat","embeddable":true,"href":"https:\/\/www.vapeswholesaler.com\/hu\/wp-json\/wp\/v2\/product_cat?post=16670"},{"taxonomy":"product_tag","embeddable":true,"href":"https:\/\/www.vapeswholesaler.com\/hu\/wp-json\/wp\/v2\/product_tag?post=16670"}],"curies":[{"name":"wp","href":"https:\/\/api.w.org\/{rel}","templated":true}]}}