{"id":16642,"date":"2024-06-17T17:50:12","date_gmt":"2024-06-17T09:50:12","guid":{"rendered":"https:\/\/www.vapeswholesaler.com\/?post_type=product&#038;p=16642"},"modified":"2025-03-05T14:41:37","modified_gmt":"2025-03-05T06:41:37","slug":"wholesale-lavie-energy-box-15000-puffs-disposable-vape","status":"publish","type":"product","link":"https:\/\/www.vapeswholesaler.com\/hu\/termek\/wholesale-lavie-energy-box-15000-puffs-disposable-vape","title":{"rendered":"Nagykereskedelmi LAVIE Energy box 15000 Puffs Eldobhat\u00f3 vape"},"content":{"rendered":"<p><a href=\"https:\/\/www.vapeswholesaler.com\/hu\/product_brand\/lavie\/\">LAVIE<\/a> Energy Box 15000 Puffs is a disposable vape device equipped with a battery and e-juice level display. Equipped with a high-performance 600m Ah battery to ensure long-lasting battery life, allowing you to enjoy vape without frequent charging. At the same time, its 23ml fuel tank capacity ensures extended smoking time for you to enjoy to the fullest. Also offers a variety of nicotine content options of 2%\/5% to meet the needs of all types of smokers. Their diverse flavor selection is equally impressive, with 12 classic refreshing flavors, from traditional tobacco to fruity blends, ensuring there&#8217;s something for everyone.<\/p>\n<p>About LAVIE Energy Box 15000 Puffs we support OEM Service, each Flavor only need 1000pcs, MOQ 5K, Please contact us at any time if you have interesting.<\/p>\n<h2><strong>Products Features:<\/strong><\/h2>\n<ul>\n<li>Puffs:15000 Puffs are available per device<\/li>\n<li>Nikotin:2%\/5%<\/li>\n<li>E-juice Capacity:20ML<\/li>\n<li>Resistence: 1.0\u03a9<\/li>\n<li>Akkumul\u00e1tor:600mAh<\/li>\n<li>T\u00f6lt\u0151port: C-t\u00edpus\u00fa<\/li>\n<\/ul>\n<h2><strong>Kaphat\u00f3 \u00edzek:<\/strong><\/h2>\n<ol>\n<li>G\u00f6r\u00f6gdinnye j\u00e9g<\/li>\n<li>G\u00f6r\u00f6gdinnye menta<\/li>\n<li>Eper g\u00f6r\u00f6gdinnye<\/li>\n<li>Ment\u00e1s j\u00e9g<\/li>\n<li>Szeder j\u00e9g<\/li>\n<li>Citromos k\u00f3la<\/li>\n<li>Eper Kiwi<\/li>\n<li>Sz\u0151l\u0151 j\u00e9g<\/li>\n<li>Sz\u0151l\u0151 m\u00e1lna<\/li>\n<li>Dupla alma<\/li>\n<li>Barack j\u00e9g<\/li>\n<li>Ice Cream<\/li>\n<\/ol>\n<h2><strong>Csomagol\u00e1si r\u00e9szletek:<\/strong><\/h2>\n<p>1PCS in a small box<br \/>\n10pcs in a medium box<br \/>\nMennyis\u00e9g: 200db\/ctn<br \/>\nG.W.: 16kg<\/p>\n<figure id=\"attachment_16628\" aria-describedby=\"caption-attachment-16628\" style=\"width: 800px\" class=\"wp-caption alignnone\"><img loading=\"lazy\" decoding=\"async\" class=\"wp-image-16628 size-full\" title=\"Wholesale LAVIE Energy box 15000 Puffs Disposable vape 2\" src=\"https:\/\/www.vapeswholesaler.com\/wp-content\/uploads\/2024\/06\/Wholesale-LAVIE-Energy-box-15000-Puffs-Disposable-vape-2.jpg\" alt=\"Wholesale LAVIE Energy box 15000 Puffs Disposable vape 2\" width=\"800\" height=\"550\" srcset=\"https:\/\/www.vapeswholesaler.com\/wp-content\/uploads\/2024\/06\/Wholesale-LAVIE-Energy-box-15000-Puffs-Disposable-vape-2.jpg 800w, https:\/\/www.vapeswholesaler.com\/wp-content\/uploads\/2024\/06\/Wholesale-LAVIE-Energy-box-15000-Puffs-Disposable-vape-2-300x206.jpg 300w, https:\/\/www.vapeswholesaler.com\/wp-content\/uploads\/2024\/06\/Wholesale-LAVIE-Energy-box-15000-Puffs-Disposable-vape-2-768x528.jpg 768w, https:\/\/www.vapeswholesaler.com\/wp-content\/uploads\/2024\/06\/Wholesale-LAVIE-Energy-box-15000-Puffs-Disposable-vape-2-18x12.jpg 18w, https:\/\/www.vapeswholesaler.com\/wp-content\/uploads\/2024\/06\/Wholesale-LAVIE-Energy-box-15000-Puffs-Disposable-vape-2-510x351.jpg 510w\" sizes=\"auto, (max-width: 800px) 100vw, 800px\" \/><figcaption id=\"caption-attachment-16628\" class=\"wp-caption-text\">Nagykereskedelmi LAVIE Energy box 15000 Puffs Eldobhat\u00f3 vape<\/figcaption><\/figure>\n<figure id=\"attachment_16629\" aria-describedby=\"caption-attachment-16629\" style=\"width: 1000px\" class=\"wp-caption alignnone\"><img loading=\"lazy\" decoding=\"async\" class=\"wp-image-16629 size-full\" title=\"Wholesale LAVIE Energy box 15000 Puffs Disposable vape 3\" src=\"https:\/\/www.vapeswholesaler.com\/wp-content\/uploads\/2024\/06\/Wholesale-LAVIE-Energy-box-15000-Puffs-Disposable-vape-3.jpg\" alt=\"Wholesale LAVIE Energy box 15000 Puffs Disposable vape 3\" width=\"1000\" height=\"1947\" srcset=\"https:\/\/www.vapeswholesaler.com\/wp-content\/uploads\/2024\/06\/Wholesale-LAVIE-Energy-box-15000-Puffs-Disposable-vape-3.jpg 1000w, https:\/\/www.vapeswholesaler.com\/wp-content\/uploads\/2024\/06\/Wholesale-LAVIE-Energy-box-15000-Puffs-Disposable-vape-3-154x300.jpg 154w, https:\/\/www.vapeswholesaler.com\/wp-content\/uploads\/2024\/06\/Wholesale-LAVIE-Energy-box-15000-Puffs-Disposable-vape-3-526x1024.jpg 526w, https:\/\/www.vapeswholesaler.com\/wp-content\/uploads\/2024\/06\/Wholesale-LAVIE-Energy-box-15000-Puffs-Disposable-vape-3-768x1495.jpg 768w, https:\/\/www.vapeswholesaler.com\/wp-content\/uploads\/2024\/06\/Wholesale-LAVIE-Energy-box-15000-Puffs-Disposable-vape-3-789x1536.jpg 789w, https:\/\/www.vapeswholesaler.com\/wp-content\/uploads\/2024\/06\/Wholesale-LAVIE-Energy-box-15000-Puffs-Disposable-vape-3-6x12.jpg 6w, https:\/\/www.vapeswholesaler.com\/wp-content\/uploads\/2024\/06\/Wholesale-LAVIE-Energy-box-15000-Puffs-Disposable-vape-3-510x993.jpg 510w\" sizes=\"auto, (max-width: 1000px) 100vw, 1000px\" \/><figcaption id=\"caption-attachment-16629\" class=\"wp-caption-text\">Nagykereskedelmi LAVIE Energy box 15000 Puffs Eldobhat\u00f3 vape<\/figcaption><\/figure>\n<figure id=\"attachment_16627\" aria-describedby=\"caption-attachment-16627\" style=\"width: 1000px\" class=\"wp-caption alignnone\"><img loading=\"lazy\" decoding=\"async\" class=\"wp-image-16627 size-full\" title=\"Wholesale LAVIE Energy box 15000 Puffs Disposable vape 1\" src=\"https:\/\/www.vapeswholesaler.com\/wp-content\/uploads\/2024\/06\/Wholesale-LAVIE-Energy-box-15000-Puffs-Disposable-vape-1.jpg\" alt=\"Wholesale LAVIE Energy box 15000 Puffs Disposable vape 1\" width=\"1000\" height=\"706\" srcset=\"https:\/\/www.vapeswholesaler.com\/wp-content\/uploads\/2024\/06\/Wholesale-LAVIE-Energy-box-15000-Puffs-Disposable-vape-1.jpg 1000w, https:\/\/www.vapeswholesaler.com\/wp-content\/uploads\/2024\/06\/Wholesale-LAVIE-Energy-box-15000-Puffs-Disposable-vape-1-300x212.jpg 300w, https:\/\/www.vapeswholesaler.com\/wp-content\/uploads\/2024\/06\/Wholesale-LAVIE-Energy-box-15000-Puffs-Disposable-vape-1-768x542.jpg 768w, https:\/\/www.vapeswholesaler.com\/wp-content\/uploads\/2024\/06\/Wholesale-LAVIE-Energy-box-15000-Puffs-Disposable-vape-1-18x12.jpg 18w, https:\/\/www.vapeswholesaler.com\/wp-content\/uploads\/2024\/06\/Wholesale-LAVIE-Energy-box-15000-Puffs-Disposable-vape-1-510x360.jpg 510w\" sizes=\"auto, (max-width: 1000px) 100vw, 1000px\" \/><figcaption id=\"caption-attachment-16627\" class=\"wp-caption-text\">Nagykereskedelmi LAVIE Energy box 15000 Puffs Eldobhat\u00f3 vape<\/figcaption><\/figure>","protected":false},"excerpt":{"rendered":"<p>Minim\u00e1lis rendel\u00e9si mennyis\u00e9g:\u00a0<strong>50 DB<\/strong>\u00a0(\u00cdzek kever\u00e9se)\u00a0\u00a0<strong>Ingyenes sz\u00e1ll\u00edt\u00e1s<\/strong><\/p>\n<p>(<strong>2%, 5% Nic<\/strong>)<\/p>","protected":false},"featured_media":16636,"comment_status":"open","ping_status":"closed","template":"","meta":[],"product_cat":[15],"product_tag":[],"class_list":{"0":"post-16642","1":"product","2":"type-product","3":"status-publish","4":"has-post-thumbnail","6":"product_cat-disposable-vape","7":"product_brand-lavie","9":"first","10":"instock","11":"shipping-taxable","12":"purchasable","13":"product-type-variable","14":"has-default-attributes"},"aioseo_notices":[],"_links":{"self":[{"href":"https:\/\/www.vapeswholesaler.com\/hu\/wp-json\/wp\/v2\/product\/16642","targetHints":{"allow":["GET"]}}],"collection":[{"href":"https:\/\/www.vapeswholesaler.com\/hu\/wp-json\/wp\/v2\/product"}],"about":[{"href":"https:\/\/www.vapeswholesaler.com\/hu\/wp-json\/wp\/v2\/types\/product"}],"replies":[{"embeddable":true,"href":"https:\/\/www.vapeswholesaler.com\/hu\/wp-json\/wp\/v2\/comments?post=16642"}],"wp:featuredmedia":[{"embeddable":true,"href":"https:\/\/www.vapeswholesaler.com\/hu\/wp-json\/wp\/v2\/media\/16636"}],"wp:attachment":[{"href":"https:\/\/www.vapeswholesaler.com\/hu\/wp-json\/wp\/v2\/media?parent=16642"}],"wp:term":[{"taxonomy":"product_cat","embeddable":true,"href":"https:\/\/www.vapeswholesaler.com\/hu\/wp-json\/wp\/v2\/product_cat?post=16642"},{"taxonomy":"product_tag","embeddable":true,"href":"https:\/\/www.vapeswholesaler.com\/hu\/wp-json\/wp\/v2\/product_tag?post=16642"}],"curies":[{"name":"wp","href":"https:\/\/api.w.org\/{rel}","templated":true}]}}