{"id":16535,"date":"2024-06-16T12:23:08","date_gmt":"2024-06-16T04:23:08","guid":{"rendered":"https:\/\/www.vapeswholesaler.com\/?post_type=product&#038;p=16535"},"modified":"2025-03-05T15:40:20","modified_gmt":"2025-03-05T07:40:20","slug":"nagykereskedelmi-elf-doboz-ls15000-puffok-eldobhato-vape","status":"publish","type":"product","link":"https:\/\/www.vapeswholesaler.com\/hu\/termek\/nagykereskedelmi-elf-doboz-ls15000-puffok-eldobhato-vape","title":{"rendered":"Nagykereskedelmi ELF BOX LS15000 Puffs eldobhat\u00f3 Vape"},"content":{"rendered":"<p>Az ELF BOX LS15000 Puff Shisha Hookah egy \u00fajrat\u00f6lthet\u0151 DTL (Direct to Lungh) eldobhat\u00f3 Vape, az ELF BOX LS15000 Puff egy pr\u00e9mium p\u00e1rologtat\u00f3 eszk\u00f6z, amely st\u00edlusos krist\u00e1lyos kialak\u00edt\u00e1ssal, fejlett h\u00e1l\u00f3s tekercs technol\u00f3gi\u00e1val \u00e9s sz\u00e1mos cs\u00e1b\u00edt\u00f3 \u00edzzel rendelkezik, kiel\u00e9g\u00edt\u0151 \u00e9s hosszan tart\u00f3 p\u00e1rologtat\u00e1si \u00e9lm\u00e9nyt \u00edg\u00e9rve az \u00fcgyfelek sz\u00e1m\u00e1ra.<\/p>\n<h2><strong><a href=\"https:\/\/www.vapeswholesaler.com\/hu\/product_brand\/manodoboz\/\">ELF BOX<\/a> LS15000 Puff Shisha Hookah jellemz\u0151k:<\/strong><\/h2>\n<ul>\n<li>Puffok:15000<\/li>\n<li>Mag: 0.6ohm<\/li>\n<li>E-folyad\u00e9k:26ml<\/li>\n<li>Nicotine:0%\/2%\/5%<\/li>\n<li>Akkumul\u00e1tor:18250-600mah<\/li>\n<li>\u00dajrat\u00f6lthet\u0151: C-t\u00edpus\u00fa<\/li>\n<\/ul>\n<h2><strong>Kaphat\u00f3 \u00edzek:<\/strong><\/h2>\n<ol>\n<li>Szeder j\u00e9g<\/li>\n<li>\u00c1fonya j\u00e9gen<\/li>\n<li>Kiwi golgotavir\u00e1g<\/li>\n<li>Eper Kiwi<\/li>\n<li>Blue Razz limon\u00e1d\u00e9<\/li>\n<li>G\u00f6r\u00f6gdinnye j\u00e9g<\/li>\n<li>Eper g\u00f6r\u00f6gdinnye<\/li>\n<li>Eper j\u00e9g<\/li>\n<li>Barack Mang\u00f3 Anan\u00e1sz<\/li>\n<li>Sz\u0151l\u0151 j\u00e9g<\/li>\n<li>Mango ban\u00e1n<\/li>\n<li>Vegyes bogy\u00f3s gy\u00fcm\u00f6lcs\u00f6k<\/li>\n<\/ol>\n<h2><strong>Csomagol\u00e1si r\u00e9szletek:<\/strong><\/h2>\n<p>Term\u00e9k s\u00falya: 91g<br \/>\nTerm\u00e9k m\u00e9rete: 124.5*31.5mm<br \/>\nKarton m\u00e9rete: 410*405*297mm<br \/>\nMennyis\u00e9g: 200db\/ctn<br \/>\nS\u00faly: 21kg<\/p>\n<p>&nbsp;<\/p>\n<p><img loading=\"lazy\" decoding=\"async\" class=\"wp-image-16521 size-full\" title=\"Nagykereskedelmi ELF BOX LS15000 Puffs eldobhat\u00f3 Vape 4\" src=\"https:\/\/www.vapeswholesaler.com\/wp-content\/uploads\/2024\/06\/Wholesale-ELF-BOX-LS15000-Puffs-Disposable-Vape-4.webp\" alt=\"Nagykereskedelmi ELF BOX LS15000 Puffs eldobhat\u00f3 Vape 4\" width=\"800\" height=\"800\" srcset=\"https:\/\/www.vapeswholesaler.com\/wp-content\/uploads\/2024\/06\/Wholesale-ELF-BOX-LS15000-Puffs-Disposable-Vape-4.webp 800w, https:\/\/www.vapeswholesaler.com\/wp-content\/uploads\/2024\/06\/Wholesale-ELF-BOX-LS15000-Puffs-Disposable-Vape-4-300x300.webp 300w, https:\/\/www.vapeswholesaler.com\/wp-content\/uploads\/2024\/06\/Wholesale-ELF-BOX-LS15000-Puffs-Disposable-Vape-4-150x150.webp 150w, https:\/\/www.vapeswholesaler.com\/wp-content\/uploads\/2024\/06\/Wholesale-ELF-BOX-LS15000-Puffs-Disposable-Vape-4-768x768.webp 768w, https:\/\/www.vapeswholesaler.com\/wp-content\/uploads\/2024\/06\/Wholesale-ELF-BOX-LS15000-Puffs-Disposable-Vape-4-12x12.webp 12w, https:\/\/www.vapeswholesaler.com\/wp-content\/uploads\/2024\/06\/Wholesale-ELF-BOX-LS15000-Puffs-Disposable-Vape-4-247x247.webp 247w, https:\/\/www.vapeswholesaler.com\/wp-content\/uploads\/2024\/06\/Wholesale-ELF-BOX-LS15000-Puffs-Disposable-Vape-4-510x510.webp 510w, https:\/\/www.vapeswholesaler.com\/wp-content\/uploads\/2024\/06\/Wholesale-ELF-BOX-LS15000-Puffs-Disposable-Vape-4-100x100.webp 100w\" sizes=\"auto, (max-width: 800px) 100vw, 800px\" \/><\/p>\n<p><img loading=\"lazy\" decoding=\"async\" class=\"wp-image-16522 size-full\" title=\"Nagykereskedelmi ELF BOX LS15000 Puffs eldobhat\u00f3 Vape 5\" src=\"https:\/\/www.vapeswholesaler.com\/wp-content\/uploads\/2024\/06\/Wholesale-ELF-BOX-LS15000-Puffs-Disposable-Vape-5.webp\" alt=\"Nagykereskedelmi ELF BOX LS15000 Puffs eldobhat\u00f3 Vape 5\" width=\"800\" height=\"650\" srcset=\"https:\/\/www.vapeswholesaler.com\/wp-content\/uploads\/2024\/06\/Wholesale-ELF-BOX-LS15000-Puffs-Disposable-Vape-5.webp 800w, https:\/\/www.vapeswholesaler.com\/wp-content\/uploads\/2024\/06\/Wholesale-ELF-BOX-LS15000-Puffs-Disposable-Vape-5-300x244.webp 300w, https:\/\/www.vapeswholesaler.com\/wp-content\/uploads\/2024\/06\/Wholesale-ELF-BOX-LS15000-Puffs-Disposable-Vape-5-768x624.webp 768w, https:\/\/www.vapeswholesaler.com\/wp-content\/uploads\/2024\/06\/Wholesale-ELF-BOX-LS15000-Puffs-Disposable-Vape-5-15x12.webp 15w, https:\/\/www.vapeswholesaler.com\/wp-content\/uploads\/2024\/06\/Wholesale-ELF-BOX-LS15000-Puffs-Disposable-Vape-5-510x414.webp 510w\" sizes=\"auto, (max-width: 800px) 100vw, 800px\" \/><\/p>","protected":false},"excerpt":{"rendered":"<p>Minim\u00e1lis rendel\u00e9si mennyis\u00e9g:\u00a0<strong>50PCS<\/strong>\u00a0(\u00cdzek kever\u00e9se)\u00a0\u00a0<strong>Ingyenes sz\u00e1ll\u00edt\u00e1s<\/strong><\/p>\n<p>(<strong>2%, 5% Nic<\/strong>)<\/p>","protected":false},"featured_media":16520,"comment_status":"open","ping_status":"closed","template":"","meta":[],"product_cat":[15],"product_tag":[],"class_list":{"0":"post-16535","1":"product","2":"type-product","3":"status-publish","4":"has-post-thumbnail","6":"product_cat-disposable-vape","7":"product_brand-elf-box","9":"first","10":"instock","11":"shipping-taxable","12":"purchasable","13":"product-type-variable","14":"has-default-attributes"},"aioseo_notices":[],"_links":{"self":[{"href":"https:\/\/www.vapeswholesaler.com\/hu\/wp-json\/wp\/v2\/product\/16535","targetHints":{"allow":["GET"]}}],"collection":[{"href":"https:\/\/www.vapeswholesaler.com\/hu\/wp-json\/wp\/v2\/product"}],"about":[{"href":"https:\/\/www.vapeswholesaler.com\/hu\/wp-json\/wp\/v2\/types\/product"}],"replies":[{"embeddable":true,"href":"https:\/\/www.vapeswholesaler.com\/hu\/wp-json\/wp\/v2\/comments?post=16535"}],"wp:featuredmedia":[{"embeddable":true,"href":"https:\/\/www.vapeswholesaler.com\/hu\/wp-json\/wp\/v2\/media\/16520"}],"wp:attachment":[{"href":"https:\/\/www.vapeswholesaler.com\/hu\/wp-json\/wp\/v2\/media?parent=16535"}],"wp:term":[{"taxonomy":"product_cat","embeddable":true,"href":"https:\/\/www.vapeswholesaler.com\/hu\/wp-json\/wp\/v2\/product_cat?post=16535"},{"taxonomy":"product_tag","embeddable":true,"href":"https:\/\/www.vapeswholesaler.com\/hu\/wp-json\/wp\/v2\/product_tag?post=16535"}],"curies":[{"name":"wp","href":"https:\/\/api.w.org\/{rel}","templated":true}]}}