{"id":16400,"date":"2024-06-14T17:15:37","date_gmt":"2024-06-14T09:15:37","guid":{"rendered":"https:\/\/www.vapeswholesaler.com\/?post_type=product&#038;p=16400"},"modified":"2025-08-11T11:12:38","modified_gmt":"2025-08-11T03:12:38","slug":"nagykereskedelmi-elf-bar-raya-d3-25000-puffs-eldobhato-vape","status":"publish","type":"product","link":"https:\/\/www.vapeswholesaler.com\/hu\/termek\/nagykereskedelmi-elf-bar-raya-d3-25000-puffs-eldobhato-vape","title":{"rendered":"Nagykereskedelmi Elf Bar Raya D3 25000 Puffs eldobhat\u00f3 Vape"},"content":{"rendered":"<p><a href=\"https:\/\/www.vapeswholesaler.com\/hu\/product_brand\/elf-bar\/\">T\u00fcnde b\u00e1r<\/a> A Raya D3 25000 ak\u00e1r 25000 f\u00faj\u00e1st is el\u00e9rhet. Az Elf Bar fejlesztette ki \u00e9s gy\u00e1rtja a leg\u00fajabb cs\u00facstechnol\u00f3gia felhaszn\u00e1l\u00e1s\u00e1val, \u00e9s m\u00e1r kaphat\u00f3. Az Elf Bar Raya D3 25000-t \u00fagy tervezt\u00e9k, hogy kiel\u00e9g\u00edtse a s\u00f3v\u00e1rg\u00e1sodat az Elf Bar \u00ednycsikland\u00f3 \u00edzek sokas\u00e1g\u00e1val. A precizit\u00e1ssal \u00e9s szenved\u00e9llyel k\u00e9sz\u00edtett Elf Bar Raya D3 25000 a legmodernebb technol\u00f3gi\u00e1t \u00e9s a legfinomabb \u00edzek sokas\u00e1g\u00e1t \u00f6tv\u00f6zi, biztos\u00edtva, hogy minden egyes slukk egy \u00e9lvezetes utaz\u00e1s legyen. Az els\u0151 h\u00faz\u00e1s pillanat\u00e1t\u00f3l kezdve egy \u00edzparadicsomba ker\u00fcl, ahol minden egyes bel\u00e9gz\u00e9s az \u00edz\u00e9rzetek szimf\u00f3ni\u00e1ja.<\/p>\n<p>Az Elf Bar Raya D3 25000 3 modellt t\u00e1mogat: A \"Lite\" 12 wattos kimeneti teljes\u00edtm\u00e9nyhez ak\u00e1r 25000 puffot is el\u00e9rhet. \"Smooth\" 17w kimeneti teljes\u00edtm\u00e9nyhez, ak\u00e1r 20000 puffot is el\u00e9rhet. \"Turbo\" 30w kimeneti teljes\u00edtm\u00e9nyre, ak\u00e1r 15000 puffot is el\u00e9rhet.<\/p>\n<h2><strong>Elf Bar Raya D3 25000:<\/strong><\/h2>\n<ul>\n<li>23ml el\u0151re t\u00f6lt\u00f6tt E-folyad\u00e9k<\/li>\n<li>5%(50mg) nikotin er\u0151ss\u00e9ge<\/li>\n<li>\u00dajrat\u00f6lthet\u0151 850mAh akkumul\u00e1tor<\/li>\n<li>Ak\u00e1r 25000 Puff el\u00e9r\u00e9se<\/li>\n<li>T\u00e1mogatja a C t\u00edpus\u00fa t\u00f6lt\u00e9st<\/li>\n<li>H\u00e1rom modell:<\/li>\n<li>Lite modell - t\u00e1mogatja a 12w kimeneti teljes\u00edtm\u00e9nyt: ak\u00e1r 25000 puffot is el\u00e9rhet<\/li>\n<li>Sima modell - t\u00e1mogatja a 17 wattos kimeneti teljes\u00edtm\u00e9nyt: ak\u00e1r 20000 puffot is el\u00e9rhet.<\/li>\n<li>Turb\u00f3 modell - t\u00e1mogatja a 30 wattos kimeneti teljes\u00edtm\u00e9nyt: ak\u00e1r 15000 puffot is el\u00e9rhet.<\/li>\n<\/ul>\n<h2><strong>Kaphat\u00f3 \u00edzek:<\/strong><\/h2>\n<ol>\n<li>Kiwi anan\u00e1sz j\u00e9g<\/li>\n<li>Dupla alma<\/li>\n<li>Sz\u0151l\u0151 Ce<\/li>\n<li>Vmt<\/li>\n<li>Waterme Lon citrom<\/li>\n<li>G\u00f6r\u00f6gdinnye Lce<\/li>\n<li>Eper sz\u0151l\u0151<\/li>\n<li>Barack Lce<\/li>\n<li>Barack bogy\u00f3<\/li>\n<li>Mang\u00f3 barack g\u00f6r\u00f6gdinnye<\/li>\n<li>Mango barack<\/li>\n<li>Kiwi Passi\u00f3gy\u00fcm\u00f6lcs Guava<\/li>\n<li>sz\u0151l\u0151 cseresznye<\/li>\n<li>\u00c1fonya m\u00e1lna<\/li>\n<li>\u00c1fonya Lce<\/li>\n<\/ol>\n<h2><strong>Csomagol\u00e1si r\u00e9szletek:<\/strong><\/h2>\n<p>Egyetlen cukorka csomagol\u00e1ssal<br \/>\nMinden doboz 10 darabot tartalmaz<br \/>\nMinden karton 200 darabot tartalmaz<br \/>\nKarton m\u00e9rete: 65*35*27cm<br \/>\nKarton s\u00falya: 21kg<\/p>\n<p>&nbsp;<\/p>\n<p><img loading=\"lazy\" decoding=\"async\" class=\"alignnone wp-image-16395 size-full\" title=\"Nagykereskedelmi Elf Bar Raya D3 25000 Puffs eldobhat\u00f3 Vape 3\" src=\"https:\/\/www.vapeswholesaler.com\/wp-content\/uploads\/2024\/06\/Wholesale-Elf-Bar-Raya-D3-25000-Puffs-Disposable-Vape-3.jpg\" alt=\"Nagykereskedelmi Elf Bar Raya D3 25000 Puffs eldobhat\u00f3 Vape 3\" width=\"800\" height=\"800\" srcset=\"https:\/\/www.vapeswholesaler.com\/wp-content\/uploads\/2024\/06\/Wholesale-Elf-Bar-Raya-D3-25000-Puffs-Disposable-Vape-3.jpg 800w, https:\/\/www.vapeswholesaler.com\/wp-content\/uploads\/2024\/06\/Wholesale-Elf-Bar-Raya-D3-25000-Puffs-Disposable-Vape-3-300x300.jpg 300w, https:\/\/www.vapeswholesaler.com\/wp-content\/uploads\/2024\/06\/Wholesale-Elf-Bar-Raya-D3-25000-Puffs-Disposable-Vape-3-150x150.jpg 150w, https:\/\/www.vapeswholesaler.com\/wp-content\/uploads\/2024\/06\/Wholesale-Elf-Bar-Raya-D3-25000-Puffs-Disposable-Vape-3-768x768.jpg 768w, https:\/\/www.vapeswholesaler.com\/wp-content\/uploads\/2024\/06\/Wholesale-Elf-Bar-Raya-D3-25000-Puffs-Disposable-Vape-3-12x12.jpg 12w, https:\/\/www.vapeswholesaler.com\/wp-content\/uploads\/2024\/06\/Wholesale-Elf-Bar-Raya-D3-25000-Puffs-Disposable-Vape-3-247x247.jpg 247w, https:\/\/www.vapeswholesaler.com\/wp-content\/uploads\/2024\/06\/Wholesale-Elf-Bar-Raya-D3-25000-Puffs-Disposable-Vape-3-510x510.jpg 510w, https:\/\/www.vapeswholesaler.com\/wp-content\/uploads\/2024\/06\/Wholesale-Elf-Bar-Raya-D3-25000-Puffs-Disposable-Vape-3-100x100.jpg 100w\" sizes=\"auto, (max-width: 800px) 100vw, 800px\" \/><\/p>","protected":false},"excerpt":{"rendered":"<p>Minim\u00e1lis rendel\u00e9si mennyis\u00e9g: <strong>100db<\/strong> (\u00cdzek kever\u00e9se) <strong>Ingyenes sz\u00e1ll\u00edt\u00e1s<\/strong><\/p>\n<p>(5% Nic) <strong>EU rakt\u00e1r<\/strong> Sz\u00e1ll\u00edt\u00e1si id\u0151 <strong>6-7 munkanap<\/strong><\/p>","protected":false},"featured_media":16399,"comment_status":"open","ping_status":"closed","template":"","meta":[],"product_cat":[15],"product_tag":[373,398],"class_list":{"0":"post-16400","1":"product","2":"type-product","3":"status-publish","4":"has-post-thumbnail","6":"product_cat-disposable-vape","7":"product_tag-europe-warehouse","8":"product_tag-elf-bar","9":"product_brand-elf-bar","11":"first","12":"instock","13":"shipping-taxable","14":"purchasable","15":"product-type-variable","16":"has-default-attributes"},"aioseo_notices":[],"_links":{"self":[{"href":"https:\/\/www.vapeswholesaler.com\/hu\/wp-json\/wp\/v2\/product\/16400","targetHints":{"allow":["GET"]}}],"collection":[{"href":"https:\/\/www.vapeswholesaler.com\/hu\/wp-json\/wp\/v2\/product"}],"about":[{"href":"https:\/\/www.vapeswholesaler.com\/hu\/wp-json\/wp\/v2\/types\/product"}],"replies":[{"embeddable":true,"href":"https:\/\/www.vapeswholesaler.com\/hu\/wp-json\/wp\/v2\/comments?post=16400"}],"wp:featuredmedia":[{"embeddable":true,"href":"https:\/\/www.vapeswholesaler.com\/hu\/wp-json\/wp\/v2\/media\/16399"}],"wp:attachment":[{"href":"https:\/\/www.vapeswholesaler.com\/hu\/wp-json\/wp\/v2\/media?parent=16400"}],"wp:term":[{"taxonomy":"product_cat","embeddable":true,"href":"https:\/\/www.vapeswholesaler.com\/hu\/wp-json\/wp\/v2\/product_cat?post=16400"},{"taxonomy":"product_tag","embeddable":true,"href":"https:\/\/www.vapeswholesaler.com\/hu\/wp-json\/wp\/v2\/product_tag?post=16400"}],"curies":[{"name":"wp","href":"https:\/\/api.w.org\/{rel}","templated":true}]}}