{"id":16380,"date":"2024-06-14T16:12:31","date_gmt":"2024-06-14T08:12:31","guid":{"rendered":"https:\/\/www.vapeswholesaler.com\/?post_type=product&#038;p=16380"},"modified":"2025-03-18T14:22:23","modified_gmt":"2025-03-18T06:22:23","slug":"nagykereskedelmi-bang-20000-puff-eldobhato-vape","status":"publish","type":"product","link":"https:\/\/www.vapeswholesaler.com\/hu\/termek\/nagykereskedelmi-bang-20000-puff-eldobhato-vape","title":{"rendered":"Nagykereskedelmi Bang 20000 Puffs eldobhat\u00f3 Vape"},"content":{"rendered":"<p><a href=\"https:\/\/www.vapeswholesaler.com\/hu\/product_brand\/bang\/\">Bang<\/a> A 20000 Puffs eldobhat\u00f3 Vape figyelembe veszi a felhaszn\u00e1l\u00f3 eg\u00e9szs\u00e9g\u00e9t, \u00edgy a k\u00e9sz\u00fcl\u00e9k nem l\u00e9pi t\u00fal a m\u0171k\u00f6d\u00e9si tartom\u00e1ny\u00e1t. Kik\u00fcsz\u00f6b\u00f6lt\u00fck a f\u0171t\u0151testek el\u00e9get\u00e9s\u00e9nek vagy a nem megfelel\u0151 folyad\u00e9kokat tartalmaz\u00f3 e-cigarett\u00e1k haszn\u00e1lat\u00e1nak kock\u00e1zat\u00e1t. 650 mAh \u00fajrat\u00f6lthet\u0151 akkumul\u00e1tor \u00e9s 16 milliliter elektronikus folyad\u00e9k kapacit\u00e1s. V\u00e1laszt\u00e1si lehet\u0151s\u00e9get biztos\u00edtottunk \u00d6nnek, hogy megtal\u00e1lja a sz\u00e1m\u00e1ra legmegfelel\u0151bb megold\u00e1st. T\u00f6bb mint 12 term\u00e9szetes f\u0171szer \u00e9s aroma 100% biztons\u00e1gos az eg\u00e9szs\u00e9gre. Nincs kellemetlen doh\u00e1nyszag a szob\u00e1ban. \u00c9rezheti a term\u00e9k sz\u00e9ps\u00e9g\u00e9t, k\u00fcl\u00f6n\u00f6sen az \u00fajszer\u0171 intelligens kijelz\u0151 k\u00e9perny\u0151vel \u00e9s a nagy 16 ml-es cigarettafolyad\u00e9kkal.<\/p>\n<h2><strong><a href=\"https:\/\/www.facebook.com\/fred.luo.58\/\">Bang<\/a> 20000 Puff:<\/strong><\/h2>\n<ul>\n<li>Puff: 20000 puffan\u00e1sig<\/li>\n<li>Foly\u00e9kony: E-Liquid: El\u0151re t\u00f6lt\u00f6tt 16 ml E-Liquid<\/li>\n<li>Nikotin: 5% 5%<\/li>\n<li>Mag: 1.0\u03a9<\/li>\n<li>Akkumul\u00e1tor: 650mAh \u00fajrat\u00f6lthet\u0151 C-t\u00edpus\u00fa akkumul\u00e1tor<\/li>\n<li>1case\/200db (21KG)<\/li>\n<\/ul>\n<h2><strong>Kaphat\u00f3 \u00edzek:<\/strong><\/h2>\n<ol>\n<li>Eper mang\u00f3<\/li>\n<li>Energiaital<\/li>\n<li>\u00c1fony\u00e1s meggyes limon\u00e1d\u00e9<\/li>\n<li>Fekete s\u00e1rk\u00e1ny j\u00e9g<\/li>\n<li>Barack j\u00e9g<\/li>\n<li>Eper ban\u00e1n<\/li>\n<li>Keverj\u00fck \u00f6ssze a gy\u00fcm\u00f6lcs\u00f6t<\/li>\n<li>\u00c1fony\u00e1s j\u00e9g<\/li>\n<li>G\u00f6r\u00f6gdinnye j\u00e9g<\/li>\n<li>Eper kiwi<\/li>\n<li>\u00c1fonya m\u00e1lna<\/li>\n<li>Epres g\u00f6r\u00f6gdinnye<\/li>\n<\/ol>\n<h2><strong>Csomagol\u00e1si r\u00e9szletek:<\/strong><\/h2>\n<p>10db\/ Med doboz<br \/>\nMennyis\u00e9g: 200 db\/ karton<br \/>\nGW: 21KG<\/p>\n<p>&nbsp;<\/p>\n<figure id=\"attachment_16379\" aria-describedby=\"caption-attachment-16379\" style=\"width: 800px\" class=\"wp-caption alignnone\"><img loading=\"lazy\" decoding=\"async\" class=\"wp-image-16379 size-full\" title=\"Nagykereskedelmi Bang 20000 Puffs eldobhat\u00f3 Vape\" src=\"https:\/\/www.vapeswholesaler.com\/wp-content\/uploads\/2024\/06\/Wholesale-Bang-20000-Puffs-Disposable-Vape.webp\" alt=\"Nagykereskedelmi Bang 20000 Puffs eldobhat\u00f3 Vape\" width=\"800\" height=\"1301\" srcset=\"https:\/\/www.vapeswholesaler.com\/wp-content\/uploads\/2024\/06\/Wholesale-Bang-20000-Puffs-Disposable-Vape.webp 800w, https:\/\/www.vapeswholesaler.com\/wp-content\/uploads\/2024\/06\/Wholesale-Bang-20000-Puffs-Disposable-Vape-184x300.webp 184w, https:\/\/www.vapeswholesaler.com\/wp-content\/uploads\/2024\/06\/Wholesale-Bang-20000-Puffs-Disposable-Vape-630x1024.webp 630w, https:\/\/www.vapeswholesaler.com\/wp-content\/uploads\/2024\/06\/Wholesale-Bang-20000-Puffs-Disposable-Vape-768x1249.webp 768w, https:\/\/www.vapeswholesaler.com\/wp-content\/uploads\/2024\/06\/Wholesale-Bang-20000-Puffs-Disposable-Vape-7x12.webp 7w, https:\/\/www.vapeswholesaler.com\/wp-content\/uploads\/2024\/06\/Wholesale-Bang-20000-Puffs-Disposable-Vape-510x829.webp 510w\" sizes=\"auto, (max-width: 800px) 100vw, 800px\" \/><figcaption id=\"caption-attachment-16379\" class=\"wp-caption-text\">Nagykereskedelmi Bang 20000 Puffs eldobhat\u00f3 Vape<\/figcaption><\/figure>","protected":false},"excerpt":{"rendered":"<p>Minim\u00e1lis rendel\u00e9si mennyis\u00e9g:\u00a0<strong>50db<\/strong>\u00a0(\u00cdzek kever\u00e9se)\u00a0\u00a0<strong>Ingyenes sz\u00e1ll\u00edt\u00e1s<\/strong><\/p>\n<p>\uff08<strong>0%\uff0c2%\uff0c3%\uff0c5%<\/strong><\/p>","protected":false},"featured_media":18535,"comment_status":"open","ping_status":"closed","template":"","meta":[],"product_cat":[15],"product_tag":[100,368,388],"class_list":{"0":"post-16380","1":"product","2":"type-product","3":"status-publish","4":"has-post-thumbnail","6":"product_cat-disposable-vape","7":"product_tag-20000-puffs","8":"product_tag-bang-king","9":"product_tag-bang","10":"product_brand-bang","12":"first","13":"instock","14":"shipping-taxable","15":"purchasable","16":"product-type-variable"},"aioseo_notices":[],"_links":{"self":[{"href":"https:\/\/www.vapeswholesaler.com\/hu\/wp-json\/wp\/v2\/product\/16380","targetHints":{"allow":["GET"]}}],"collection":[{"href":"https:\/\/www.vapeswholesaler.com\/hu\/wp-json\/wp\/v2\/product"}],"about":[{"href":"https:\/\/www.vapeswholesaler.com\/hu\/wp-json\/wp\/v2\/types\/product"}],"replies":[{"embeddable":true,"href":"https:\/\/www.vapeswholesaler.com\/hu\/wp-json\/wp\/v2\/comments?post=16380"}],"wp:featuredmedia":[{"embeddable":true,"href":"https:\/\/www.vapeswholesaler.com\/hu\/wp-json\/wp\/v2\/media\/18535"}],"wp:attachment":[{"href":"https:\/\/www.vapeswholesaler.com\/hu\/wp-json\/wp\/v2\/media?parent=16380"}],"wp:term":[{"taxonomy":"product_cat","embeddable":true,"href":"https:\/\/www.vapeswholesaler.com\/hu\/wp-json\/wp\/v2\/product_cat?post=16380"},{"taxonomy":"product_tag","embeddable":true,"href":"https:\/\/www.vapeswholesaler.com\/hu\/wp-json\/wp\/v2\/product_tag?post=16380"}],"curies":[{"name":"wp","href":"https:\/\/api.w.org\/{rel}","templated":true}]}}