{"id":16355,"date":"2024-06-14T15:23:10","date_gmt":"2024-06-14T07:23:10","guid":{"rendered":"https:\/\/www.vapeswholesaler.com\/?post_type=product&#038;p=16355"},"modified":"2025-03-05T14:43:20","modified_gmt":"2025-03-05T06:43:20","slug":"nagykereskedelmi-lavie-orok-10000-puffs-eldobhato-vape","status":"publish","type":"product","link":"https:\/\/www.vapeswholesaler.com\/hu\/termek\/nagykereskedelmi-lavie-orok-10000-puffs-eldobhato-vape","title":{"rendered":"Nagykereskedelmi Lavie Eternal 10000 Puffs eldobhat\u00f3 Vape"},"content":{"rendered":"<p>A LAVIE ETERNAL 10000 egy eldobhat\u00f3, \u00fajrat\u00f6lthet\u0151 vape, divatos \u00e9s \u00fajszer\u0171 kialak\u00edt\u00e1ssal, nagyon \u00fczleti jelleg\u0171. Kijelz\u0151 k\u00e9perny\u0151vel rendelkezik, amely k\u00e9pes megjelen\u00edteni a teljes\u00edtm\u00e9nyt \u00e9s az \u00fczemanyagszintet. Teljes f\u00e9m burkolattal rendelkezik, \u00e9s j\u00f3l \u00e9rzi mag\u00e1t a k\u00e9zben. H\u00e1l\u00f3s tekerccsel van felszerelve, \u00edgy t\u00f6bb stimul\u00e1ci\u00f3t \u00e9rezhet\u00fcnk a p\u00e1rol\u00e1s sor\u00e1n. 12 csod\u00e1latos \u00edzt is kifejlesztett\u00fcnk kifejezetten erre a k\u00e9sz\u00fcl\u00e9kre alapozva, sima \u00e9rz\u00e9ssel \u00e9s er\u0151s \u00edzzel. Az akkumul\u00e1tor \u00fajrat\u00f6lthet\u0151, \u00edgy max. 10000 puffot tart.<\/p>\n<h2><strong>LAVIE ETERNAL 10000 Puffs:<\/strong><\/h2>\n<ul>\n<li>M\u00e9ret: 29.7*21.7*113.7mm<\/li>\n<li>Akkumul\u00e1tor: 550mAh<\/li>\n<li>Puffok: 10000 puff<\/li>\n<li>Eliquid kapacit\u00e1s: 18ml<\/li>\n<li>Nic.2%,5%.OEM s\u00f3<\/li>\n<li>Nett\u00f3 s\u00faly: 56g<\/li>\n<li>Brutt\u00f3 s\u00faly: 65g<\/li>\n<li>H\u00e1l\u00f3s tekercs: Mesh 1.0\u03a9<\/li>\n<li>Anyag: Alum\u00ednium \u00f6tv\u00f6zet + PCTG<\/li>\n<\/ul>\n<h2><strong>Kaphat\u00f3 \u00edzek:<\/strong><\/h2>\n<ol>\n<li>K\u00e1v\u00e9<\/li>\n<li>g\u00f6r\u00f6gdinnye<\/li>\n<li>Lila sz\u0151l\u0151<\/li>\n<li>Dupla alma<\/li>\n<li>Menta<\/li>\n<li>Mango<\/li>\n<li>Golgotavir\u00e1g<\/li>\n<li>Citromos k\u00f3la<\/li>\n<li>Mojto<\/li>\n<li>Yakult<\/li>\n<li>Eper mang\u00f3<\/li>\n<li>Vegyes bogy\u00f3s gy\u00fcm\u00f6lcs\u00f6k<\/li>\n<\/ol>\n<h2><strong>Csomagol\u00e1si r\u00e9szletek:<\/strong><\/h2>\n<p>10db\/ Med doboz<br \/>\nM\u00c9RET: 375*260*278mm<br \/>\nMennyis\u00e9g: 200 db\/ karton<br \/>\nGW: 14KG<\/p>\n<figure id=\"attachment_16354\" aria-describedby=\"caption-attachment-16354\" style=\"width: 800px\" class=\"wp-caption alignnone\"><img loading=\"lazy\" decoding=\"async\" class=\"wp-image-16354 size-full\" title=\"Nagykereskedelmi Lavie Eternal 10000 Puffs eldobhat\u00f3 Vape\" src=\"https:\/\/www.vapeswholesaler.com\/wp-content\/uploads\/2024\/06\/Wholesale-Lavie-Eternal-10000-Puffs-Disposable-Vape.webp\" alt=\"Nagykereskedelmi Lavie Eternal 10000 Puffs eldobhat\u00f3 Vape\" width=\"800\" height=\"382\" srcset=\"https:\/\/www.vapeswholesaler.com\/wp-content\/uploads\/2024\/06\/Wholesale-Lavie-Eternal-10000-Puffs-Disposable-Vape.webp 800w, https:\/\/www.vapeswholesaler.com\/wp-content\/uploads\/2024\/06\/Wholesale-Lavie-Eternal-10000-Puffs-Disposable-Vape-300x143.webp 300w, https:\/\/www.vapeswholesaler.com\/wp-content\/uploads\/2024\/06\/Wholesale-Lavie-Eternal-10000-Puffs-Disposable-Vape-768x367.webp 768w, https:\/\/www.vapeswholesaler.com\/wp-content\/uploads\/2024\/06\/Wholesale-Lavie-Eternal-10000-Puffs-Disposable-Vape-18x9.webp 18w, https:\/\/www.vapeswholesaler.com\/wp-content\/uploads\/2024\/06\/Wholesale-Lavie-Eternal-10000-Puffs-Disposable-Vape-510x244.webp 510w\" sizes=\"auto, (max-width: 800px) 100vw, 800px\" \/><figcaption id=\"caption-attachment-16354\" class=\"wp-caption-text\">Nagykereskedelmi Lavie Eternal 10000 Puffs eldobhat\u00f3 Vape<\/figcaption><\/figure>\n<p>&nbsp;<\/p>","protected":false},"excerpt":{"rendered":"<p>Minim\u00e1lis rendel\u00e9si mennyis\u00e9g:\u00a0<strong>50PCS<\/strong>\u00a0(\u00cdzek kever\u00e9se)\u00a0\u00a0<strong>Ingyenes sz\u00e1ll\u00edt\u00e1s<\/strong><\/p>\n<p>(<strong>2%, 5% Nic<\/strong>)<\/p>","protected":false},"featured_media":16352,"comment_status":"open","ping_status":"closed","template":"","meta":[],"product_cat":[15],"product_tag":[],"class_list":{"0":"post-16355","1":"product","2":"type-product","3":"status-publish","4":"has-post-thumbnail","6":"product_cat-disposable-vape","7":"product_brand-lavie","9":"first","10":"instock","11":"shipping-taxable","12":"purchasable","13":"product-type-variable","14":"has-default-attributes"},"aioseo_notices":[],"_links":{"self":[{"href":"https:\/\/www.vapeswholesaler.com\/hu\/wp-json\/wp\/v2\/product\/16355","targetHints":{"allow":["GET"]}}],"collection":[{"href":"https:\/\/www.vapeswholesaler.com\/hu\/wp-json\/wp\/v2\/product"}],"about":[{"href":"https:\/\/www.vapeswholesaler.com\/hu\/wp-json\/wp\/v2\/types\/product"}],"replies":[{"embeddable":true,"href":"https:\/\/www.vapeswholesaler.com\/hu\/wp-json\/wp\/v2\/comments?post=16355"}],"wp:featuredmedia":[{"embeddable":true,"href":"https:\/\/www.vapeswholesaler.com\/hu\/wp-json\/wp\/v2\/media\/16352"}],"wp:attachment":[{"href":"https:\/\/www.vapeswholesaler.com\/hu\/wp-json\/wp\/v2\/media?parent=16355"}],"wp:term":[{"taxonomy":"product_cat","embeddable":true,"href":"https:\/\/www.vapeswholesaler.com\/hu\/wp-json\/wp\/v2\/product_cat?post=16355"},{"taxonomy":"product_tag","embeddable":true,"href":"https:\/\/www.vapeswholesaler.com\/hu\/wp-json\/wp\/v2\/product_tag?post=16355"}],"curies":[{"name":"wp","href":"https:\/\/api.w.org\/{rel}","templated":true}]}}