{"id":16322,"date":"2024-06-14T14:48:06","date_gmt":"2024-06-14T06:48:06","guid":{"rendered":"https:\/\/www.vapeswholesaler.com\/?post_type=product&#038;p=16322"},"modified":"2025-03-12T19:19:44","modified_gmt":"2025-03-12T11:19:44","slug":"nagykereskedelmi-elf-bar-fs18000-puffok-eldobhato-vape","status":"publish","type":"product","link":"https:\/\/www.vapeswholesaler.com\/hu\/termek\/nagykereskedelmi-elf-bar-fs18000-puffok-eldobhato-vape","title":{"rendered":"Nagykereskedelmi ELF BAR FS18000 Puffs eldobhat\u00f3 Vape"},"content":{"rendered":"<p><a href=\"https:\/\/www.vapeswholesaler.com\/hu\/product_brand\/elf-bar\/\">ELF BAR<\/a> Az FS18000 Eldobhat\u00f3 Vape a p\u00e1rologtat\u00e1s \u00faj korszak\u00e1t vezeti be innovat\u00edv, \u00e1ll\u00edthat\u00f3 \u00fczemm\u00f3djaival, kett\u0151s h\u00e1l\u00f3s tekercsrendszer\u00e9vel \u00e9s \u00e9l\u00e9nk, lapos k\u00e9perny\u0151s felhaszn\u00e1l\u00f3i fel\u00fclet\u00e9vel. Tapasztalja meg a p\u00e1rologtat\u00e1st, mint m\u00e9g soha, ak\u00e1r 18000 puffol\u00e1ssal \u00e9s 30 cs\u00e1b\u00edt\u00f3 \u00edzb\u0151l val\u00f3 v\u00e1laszt\u00e1ssal.<\/p>\n<p>ELF BAR FS18000 Puff eldobhat\u00f3 vape. \u00c1ll\u00edthat\u00f3 \u00fczemm\u00f3dokkal, kett\u0151s h\u00e1l\u00f3s tekerccsel \u00e9s \u00e9l\u00e9nk, sz\u00ednes felhaszn\u00e1l\u00f3i fel\u00fclettel ell\u00e1tott lapos k\u00e9perny\u0151vel ez az eldobhat\u00f3 vape sima \u00e9s \u00edzgazdag g\u0151z\u00f6l\u00e9si \u00e9lm\u00e9nyt k\u00edn\u00e1l ak\u00e1r 18000 puffig.<\/p>\n<p>ELF BAR FS18000 Kett\u0151s szaggat\u00e1si m\u00f3dok: Boost m\u00f3d az intenz\u00edv \u00edz\u00e9rt vagy a Smooth m\u00f3d a hosszabb puffsz\u00e1m\u00e9rt. \u00c9lvonalbeli kett\u0151s h\u00e1l\u00f3s tekercs: Tapasztalja meg az egyenletes, gazdag g\u0151z minden egyes sz\u00edv\u00e1sn\u00e1l.<br \/>\nFelhaszn\u00e1l\u00f3bar\u00e1t lapos k\u00e9perny\u0151: Navig\u00e1ljon a be\u00e1ll\u00edt\u00e1sok \u00e9s preferenci\u00e1k k\u00f6z\u00f6tt egy intuit\u00edv \u00e9s sz\u00ednes felhaszn\u00e1l\u00f3i fel\u00fcleten.<br \/>\nVal\u00f3s idej\u0171 mutat\u00f3k: Az akkumul\u00e1tor \u00e9s az e-folyad\u00e9k szintj\u00e9nek egy\u00e9rtelm\u0171 kijelz\u0151ivel mindig t\u00e1j\u00e9kozott maradhat.<br \/>\nKiterjedt \u00edzv\u00e1laszt\u00e9k: \u00c9lvezze a 30 k\u00fcl\u00f6nb\u00f6z\u0151 \u00edzvil\u00e1got, amely minden \u00edzl\u00e9snek megfelel.<\/p>\n<h2><strong>ELFBAR FS18000 Puffs:<\/strong><\/h2>\n<ul>\n<li>\u00dajrat\u00f6lthet\u0151 be\u00e9p\u00edtett akkumul\u00e1tor<\/li>\n<li>Puff sz\u00e1m: (Sima \u00fczemm\u00f3d)\/10000 Puff (Boost \u00fczemm\u00f3d)<\/li>\n<li>El\u0151re t\u00f6lt\u00f6tt E-Juice<\/li>\n<li>K\u00fcl\u00f6nb\u00f6z\u0151 szaggat\u00e1si m\u00f3dok: \u00fczemm\u00f3d: Smooth\/Boost m\u00f3d: Smooth\/Boost m\u00f3d<\/li>\n<li>Lapos k\u00e9perny\u0151 sz\u00ednes felhaszn\u00e1l\u00f3i fel\u00fclettel<\/li>\n<li>Kett\u0151s h\u00e1l\u00f3s tekercs<\/li>\n<li>5%(50mg) nikotin er\u0151ss\u00e9ge<\/li>\n<li>USB Type-C t\u00f6lt\u00e9s (nem tartoz\u00e9k)<\/li>\n<li>Rajz-aktiv\u00e1lt<\/li>\n<li>MTL Vaping<\/li>\n<\/ul>\n<h2><strong>Kaphat\u00f3 \u00edzek:<\/strong><\/h2>\n<ol>\n<li>Barack j\u00e9g<\/li>\n<li>Barack bogy\u00f3<\/li>\n<li>\u00c1fonya m\u00e1lna<\/li>\n<li>G\u00f6r\u00f6gdinnye citrom<\/li>\n<li>Szeder \u00c1fonya<\/li>\n<li>Cseresznye barack limon\u00e1d\u00e9<\/li>\n<li>Narancs g\u00f6r\u00f6gdinnye<\/li>\n<li>\u00c1fonya<\/li>\n<li>Citromos menta<\/li>\n<li>Sz\u0151l\u0151 j\u00e9g<\/li>\n<li>G\u00f6r\u00f6gdinnye r\u00e1g\u00f3gumi<\/li>\n<li>Dupla alma<\/li>\n<li>G\u00f6r\u00f6gdinnye j\u00e9g<\/li>\n<li>Kiwi anan\u00e1sz j\u00e9g<\/li>\n<li>sz\u0151l\u0151 cseresznye<\/li>\n<li>Gr\u00e1n\u00e1talma k\u00f3kusz<\/li>\n<li>Bluberry Razz citrom<\/li>\n<li>Sz\u0151l\u0151 m\u00e1lna<\/li>\n<li>Eper sz\u0151l\u0151<\/li>\n<\/ol>\n<h2>Csomagol\u00e1si r\u00e9szletek:<\/h2>\n<p>0.11KG \/ PCS, Egyetlen kis csomaggal<\/p>\n<p>10 db k\u00f6zepes dobozban.<\/p>\n<p>200 db gy\u0171jt\u0151kartonban, 22 kg.<\/p>\n<p>&nbsp;<\/p>\n<figure style=\"width: 800px\" class=\"wp-caption alignnone\"><img loading=\"lazy\" decoding=\"async\" class=\"wp-image-16319 size-full\" title=\"Nagykereskedelmi ELF BAR FS18000 Puffs eldobhat\u00f3 Vape 5\" src=\"https:\/\/www.vapeswholesaler.com\/wp-content\/uploads\/2024\/06\/Wholesale-ELF-BAR-FS18000-Puffs-Disposable-Vape-5.webp\" alt=\"Nagykereskedelmi ELF BAR FS18000 Puffs eldobhat\u00f3 Vape 5\" width=\"800\" height=\"800\" srcset=\"https:\/\/www.vapeswholesaler.com\/wp-content\/uploads\/2024\/06\/Wholesale-ELF-BAR-FS18000-Puffs-Disposable-Vape-5.webp 800w, https:\/\/www.vapeswholesaler.com\/wp-content\/uploads\/2024\/06\/Wholesale-ELF-BAR-FS18000-Puffs-Disposable-Vape-5-300x300.webp 300w, https:\/\/www.vapeswholesaler.com\/wp-content\/uploads\/2024\/06\/Wholesale-ELF-BAR-FS18000-Puffs-Disposable-Vape-5-150x150.webp 150w, https:\/\/www.vapeswholesaler.com\/wp-content\/uploads\/2024\/06\/Wholesale-ELF-BAR-FS18000-Puffs-Disposable-Vape-5-768x768.webp 768w, https:\/\/www.vapeswholesaler.com\/wp-content\/uploads\/2024\/06\/Wholesale-ELF-BAR-FS18000-Puffs-Disposable-Vape-5-12x12.webp 12w, https:\/\/www.vapeswholesaler.com\/wp-content\/uploads\/2024\/06\/Wholesale-ELF-BAR-FS18000-Puffs-Disposable-Vape-5-247x247.webp 247w, https:\/\/www.vapeswholesaler.com\/wp-content\/uploads\/2024\/06\/Wholesale-ELF-BAR-FS18000-Puffs-Disposable-Vape-5-510x510.webp 510w, https:\/\/www.vapeswholesaler.com\/wp-content\/uploads\/2024\/06\/Wholesale-ELF-BAR-FS18000-Puffs-Disposable-Vape-5-100x100.webp 100w\" sizes=\"auto, (max-width: 800px) 100vw, 800px\" \/><figcaption class=\"wp-caption-text\">Nagykereskedelmi ELF BAR FS18000 Puffs eldobhat\u00f3 Vape<\/figcaption><\/figure>\n<p>&nbsp;<\/p>","protected":false},"excerpt":{"rendered":"<p>Minim\u00e1lis rendel\u00e9si mennyis\u00e9g: <strong>5000<\/strong> PCS (\u00edzek kever\u00e9se)\u00a0 <strong>Ingyenes sz\u00e1ll\u00edt\u00e1s<\/strong><\/p>\n<p>\uff08<strong>2%\uff0c5% Nic <\/strong>)<\/p>","protected":false},"featured_media":16315,"comment_status":"open","ping_status":"closed","template":"","meta":[],"product_cat":[15],"product_tag":[],"class_list":{"0":"post-16322","1":"product","2":"type-product","3":"status-publish","4":"has-post-thumbnail","6":"product_cat-disposable-vape","7":"product_brand-elf-bar","9":"first","10":"outofstock","11":"shipping-taxable","12":"purchasable","13":"product-type-variable","14":"has-default-attributes"},"aioseo_notices":[],"_links":{"self":[{"href":"https:\/\/www.vapeswholesaler.com\/hu\/wp-json\/wp\/v2\/product\/16322","targetHints":{"allow":["GET"]}}],"collection":[{"href":"https:\/\/www.vapeswholesaler.com\/hu\/wp-json\/wp\/v2\/product"}],"about":[{"href":"https:\/\/www.vapeswholesaler.com\/hu\/wp-json\/wp\/v2\/types\/product"}],"replies":[{"embeddable":true,"href":"https:\/\/www.vapeswholesaler.com\/hu\/wp-json\/wp\/v2\/comments?post=16322"}],"wp:featuredmedia":[{"embeddable":true,"href":"https:\/\/www.vapeswholesaler.com\/hu\/wp-json\/wp\/v2\/media\/16315"}],"wp:attachment":[{"href":"https:\/\/www.vapeswholesaler.com\/hu\/wp-json\/wp\/v2\/media?parent=16322"}],"wp:term":[{"taxonomy":"product_cat","embeddable":true,"href":"https:\/\/www.vapeswholesaler.com\/hu\/wp-json\/wp\/v2\/product_cat?post=16322"},{"taxonomy":"product_tag","embeddable":true,"href":"https:\/\/www.vapeswholesaler.com\/hu\/wp-json\/wp\/v2\/product_tag?post=16322"}],"curies":[{"name":"wp","href":"https:\/\/api.w.org\/{rel}","templated":true}]}}