{"id":16298,"date":"2024-06-14T12:30:09","date_gmt":"2024-06-14T04:30:09","guid":{"rendered":"https:\/\/www.vapeswholesaler.com\/?post_type=product&#038;p=16298"},"modified":"2025-02-23T16:15:41","modified_gmt":"2025-02-23T08:15:41","slug":"nagykereskedelmi-geekbar-pulse-x-25000-puffs-eldobhato-vape","status":"publish","type":"product","link":"https:\/\/www.vapeswholesaler.com\/hu\/termek\/nagykereskedelmi-geekbar-pulse-x-25000-puffs-eldobhato-vape","title":{"rendered":"Nagykereskedelem Geekbar Pulse x 25000 Puffs eldobhat\u00f3 vape"},"content":{"rendered":"<p>A Geek Bar Pulse X 25000 Puffs Eldobhat\u00f3 Vape olyan vaperek sz\u00e1m\u00e1ra k\u00e9sz\u00fclt, akik kiv\u00e1l\u00f3 \u00edzt, technol\u00f3gi\u00e1t \u00e9s k\u00e9nyelmet ig\u00e9nyelnek. Ak\u00e1r otthon, ak\u00e1r a munkahelyen, ak\u00e1r \u00fatk\u00f6zben, a Pulse X az \u00d6n ide\u00e1lis t\u00e1rsa, amely p\u00e1ratlanul kifinomult g\u0151z\u00f6l\u00e9si \u00e9lm\u00e9nyt ny\u00fajt. \u00c9lvezze a Geek Bar Pulse X gazdag \u00edzvil\u00e1g\u00e1t \u00e9s \u00e9lvonalbeli teljes\u00edtm\u00e9ny\u00e9t - az \u00d6n kapuja a v\u00e9gs\u0151 vaping \u00e9lm\u00e9nyhez.<\/p>\n<p>K\u00e9t vaping \u00fczemm\u00f3d: vagy v\u00e1ltson Pulse m\u00f3dra, hogy \u00e9l\u00e9nk, intenz\u00edv \u00edz\u00e9lm\u00e9nyt kapjon 15.000 slukkol\u00e1ssal.<\/p>\n<p>Magas nikotinsz\u00e1ll\u00edt\u00e1s: A Geek Bar Pulse X 5% nikotiner\u0151ss\u00e9ggel kiel\u00e9g\u00edt\u0151 tal\u00e1latokat biztos\u00edt, ide\u00e1lis azok sz\u00e1m\u00e1ra, akik er\u0151teljes nikotin\u00e9lm\u00e9nyt keresnek. Fejlett kett\u0151s h\u00e1l\u00f3s tekercs: A k\u00e9sz\u00fcl\u00e9k teljes \u00e9lettartama alatt garant\u00e1lt az egyenletes \u00edz \u00e9s a leny\u0171g\u00f6z\u0151 g\u0151ztermel\u00e9s.<\/p>\n<h2><strong><a href=\"https:\/\/www.vapeswholesaler.com\/hu\/product_brand\/geekbar\/\">Geek b\u00e1r<\/a> Pulse X 25000 Puffs:<\/strong><\/h2>\n<ul>\n<li>820mAh C t\u00edpus\u00fa \u00fajrat\u00f6lthet\u0151 akkumul\u00e1tor<\/li>\n<li>3D \u00edvelt k\u00e9perny\u0151 - Akkumul\u00e1tor szint, Vaping Mode, E-Liquid szint<\/li>\n<li>K\u00e9t vaping \u00fczemm\u00f3d, k\u00fcl\u00f6nb\u00f6z\u0151 puffsz\u00e1mok<\/li>\n<li>- Norm\u00e1l \u00fczemm\u00f3d - K\u00f6r\u00fclbel\u00fcl 25,000 puffan\u00e1s<\/li>\n<li>- Impulzus \u00fczemm\u00f3d - K\u00f6r\u00fclbel\u00fcl 15,000 puffol\u00e1s<\/li>\n<li>5% (50MG) nikotin<\/li>\n<li>18mL el\u0151ret\u00f6lt\u00f6tt tart\u00e1ly<\/li>\n<li>Kett\u0151s h\u00e1l\u00f3s tekercs<\/li>\n<li>Fejlett kijelz\u0151technol\u00f3gia - Starry UI<\/li>\n<li>Gyorsabb t\u00f6lt\u00e9s<\/li>\n<li>1,5A t\u00f6lt\u00e9s<\/li>\n<li>Fesz\u00fclts\u00e9gtartom\u00e1ny 5-20V<\/li>\n<li>Dual Core f\u0171t\u00e9s<\/li>\n<\/ul>\n<h2><strong>Kaphat\u00f3 \u00edzek:<\/strong><\/h2>\n<ol>\n<li>Eper B-Pop<\/li>\n<li>G\u00f6r\u00f6gdinnye j\u00e9g<\/li>\n<li>Savany\u00fa alma j\u00e9g<\/li>\n<li>Ban\u00e1n Taffy fagyaszt\u00e1s<\/li>\n<li>Citromfejek<\/li>\n<li>K\u00e9k Razz j\u00e9g<\/li>\n<li>Savany\u00fa mang\u00f3 anan\u00e1sz<\/li>\n<li>Lime Berry narancs<\/li>\n<li>Miami Mint<\/li>\n<li>Grapefruit friss\u00edt\u0151<\/li>\n<li>Sour Fcuking Fab<\/li>\n<li>K\u00e9k Rancher<\/li>\n<li>M\u00e1lna barack lime<\/li>\n<li>Orange Fcuking Fab<\/li>\n<li>Blackberry B-Pop<\/li>\n<\/ol>\n<h2><strong>Csomagol\u00e1si r\u00e9szletek:<\/strong><\/h2>\n<p>0.11KG \/ PCS, Egyetlen kis csomaggal<\/p>\n<p>10 db k\u00f6zepes dobozban.<\/p>\n<p>200 db gy\u0171jt\u0151kartonban, 22 kg.<\/p>\n<p>&nbsp;<\/p>\n<figure id=\"attachment_16293\" aria-describedby=\"caption-attachment-16293\" style=\"width: 800px\" class=\"wp-caption alignnone\"><img loading=\"lazy\" decoding=\"async\" class=\"wp-image-16293 size-full\" title=\"Nagykereskedelmi Geekbar Pulse x 25000 Puffs\" src=\"https:\/\/www.vapeswholesaler.com\/wp-content\/uploads\/2024\/06\/Wholesale-Geekbar-Pulse-x-25000-Puffs.webp\" alt=\"Nagykereskedelmi Geekbar Pulse x 25000 Puffs\" width=\"800\" height=\"800\" srcset=\"https:\/\/www.vapeswholesaler.com\/wp-content\/uploads\/2024\/06\/Wholesale-Geekbar-Pulse-x-25000-Puffs.webp 800w, https:\/\/www.vapeswholesaler.com\/wp-content\/uploads\/2024\/06\/Wholesale-Geekbar-Pulse-x-25000-Puffs-300x300.webp 300w, https:\/\/www.vapeswholesaler.com\/wp-content\/uploads\/2024\/06\/Wholesale-Geekbar-Pulse-x-25000-Puffs-150x150.webp 150w, https:\/\/www.vapeswholesaler.com\/wp-content\/uploads\/2024\/06\/Wholesale-Geekbar-Pulse-x-25000-Puffs-768x768.webp 768w, https:\/\/www.vapeswholesaler.com\/wp-content\/uploads\/2024\/06\/Wholesale-Geekbar-Pulse-x-25000-Puffs-12x12.webp 12w, https:\/\/www.vapeswholesaler.com\/wp-content\/uploads\/2024\/06\/Wholesale-Geekbar-Pulse-x-25000-Puffs-247x247.webp 247w, https:\/\/www.vapeswholesaler.com\/wp-content\/uploads\/2024\/06\/Wholesale-Geekbar-Pulse-x-25000-Puffs-510x510.webp 510w, https:\/\/www.vapeswholesaler.com\/wp-content\/uploads\/2024\/06\/Wholesale-Geekbar-Pulse-x-25000-Puffs-100x100.webp 100w\" sizes=\"auto, (max-width: 800px) 100vw, 800px\" \/><figcaption id=\"caption-attachment-16293\" class=\"wp-caption-text\">Nagykereskedelmi Geekbar Pulse x 25000 Puffs<\/figcaption><\/figure>","protected":false},"excerpt":{"rendered":"<p>Minim\u00e1lis rendel\u00e9si mennyis\u00e9g: <em><strong>10000<\/strong><\/em> PCS (\u00edzek kever\u00e9se)\u00a0 \u00a0<strong>Ingyenes sz\u00e1ll\u00edt\u00e1s<\/strong><\/p>\n<p>\uff08<strong>2%\uff0c5% Nic <\/strong>)<\/p>","protected":false},"featured_media":16293,"comment_status":"open","ping_status":"closed","template":"","meta":[],"product_cat":[15],"product_tag":[],"class_list":{"0":"post-16298","1":"product","2":"type-product","3":"status-publish","4":"has-post-thumbnail","6":"product_cat-disposable-vape","7":"product_brand-geekbar","9":"first","10":"instock","11":"shipping-taxable","12":"purchasable","13":"product-type-variable","14":"has-default-attributes"},"aioseo_notices":[],"_links":{"self":[{"href":"https:\/\/www.vapeswholesaler.com\/hu\/wp-json\/wp\/v2\/product\/16298","targetHints":{"allow":["GET"]}}],"collection":[{"href":"https:\/\/www.vapeswholesaler.com\/hu\/wp-json\/wp\/v2\/product"}],"about":[{"href":"https:\/\/www.vapeswholesaler.com\/hu\/wp-json\/wp\/v2\/types\/product"}],"replies":[{"embeddable":true,"href":"https:\/\/www.vapeswholesaler.com\/hu\/wp-json\/wp\/v2\/comments?post=16298"}],"wp:featuredmedia":[{"embeddable":true,"href":"https:\/\/www.vapeswholesaler.com\/hu\/wp-json\/wp\/v2\/media\/16293"}],"wp:attachment":[{"href":"https:\/\/www.vapeswholesaler.com\/hu\/wp-json\/wp\/v2\/media?parent=16298"}],"wp:term":[{"taxonomy":"product_cat","embeddable":true,"href":"https:\/\/www.vapeswholesaler.com\/hu\/wp-json\/wp\/v2\/product_cat?post=16298"},{"taxonomy":"product_tag","embeddable":true,"href":"https:\/\/www.vapeswholesaler.com\/hu\/wp-json\/wp\/v2\/product_tag?post=16298"}],"curies":[{"name":"wp","href":"https:\/\/api.w.org\/{rel}","templated":true}]}}