{"id":15802,"date":"2024-06-11T15:18:21","date_gmt":"2024-06-11T07:18:21","guid":{"rendered":"https:\/\/www.vapeswholesaler.com\/?post_type=product&#038;p=15802"},"modified":"2025-02-23T16:44:11","modified_gmt":"2025-02-23T08:44:11","slug":"aivono-aim-magic-15000-puff-eldobhato-vape-nagykereskedelem","status":"publish","type":"product","link":"https:\/\/www.vapeswholesaler.com\/hu\/termek\/aivono-aim-magic-15000-puff-eldobhato-vape-nagykereskedelem","title":{"rendered":"Aivono AIM MAGIC 15000 Puffs Eldobhat\u00f3 Vape nagykereskedelem"},"content":{"rendered":"<p>Az Aivono Aim Magic 15000 Puffs eldobhat\u00f3 vape, amely a Led k\u00e9perny\u0151vel rendelkezik a teljes\u00edtm\u00e9ny \u00e9s az eliquid marad\u00e9k kijelz\u00e9s\u00e9hez. 24ml nikotin s\u00f3s eliquid \u00e9s 500 mAh \u00fajrat\u00f6lthet\u0151 akkumul\u00e1torral, egy \u00e9s k\u00e9t \u00fczemm\u00f3ddal a v\u00e1laszt\u00e1shoz.<\/p>\n<p>Nagykereskedelmi Aibono Aim Magic a legjobb \u00e1ron \u00e9s gyors sz\u00e1ll\u00edt\u00e1ssal.<\/p>\n<h2>Aivono AIM MAGIC 15000 Gyors r\u00e9szletek<\/h2>\n<ol>\n<li>Puffok: 15000 Puffok<\/li>\n<li>Eliquid kapacit\u00e1s: 24ml<\/li>\n<li>Akkumul\u00e1tor: 13350 sz\u00e1razelem<\/li>\n<li>Kapacit\u00e1s: 600mA (\u00fajrat\u00f6lthet\u0151)<\/li>\n<li>Tekercshuzal ellen\u00e1ll\u00e1s: 1.0\u03a9 dupla h\u00e1l\u00f3s mag<\/li>\n<li>Term\u00e9k m\u00e9rete: 43*102mm<\/li>\n<li>Nikotins\u00f3tartalom:5% \/3%\/2%\/0%<\/li>\n<li>\u00dajrat\u00f6lthet\u0151: C-t\u00edpus\u00fa interf\u00e9sz<\/li>\n<\/ol>\n<h2>\u00cdzek list\u00e1ja<\/h2>\n<p>\u00c1fonya j\u00e9g<br \/>\nEper j\u00e9g<br \/>\nG\u00f6r\u00f6gdinnye j\u00e9g<br \/>\nAnan\u00e1sz k\u00f3kusz<br \/>\nVegyes bogy\u00f3s gy\u00fcm\u00f6lcs\u00f6k<br \/>\nEper g\u00f6r\u00f6gdinnye<br \/>\nK\u00e9k Razz j\u00e9g<br \/>\nBarack j\u00e9g<br \/>\nEper fagylalt<br \/>\nSz\u0151l\u0151 j\u00e9g<br \/>\nR\u00f3zsasz\u00edn citrom j\u00e9g<br \/>\nCool Mint<br \/>\nEper Kiwi<br \/>\nG\u00f6r\u00f6gdinnye r\u00e1g\u00f3gumi<br \/>\nMang\u00f3 anan\u00e1sz<\/p>\n<h2>Csomagol\u00e1si inform\u00e1ci\u00f3k<\/h2>\n<p>Egyszeri s\u00faly: 86g<br \/>\nKis doboz m\u00e9rete: 55*100*30mm<br \/>\nNagy doboz m\u00e9rete: 113*103*155mm<br \/>\nStandard doboz 200 db\/ctn:<br \/>\n10db dobozonk\u00e9nt<br \/>\nDoboz m\u00e9rete: 58*35*35 cm<br \/>\nEgy doboz s\u00falya: 18 kilogramm<\/p>\n<p><img loading=\"lazy\" decoding=\"async\" class=\"alignnone wp-image-15790 size-full\" title=\"AIVINO Aim Magic 15000 Eldobhat\u00f3 Vape nagykereskedelmi \u00edz 1\" src=\"https:\/\/www.vapeswholesaler.com\/wp-content\/uploads\/2024\/06\/AIVINO-Aim-Magic-15000-Disposable-Vape-Wholesale-Flavor-1.jpg\" alt=\"AIVINO Aim Magic 15000 Eldobhat\u00f3 Vape nagykereskedelmi \u00edz 1\" width=\"800\" height=\"800\" srcset=\"https:\/\/www.vapeswholesaler.com\/wp-content\/uploads\/2024\/06\/AIVINO-Aim-Magic-15000-Disposable-Vape-Wholesale-Flavor-1.jpg 800w, https:\/\/www.vapeswholesaler.com\/wp-content\/uploads\/2024\/06\/AIVINO-Aim-Magic-15000-Disposable-Vape-Wholesale-Flavor-1-300x300.jpg 300w, https:\/\/www.vapeswholesaler.com\/wp-content\/uploads\/2024\/06\/AIVINO-Aim-Magic-15000-Disposable-Vape-Wholesale-Flavor-1-150x150.jpg 150w, https:\/\/www.vapeswholesaler.com\/wp-content\/uploads\/2024\/06\/AIVINO-Aim-Magic-15000-Disposable-Vape-Wholesale-Flavor-1-768x768.jpg 768w, https:\/\/www.vapeswholesaler.com\/wp-content\/uploads\/2024\/06\/AIVINO-Aim-Magic-15000-Disposable-Vape-Wholesale-Flavor-1-12x12.jpg 12w, https:\/\/www.vapeswholesaler.com\/wp-content\/uploads\/2024\/06\/AIVINO-Aim-Magic-15000-Disposable-Vape-Wholesale-Flavor-1-247x247.jpg 247w, https:\/\/www.vapeswholesaler.com\/wp-content\/uploads\/2024\/06\/AIVINO-Aim-Magic-15000-Disposable-Vape-Wholesale-Flavor-1-510x510.jpg 510w, https:\/\/www.vapeswholesaler.com\/wp-content\/uploads\/2024\/06\/AIVINO-Aim-Magic-15000-Disposable-Vape-Wholesale-Flavor-1-100x100.jpg 100w\" sizes=\"auto, (max-width: 800px) 100vw, 800px\" \/> <img loading=\"lazy\" decoding=\"async\" class=\"alignnone wp-image-15783 size-full\" title=\"AIVINO Aim Magic 15000 eldobhat\u00f3 vape nagykereskedelmi \u00edz 2\" src=\"https:\/\/www.vapeswholesaler.com\/wp-content\/uploads\/2024\/06\/AIVINO-Aim-Magic-15000-Disposable-Vape-Wholesale-Flavor-2.jpg\" alt=\"AIVINO Aim Magic 15000 eldobhat\u00f3 vape nagykereskedelmi \u00edz 2\" width=\"800\" height=\"800\" srcset=\"https:\/\/www.vapeswholesaler.com\/wp-content\/uploads\/2024\/06\/AIVINO-Aim-Magic-15000-Disposable-Vape-Wholesale-Flavor-2.jpg 800w, https:\/\/www.vapeswholesaler.com\/wp-content\/uploads\/2024\/06\/AIVINO-Aim-Magic-15000-Disposable-Vape-Wholesale-Flavor-2-300x300.jpg 300w, https:\/\/www.vapeswholesaler.com\/wp-content\/uploads\/2024\/06\/AIVINO-Aim-Magic-15000-Disposable-Vape-Wholesale-Flavor-2-150x150.jpg 150w, https:\/\/www.vapeswholesaler.com\/wp-content\/uploads\/2024\/06\/AIVINO-Aim-Magic-15000-Disposable-Vape-Wholesale-Flavor-2-768x768.jpg 768w, https:\/\/www.vapeswholesaler.com\/wp-content\/uploads\/2024\/06\/AIVINO-Aim-Magic-15000-Disposable-Vape-Wholesale-Flavor-2-12x12.jpg 12w, https:\/\/www.vapeswholesaler.com\/wp-content\/uploads\/2024\/06\/AIVINO-Aim-Magic-15000-Disposable-Vape-Wholesale-Flavor-2-247x247.jpg 247w, https:\/\/www.vapeswholesaler.com\/wp-content\/uploads\/2024\/06\/AIVINO-Aim-Magic-15000-Disposable-Vape-Wholesale-Flavor-2-510x510.jpg 510w, https:\/\/www.vapeswholesaler.com\/wp-content\/uploads\/2024\/06\/AIVINO-Aim-Magic-15000-Disposable-Vape-Wholesale-Flavor-2-100x100.jpg 100w\" sizes=\"auto, (max-width: 800px) 100vw, 800px\" \/><\/p>","protected":false},"excerpt":{"rendered":"<p>Minim\u00e1lis rendel\u00e9si mennyis\u00e9g:\u00a0<strong>50 DB<\/strong>\u00a0(\u00cdzek kever\u00e9se)\u00a0\u00a0<strong>Ingyenes sz\u00e1ll\u00edt\u00e1s<\/strong><\/p>\n<p>(<strong>2%, 5% Nic<\/strong>)<\/p>","protected":false},"featured_media":15800,"comment_status":"open","ping_status":"closed","template":"","meta":[],"product_cat":[15],"product_tag":[],"class_list":{"0":"post-15802","1":"product","2":"type-product","3":"status-publish","4":"has-post-thumbnail","6":"product_cat-disposable-vape","7":"product_brand-aivono","9":"first","10":"instock","11":"shipping-taxable","12":"purchasable","13":"product-type-variable","14":"has-default-attributes"},"aioseo_notices":[],"_links":{"self":[{"href":"https:\/\/www.vapeswholesaler.com\/hu\/wp-json\/wp\/v2\/product\/15802","targetHints":{"allow":["GET"]}}],"collection":[{"href":"https:\/\/www.vapeswholesaler.com\/hu\/wp-json\/wp\/v2\/product"}],"about":[{"href":"https:\/\/www.vapeswholesaler.com\/hu\/wp-json\/wp\/v2\/types\/product"}],"replies":[{"embeddable":true,"href":"https:\/\/www.vapeswholesaler.com\/hu\/wp-json\/wp\/v2\/comments?post=15802"}],"wp:featuredmedia":[{"embeddable":true,"href":"https:\/\/www.vapeswholesaler.com\/hu\/wp-json\/wp\/v2\/media\/15800"}],"wp:attachment":[{"href":"https:\/\/www.vapeswholesaler.com\/hu\/wp-json\/wp\/v2\/media?parent=15802"}],"wp:term":[{"taxonomy":"product_cat","embeddable":true,"href":"https:\/\/www.vapeswholesaler.com\/hu\/wp-json\/wp\/v2\/product_cat?post=15802"},{"taxonomy":"product_tag","embeddable":true,"href":"https:\/\/www.vapeswholesaler.com\/hu\/wp-json\/wp\/v2\/product_tag?post=15802"}],"curies":[{"name":"wp","href":"https:\/\/api.w.org\/{rel}","templated":true}]}}